{"id":10682,"date":"2024-05-13T10:25:08","date_gmt":"2024-05-13T10:25:08","guid":{"rendered":"http:\/\/campoagricola.es\/?page_id=10682"},"modified":"2022-11-09T13:24:35","modified_gmt":"2022-11-09T13:24:35","slug":"expositores","status":"publish","type":"page","link":"https:\/\/campoagricola.es\/index.php\/expositores\/","title":{"rendered":"Expositores"},"content":{"rendered":"\t\t<div data-elementor-type=\"wp-page\" data-elementor-id=\"10682\" class=\"elementor elementor-10682\" data-elementor-settings=\"{&quot;ha_cmc_init_switcher&quot;:&quot;no&quot;}\">\n\t\t\t\t\t\t<section class=\"elementor-section elementor-top-section elementor-element elementor-element-7ae9909 elementor-section-height-min-height elementor-section-boxed elementor-section-height-default elementor-section-items-middle\" data-id=\"7ae9909\" data-element_type=\"section\" data-e-type=\"section\" data-settings=\"{&quot;background_background&quot;:&quot;classic&quot;,&quot;_ha_eqh_enable&quot;:false,&quot;ekit_has_onepagescroll_dot&quot;:&quot;yes&quot;}\">\n\t\t\t\t\t\t\t<div class=\"elementor-background-overlay\"><\/div>\n\t\t\t\t\t\t\t<div class=\"elementor-container elementor-column-gap-wider\">\n\t\t\t\t\t<div class=\"elementor-column elementor-col-100 elementor-top-column elementor-element elementor-element-9b40bca\" data-id=\"9b40bca\" data-element_type=\"column\" data-e-type=\"column\">\n\t\t\t<div class=\"elementor-widget-wrap elementor-element-populated\">\n\t\t\t\t\t\t<div class=\"elementor-element elementor-element-729c668 elementor-widget elementor-widget-heading\" data-id=\"729c668\" data-element_type=\"widget\" data-e-type=\"widget\" data-settings=\"{&quot;ekit_we_effect_on&quot;:&quot;none&quot;}\" data-widget_type=\"heading.default\">\n\t\t\t\t<div class=\"elementor-widget-container\">\n\t\t\t\t\t<h1 class=\"elementor-heading-title elementor-size-default\">Expositores<\/h1>\t\t\t\t<\/div>\n\t\t\t\t<\/div>\n\t\t\t\t\t<\/div>\n\t\t<\/div>\n\t\t\t\t\t<\/div>\n\t\t<\/section>\n\t\t\t\t<section class=\"elementor-section elementor-top-section elementor-element elementor-element-776c6a2 elementor-section-boxed elementor-section-height-default elementor-section-height-default\" data-id=\"776c6a2\" data-element_type=\"section\" data-e-type=\"section\" data-settings=\"{&quot;_ha_eqh_enable&quot;:false,&quot;ekit_has_onepagescroll_dot&quot;:&quot;yes&quot;}\">\n\t\t\t\t\t\t<div class=\"elementor-container elementor-column-gap-default\">\n\t\t\t\t\t<div class=\"elementor-column elementor-col-50 elementor-top-column elementor-element elementor-element-947c51a\" data-id=\"947c51a\" data-element_type=\"column\" data-e-type=\"column\">\n\t\t\t<div class=\"elementor-widget-wrap elementor-element-populated\">\n\t\t\t\t\t\t<div class=\"elementor-element elementor-element-2f96879 elementor-widget elementor-widget-image\" data-id=\"2f96879\" data-element_type=\"widget\" data-e-type=\"widget\" data-settings=\"{&quot;ekit_we_effect_on&quot;:&quot;none&quot;}\" data-widget_type=\"image.default\">\n\t\t\t\t<div class=\"elementor-widget-container\">\n\t\t\t\t\t\t\t\t\t\t\t\t\t\t\t<img fetchpriority=\"high\" decoding=\"async\" width=\"388\" height=\"431\" src=\"https:\/\/campoagricola.es\/wp-content\/uploads\/2019\/09\/2-Expositores-1.jpg\" class=\"attachment-large size-large wp-image-12865\" alt=\"\" srcset=\"https:\/\/campoagricola.es\/wp-content\/uploads\/2019\/09\/2-Expositores-1.jpg 388w, https:\/\/campoagricola.es\/wp-content\/uploads\/2019\/09\/2-Expositores-1-270x300.jpg 270w\" sizes=\"(max-width: 388px) 100vw, 388px\" \/>\t\t\t\t\t\t\t\t\t\t\t\t\t\t\t<\/div>\n\t\t\t\t<\/div>\n\t\t\t\t\t<\/div>\n\t\t<\/div>\n\t\t\t\t<div class=\"elementor-column elementor-col-50 elementor-top-column elementor-element elementor-element-9a53a4a\" data-id=\"9a53a4a\" data-element_type=\"column\" data-e-type=\"column\">\n\t\t\t<div class=\"elementor-widget-wrap elementor-element-populated\">\n\t\t\t\t\t\t<div class=\"elementor-element elementor-element-e08daae elementor-widget elementor-widget-text-editor\" data-id=\"e08daae\" data-element_type=\"widget\" data-e-type=\"widget\" data-settings=\"{&quot;ekit_we_effect_on&quot;:&quot;none&quot;}\" data-widget_type=\"text-editor.default\">\n\t\t\t\t<div class=\"elementor-widget-container\">\n\t\t\t\t\t\t\t\t\t<p>Expositor de f\u00e1cil montaje. Se sirve sin art\u00edculos y desmontado.<\/p>\t\t\t\t\t\t\t\t<\/div>\n\t\t\t\t<\/div>\n\t\t\t\t<div class=\"elementor-element elementor-element-3e07ff6 elementor-widget elementor-widget-Table\" data-id=\"3e07ff6\" data-element_type=\"widget\" data-e-type=\"widget\" data-settings=\"{&quot;ekit_we_effect_on&quot;:&quot;none&quot;}\" data-widget_type=\"Table.default\">\n\t\t\t\t<div class=\"elementor-widget-container\">\n\t\t\t\t\t\t\t<table class=\"tafe-table \">\n\t\t\t<thead  class=\"tafe-table-header\">\n\t\t\t\t<tr>\n\t\t\t\t\t<th class=\"elementor-inline-editing elementor-repeater-item-a9d6ce6\"   >Cod. Num.<\/th><th class=\"elementor-inline-editing elementor-repeater-item-5fff6f3\"   >Modelo<\/th><th class=\"elementor-inline-editing elementor-repeater-item-4e0d877\"   >Peso<\/th><th class=\"elementor-inline-editing elementor-repeater-item-e337423\"   >Altura<\/th><th class=\"elementor-inline-editing elementor-repeater-item-abf901a\"   >Ancho<\/th>\t\t\t\t<\/tr>\n\t\t\t<\/thead>\n\t\t\t\t\t\t<tbody class=\"tafe-table-body\">\n\t\t\t\t<tr>\n\t\t\t\t\t<td data-label=\"Cod. Num.\"   class=\"elementor-repeater-item-cb70a80 td-content-type-default\" >2300100<\/td><td data-label=\"Modelo\"   class=\"elementor-repeater-item-304c073 td-content-type-default\" >Expositor Campoagr\u00edcola<\/td><td data-label=\"Peso\"   class=\"elementor-repeater-item-170a737 td-content-type-default\" >27,00<\/td><td data-label=\"Altura\"   class=\"elementor-repeater-item-4be192d td-content-type-default\" >2300<\/td><td data-label=\"Ancho\"   class=\"elementor-repeater-item-271596b td-content-type-default\" >1000<\/td><\/tr><tr><td data-label=\"Cod. Num.\"   class=\"elementor-repeater-item-1cbec76 td-content-type-default\" >2300200<\/td><td data-label=\"Modelo\"   class=\"elementor-repeater-item-259a9fb td-content-type-default\" >Expositor chisel<\/td><td data-label=\"Peso\"   class=\"elementor-repeater-item-26e85b3 td-content-type-default\" >6,00<\/td><td data-label=\"Altura\"   class=\"elementor-repeater-item-de1e591 td-content-type-default\" >600<\/td><td data-label=\"Ancho\"   class=\"elementor-repeater-item-6496c6b td-content-type-default\" >500<\/td>\t\t\t\t<\/tr>\n\t\t\t<\/tbody>\n\t\t<\/table>\n\t\t\n\t\t\t\t\t\t<\/div>\n\t\t\t\t<\/div>\n\t\t\t\t\t<\/div>\n\t\t<\/div>\n\t\t\t\t\t<\/div>\n\t\t<\/section>\n\t\t\t\t<\/div>\n\t\t","protected":false},"excerpt":{"rendered":"<p>Expositores Expositor de f\u00e1cil montaje. Se sirve sin art\u00edculos y desmontado. Cod. Num. Modelo Peso Altura Ancho 2300100 Expositor Campoagr\u00edcola 27,00 2300 1000 2300200 Expositor chisel 6,00 600 500<\/p>\n","protected":false},"author":1,"featured_media":0,"parent":0,"menu_order":0,"comment_status":"closed","ping_status":"closed","template":"elementor_header_footer","meta":{"footnotes":""},"class_list":["post-10682","page","type-page","status-publish","hentry"],"_links":{"self":[{"href":"https:\/\/campoagricola.es\/index.php\/wp-json\/wp\/v2\/pages\/10682","targetHints":{"allow":["GET"]}}],"collection":[{"href":"https:\/\/campoagricola.es\/index.php\/wp-json\/wp\/v2\/pages"}],"about":[{"href":"https:\/\/campoagricola.es\/index.php\/wp-json\/wp\/v2\/types\/page"}],"author":[{"embeddable":true,"href":"https:\/\/campoagricola.es\/index.php\/wp-json\/wp\/v2\/users\/1"}],"replies":[{"embeddable":true,"href":"https:\/\/campoagricola.es\/index.php\/wp-json\/wp\/v2\/comments?post=10682"}],"version-history":[{"count":47,"href":"https:\/\/campoagricola.es\/index.php\/wp-json\/wp\/v2\/pages\/10682\/revisions"}],"predecessor-version":[{"id":39396,"href":"https:\/\/campoagricola.es\/index.php\/wp-json\/wp\/v2\/pages\/10682\/revisions\/39396"}],"wp:attachment":[{"href":"https:\/\/campoagricola.es\/index.php\/wp-json\/wp\/v2\/media?parent=10682"}],"curies":[{"name":"wp","href":"https:\/\/api.w.org\/{rel}","templated":true}]}}