{"id":13201,"date":"2019-10-14T07:57:45","date_gmt":"2019-10-14T07:57:45","guid":{"rendered":"http:\/\/campoagricola.es\/?page_id=13201"},"modified":"2022-11-09T13:12:00","modified_gmt":"2022-11-09T13:12:00","slug":"grada-doble-disco","status":"publish","type":"page","link":"https:\/\/campoagricola.es\/index.php\/grada-doble-disco\/","title":{"rendered":"Grada doble disco"},"content":{"rendered":"\t\t<div data-elementor-type=\"wp-page\" data-elementor-id=\"13201\" class=\"elementor elementor-13201\" data-elementor-settings=\"{&quot;ha_cmc_init_switcher&quot;:&quot;no&quot;}\">\n\t\t\t\t\t\t<section class=\"elementor-section elementor-top-section elementor-element elementor-element-b3cc4ed elementor-section-height-min-height elementor-section-boxed elementor-section-height-default elementor-section-items-middle\" data-id=\"b3cc4ed\" data-element_type=\"section\" data-e-type=\"section\" data-settings=\"{&quot;background_background&quot;:&quot;classic&quot;,&quot;_ha_eqh_enable&quot;:false,&quot;ekit_has_onepagescroll_dot&quot;:&quot;yes&quot;}\">\n\t\t\t\t\t\t\t<div class=\"elementor-background-overlay\"><\/div>\n\t\t\t\t\t\t\t<div class=\"elementor-container elementor-column-gap-wider\">\n\t\t\t\t\t<div class=\"elementor-column elementor-col-100 elementor-top-column elementor-element elementor-element-fa47d3f\" data-id=\"fa47d3f\" data-element_type=\"column\" data-e-type=\"column\">\n\t\t\t<div class=\"elementor-widget-wrap elementor-element-populated\">\n\t\t\t\t\t\t<div class=\"elementor-element elementor-element-f32b36a elementor-widget elementor-widget-heading\" data-id=\"f32b36a\" data-element_type=\"widget\" data-e-type=\"widget\" data-settings=\"{&quot;ekit_we_effect_on&quot;:&quot;none&quot;}\" data-widget_type=\"heading.default\">\n\t\t\t\t<div class=\"elementor-widget-container\">\n\t\t\t\t\t<h1 class=\"elementor-heading-title elementor-size-default\">Grada r\u00e1pida doble disco<\/h1>\t\t\t\t<\/div>\n\t\t\t\t<\/div>\n\t\t\t\t\t<\/div>\n\t\t<\/div>\n\t\t\t\t\t<\/div>\n\t\t<\/section>\n\t\t\t\t<section class=\"elementor-section elementor-top-section elementor-element elementor-element-9398263 elementor-section-boxed elementor-section-height-default elementor-section-height-default\" data-id=\"9398263\" data-element_type=\"section\" data-e-type=\"section\" data-settings=\"{&quot;_ha_eqh_enable&quot;:false,&quot;ekit_has_onepagescroll_dot&quot;:&quot;yes&quot;}\">\n\t\t\t\t\t\t<div class=\"elementor-container elementor-column-gap-default\">\n\t\t\t\t\t<div class=\"elementor-column elementor-col-100 elementor-top-column elementor-element elementor-element-e37f1aa\" data-id=\"e37f1aa\" data-element_type=\"column\" data-e-type=\"column\">\n\t\t\t<div class=\"elementor-widget-wrap elementor-element-populated\">\n\t\t\t\t\t\t<div class=\"elementor-element elementor-element-662b8c2 elementor-widget elementor-widget-ekit-nav-menu\" data-id=\"662b8c2\" data-element_type=\"widget\" data-e-type=\"widget\" data-settings=\"{&quot;ekit_we_effect_on&quot;:&quot;none&quot;}\" data-widget_type=\"ekit-nav-menu.default\">\n\t\t\t\t<div class=\"elementor-widget-container\">\n\t\t\t\t\t\t\t<nav class=\"ekit-wid-con ekit_menu_responsive_tablet\"\n\t\t\tdata-hamburger-icon=\"\"\n\t\t\tdata-hamburger-icon-type=\"icon\"\n\t\t\tdata-responsive-breakpoint=\"1024\">\n\t\t\t            <button class=\"elementskit-menu-hamburger elementskit-menu-toggler\"  type=\"button\" aria-label=\"hamburger-icon\">\n                                    <span class=\"elementskit-menu-hamburger-icon\"><\/span><span class=\"elementskit-menu-hamburger-icon\"><\/span><span class=\"elementskit-menu-hamburger-icon\"><\/span>\n                            <\/button>\n            <div id=\"ekit-megamenu-grada-grapida1\" class=\"elementskit-menu-container elementskit-menu-offcanvas-elements elementskit-navbar-nav-default ekit-nav-menu-one-page-no ekit-nav-dropdown-hover\"><ul id=\"menu-grada-grapida1\" class=\"elementskit-navbar-nav elementskit-menu-po-center submenu-click-on-icon\"><li id=\"menu-item-19319\" class=\"menu-item menu-item-type-post_type menu-item-object-page menu-item-19319 nav-item nav-item elementskit-mobile-builder-content\" data-vertical-menu=750px><a href=\"https:\/\/campoagricola.es\/index.php\/grada-rapida-centaur\/\" class=\"ekit-menu-nav-link\">Grada rapida Centaur<\/a><\/li>\n<li id=\"menu-item-19321\" class=\"menu-item menu-item-type-post_type menu-item-object-page menu-item-19321 nav-item nav-item elementskit-mobile-builder-content\" data-vertical-menu=750px><a href=\"https:\/\/campoagricola.es\/index.php\/desrastrojador-de-disco\/\" class=\"ekit-menu-nav-link\">Desrastrojador de disco<\/a><\/li>\n<\/ul><div class=\"elementskit-nav-identity-panel\"><button class=\"elementskit-menu-close elementskit-menu-toggler\" type=\"button\">X<\/button><\/div><\/div>\n\t\t\t<div class=\"elementskit-menu-overlay elementskit-menu-offcanvas-elements elementskit-menu-toggler ekit-nav-menu--overlay\"><\/div>        <\/nav>\n\t\t\t\t\t\t<\/div>\n\t\t\t\t<\/div>\n\t\t\t\t\t<\/div>\n\t\t<\/div>\n\t\t\t\t\t<\/div>\n\t\t<\/section>\n\t\t\t\t<section class=\"elementor-section elementor-top-section elementor-element elementor-element-af0c0f2 elementor-section-boxed elementor-section-height-default elementor-section-height-default\" data-id=\"af0c0f2\" data-element_type=\"section\" data-e-type=\"section\" data-settings=\"{&quot;_ha_eqh_enable&quot;:false,&quot;ekit_has_onepagescroll_dot&quot;:&quot;yes&quot;}\">\n\t\t\t\t\t\t<div class=\"elementor-container elementor-column-gap-default\">\n\t\t\t\t\t<div class=\"elementor-column elementor-col-100 elementor-top-column elementor-element elementor-element-82d6613\" data-id=\"82d6613\" data-element_type=\"column\" data-e-type=\"column\">\n\t\t\t<div class=\"elementor-widget-wrap elementor-element-populated\">\n\t\t\t\t\t\t<div class=\"elementor-element elementor-element-0e06ac4 elementor-widget elementor-widget-heading\" data-id=\"0e06ac4\" data-element_type=\"widget\" data-e-type=\"widget\" data-settings=\"{&quot;ekit_we_effect_on&quot;:&quot;none&quot;}\" data-widget_type=\"heading.default\">\n\t\t\t\t<div class=\"elementor-widget-container\">\n\t\t\t\t\t<h3 class=\"elementor-heading-title elementor-size-default\">Grada r\u00e1pida doble disco<\/h3>\t\t\t\t<\/div>\n\t\t\t\t<\/div>\n\t\t\t\t<div class=\"elementor-element elementor-element-b99aa00 elementor-widget elementor-widget-text-editor\" data-id=\"b99aa00\" data-element_type=\"widget\" data-e-type=\"widget\" data-settings=\"{&quot;ekit_we_effect_on&quot;:&quot;none&quot;}\" data-widget_type=\"text-editor.default\">\n\t\t\t\t<div class=\"elementor-widget-container\">\n\t\t\t\t\t\t\t\t\t<p>La grada r\u00e1pida trabaja a poca profundidad, de 10 a 15 cm, y a alta velocidad, de 8 a 15 km\/hora. Prepara el suelo para la siembra mezclando la tierra con la materia org\u00e1nica. (Dise\u00f1ada para trabajar en superficies compactas).<\/p><p><strong>Caracter\u00edsticas:<\/strong><\/p><ul><li>Discos de 20\u2033 x 6mm. \u2013 24\u2033 x 6mm.<\/li><li>Brazo de acero fundido de alta calidad<\/li><li>Muelle 350 x 90 x 20<\/li><li>Amarre de leng\u00fceta abatible para montaje en bastidor de 100 x 100 y 80 x 80<\/li><li>Bulones de acero especial<\/li><li>Casquillos de nylon<\/li><li>Torniller\u00eda de acero 8.8<\/li><li>Pintura Epoxi<\/li><li>Dise\u00f1ada para trabajar entre 5 y 15 cm. de profundidad y una velocidad m\u00e1xima de 15 km\/h.<\/li><\/ul><p>Se recomienda utilizar el tractor adecuado al equipo, estimando como \u00f3ptimo 40 CV por metro de bastidor (valores aproximados).<\/p><p><strong>IMPORTANTE:<\/strong>\u00a0Para poder garantizar el producto y asegurar un correcto funcionamiento del mismo, los nudos han de estar\u00a0completamente bloqueados al equipo<\/p>\t\t\t\t\t\t\t\t<\/div>\n\t\t\t\t<\/div>\n\t\t\t\t\t<\/div>\n\t\t<\/div>\n\t\t\t\t\t<\/div>\n\t\t<\/section>\n\t\t\t\t<section class=\"elementor-section elementor-top-section elementor-element elementor-element-e2fe9ed elementor-section-boxed elementor-section-height-default elementor-section-height-default\" data-id=\"e2fe9ed\" data-element_type=\"section\" data-e-type=\"section\" data-settings=\"{&quot;_ha_eqh_enable&quot;:false,&quot;ekit_has_onepagescroll_dot&quot;:&quot;yes&quot;}\">\n\t\t\t\t\t\t<div class=\"elementor-container elementor-column-gap-default\">\n\t\t\t\t\t<div class=\"elementor-column elementor-col-50 elementor-top-column elementor-element elementor-element-6e42e7d\" data-id=\"6e42e7d\" data-element_type=\"column\" data-e-type=\"column\">\n\t\t\t<div class=\"elementor-widget-wrap elementor-element-populated\">\n\t\t\t\t\t\t<div class=\"elementor-element elementor-element-5715e9b elementor-widget elementor-widget-image\" data-id=\"5715e9b\" data-element_type=\"widget\" data-e-type=\"widget\" data-settings=\"{&quot;ekit_we_effect_on&quot;:&quot;none&quot;}\" data-widget_type=\"image.default\">\n\t\t\t\t<div class=\"elementor-widget-container\">\n\t\t\t\t\t\t\t\t\t\t\t\t\t\t\t<img fetchpriority=\"high\" decoding=\"async\" width=\"425\" height=\"710\" src=\"https:\/\/campoagricola.es\/wp-content\/uploads\/2022\/07\/dobledisco.jpg\" class=\"attachment-large size-large wp-image-33225\" alt=\"\" srcset=\"https:\/\/campoagricola.es\/wp-content\/uploads\/2022\/07\/dobledisco.jpg 425w, https:\/\/campoagricola.es\/wp-content\/uploads\/2022\/07\/dobledisco-180x300.jpg 180w\" sizes=\"(max-width: 425px) 100vw, 425px\" \/>\t\t\t\t\t\t\t\t\t\t\t\t\t\t\t<\/div>\n\t\t\t\t<\/div>\n\t\t\t\t\t<\/div>\n\t\t<\/div>\n\t\t\t\t<div class=\"elementor-column elementor-col-50 elementor-top-column elementor-element elementor-element-1d40724\" data-id=\"1d40724\" data-element_type=\"column\" data-e-type=\"column\">\n\t\t\t<div class=\"elementor-widget-wrap elementor-element-populated\">\n\t\t\t\t\t\t<div class=\"elementor-element elementor-element-69b8724 elementor-widget elementor-widget-image\" data-id=\"69b8724\" data-element_type=\"widget\" data-e-type=\"widget\" data-settings=\"{&quot;ekit_we_effect_on&quot;:&quot;none&quot;}\" data-widget_type=\"image.default\">\n\t\t\t\t<div class=\"elementor-widget-container\">\n\t\t\t\t\t\t\t\t\t\t\t\t\t\t\t<img decoding=\"async\" width=\"567\" height=\"456\" src=\"https:\/\/campoagricola.es\/wp-content\/uploads\/2022\/07\/dobledisco-esquema-1.jpg\" class=\"attachment-large size-large wp-image-33229\" alt=\"\" srcset=\"https:\/\/campoagricola.es\/wp-content\/uploads\/2022\/07\/dobledisco-esquema-1.jpg 567w, https:\/\/campoagricola.es\/wp-content\/uploads\/2022\/07\/dobledisco-esquema-1-300x241.jpg 300w\" sizes=\"(max-width: 567px) 100vw, 567px\" \/>\t\t\t\t\t\t\t\t\t\t\t\t\t\t\t<\/div>\n\t\t\t\t<\/div>\n\t\t\t\t\t<\/div>\n\t\t<\/div>\n\t\t\t\t\t<\/div>\n\t\t<\/section>\n\t\t\t\t<section class=\"elementor-section elementor-top-section elementor-element elementor-element-d405d1c elementor-section-boxed elementor-section-height-default elementor-section-height-default\" data-id=\"d405d1c\" data-element_type=\"section\" data-e-type=\"section\" data-settings=\"{&quot;_ha_eqh_enable&quot;:false,&quot;ekit_has_onepagescroll_dot&quot;:&quot;yes&quot;}\">\n\t\t\t\t\t\t<div class=\"elementor-container elementor-column-gap-default\">\n\t\t\t\t\t<div class=\"elementor-column elementor-col-100 elementor-top-column elementor-element elementor-element-f1eabc5\" data-id=\"f1eabc5\" data-element_type=\"column\" data-e-type=\"column\">\n\t\t\t<div class=\"elementor-widget-wrap elementor-element-populated\">\n\t\t\t\t\t\t<div class=\"elementor-element elementor-element-4c0e56f elementor-widget elementor-widget-heading\" data-id=\"4c0e56f\" data-element_type=\"widget\" data-e-type=\"widget\" data-settings=\"{&quot;ekit_we_effect_on&quot;:&quot;none&quot;}\" data-widget_type=\"heading.default\">\n\t\t\t\t<div class=\"elementor-widget-container\">\n\t\t\t\t\t<h3 class=\"elementor-heading-title elementor-size-default\">Modelos disponibles<\/h3>\t\t\t\t<\/div>\n\t\t\t\t<\/div>\n\t\t\t\t<div class=\"elementor-element elementor-element-5d9f3d0 elementor-widget elementor-widget-Table\" data-id=\"5d9f3d0\" data-element_type=\"widget\" data-e-type=\"widget\" data-settings=\"{&quot;ekit_we_effect_on&quot;:&quot;none&quot;}\" data-widget_type=\"Table.default\">\n\t\t\t\t<div class=\"elementor-widget-container\">\n\t\t\t\t\t\t\t<table class=\"tafe-table \">\n\t\t\t<thead  class=\"tafe-table-header\">\n\t\t\t\t<tr>\n\t\t\t\t\t<th class=\"elementor-inline-editing elementor-repeater-item-a9d6ce6\"   >C\u00f3d. num.<\/th><th class=\"elementor-inline-editing elementor-repeater-item-abf901a\"   >Modelo<\/th><th class=\"elementor-inline-editing elementor-repeater-item-e337423\"   >Caracter\u00edsticas<\/th><th class=\"elementor-inline-editing elementor-repeater-item-6304d5c\"   >Peso<\/th><th class=\"elementor-inline-editing elementor-repeater-item-641fd2e\"   >A<\/th><th class=\"elementor-inline-editing elementor-repeater-item-1110e03\"   >B<\/th><th class=\"elementor-inline-editing elementor-repeater-item-98503ab\"   >C<\/th><th class=\"elementor-inline-editing elementor-repeater-item-9480566\"   >D<\/th>\t\t\t\t<\/tr>\n\t\t\t<\/thead>\n\t\t\t\t\t\t<tbody class=\"tafe-table-body\">\n\t\t\t\t<tr>\n\t\t\t\t\t<td data-label=\"C\u00f3d. num.\"   class=\"elementor-repeater-item-cb70a80 td-content-type-default\" >1900500<\/td><td data-label=\"Modelo\"   class=\"elementor-repeater-item-304c073 td-content-type-default\" >NGRD100100<\/td><td data-label=\"Caracter\u00edsticas\"   class=\"elementor-repeater-item-170a737 td-content-type-default\" >Conjunto doble disco chasis 100x100 derecho<\/td><td data-label=\"Peso\"   class=\"elementor-repeater-item-4be192d td-content-type-default\" >84,59<\/td><td data-label=\"A\"   class=\"elementor-repeater-item-271596b td-content-type-default\" >710<\/td><td data-label=\"B\"   class=\"elementor-repeater-item-644c62e td-content-type-default\" >720<\/td><td data-label=\"C\"   class=\"elementor-repeater-item-a68c4f9 td-content-type-default\" >580<\/td><td data-label=\"D\"   class=\"elementor-repeater-item-7a602ff td-content-type-default\" >240<\/td><\/tr><tr><td data-label=\"C\u00f3d. num.\"   class=\"elementor-repeater-item-1cbec76 td-content-type-default\" >1900600<\/td><td data-label=\"Modelo\"   class=\"elementor-repeater-item-259a9fb td-content-type-default\" >NGRI100100<\/td><td data-label=\"Caracter\u00edsticas\"   class=\"elementor-repeater-item-26e85b3 td-content-type-default\" >Conjunto doble disco chasis 100x100 izquierdo<\/td><td data-label=\"Peso\"   class=\"elementor-repeater-item-de1e591 td-content-type-default\" >84,59<\/td><td data-label=\"A\"   class=\"elementor-repeater-item-6496c6b td-content-type-default\" >710<\/td><td data-label=\"B\"   class=\"elementor-repeater-item-3602914 td-content-type-default\" >720<\/td><td data-label=\"C\"   class=\"elementor-repeater-item-0a91ca7 td-content-type-default\" >580<\/td><td data-label=\"D\"   class=\"elementor-repeater-item-9dcd045 td-content-type-default\" >240<\/td><\/tr><tr><td data-label=\"C\u00f3d. num.\"   class=\"elementor-repeater-item-7c65ac6 td-content-type-default\" >1900550<\/td><td data-label=\"Modelo\"   class=\"elementor-repeater-item-e0a089c td-content-type-default\" >NGRD8080<\/td><td data-label=\"Caracter\u00edsticas\"   class=\"elementor-repeater-item-abf3cc3 td-content-type-default\" >Conjunto doble disco chasis 80x80 derecho<\/td><td data-label=\"Peso\"   class=\"elementor-repeater-item-f2121b8 td-content-type-default\" >83,59<\/td><td data-label=\"A\"   class=\"elementor-repeater-item-458e931 td-content-type-default\" >710<\/td><td data-label=\"B\"   class=\"elementor-repeater-item-73d618c td-content-type-default\" >720<\/td><td data-label=\"C\"   class=\"elementor-repeater-item-b8ef20d td-content-type-default\" >580<\/td><td data-label=\"D\"   class=\"elementor-repeater-item-afa41e4 td-content-type-default\" >240<\/td><\/tr><tr><td data-label=\"C\u00f3d. num.\"   class=\"elementor-repeater-item-7823d0d td-content-type-default\" >1900650<\/td><td data-label=\"Modelo\"   class=\"elementor-repeater-item-2790624 td-content-type-default\" >NGRI8080<\/td><td data-label=\"Caracter\u00edsticas\"   class=\"elementor-repeater-item-79158c4 td-content-type-default\" >Conjunto doble disco chasis 80x80 izquierdo<\/td><td data-label=\"Peso\"   class=\"elementor-repeater-item-b591260 td-content-type-default\" >83,59<\/td><td data-label=\"A\"   class=\"elementor-repeater-item-5efde87 td-content-type-default\" >710<\/td><td data-label=\"B\"   class=\"elementor-repeater-item-ef8e5aa td-content-type-default\" >720<\/td><td data-label=\"C\"   class=\"elementor-repeater-item-8a1f75e td-content-type-default\" >580<\/td><td data-label=\"D\"   class=\"elementor-repeater-item-30b9aa3 td-content-type-default\" >240<\/td>\t\t\t\t<\/tr>\n\t\t\t<\/tbody>\n\t\t<\/table>\n\t\t\n\t\t\t\t\t\t<\/div>\n\t\t\t\t<\/div>\n\t\t\t\t\t<\/div>\n\t\t<\/div>\n\t\t\t\t\t<\/div>\n\t\t<\/section>\n\t\t\t\t<section class=\"elementor-section elementor-top-section elementor-element elementor-element-a31db9d elementor-section-boxed elementor-section-height-default elementor-section-height-default\" data-id=\"a31db9d\" data-element_type=\"section\" data-e-type=\"section\" data-settings=\"{&quot;_ha_eqh_enable&quot;:false,&quot;ekit_has_onepagescroll_dot&quot;:&quot;yes&quot;}\">\n\t\t\t\t\t\t<div class=\"elementor-container elementor-column-gap-default\">\n\t\t\t\t\t<div class=\"elementor-column elementor-col-100 elementor-top-column elementor-element elementor-element-b552a12\" data-id=\"b552a12\" data-element_type=\"column\" data-e-type=\"column\">\n\t\t\t<div class=\"elementor-widget-wrap elementor-element-populated\">\n\t\t\t\t\t\t<div class=\"elementor-element elementor-element-3664fe4 elementor-widget elementor-widget-heading\" data-id=\"3664fe4\" data-element_type=\"widget\" data-e-type=\"widget\" data-settings=\"{&quot;ekit_we_effect_on&quot;:&quot;none&quot;}\" data-widget_type=\"heading.default\">\n\t\t\t\t<div class=\"elementor-widget-container\">\n\t\t\t\t\t<h3 class=\"elementor-heading-title elementor-size-default\">Modelos grada r\u00e1pida<\/h3>\t\t\t\t<\/div>\n\t\t\t\t<\/div>\n\t\t\t\t\t<\/div>\n\t\t<\/div>\n\t\t\t\t\t<\/div>\n\t\t<\/section>\n\t\t\t\t<section class=\"elementor-section elementor-top-section elementor-element elementor-element-d36edf7 elementor-section-boxed elementor-section-height-default elementor-section-height-default\" data-id=\"d36edf7\" data-element_type=\"section\" data-e-type=\"section\" data-settings=\"{&quot;_ha_eqh_enable&quot;:false,&quot;ekit_has_onepagescroll_dot&quot;:&quot;yes&quot;}\">\n\t\t\t\t\t\t<div class=\"elementor-container elementor-column-gap-default\">\n\t\t\t\t\t<div class=\"elementor-column elementor-col-25 elementor-top-column elementor-element elementor-element-48abb91\" data-id=\"48abb91\" data-element_type=\"column\" data-e-type=\"column\">\n\t\t\t<div class=\"elementor-widget-wrap elementor-element-populated\">\n\t\t\t\t\t\t<div class=\"elementor-element elementor-element-6437e5c elementor-align-center elementor-widget elementor-widget-button\" data-id=\"6437e5c\" data-element_type=\"widget\" data-e-type=\"widget\" data-settings=\"{&quot;ekit_we_effect_on&quot;:&quot;none&quot;}\" data-widget_type=\"button.default\">\n\t\t\t\t<div class=\"elementor-widget-container\">\n\t\t\t\t\t\t\t\t\t<div class=\"elementor-button-wrapper\">\n\t\t\t\t\t<a class=\"elementor-button elementor-button-link elementor-size-sm\" href=\"https:\/\/campoagricola.es\/index.php\/ngrd100100\/\">\n\t\t\t\t\t\t<span class=\"elementor-button-content-wrapper\">\n\t\t\t\t\t\t\t\t\t<span class=\"elementor-button-text\">Modelo ngrd100100<\/span>\n\t\t\t\t\t<\/span>\n\t\t\t\t\t<\/a>\n\t\t\t\t<\/div>\n\t\t\t\t\t\t\t\t<\/div>\n\t\t\t\t<\/div>\n\t\t\t\t\t<\/div>\n\t\t<\/div>\n\t\t\t\t<div class=\"elementor-column elementor-col-25 elementor-top-column elementor-element elementor-element-3ecc252\" data-id=\"3ecc252\" data-element_type=\"column\" data-e-type=\"column\">\n\t\t\t<div class=\"elementor-widget-wrap elementor-element-populated\">\n\t\t\t\t\t\t<div class=\"elementor-element elementor-element-4fdd6e9 elementor-align-center elementor-widget elementor-widget-button\" data-id=\"4fdd6e9\" data-element_type=\"widget\" data-e-type=\"widget\" data-settings=\"{&quot;_animation&quot;:&quot;none&quot;,&quot;ekit_we_effect_on&quot;:&quot;none&quot;}\" data-widget_type=\"button.default\">\n\t\t\t\t<div class=\"elementor-widget-container\">\n\t\t\t\t\t\t\t\t\t<div class=\"elementor-button-wrapper\">\n\t\t\t\t\t<a class=\"elementor-button elementor-button-link elementor-size-sm\" href=\"https:\/\/campoagricola.es\/index.php\/ngri100100\/\">\n\t\t\t\t\t\t<span class=\"elementor-button-content-wrapper\">\n\t\t\t\t\t\t\t\t\t<span class=\"elementor-button-text\">Modelo ngri100100<\/span>\n\t\t\t\t\t<\/span>\n\t\t\t\t\t<\/a>\n\t\t\t\t<\/div>\n\t\t\t\t\t\t\t\t<\/div>\n\t\t\t\t<\/div>\n\t\t\t\t\t<\/div>\n\t\t<\/div>\n\t\t\t\t<div class=\"elementor-column elementor-col-25 elementor-top-column elementor-element elementor-element-7d98de1\" data-id=\"7d98de1\" data-element_type=\"column\" data-e-type=\"column\">\n\t\t\t<div class=\"elementor-widget-wrap elementor-element-populated\">\n\t\t\t\t\t\t<div class=\"elementor-element elementor-element-f3f43a1 elementor-align-center elementor-widget elementor-widget-button\" data-id=\"f3f43a1\" data-element_type=\"widget\" data-e-type=\"widget\" data-settings=\"{&quot;ekit_we_effect_on&quot;:&quot;none&quot;}\" data-widget_type=\"button.default\">\n\t\t\t\t<div class=\"elementor-widget-container\">\n\t\t\t\t\t\t\t\t\t<div class=\"elementor-button-wrapper\">\n\t\t\t\t\t<a class=\"elementor-button elementor-button-link elementor-size-sm\" href=\"https:\/\/campoagricola.es\/index.php\/ngrd8080\/\">\n\t\t\t\t\t\t<span class=\"elementor-button-content-wrapper\">\n\t\t\t\t\t\t\t\t\t<span class=\"elementor-button-text\">Modelo ngrd8080<\/span>\n\t\t\t\t\t<\/span>\n\t\t\t\t\t<\/a>\n\t\t\t\t<\/div>\n\t\t\t\t\t\t\t\t<\/div>\n\t\t\t\t<\/div>\n\t\t\t\t\t<\/div>\n\t\t<\/div>\n\t\t\t\t<div class=\"elementor-column elementor-col-25 elementor-top-column elementor-element elementor-element-b9da817\" data-id=\"b9da817\" data-element_type=\"column\" data-e-type=\"column\">\n\t\t\t<div class=\"elementor-widget-wrap elementor-element-populated\">\n\t\t\t\t\t\t<div class=\"elementor-element elementor-element-f6693ba elementor-align-center elementor-widget elementor-widget-button\" data-id=\"f6693ba\" data-element_type=\"widget\" data-e-type=\"widget\" data-settings=\"{&quot;ekit_we_effect_on&quot;:&quot;none&quot;}\" data-widget_type=\"button.default\">\n\t\t\t\t<div class=\"elementor-widget-container\">\n\t\t\t\t\t\t\t\t\t<div class=\"elementor-button-wrapper\">\n\t\t\t\t\t<a class=\"elementor-button elementor-button-link elementor-size-sm\" href=\"https:\/\/campoagricola.es\/index.php\/ngri8080\/\">\n\t\t\t\t\t\t<span class=\"elementor-button-content-wrapper\">\n\t\t\t\t\t\t\t\t\t<span class=\"elementor-button-text\">Modelo ngri8080<\/span>\n\t\t\t\t\t<\/span>\n\t\t\t\t\t<\/a>\n\t\t\t\t<\/div>\n\t\t\t\t\t\t\t\t<\/div>\n\t\t\t\t<\/div>\n\t\t\t\t\t<\/div>\n\t\t<\/div>\n\t\t\t\t\t<\/div>\n\t\t<\/section>\n\t\t\t\t<\/div>\n\t\t","protected":false},"excerpt":{"rendered":"<p>Grada r\u00e1pida doble disco Grada rapida Centaur Grada doble disco Desrastrojador de disco X Grada r\u00e1pida doble disco La grada r\u00e1pida trabaja a poca profundidad, de 10 a 15 cm, y a alta velocidad, de 8 a 15 km\/hora. Prepara el suelo para la siembra mezclando la tierra con la materia org\u00e1nica. (Dise\u00f1ada para trabajar [&hellip;]<\/p>\n","protected":false},"author":1,"featured_media":0,"parent":0,"menu_order":0,"comment_status":"closed","ping_status":"closed","template":"elementor_header_footer","meta":{"footnotes":""},"class_list":["post-13201","page","type-page","status-publish","hentry"],"_links":{"self":[{"href":"https:\/\/campoagricola.es\/index.php\/wp-json\/wp\/v2\/pages\/13201","targetHints":{"allow":["GET"]}}],"collection":[{"href":"https:\/\/campoagricola.es\/index.php\/wp-json\/wp\/v2\/pages"}],"about":[{"href":"https:\/\/campoagricola.es\/index.php\/wp-json\/wp\/v2\/types\/page"}],"author":[{"embeddable":true,"href":"https:\/\/campoagricola.es\/index.php\/wp-json\/wp\/v2\/users\/1"}],"replies":[{"embeddable":true,"href":"https:\/\/campoagricola.es\/index.php\/wp-json\/wp\/v2\/comments?post=13201"}],"version-history":[{"count":139,"href":"https:\/\/campoagricola.es\/index.php\/wp-json\/wp\/v2\/pages\/13201\/revisions"}],"predecessor-version":[{"id":39183,"href":"https:\/\/campoagricola.es\/index.php\/wp-json\/wp\/v2\/pages\/13201\/revisions\/39183"}],"wp:attachment":[{"href":"https:\/\/campoagricola.es\/index.php\/wp-json\/wp\/v2\/media?parent=13201"}],"curies":[{"name":"wp","href":"https:\/\/api.w.org\/{rel}","templated":true}]}}