{"id":13555,"date":"2024-04-23T10:10:14","date_gmt":"2024-04-23T10:10:14","guid":{"rendered":"http:\/\/campoagricola.es\/?page_id=13555"},"modified":"2024-02-07T10:43:15","modified_gmt":"2024-02-07T10:43:15","slug":"discos-de-arado","status":"publish","type":"page","link":"https:\/\/campoagricola.es\/index.php\/discos-de-arado\/","title":{"rendered":"Discos de arado"},"content":{"rendered":"\t\t<div data-elementor-type=\"wp-page\" data-elementor-id=\"13555\" class=\"elementor elementor-13555\" data-elementor-settings=\"{&quot;ha_cmc_init_switcher&quot;:&quot;no&quot;}\">\n\t\t\t\t\t\t<section class=\"elementor-section elementor-top-section elementor-element elementor-element-522423c elementor-section-height-min-height elementor-section-boxed elementor-section-height-default elementor-section-items-middle\" data-id=\"522423c\" data-element_type=\"section\" data-e-type=\"section\" data-settings=\"{&quot;background_background&quot;:&quot;classic&quot;,&quot;_ha_eqh_enable&quot;:false}\">\n\t\t\t\t\t\t\t<div class=\"elementor-background-overlay\"><\/div>\n\t\t\t\t\t\t\t<div class=\"elementor-container elementor-column-gap-wider\">\n\t\t\t\t\t<div class=\"elementor-column elementor-col-100 elementor-top-column elementor-element elementor-element-fc6a776\" data-id=\"fc6a776\" data-element_type=\"column\" data-e-type=\"column\">\n\t\t\t<div class=\"elementor-widget-wrap elementor-element-populated\">\n\t\t\t\t\t\t<div class=\"elementor-element elementor-element-caf067e elementor-widget elementor-widget-heading\" data-id=\"caf067e\" data-element_type=\"widget\" data-e-type=\"widget\" data-widget_type=\"heading.default\">\n\t\t\t\t<div class=\"elementor-widget-container\">\n\t\t\t\t\t<h1 class=\"elementor-heading-title elementor-size-default\">Discos de arado<\/h1>\t\t\t\t<\/div>\n\t\t\t\t<\/div>\n\t\t\t\t\t<\/div>\n\t\t<\/div>\n\t\t\t\t\t<\/div>\n\t\t<\/section>\n\t\t\t\t<section class=\"elementor-section elementor-top-section elementor-element elementor-element-91d91ac elementor-section-full_width elementor-section-height-default elementor-section-height-default\" data-id=\"91d91ac\" data-element_type=\"section\" data-e-type=\"section\" data-settings=\"{&quot;_ha_eqh_enable&quot;:false}\">\n\t\t\t\t\t\t<div class=\"elementor-container elementor-column-gap-default\">\n\t\t\t\t\t<div class=\"elementor-column elementor-col-100 elementor-top-column elementor-element elementor-element-ff0d732\" data-id=\"ff0d732\" data-element_type=\"column\" data-e-type=\"column\">\n\t\t\t<div class=\"elementor-widget-wrap elementor-element-populated\">\n\t\t\t\t\t\t<div class=\"elementor-element elementor-element-c279bd5 elementor-widget elementor-widget-ekit-nav-menu\" data-id=\"c279bd5\" data-element_type=\"widget\" data-e-type=\"widget\" data-widget_type=\"ekit-nav-menu.default\">\n\t\t\t\t<div class=\"elementor-widget-container\">\n\t\t\t\t\t\t\t<nav class=\"ekit-wid-con ekit_menu_responsive_tablet\"\n\t\t\tdata-hamburger-icon=\"\"\n\t\t\tdata-hamburger-icon-type=\"icon\"\n\t\t\tdata-responsive-breakpoint=\"1024\">\n\t\t\t            <button class=\"elementskit-menu-hamburger elementskit-menu-toggler\"  type=\"button\" aria-label=\"hamburger-icon\">\n                                    <span class=\"elementskit-menu-hamburger-icon\"><\/span><span class=\"elementskit-menu-hamburger-icon\"><\/span><span class=\"elementskit-menu-hamburger-icon\"><\/span>\n                            <\/button>\n            <div id=\"ekit-megamenu-discos\" class=\"elementskit-menu-container elementskit-menu-offcanvas-elements elementskit-navbar-nav-default ekit-nav-menu-one-page-no ekit-nav-dropdown-hover\"><ul id=\"menu-discos\" class=\"elementskit-navbar-nav elementskit-menu-po-center submenu-click-on-icon\"><li id=\"menu-item-20122\" class=\"menu-item menu-item-type-post_type menu-item-object-page menu-item-20122 nav-item nav-item elementskit-mobile-builder-content\" data-vertical-menu=750px><a href=\"https:\/\/campoagricola.es\/index.php\/discos-de-grada-y-arado\/\" class=\"ekit-menu-nav-link\">Grada y arado<\/a><\/li>\n<li id=\"menu-item-20114\" class=\"menu-item menu-item-type-post_type menu-item-object-page menu-item-20114 nav-item nav-item elementskit-mobile-builder-content\" data-vertical-menu=750px><a href=\"https:\/\/campoagricola.es\/index.php\/discos-siembra-directa-y-sembradora\/\" class=\"ekit-menu-nav-link\">Siembra directa y sembradora<\/a><\/li>\n<li id=\"menu-item-20120\" class=\"menu-item menu-item-type-post_type menu-item-object-page menu-item-20120 nav-item nav-item elementskit-mobile-builder-content\" data-vertical-menu=750px><a href=\"https:\/\/campoagricola.es\/index.php\/discos-de-arado\/\" class=\"ekit-menu-nav-link\">Arado<\/a><\/li>\n<li id=\"menu-item-20121\" class=\"menu-item menu-item-type-post_type menu-item-object-page menu-item-20121 nav-item nav-item elementskit-mobile-builder-content\" data-vertical-menu=750px><a href=\"https:\/\/campoagricola.es\/index.php\/discos-de-grada-rapida\/\" class=\"ekit-menu-nav-link\">Grada r\u00e1pida<\/a><\/li>\n<li id=\"menu-item-20117\" class=\"menu-item menu-item-type-post_type menu-item-object-page menu-item-20117 nav-item nav-item elementskit-mobile-builder-content\" data-vertical-menu=750px><a href=\"https:\/\/campoagricola.es\/index.php\/discos-grada-rapida-gama-adaptable\/\" class=\"ekit-menu-nav-link\">Grada r\u00e1pida gama adap.<\/a><\/li>\n<li id=\"menu-item-32034\" class=\"menu-item menu-item-type-post_type menu-item-object-page menu-item-32034 nav-item nav-item elementskit-mobile-builder-content\" data-vertical-menu=750px><a href=\"https:\/\/campoagricola.es\/index.php\/gradas-de-importacion\/\" class=\"ekit-menu-nav-link\">Gradas<\/a><\/li>\n<li id=\"menu-item-20119\" class=\"menu-item menu-item-type-post_type menu-item-object-page menu-item-20119 nav-item nav-item elementskit-mobile-builder-content\" data-vertical-menu=750px><a href=\"https:\/\/campoagricola.es\/index.php\/discos-campoagricola\/\" class=\"ekit-menu-nav-link\">Modelos Campoagr\u00edcola<\/a><\/li>\n<li id=\"menu-item-20116\" class=\"menu-item menu-item-type-post_type menu-item-object-page menu-item-20116 nav-item nav-item elementskit-mobile-builder-content\" data-vertical-menu=750px><a href=\"https:\/\/campoagricola.es\/index.php\/discos-ondulados\/\" class=\"ekit-menu-nav-link\">Ondulados<\/a><\/li>\n<li id=\"menu-item-20115\" class=\"menu-item menu-item-type-post_type menu-item-object-page menu-item-20115 nav-item nav-item elementskit-mobile-builder-content\" data-vertical-menu=750px><a href=\"https:\/\/campoagricola.es\/index.php\/discos-otros-modelos\/\" class=\"ekit-menu-nav-link\">Otros modelos<\/a><\/li>\n<\/ul><div class=\"elementskit-nav-identity-panel\"><button class=\"elementskit-menu-close elementskit-menu-toggler\" type=\"button\">X<\/button><\/div><\/div>\n\t\t\t<div class=\"elementskit-menu-overlay elementskit-menu-offcanvas-elements elementskit-menu-toggler ekit-nav-menu--overlay\"><\/div>        <\/nav>\n\t\t\t\t\t\t<\/div>\n\t\t\t\t<\/div>\n\t\t\t\t\t<\/div>\n\t\t<\/div>\n\t\t\t\t\t<\/div>\n\t\t<\/section>\n\t\t\t\t<section class=\"elementor-section elementor-top-section elementor-element elementor-element-1a7f870 elementor-section-boxed elementor-section-height-default elementor-section-height-default\" data-id=\"1a7f870\" data-element_type=\"section\" data-e-type=\"section\" data-settings=\"{&quot;_ha_eqh_enable&quot;:false}\">\n\t\t\t\t\t\t<div class=\"elementor-container elementor-column-gap-default\">\n\t\t\t\t\t<div class=\"elementor-column elementor-col-50 elementor-top-column elementor-element elementor-element-4a6f2db\" data-id=\"4a6f2db\" data-element_type=\"column\" data-e-type=\"column\">\n\t\t\t<div class=\"elementor-widget-wrap elementor-element-populated\">\n\t\t\t\t\t\t<div class=\"elementor-element elementor-element-0b35fbe elementor-widget elementor-widget-image\" data-id=\"0b35fbe\" data-element_type=\"widget\" data-e-type=\"widget\" data-widget_type=\"image.default\">\n\t\t\t\t<div class=\"elementor-widget-container\">\n\t\t\t\t\t\t\t\t\t\t\t\t\t\t\t<img fetchpriority=\"high\" decoding=\"async\" width=\"432\" height=\"435\" src=\"https:\/\/campoagricola.es\/wp-content\/uploads\/2019\/06\/disco-de-arado.jpg\" class=\"attachment-large size-large wp-image-11376\" alt=\"\" srcset=\"https:\/\/campoagricola.es\/wp-content\/uploads\/2019\/06\/disco-de-arado.jpg 432w, https:\/\/campoagricola.es\/wp-content\/uploads\/2019\/06\/disco-de-arado-150x150.jpg 150w, https:\/\/campoagricola.es\/wp-content\/uploads\/2019\/06\/disco-de-arado-298x300.jpg 298w\" sizes=\"(max-width: 432px) 100vw, 432px\" \/>\t\t\t\t\t\t\t\t\t\t\t\t\t\t\t<\/div>\n\t\t\t\t<\/div>\n\t\t\t\t\t<\/div>\n\t\t<\/div>\n\t\t\t\t<div class=\"elementor-column elementor-col-50 elementor-top-column elementor-element elementor-element-2c13749\" data-id=\"2c13749\" data-element_type=\"column\" data-e-type=\"column\">\n\t\t\t<div class=\"elementor-widget-wrap elementor-element-populated\">\n\t\t\t\t\t\t<div class=\"elementor-element elementor-element-b3db332 elementor-widget elementor-widget-Table\" data-id=\"b3db332\" data-element_type=\"widget\" data-e-type=\"widget\" data-widget_type=\"Table.default\">\n\t\t\t\t<div class=\"elementor-widget-container\">\n\t\t\t\t\t\t\t<table class=\"tafe-table \">\n\t\t\t<thead  class=\"tafe-table-header\">\n\t\t\t\t<tr>\n\t\t\t\t\t<th class=\"elementor-inline-editing elementor-repeater-item-a9d6ce6\"   >C\u00f3d. n\u00fam.<\/th><th class=\"elementor-inline-editing elementor-repeater-item-abf901a\"   >C\u00f3digo<\/th><th class=\"elementor-inline-editing elementor-repeater-item-5fff6f3\"   >\u00d8 pulgadas<\/th><th class=\"elementor-inline-editing elementor-repeater-item-e337423\"   >\u00d8 mil\u00edmetros<\/th><th class=\"elementor-inline-editing elementor-repeater-item-630e5d6\"   >Espesor<\/th><th class=\"elementor-inline-editing elementor-repeater-item-25bf37e\"   >Peso<\/th><th class=\"elementor-inline-editing elementor-repeater-item-4084330\"   >Uds. caja<\/th><th class=\"elementor-inline-editing elementor-repeater-item-efa9fb7\"   >Concavidad<\/th>\t\t\t\t<\/tr>\n\t\t\t<\/thead>\n\t\t\t\t\t\t<tbody class=\"tafe-table-body\">\n\t\t\t\t<tr>\n\t\t\t\t\t<\/tr><tr><td data-label=\"C\u00f3d. n\u00fam.\"   class=\"elementor-repeater-item-0a054e8 td-content-type-default\" >0907700<\/td><td data-label=\"C\u00f3digo\"   class=\"elementor-repeater-item-6ed1395 td-content-type-default\" >DA266000000<\/td><td data-label=\"\u00d8 pulgadas\"   class=\"elementor-repeater-item-c071b63 td-content-type-default\" >26<\/td><td data-label=\"\u00d8 mil\u00edmetros\"   class=\"elementor-repeater-item-f6ed9b8 td-content-type-default\" >660<\/td><td data-label=\"Espesor\"   class=\"elementor-repeater-item-2ec5fec td-content-type-default\" >6<\/td><td data-label=\"Peso\"   class=\"elementor-repeater-item-f0a3b8c td-content-type-default\" >17,5<\/td><td data-label=\"Uds. caja\"   class=\"elementor-repeater-item-cd3cb41 td-content-type-default\" >50<\/td><td data-label=\"Concavidad\"   class=\"elementor-repeater-item-68131c5 td-content-type-default\" >87<\/td><\/tr><tr><td data-label=\"C\u00f3d. n\u00fam.\"   class=\"elementor-repeater-item-d8a6e90 td-content-type-default\" >0907800<\/td><td data-label=\"C\u00f3digo\"   class=\"elementor-repeater-item-6082e01 td-content-type-default\" >DA288000000<\/td><td data-label=\"\u00d8 pulgadas\"   class=\"elementor-repeater-item-b569167 td-content-type-default\" >28<\/td><td data-label=\"\u00d8 mil\u00edmetros\"   class=\"elementor-repeater-item-1884d4a td-content-type-default\" >711<\/td><td data-label=\"Espesor\"   class=\"elementor-repeater-item-b250c3c td-content-type-default\" >8<\/td><td data-label=\"Peso\"   class=\"elementor-repeater-item-ebb9bb6 td-content-type-default\" >26,4<\/td><td data-label=\"Uds. caja\"   class=\"elementor-repeater-item-956d105 td-content-type-default\" >25<\/td><td data-label=\"Concavidad\"   class=\"elementor-repeater-item-3c0c94a td-content-type-default\" >102<\/td><\/tr><tr><td data-label=\"C\u00f3d. n\u00fam.\"   class=\"elementor-repeater-item-c989320 td-content-type-default\" >0907900<\/td><td data-label=\"C\u00f3digo\"   class=\"elementor-repeater-item-6b2810a td-content-type-default\" >DA286000000<\/td><td data-label=\"\u00d8 pulgadas\"   class=\"elementor-repeater-item-ea5be57 td-content-type-default\" >28<\/td><td data-label=\"\u00d8 mil\u00edmetros\"   class=\"elementor-repeater-item-bb21dd2 td-content-type-default\" >711<\/td><td data-label=\"Espesor\"   class=\"elementor-repeater-item-e15dd88 td-content-type-default\" >6<\/td><td data-label=\"Peso\"   class=\"elementor-repeater-item-b31e2f3 td-content-type-default\" >20<\/td><td data-label=\"Uds. caja\"   class=\"elementor-repeater-item-e143308 td-content-type-default\" >25<\/td><td data-label=\"Concavidad\"   class=\"elementor-repeater-item-30775db td-content-type-default\" >102<\/td><\/tr><tr><td data-label=\"C\u00f3d. n\u00fam.\"   class=\"elementor-repeater-item-d246cf6 td-content-type-default\" >0908000<\/td><td data-label=\"C\u00f3digo\"   class=\"elementor-repeater-item-8e8e47a td-content-type-default\" >DA308000000<\/td><td data-label=\"\u00d8 pulgadas\"   class=\"elementor-repeater-item-1bc6f32 td-content-type-default\" >30<\/td><td data-label=\"\u00d8 mil\u00edmetros\"   class=\"elementor-repeater-item-633d00b td-content-type-default\" >762<\/td><td data-label=\"Espesor\"   class=\"elementor-repeater-item-e883e56 td-content-type-default\" >8<\/td><td data-label=\"Peso\"   class=\"elementor-repeater-item-9dc1af4 td-content-type-default\" >10<\/td><td data-label=\"Uds. caja\"   class=\"elementor-repeater-item-8b940da td-content-type-default\" >25<\/td><td data-label=\"Concavidad\"   class=\"elementor-repeater-item-26d1d78 td-content-type-default\" >114<\/td><\/tr><tr><td data-label=\"C\u00f3d. n\u00fam.\"   class=\"elementor-repeater-item-217cc06 td-content-type-default\" >0908100<\/td><td data-label=\"C\u00f3digo\"   class=\"elementor-repeater-item-2296613 td-content-type-default\" >DA321000000<\/td><td data-label=\"\u00d8 pulgadas\"   class=\"elementor-repeater-item-2e730f0 td-content-type-default\" >32<\/td><td data-label=\"\u00d8 mil\u00edmetros\"   class=\"elementor-repeater-item-68493b0 td-content-type-default\" >813<\/td><td data-label=\"Espesor\"   class=\"elementor-repeater-item-c5c6613 td-content-type-default\" >10<\/td><td data-label=\"Peso\"   class=\"elementor-repeater-item-2e397a0 td-content-type-default\" >44,05<\/td><td data-label=\"Uds. caja\"   class=\"elementor-repeater-item-76a4be1 td-content-type-default\" >12<\/td><td data-label=\"Concavidad\"   class=\"elementor-repeater-item-58073eb td-content-type-default\" >132<\/td>\t\t\t\t<\/tr>\n\t\t\t<\/tbody>\n\t\t<\/table>\n\t\t\n\t\t\t\t\t\t<\/div>\n\t\t\t\t<\/div>\n\t\t\t\t\t<\/div>\n\t\t<\/div>\n\t\t\t\t\t<\/div>\n\t\t<\/section>\n\t\t\t\t<\/div>\n\t\t","protected":false},"excerpt":{"rendered":"<p>Discos de arado Grada y arado Siembra directa y sembradora Arado Grada r\u00e1pida Grada r\u00e1pida gama adap. Gradas importaci\u00f3n Modelos Campoagr\u00edcola Ondulados Otros modelos X C\u00f3d. n\u00fam. C\u00f3digo \u00d8 pulgadas \u00d8 mil\u00edmetros Espesor Peso Uds. caja Concavidad 0907700 DA266000000 26 660 6 17,5 50 87 0907800 DA288000000 28 711 8 26,4 25 102 0907900 DA286000000 [&hellip;]<\/p>\n","protected":false},"author":1,"featured_media":0,"parent":0,"menu_order":0,"comment_status":"closed","ping_status":"closed","template":"elementor_header_footer","meta":{"footnotes":""},"class_list":["post-13555","page","type-page","status-publish","hentry"],"_links":{"self":[{"href":"https:\/\/campoagricola.es\/index.php\/wp-json\/wp\/v2\/pages\/13555","targetHints":{"allow":["GET"]}}],"collection":[{"href":"https:\/\/campoagricola.es\/index.php\/wp-json\/wp\/v2\/pages"}],"about":[{"href":"https:\/\/campoagricola.es\/index.php\/wp-json\/wp\/v2\/types\/page"}],"author":[{"embeddable":true,"href":"https:\/\/campoagricola.es\/index.php\/wp-json\/wp\/v2\/users\/1"}],"replies":[{"embeddable":true,"href":"https:\/\/campoagricola.es\/index.php\/wp-json\/wp\/v2\/comments?post=13555"}],"version-history":[{"count":64,"href":"https:\/\/campoagricola.es\/index.php\/wp-json\/wp\/v2\/pages\/13555\/revisions"}],"predecessor-version":[{"id":42883,"href":"https:\/\/campoagricola.es\/index.php\/wp-json\/wp\/v2\/pages\/13555\/revisions\/42883"}],"wp:attachment":[{"href":"https:\/\/campoagricola.es\/index.php\/wp-json\/wp\/v2\/media?parent=13555"}],"curies":[{"name":"wp","href":"https:\/\/api.w.org\/{rel}","templated":true}]}}