{"id":14265,"date":"2022-11-08T14:24:40","date_gmt":"2022-11-08T14:24:40","guid":{"rendered":"http:\/\/campoagricola.es\/?page_id=14265"},"modified":"2024-02-23T13:10:51","modified_gmt":"2024-02-23T13:10:51","slug":"novedades-2","status":"publish","type":"page","link":"https:\/\/campoagricola.es\/index.php\/novedades-2\/","title":{"rendered":"Novedades-2"},"content":{"rendered":"\t\t<div data-elementor-type=\"wp-page\" data-elementor-id=\"14265\" class=\"elementor elementor-14265\" data-elementor-settings=\"{&quot;ha_cmc_init_switcher&quot;:&quot;no&quot;}\">\n\t\t\t\t\t\t<section class=\"elementor-section elementor-top-section elementor-element elementor-element-28bc282 elementor-section-height-min-height elementor-section-boxed elementor-section-height-default elementor-section-items-middle\" data-id=\"28bc282\" data-element_type=\"section\" data-e-type=\"section\" data-settings=\"{&quot;background_background&quot;:&quot;classic&quot;,&quot;_ha_eqh_enable&quot;:false}\">\n\t\t\t\t\t\t\t<div class=\"elementor-background-overlay\"><\/div>\n\t\t\t\t\t\t\t<div class=\"elementor-container elementor-column-gap-wider\">\n\t\t\t\t\t<div class=\"elementor-column elementor-col-100 elementor-top-column elementor-element elementor-element-178d1349\" data-id=\"178d1349\" data-element_type=\"column\" data-e-type=\"column\">\n\t\t\t<div class=\"elementor-widget-wrap elementor-element-populated\">\n\t\t\t\t\t\t<div class=\"elementor-element elementor-element-789e6407 elementor-widget elementor-widget-heading\" data-id=\"789e6407\" data-element_type=\"widget\" data-e-type=\"widget\" data-widget_type=\"heading.default\">\n\t\t\t\t<div class=\"elementor-widget-container\">\n\t\t\t\t\t<h1 class=\"elementor-heading-title elementor-size-default\">Novedades<\/h1>\t\t\t\t<\/div>\n\t\t\t\t<\/div>\n\t\t\t\t\t<\/div>\n\t\t<\/div>\n\t\t\t\t\t<\/div>\n\t\t<\/section>\n\t\t\t\t<section class=\"elementor-section elementor-top-section elementor-element elementor-element-3c88d03b elementor-section-boxed elementor-section-height-default elementor-section-height-default\" data-id=\"3c88d03b\" data-element_type=\"section\" data-e-type=\"section\" data-settings=\"{&quot;_ha_eqh_enable&quot;:false}\">\n\t\t\t\t\t\t<div class=\"elementor-container elementor-column-gap-default\">\n\t\t\t\t\t<div class=\"elementor-column elementor-col-100 elementor-top-column elementor-element elementor-element-3f5c81aa\" data-id=\"3f5c81aa\" data-element_type=\"column\" data-e-type=\"column\">\n\t\t\t<div class=\"elementor-widget-wrap elementor-element-populated\">\n\t\t\t\t\t\t<section class=\"elementor-section elementor-inner-section elementor-element elementor-element-3f726f09 elementor-reverse-tablet elementor-reverse-mobile elementor-section-boxed elementor-section-height-default elementor-section-height-default\" data-id=\"3f726f09\" data-element_type=\"section\" data-e-type=\"section\" data-settings=\"{&quot;background_background&quot;:&quot;classic&quot;,&quot;_ha_eqh_enable&quot;:false}\">\n\t\t\t\t\t\t<div class=\"elementor-container elementor-column-gap-default\">\n\t\t\t\t\t<div class=\"elementor-column elementor-col-50 elementor-inner-column elementor-element elementor-element-6690690f\" data-id=\"6690690f\" data-element_type=\"column\" data-e-type=\"column\">\n\t\t\t<div class=\"elementor-widget-wrap elementor-element-populated\">\n\t\t\t\t\t\t<div class=\"elementor-element elementor-element-73979932 ha-has-bg-overlay elementor-widget elementor-widget-elementskit-heading\" data-id=\"73979932\" data-element_type=\"widget\" data-e-type=\"widget\" data-widget_type=\"elementskit-heading.default\">\n\t\t\t\t<div class=\"elementor-widget-container\">\n\t\t\t\t\t<div class=\"ekit-wid-con\" ><div class=\"ekit-heading elementskit-section-title-wraper text_left   ekit_heading_tablet-   ekit_heading_mobile-\"><h3 class=\"elementskit-section-subtitle  elementskit-style-border\">\n\t\t\t\t\t\tMuelles especiales\n\t\t\t\t\t<\/h3><h2 class=\"ekit-heading--title elementskit-section-title \">Muelles de rastra ecol\u00f3gica<\/h2>\t\t\t\t<div class='ekit-heading__description'>\n\t\t\t\t\t<p>Preparados para romper, retirar y despejar el rastrojo, machaca la paja y crea una capa de tierra fina, facilitando y mejorando la posterior siembra. Est\u00e1n fabricados en acero especial para muelles y tienen una alta capacidad de recuperaci\u00f3n.<\/p>\n\t\t\t\t<\/div>\n\t\t\t<\/div><\/div>\t\t\t\t<\/div>\n\t\t\t\t<\/div>\n\t\t\t\t\t<\/div>\n\t\t<\/div>\n\t\t\t\t<div class=\"elementor-column elementor-col-50 elementor-inner-column elementor-element elementor-element-4b975b8c\" data-id=\"4b975b8c\" data-element_type=\"column\" data-e-type=\"column\">\n\t\t\t<div class=\"elementor-widget-wrap elementor-element-populated\">\n\t\t\t\t\t\t<div class=\"elementor-element elementor-element-4a61aaf8 elementor-widget elementor-widget-image\" data-id=\"4a61aaf8\" data-element_type=\"widget\" data-e-type=\"widget\" data-widget_type=\"image.default\">\n\t\t\t\t<div class=\"elementor-widget-container\">\n\t\t\t\t\t\t\t\t\t\t\t\t\t\t\t<img fetchpriority=\"high\" decoding=\"async\" width=\"1372\" height=\"1077\" src=\"https:\/\/campoagricola.es\/wp-content\/uploads\/2021\/03\/muelles-rastra.jpg\" class=\"attachment-full size-full wp-image-22410\" alt=\"\" srcset=\"https:\/\/campoagricola.es\/wp-content\/uploads\/2021\/03\/muelles-rastra.jpg 1372w, https:\/\/campoagricola.es\/wp-content\/uploads\/2021\/03\/muelles-rastra-300x235.jpg 300w, https:\/\/campoagricola.es\/wp-content\/uploads\/2021\/03\/muelles-rastra-1024x804.jpg 1024w, https:\/\/campoagricola.es\/wp-content\/uploads\/2021\/03\/muelles-rastra-768x603.jpg 768w\" sizes=\"(max-width: 1372px) 100vw, 1372px\" \/>\t\t\t\t\t\t\t\t\t\t\t\t\t\t\t<\/div>\n\t\t\t\t<\/div>\n\t\t\t\t\t<\/div>\n\t\t<\/div>\n\t\t\t\t\t<\/div>\n\t\t<\/section>\n\t\t\t\t\t<\/div>\n\t\t<\/div>\n\t\t\t\t\t<\/div>\n\t\t<\/section>\n\t\t\t\t<section class=\"elementor-section elementor-top-section elementor-element elementor-element-529afc3 elementor-section-boxed elementor-section-height-default elementor-section-height-default\" data-id=\"529afc3\" data-element_type=\"section\" data-e-type=\"section\" data-settings=\"{&quot;_ha_eqh_enable&quot;:false}\">\n\t\t\t\t\t\t<div class=\"elementor-container elementor-column-gap-default\">\n\t\t\t\t\t<div class=\"elementor-column elementor-col-100 elementor-top-column elementor-element elementor-element-05931b0\" data-id=\"05931b0\" data-element_type=\"column\" data-e-type=\"column\">\n\t\t\t<div class=\"elementor-widget-wrap elementor-element-populated\">\n\t\t\t\t\t\t<section class=\"elementor-section elementor-inner-section elementor-element elementor-element-e30f4f6 elementor-reverse-tablet elementor-reverse-mobile elementor-section-boxed elementor-section-height-default elementor-section-height-default\" data-id=\"e30f4f6\" data-element_type=\"section\" data-e-type=\"section\" data-settings=\"{&quot;background_background&quot;:&quot;classic&quot;,&quot;_ha_eqh_enable&quot;:false}\">\n\t\t\t\t\t\t<div class=\"elementor-container elementor-column-gap-default\">\n\t\t\t\t\t<div class=\"elementor-column elementor-col-50 elementor-inner-column elementor-element elementor-element-135effe\" data-id=\"135effe\" data-element_type=\"column\" data-e-type=\"column\">\n\t\t\t<div class=\"elementor-widget-wrap elementor-element-populated\">\n\t\t\t\t\t\t<div class=\"elementor-element elementor-element-3f50e79 ha-has-bg-overlay elementor-widget elementor-widget-elementskit-heading\" data-id=\"3f50e79\" data-element_type=\"widget\" data-e-type=\"widget\" data-widget_type=\"elementskit-heading.default\">\n\t\t\t\t<div class=\"elementor-widget-container\">\n\t\t\t\t\t<div class=\"ekit-wid-con\" ><div class=\"ekit-heading elementskit-section-title-wraper text_left   ekit_heading_tablet-   ekit_heading_mobile-\"><h3 class=\"elementskit-section-subtitle  elementskit-style-border\">\n\t\t\t\t\t\tRejas\n\t\t\t\t\t<\/h3><h2 class=\"ekit-heading--title elementskit-section-title \">Nueva reja para brazos desmalezadores<\/h2>\t\t\t\t<div class='ekit-heading__description'>\n\t\t\t\t\t<p>Reja fabricada en acero al boro con agujeros laterales y ancho de labor constante.<\/p>\n\t\t\t\t<\/div>\n\t\t\t<\/div><\/div>\t\t\t\t<\/div>\n\t\t\t\t<\/div>\n\t\t\t\t\t<\/div>\n\t\t<\/div>\n\t\t\t\t<div class=\"elementor-column elementor-col-50 elementor-inner-column elementor-element elementor-element-23887a1\" data-id=\"23887a1\" data-element_type=\"column\" data-e-type=\"column\">\n\t\t\t<div class=\"elementor-widget-wrap elementor-element-populated\">\n\t\t\t\t\t\t<div class=\"elementor-element elementor-element-52a13e9 elementor-widget elementor-widget-image\" data-id=\"52a13e9\" data-element_type=\"widget\" data-e-type=\"widget\" data-widget_type=\"image.default\">\n\t\t\t\t<div class=\"elementor-widget-container\">\n\t\t\t\t\t\t\t\t\t\t\t\t\t\t\t<img decoding=\"async\" width=\"922\" height=\"747\" src=\"https:\/\/campoagricola.es\/wp-content\/uploads\/2020\/06\/novedades-reja-1.jpg\" class=\"attachment-full size-full wp-image-15180\" alt=\"\" srcset=\"https:\/\/campoagricola.es\/wp-content\/uploads\/2020\/06\/novedades-reja-1.jpg 922w, https:\/\/campoagricola.es\/wp-content\/uploads\/2020\/06\/novedades-reja-1-300x243.jpg 300w, https:\/\/campoagricola.es\/wp-content\/uploads\/2020\/06\/novedades-reja-1-768x622.jpg 768w\" sizes=\"(max-width: 922px) 100vw, 922px\" \/>\t\t\t\t\t\t\t\t\t\t\t\t\t\t\t<\/div>\n\t\t\t\t<\/div>\n\t\t\t\t\t<\/div>\n\t\t<\/div>\n\t\t\t\t\t<\/div>\n\t\t<\/section>\n\t\t\t\t\t<\/div>\n\t\t<\/div>\n\t\t\t\t\t<\/div>\n\t\t<\/section>\n\t\t\t\t<section class=\"elementor-section elementor-top-section elementor-element elementor-element-d7d29e9 elementor-section-boxed elementor-section-height-default elementor-section-height-default\" data-id=\"d7d29e9\" data-element_type=\"section\" data-e-type=\"section\" data-settings=\"{&quot;_ha_eqh_enable&quot;:false}\">\n\t\t\t\t\t\t<div class=\"elementor-container elementor-column-gap-default\">\n\t\t\t\t\t<div class=\"elementor-column elementor-col-100 elementor-top-column elementor-element elementor-element-7c9d0f6\" data-id=\"7c9d0f6\" data-element_type=\"column\" data-e-type=\"column\">\n\t\t\t<div class=\"elementor-widget-wrap elementor-element-populated\">\n\t\t\t\t\t\t<section class=\"elementor-section elementor-inner-section elementor-element elementor-element-ff563ea elementor-reverse-tablet elementor-reverse-mobile elementor-section-boxed elementor-section-height-default elementor-section-height-default\" data-id=\"ff563ea\" data-element_type=\"section\" data-e-type=\"section\" data-settings=\"{&quot;background_background&quot;:&quot;classic&quot;,&quot;_ha_eqh_enable&quot;:false}\">\n\t\t\t\t\t\t<div class=\"elementor-container elementor-column-gap-default\">\n\t\t\t\t\t<div class=\"elementor-column elementor-col-50 elementor-inner-column elementor-element elementor-element-fbf172f\" data-id=\"fbf172f\" data-element_type=\"column\" data-e-type=\"column\">\n\t\t\t<div class=\"elementor-widget-wrap elementor-element-populated\">\n\t\t\t\t\t\t<div class=\"elementor-element elementor-element-92eb952 ha-has-bg-overlay elementor-widget elementor-widget-elementskit-heading\" data-id=\"92eb952\" data-element_type=\"widget\" data-e-type=\"widget\" data-widget_type=\"elementskit-heading.default\">\n\t\t\t\t<div class=\"elementor-widget-container\">\n\t\t\t\t\t<div class=\"ekit-wid-con\" ><div class=\"ekit-heading elementskit-section-title-wraper text_left   ekit_heading_tablet-   ekit_heading_mobile-\"><h3 class=\"elementskit-section-subtitle  elementskit-style-border\">\n\t\t\t\t\t\tRejas\n\t\t\t\t\t<\/h3><h2 class=\"ekit-heading--title elementskit-section-title \">Nueva reja rastrojera<\/h2>\t\t\t\t<div class='ekit-heading__description'>\n\t\t\t\t\t<p>Esta nueva reja gracias a su tercer agujero con forma hexagonal permite el montaje de deflectores en cualquier tipo de brazo, colocando una tuerca en ese agujero y atornillando la reja directamente al deflector.<\/p>\n<p>Es una reja fabricada en acero al Boro, con un nervio central posterior que refuerza la reja y alarga la duraci\u00f3n de la misma.<\/p>\n\t\t\t\t<\/div>\n\t\t\t<\/div><\/div>\t\t\t\t<\/div>\n\t\t\t\t<\/div>\n\t\t\t\t\t<\/div>\n\t\t<\/div>\n\t\t\t\t<div class=\"elementor-column elementor-col-50 elementor-inner-column elementor-element elementor-element-d880656\" data-id=\"d880656\" data-element_type=\"column\" data-e-type=\"column\">\n\t\t\t<div class=\"elementor-widget-wrap elementor-element-populated\">\n\t\t\t\t\t\t<div class=\"elementor-element elementor-element-b16067f elementor-widget elementor-widget-image\" data-id=\"b16067f\" data-element_type=\"widget\" data-e-type=\"widget\" data-widget_type=\"image.default\">\n\t\t\t\t<div class=\"elementor-widget-container\">\n\t\t\t\t\t\t\t\t\t\t\t\t\t\t\t<img decoding=\"async\" width=\"986\" height=\"833\" src=\"https:\/\/campoagricola.es\/wp-content\/uploads\/2020\/06\/novedades-reja2-2.jpg\" class=\"attachment-full size-full wp-image-15181\" alt=\"\" srcset=\"https:\/\/campoagricola.es\/wp-content\/uploads\/2020\/06\/novedades-reja2-2.jpg 986w, https:\/\/campoagricola.es\/wp-content\/uploads\/2020\/06\/novedades-reja2-2-300x253.jpg 300w, https:\/\/campoagricola.es\/wp-content\/uploads\/2020\/06\/novedades-reja2-2-768x649.jpg 768w\" sizes=\"(max-width: 986px) 100vw, 986px\" \/>\t\t\t\t\t\t\t\t\t\t\t\t\t\t\t<\/div>\n\t\t\t\t<\/div>\n\t\t\t\t\t<\/div>\n\t\t<\/div>\n\t\t\t\t\t<\/div>\n\t\t<\/section>\n\t\t\t\t\t<\/div>\n\t\t<\/div>\n\t\t\t\t\t<\/div>\n\t\t<\/section>\n\t\t\t\t<section class=\"elementor-section elementor-top-section elementor-element elementor-element-ad587b7 elementor-section-boxed elementor-section-height-default elementor-section-height-default\" data-id=\"ad587b7\" data-element_type=\"section\" data-e-type=\"section\" data-settings=\"{&quot;_ha_eqh_enable&quot;:false}\">\n\t\t\t\t\t\t<div class=\"elementor-container elementor-column-gap-default\">\n\t\t\t\t\t<div class=\"elementor-column elementor-col-100 elementor-top-column elementor-element elementor-element-d68d21f\" data-id=\"d68d21f\" data-element_type=\"column\" data-e-type=\"column\">\n\t\t\t<div class=\"elementor-widget-wrap elementor-element-populated\">\n\t\t\t\t\t\t<section class=\"elementor-section elementor-inner-section elementor-element elementor-element-fb80af0 elementor-reverse-tablet elementor-reverse-mobile elementor-section-boxed elementor-section-height-default elementor-section-height-default\" data-id=\"fb80af0\" data-element_type=\"section\" data-e-type=\"section\" data-settings=\"{&quot;background_background&quot;:&quot;classic&quot;,&quot;_ha_eqh_enable&quot;:false}\">\n\t\t\t\t\t\t<div class=\"elementor-container elementor-column-gap-default\">\n\t\t\t\t\t<div class=\"elementor-column elementor-col-50 elementor-inner-column elementor-element elementor-element-793ff4a\" data-id=\"793ff4a\" data-element_type=\"column\" data-e-type=\"column\">\n\t\t\t<div class=\"elementor-widget-wrap elementor-element-populated\">\n\t\t\t\t\t\t<div class=\"elementor-element elementor-element-c3ccfa8 ha-has-bg-overlay elementor-widget elementor-widget-elementskit-heading\" data-id=\"c3ccfa8\" data-element_type=\"widget\" data-e-type=\"widget\" data-widget_type=\"elementskit-heading.default\">\n\t\t\t\t<div class=\"elementor-widget-container\">\n\t\t\t\t\t<div class=\"ekit-wid-con\" ><div class=\"ekit-heading elementskit-section-title-wraper text_left   ekit_heading_tablet-   ekit_heading_mobile-\"><h3 class=\"elementskit-section-subtitle  elementskit-style-border\">\n\t\t\t\t\t\tRejas\n\t\t\t\t\t<\/h3><h2 class=\"ekit-heading--title elementskit-section-title \">Nueva reja \u00ab547 2A K2\u00bb<\/h2>\t\t\t\t<div class='ekit-heading__description'>\n\t\t\t\t\t<p>Fabricada en acero al boro, una reja especialmente dise\u00f1ada para brazos 70\u00d712 y 80\u00d712. Con un ancho de trabajo uniforme de 210 mm.<\/p>\n<p>Esta reja esta dise\u00f1ada para adaptarse perfectamente a los nuevos brazos vibro cultivadores de 70\u00d712 y 80\u00d712 modelos cada vez mas extendidos en Espa\u00f1a por su versatilidad.<\/p>\n<p>Incorpora a su vez un dise\u00f1o que permite que el ancho de trabajo se mantenga, aunque la reja se vaya desgastando por su uso.<\/p>\n\t\t\t\t<\/div>\n\t\t\t<\/div><\/div>\t\t\t\t<\/div>\n\t\t\t\t<\/div>\n\t\t\t\t\t<\/div>\n\t\t<\/div>\n\t\t\t\t<div class=\"elementor-column elementor-col-50 elementor-inner-column elementor-element elementor-element-9880184\" data-id=\"9880184\" data-element_type=\"column\" data-e-type=\"column\">\n\t\t\t<div class=\"elementor-widget-wrap elementor-element-populated\">\n\t\t\t\t\t\t<div class=\"elementor-element elementor-element-0ceabf8 elementor-widget elementor-widget-image\" data-id=\"0ceabf8\" data-element_type=\"widget\" data-e-type=\"widget\" data-widget_type=\"image.default\">\n\t\t\t\t<div class=\"elementor-widget-container\">\n\t\t\t\t\t\t\t\t\t\t\t\t\t\t\t<img loading=\"lazy\" decoding=\"async\" width=\"837\" height=\"887\" src=\"https:\/\/campoagricola.es\/wp-content\/uploads\/2020\/06\/novedades-reja5-2.jpg\" class=\"attachment-full size-full wp-image-15178\" alt=\"\" srcset=\"https:\/\/campoagricola.es\/wp-content\/uploads\/2020\/06\/novedades-reja5-2.jpg 837w, https:\/\/campoagricola.es\/wp-content\/uploads\/2020\/06\/novedades-reja5-2-283x300.jpg 283w, https:\/\/campoagricola.es\/wp-content\/uploads\/2020\/06\/novedades-reja5-2-768x814.jpg 768w\" sizes=\"(max-width: 837px) 100vw, 837px\" \/>\t\t\t\t\t\t\t\t\t\t\t\t\t\t\t<\/div>\n\t\t\t\t<\/div>\n\t\t\t\t\t<\/div>\n\t\t<\/div>\n\t\t\t\t\t<\/div>\n\t\t<\/section>\n\t\t\t\t\t<\/div>\n\t\t<\/div>\n\t\t\t\t\t<\/div>\n\t\t<\/section>\n\t\t\t\t<section class=\"elementor-section elementor-top-section elementor-element elementor-element-bd4eacb elementor-section-boxed elementor-section-height-default elementor-section-height-default\" data-id=\"bd4eacb\" data-element_type=\"section\" data-e-type=\"section\" data-settings=\"{&quot;background_background&quot;:&quot;classic&quot;,&quot;_ha_eqh_enable&quot;:false}\">\n\t\t\t\t\t\t<div class=\"elementor-container elementor-column-gap-default\">\n\t\t\t\t\t<div class=\"elementor-column elementor-col-100 elementor-top-column elementor-element elementor-element-6857807\" data-id=\"6857807\" data-element_type=\"column\" data-e-type=\"column\">\n\t\t\t<div class=\"elementor-widget-wrap elementor-element-populated\">\n\t\t\t\t\t\t<div class=\"elementor-element elementor-element-6dcac57 elementor-align-center elementor-widget elementor-widget-button\" data-id=\"6dcac57\" data-element_type=\"widget\" data-e-type=\"widget\" data-widget_type=\"button.default\">\n\t\t\t\t<div class=\"elementor-widget-container\">\n\t\t\t\t\t\t\t\t\t<div class=\"elementor-button-wrapper\">\n\t\t\t\t\t<a class=\"elementor-button elementor-button-link elementor-size-sm\" href=\"https:\/\/campoagricola.es\/index.php\/novedades\/\">\n\t\t\t\t\t\t<span class=\"elementor-button-content-wrapper\">\n\t\t\t\t\t\t\t\t\t<span class=\"elementor-button-text\">anterior<\/span>\n\t\t\t\t\t<\/span>\n\t\t\t\t\t<\/a>\n\t\t\t\t<\/div>\n\t\t\t\t\t\t\t\t<\/div>\n\t\t\t\t<\/div>\n\t\t\t\t\t<\/div>\n\t\t<\/div>\n\t\t\t\t\t<\/div>\n\t\t<\/section>\n\t\t\t\t<\/div>\n\t\t","protected":false},"excerpt":{"rendered":"<p>Novedades Muelles especiales Muelles de rastra ecol\u00f3gica Preparados para romper, retirar y despejar el rastrojo, machaca la paja y crea una capa de tierra fina, facilitando y mejorando la posterior siembra. Est\u00e1n fabricados en acero especial para muelles y tienen una alta capacidad de recuperaci\u00f3n. Rejas Nueva reja para brazos desmalezadores Reja fabricada en acero [&hellip;]<\/p>\n","protected":false},"author":1,"featured_media":0,"parent":0,"menu_order":0,"comment_status":"closed","ping_status":"closed","template":"elementor_header_footer","meta":{"footnotes":""},"class_list":["post-14265","page","type-page","status-publish","hentry"],"_links":{"self":[{"href":"https:\/\/campoagricola.es\/index.php\/wp-json\/wp\/v2\/pages\/14265","targetHints":{"allow":["GET"]}}],"collection":[{"href":"https:\/\/campoagricola.es\/index.php\/wp-json\/wp\/v2\/pages"}],"about":[{"href":"https:\/\/campoagricola.es\/index.php\/wp-json\/wp\/v2\/types\/page"}],"author":[{"embeddable":true,"href":"https:\/\/campoagricola.es\/index.php\/wp-json\/wp\/v2\/users\/1"}],"replies":[{"embeddable":true,"href":"https:\/\/campoagricola.es\/index.php\/wp-json\/wp\/v2\/comments?post=14265"}],"version-history":[{"count":92,"href":"https:\/\/campoagricola.es\/index.php\/wp-json\/wp\/v2\/pages\/14265\/revisions"}],"predecessor-version":[{"id":44122,"href":"https:\/\/campoagricola.es\/index.php\/wp-json\/wp\/v2\/pages\/14265\/revisions\/44122"}],"wp:attachment":[{"href":"https:\/\/campoagricola.es\/index.php\/wp-json\/wp\/v2\/media?parent=14265"}],"curies":[{"name":"wp","href":"https:\/\/api.w.org\/{rel}","templated":true}]}}