{"id":14902,"date":"2024-02-16T11:25:23","date_gmt":"2024-02-16T11:25:23","guid":{"rendered":"http:\/\/campoagricola.es\/?page_id=14902"},"modified":"2022-12-19T10:10:55","modified_gmt":"2022-12-19T10:10:55","slug":"compromiso-medioambiental","status":"publish","type":"page","link":"https:\/\/campoagricola.es\/index.php\/compromiso-medioambiental\/","title":{"rendered":"Compromiso medioambiental"},"content":{"rendered":"\t\t<div data-elementor-type=\"wp-page\" data-elementor-id=\"14902\" class=\"elementor elementor-14902\" data-elementor-settings=\"{&quot;ha_cmc_init_switcher&quot;:&quot;no&quot;}\">\n\t\t\t\t\t\t<section class=\"elementor-section elementor-top-section elementor-element elementor-element-24c07ac6 elementor-section-height-min-height elementor-section-boxed elementor-section-height-default elementor-section-items-middle\" data-id=\"24c07ac6\" data-element_type=\"section\" data-e-type=\"section\" data-settings=\"{&quot;background_background&quot;:&quot;classic&quot;,&quot;_ha_eqh_enable&quot;:false,&quot;ekit_has_onepagescroll_dot&quot;:&quot;yes&quot;}\">\n\t\t\t\t\t\t\t<div class=\"elementor-background-overlay\"><\/div>\n\t\t\t\t\t\t\t<div class=\"elementor-container elementor-column-gap-wider\">\n\t\t\t\t\t<div class=\"elementor-column elementor-col-100 elementor-top-column elementor-element elementor-element-22cb6525\" data-id=\"22cb6525\" data-element_type=\"column\" data-e-type=\"column\">\n\t\t\t<div class=\"elementor-widget-wrap elementor-element-populated\">\n\t\t\t\t\t\t<div class=\"elementor-element elementor-element-23bb83a7 elementor-widget elementor-widget-heading\" data-id=\"23bb83a7\" data-element_type=\"widget\" data-e-type=\"widget\" data-settings=\"{&quot;ekit_we_effect_on&quot;:&quot;none&quot;}\" data-widget_type=\"heading.default\">\n\t\t\t\t<div class=\"elementor-widget-container\">\n\t\t\t\t\t<h1 class=\"elementor-heading-title elementor-size-default\">Compromiso medioambiental<\/h1>\t\t\t\t<\/div>\n\t\t\t\t<\/div>\n\t\t\t\t\t<\/div>\n\t\t<\/div>\n\t\t\t\t\t<\/div>\n\t\t<\/section>\n\t\t\t\t<section class=\"elementor-section elementor-top-section elementor-element elementor-element-21921e1 elementor-section-boxed elementor-section-height-default elementor-section-height-default\" data-id=\"21921e1\" data-element_type=\"section\" data-e-type=\"section\" data-settings=\"{&quot;_ha_eqh_enable&quot;:false,&quot;ekit_has_onepagescroll_dot&quot;:&quot;yes&quot;}\">\n\t\t\t\t\t\t<div class=\"elementor-container elementor-column-gap-default\">\n\t\t\t\t\t<div class=\"elementor-column elementor-col-100 elementor-top-column elementor-element elementor-element-5b97aa8\" data-id=\"5b97aa8\" data-element_type=\"column\" data-e-type=\"column\">\n\t\t\t<div class=\"elementor-widget-wrap elementor-element-populated\">\n\t\t\t\t\t\t<div class=\"elementor-element elementor-element-2a02f8a elementor-widget elementor-widget-text-editor\" data-id=\"2a02f8a\" data-element_type=\"widget\" data-e-type=\"widget\" data-settings=\"{&quot;ekit_we_effect_on&quot;:&quot;none&quot;}\" data-widget_type=\"text-editor.default\">\n\t\t\t\t<div class=\"elementor-widget-container\">\n\t\t\t\t\t\t\t\t\t<p>En CAMPOAGRICOLA entendemos la Pol\u00edtica Medioambiental de la empresa como el conjunto de directrices y objetivos generales que gu\u00edan la actuaci\u00f3n de la empresa en relaci\u00f3n con la conservaci\u00f3n y preservaci\u00f3n del Medio Ambiente. Para ello adoptamos los siguientes compromisos:<\/p>\t\t\t\t\t\t\t\t<\/div>\n\t\t\t\t<\/div>\n\t\t\t\t\t<\/div>\n\t\t<\/div>\n\t\t\t\t\t<\/div>\n\t\t<\/section>\n\t\t\t\t<section class=\"elementor-section elementor-top-section elementor-element elementor-element-a91203b elementor-section-boxed elementor-section-height-default elementor-section-height-default\" data-id=\"a91203b\" data-element_type=\"section\" data-e-type=\"section\" data-settings=\"{&quot;_ha_eqh_enable&quot;:false,&quot;ekit_has_onepagescroll_dot&quot;:&quot;yes&quot;}\">\n\t\t\t\t\t\t<div class=\"elementor-container elementor-column-gap-default\">\n\t\t\t\t\t<div class=\"elementor-column elementor-col-50 elementor-top-column elementor-element elementor-element-bfcf8e7\" data-id=\"bfcf8e7\" data-element_type=\"column\" data-e-type=\"column\">\n\t\t\t<div class=\"elementor-widget-wrap elementor-element-populated\">\n\t\t\t\t\t\t<div class=\"elementor-element elementor-element-c015a06 elementor-widget elementor-widget-image\" data-id=\"c015a06\" data-element_type=\"widget\" data-e-type=\"widget\" data-settings=\"{&quot;ekit_we_effect_on&quot;:&quot;none&quot;}\" data-widget_type=\"image.default\">\n\t\t\t\t<div class=\"elementor-widget-container\">\n\t\t\t\t\t\t\t\t\t\t\t\t\t\t\t<img fetchpriority=\"high\" decoding=\"async\" width=\"554\" height=\"445\" src=\"https:\/\/campoagricola.es\/wp-content\/uploads\/2020\/06\/medioambiental.png\" class=\"attachment-large size-large wp-image-14992\" alt=\"\" srcset=\"https:\/\/campoagricola.es\/wp-content\/uploads\/2020\/06\/medioambiental.png 554w, https:\/\/campoagricola.es\/wp-content\/uploads\/2020\/06\/medioambiental-300x241.png 300w\" sizes=\"(max-width: 554px) 100vw, 554px\" \/>\t\t\t\t\t\t\t\t\t\t\t\t\t\t\t<\/div>\n\t\t\t\t<\/div>\n\t\t\t\t\t<\/div>\n\t\t<\/div>\n\t\t\t\t<div class=\"elementor-column elementor-col-50 elementor-top-column elementor-element elementor-element-4e5508b\" data-id=\"4e5508b\" data-element_type=\"column\" data-e-type=\"column\">\n\t\t\t<div class=\"elementor-widget-wrap elementor-element-populated\">\n\t\t\t\t\t\t<div class=\"elementor-element elementor-element-87eeb73 elementor-widget elementor-widget-text-editor\" data-id=\"87eeb73\" data-element_type=\"widget\" data-e-type=\"widget\" data-settings=\"{&quot;ekit_we_effect_on&quot;:&quot;none&quot;}\" data-widget_type=\"text-editor.default\">\n\t\t\t\t<div class=\"elementor-widget-container\">\n\t\t\t\t\t\t\t\t\t<ul style=\"text-align: justify;\">\n \t<li>Cumplir con todos los requisitos legales medioambientales.<\/li>\n \t<li>Mantener una mejora continua mediante el establecimiento de objetivos y metas y la evaluaci\u00f3n medioambiental sistem\u00e1tica y peri\u00f3dica.<\/li>\n \t<li>Proteger el medio ambiente y prevenir la contaminaci\u00f3n haciendo un uso racional de los recursos y gestionar adecuadamente los residuos y las emisiones atmosf\u00e9ricas que se generen.<\/li>\n \t<li>Incorporar las mejores t\u00e9cnicas disponibles en el dise\u00f1o de nuestros productos, persiguiendo el m\u00ednimo riesgo de impacto ambiental en todas las actividades del ciclo de vida del producto.<\/li>\n \t<li>Promover de forma constante actividades de prevenci\u00f3n de la contaminaci\u00f3n, y establecer objetivos de reducir progresivamente las emisiones y descargas de los materiales al medio ambiente, particularmente mediante la aplicaci\u00f3n de las mejores t\u00e9cnicas disponibles, cuando sea econ\u00f3mica y t\u00e9cnicamente viable.<\/li>\n \t<li>Alentar la atenci\u00f3n y formaci\u00f3n del personal a todos los niveles, promoviendo un mayor grado de sensibilidad, responsabilidad y concienciaci\u00f3n sobre la necesidad de proteger y preservar el entorno, mediante la formaci\u00f3n interna y externa.<\/li>\n \t<li>Mantener un canal de comunicaci\u00f3n medioambiental tanto interno como externo, con criterios de transparencia, estableciendo una relaci\u00f3n de cooperaci\u00f3n con las autoridades y un di\u00e1logo abierto con partes interesadas y p\u00fablico.<\/li>\n<\/ul>\n<p style=\"color: #333333; font-size: 18px; font-weight: 300; letter-spacing: normal; font-family: Heebo, sans-serif; text-align: justify;\"><span style=\"font-size: 1.1em;\">Campoagr\u00edcola, asegura que su pol\u00edtica medioambiental es entendida, implantada, mantenida al d\u00eda y comunicada a todas sus partes.<\/span><\/p>\t\t\t\t\t\t\t\t<\/div>\n\t\t\t\t<\/div>\n\t\t\t\t\t<\/div>\n\t\t<\/div>\n\t\t\t\t\t<\/div>\n\t\t<\/section>\n\t\t\t\t<\/div>\n\t\t","protected":false},"excerpt":{"rendered":"<p>Compromiso medioambiental En CAMPOAGRICOLA entendemos la Pol\u00edtica Medioambiental de la empresa como el conjunto de directrices y objetivos generales que gu\u00edan la actuaci\u00f3n de la empresa en relaci\u00f3n con la conservaci\u00f3n y preservaci\u00f3n del Medio Ambiente. Para ello adoptamos los siguientes compromisos: Cumplir con todos los requisitos legales medioambientales. Mantener una mejora continua mediante el [&hellip;]<\/p>\n","protected":false},"author":1,"featured_media":0,"parent":0,"menu_order":0,"comment_status":"closed","ping_status":"closed","template":"elementor_header_footer","meta":{"footnotes":""},"class_list":["post-14902","page","type-page","status-publish","hentry"],"_links":{"self":[{"href":"https:\/\/campoagricola.es\/index.php\/wp-json\/wp\/v2\/pages\/14902","targetHints":{"allow":["GET"]}}],"collection":[{"href":"https:\/\/campoagricola.es\/index.php\/wp-json\/wp\/v2\/pages"}],"about":[{"href":"https:\/\/campoagricola.es\/index.php\/wp-json\/wp\/v2\/types\/page"}],"author":[{"embeddable":true,"href":"https:\/\/campoagricola.es\/index.php\/wp-json\/wp\/v2\/users\/1"}],"replies":[{"embeddable":true,"href":"https:\/\/campoagricola.es\/index.php\/wp-json\/wp\/v2\/comments?post=14902"}],"version-history":[{"count":69,"href":"https:\/\/campoagricola.es\/index.php\/wp-json\/wp\/v2\/pages\/14902\/revisions"}],"predecessor-version":[{"id":37663,"href":"https:\/\/campoagricola.es\/index.php\/wp-json\/wp\/v2\/pages\/14902\/revisions\/37663"}],"wp:attachment":[{"href":"https:\/\/campoagricola.es\/index.php\/wp-json\/wp\/v2\/media?parent=14902"}],"curies":[{"name":"wp","href":"https:\/\/api.w.org\/{rel}","templated":true}]}}