{"id":22795,"date":"2024-02-16T11:25:23","date_gmt":"2024-02-16T11:25:23","guid":{"rendered":"https:\/\/campoagricola.es\/?page_id=22795"},"modified":"2024-02-12T12:49:41","modified_gmt":"2024-02-12T12:49:41","slug":"engagement_environnemental","status":"publish","type":"page","link":"https:\/\/campoagricola.es\/index.php\/engagement_environnemental\/","title":{"rendered":"Engagement_environnemental"},"content":{"rendered":"\t\t<div data-elementor-type=\"wp-page\" data-elementor-id=\"22795\" class=\"elementor elementor-22795\" data-elementor-settings=\"{&quot;ha_cmc_init_switcher&quot;:&quot;no&quot;}\">\n\t\t\t\t\t\t<section class=\"elementor-section elementor-top-section elementor-element elementor-element-24c07ac6 elementor-section-height-min-height elementor-section-boxed elementor-section-height-default elementor-section-items-middle\" data-id=\"24c07ac6\" data-element_type=\"section\" data-e-type=\"section\" data-settings=\"{&quot;background_background&quot;:&quot;classic&quot;,&quot;_ha_eqh_enable&quot;:false}\">\n\t\t\t\t\t\t\t<div class=\"elementor-background-overlay\"><\/div>\n\t\t\t\t\t\t\t<div class=\"elementor-container elementor-column-gap-wider\">\n\t\t\t\t\t<div class=\"elementor-column elementor-col-100 elementor-top-column elementor-element elementor-element-22cb6525\" data-id=\"22cb6525\" data-element_type=\"column\" data-e-type=\"column\">\n\t\t\t<div class=\"elementor-widget-wrap elementor-element-populated\">\n\t\t\t\t\t\t<div class=\"elementor-element elementor-element-23bb83a7 elementor-widget elementor-widget-heading\" data-id=\"23bb83a7\" data-element_type=\"widget\" data-e-type=\"widget\" data-widget_type=\"heading.default\">\n\t\t\t\t<div class=\"elementor-widget-container\">\n\t\t\t\t\t<h1 class=\"elementor-heading-title elementor-size-default\">Engagement environnemental <\/h1>\t\t\t\t<\/div>\n\t\t\t\t<\/div>\n\t\t\t\t\t<\/div>\n\t\t<\/div>\n\t\t\t\t\t<\/div>\n\t\t<\/section>\n\t\t\t\t<section class=\"elementor-section elementor-top-section elementor-element elementor-element-7799e74 elementor-section-boxed elementor-section-height-default elementor-section-height-default\" data-id=\"7799e74\" data-element_type=\"section\" data-e-type=\"section\" data-settings=\"{&quot;_ha_eqh_enable&quot;:false}\">\n\t\t\t\t\t\t<div class=\"elementor-container elementor-column-gap-default\">\n\t\t\t\t\t<div class=\"elementor-column elementor-col-100 elementor-top-column elementor-element elementor-element-38606c3\" data-id=\"38606c3\" data-element_type=\"column\" data-e-type=\"column\">\n\t\t\t<div class=\"elementor-widget-wrap elementor-element-populated\">\n\t\t\t\t\t\t<div class=\"elementor-element elementor-element-ce24750 elementor-widget elementor-widget-text-editor\" data-id=\"ce24750\" data-element_type=\"widget\" data-e-type=\"widget\" data-widget_type=\"text-editor.default\">\n\t\t\t\t<div class=\"elementor-widget-container\">\n\t\t\t\t\t\t\t\t\t<p>Chez CAMPOAGRICOLA, nous entendons la politique environnementale de l\u2019entreprise comme l\u2019ensemble des lignes directrices et des objectifs g\u00e9n\u00e9raux qui guident l\u2019action de l\u2019entreprise en mati\u00e8re de conservation et de pr\u00e9servation de l\u2019environnement. Pour ce faire, nous prenons les engagements suivants:<\/p>\t\t\t\t\t\t\t\t<\/div>\n\t\t\t\t<\/div>\n\t\t\t\t\t<\/div>\n\t\t<\/div>\n\t\t\t\t\t<\/div>\n\t\t<\/section>\n\t\t\t\t<section class=\"elementor-section elementor-top-section elementor-element elementor-element-e1690ef elementor-section-boxed elementor-section-height-default elementor-section-height-default\" data-id=\"e1690ef\" data-element_type=\"section\" data-e-type=\"section\" data-settings=\"{&quot;_ha_eqh_enable&quot;:false}\">\n\t\t\t\t\t\t<div class=\"elementor-container elementor-column-gap-default\">\n\t\t\t\t\t<div class=\"elementor-column elementor-col-50 elementor-top-column elementor-element elementor-element-2662852\" data-id=\"2662852\" data-element_type=\"column\" data-e-type=\"column\">\n\t\t\t<div class=\"elementor-widget-wrap elementor-element-populated\">\n\t\t\t\t\t\t<div class=\"elementor-element elementor-element-f5a7486 elementor-widget elementor-widget-image\" data-id=\"f5a7486\" data-element_type=\"widget\" data-e-type=\"widget\" data-widget_type=\"image.default\">\n\t\t\t\t<div class=\"elementor-widget-container\">\n\t\t\t\t\t\t\t\t\t\t\t\t\t\t\t<img fetchpriority=\"high\" decoding=\"async\" width=\"554\" height=\"445\" src=\"https:\/\/campoagricola.es\/wp-content\/uploads\/2020\/06\/medioambiental.png\" class=\"attachment-large size-large wp-image-14992\" alt=\"\" srcset=\"https:\/\/campoagricola.es\/wp-content\/uploads\/2020\/06\/medioambiental.png 554w, https:\/\/campoagricola.es\/wp-content\/uploads\/2020\/06\/medioambiental-300x241.png 300w\" sizes=\"(max-width: 554px) 100vw, 554px\" \/>\t\t\t\t\t\t\t\t\t\t\t\t\t\t\t<\/div>\n\t\t\t\t<\/div>\n\t\t\t\t\t<\/div>\n\t\t<\/div>\n\t\t\t\t<div class=\"elementor-column elementor-col-50 elementor-top-column elementor-element elementor-element-95e3468\" data-id=\"95e3468\" data-element_type=\"column\" data-e-type=\"column\">\n\t\t\t<div class=\"elementor-widget-wrap elementor-element-populated\">\n\t\t\t\t\t\t<div class=\"elementor-element elementor-element-a0e82f8 elementor-widget elementor-widget-text-editor\" data-id=\"a0e82f8\" data-element_type=\"widget\" data-e-type=\"widget\" data-widget_type=\"text-editor.default\">\n\t\t\t\t<div class=\"elementor-widget-container\">\n\t\t\t\t\t\t\t\t\t<ul style=\"text-align: justify;\"><li>Respecter toutes les exigences environnementales l\u00e9gales.<\/li><li>Maintenir une am\u00e9lioration continue en fixant des objectifs et en proc\u00e9dant \u00e0 des \u00e9valuations environnementales syst\u00e9matiques et r\u00e9guli\u00e8res.<\/li><li>Prot\u00e9ger l\u2019environnement et pr\u00e9venir la pollution gr\u00e2ce \u00e0 une utilisation rationnelle des ressources et \u00e0 une gestion ad\u00e9quate des d\u00e9chets et des \u00e9missions atmosph\u00e9riques.<\/li><li>Int\u00e9grer les meilleures techniques disponibles dans la conception de nos produits, en recherchant le risque minimal d\u2019impact environnemental dans toutes les activit\u00e9s du cycle de vie du produit.<\/li><li>Promouvoir constamment des activit\u00e9s de pr\u00e9vention de la pollution, et \u00e9tablir des objectifs pour r\u00e9duire progressivement les \u00e9missions et les rejets des mat\u00e9riaux dans l&#8217;Environnement en appliquant notamment les meilleures techniques disponibles chaque fois que cela sera \u00e9conomiquement et techniquement possible.<\/li><li>Encourager la prise en charge et la formation du personnel \u00e0 tous les niveaux, en favorisant une plus grande sensibilit\u00e9, une plus grande responsabilit\u00e9 et une plus grande sensibilisation \u00e0 la n\u00e9cessit\u00e9 de prot\u00e9ger et de pr\u00e9server l\u2019environnement, gr\u00e2ce \u00e0 une formation interne et externe.<\/li><li>Maintenir un canal de communication environnementale interne et externe, avec des crit\u00e8res de transparence, en \u00e9tablissant une relation de coop\u00e9ration avec les autorit\u00e9s et un dialogue ouvert avec les parties prenantes et le public.<\/li><\/ul><p>Campoagr\u00edcola assure que sa politique environnementale est comprise, appliqu\u00e9e, mise \u00e0 jour et communiqu\u00e9e \u00e0 toutes ses parties.<\/p>\t\t\t\t\t\t\t\t<\/div>\n\t\t\t\t<\/div>\n\t\t\t\t\t<\/div>\n\t\t<\/div>\n\t\t\t\t\t<\/div>\n\t\t<\/section>\n\t\t\t\t<\/div>\n\t\t","protected":false},"excerpt":{"rendered":"<p>Engagement environnemental Chez CAMPOAGRICOLA, nous entendons la politique environnementale de l\u2019entreprise comme l\u2019ensemble des lignes directrices et des objectifs g\u00e9n\u00e9raux qui guident l\u2019action de l\u2019entreprise en mati\u00e8re de conservation et de pr\u00e9servation de l\u2019environnement. Pour ce faire, nous prenons les engagements suivants: Respecter toutes les exigences environnementales l\u00e9gales. Maintenir une am\u00e9lioration continue en fixant des [&hellip;]<\/p>\n","protected":false},"author":1,"featured_media":0,"parent":0,"menu_order":0,"comment_status":"closed","ping_status":"closed","template":"elementor_header_footer","meta":{"footnotes":""},"class_list":["post-22795","page","type-page","status-publish","hentry"],"_links":{"self":[{"href":"https:\/\/campoagricola.es\/index.php\/wp-json\/wp\/v2\/pages\/22795","targetHints":{"allow":["GET"]}}],"collection":[{"href":"https:\/\/campoagricola.es\/index.php\/wp-json\/wp\/v2\/pages"}],"about":[{"href":"https:\/\/campoagricola.es\/index.php\/wp-json\/wp\/v2\/types\/page"}],"author":[{"embeddable":true,"href":"https:\/\/campoagricola.es\/index.php\/wp-json\/wp\/v2\/users\/1"}],"replies":[{"embeddable":true,"href":"https:\/\/campoagricola.es\/index.php\/wp-json\/wp\/v2\/comments?post=22795"}],"version-history":[{"count":28,"href":"https:\/\/campoagricola.es\/index.php\/wp-json\/wp\/v2\/pages\/22795\/revisions"}],"predecessor-version":[{"id":43157,"href":"https:\/\/campoagricola.es\/index.php\/wp-json\/wp\/v2\/pages\/22795\/revisions\/43157"}],"wp:attachment":[{"href":"https:\/\/campoagricola.es\/index.php\/wp-json\/wp\/v2\/media?parent=22795"}],"curies":[{"name":"wp","href":"https:\/\/api.w.org\/{rel}","templated":true}]}}