{"id":23458,"date":"2023-04-04T11:26:45","date_gmt":"2023-04-04T11:26:45","guid":{"rendered":"https:\/\/campoagricola.es\/?page_id=23458"},"modified":"2024-03-22T11:56:03","modified_gmt":"2024-03-22T11:56:03","slug":"etriers-en-u","status":"publish","type":"page","link":"https:\/\/campoagricola.es\/index.php\/etriers-en-u\/","title":{"rendered":"Etriers en U"},"content":{"rendered":"\t\t<div data-elementor-type=\"wp-page\" data-elementor-id=\"23458\" class=\"elementor elementor-23458\" data-elementor-settings=\"{&quot;ha_cmc_init_switcher&quot;:&quot;no&quot;}\">\n\t\t\t\t\t\t<section class=\"elementor-section elementor-top-section elementor-element elementor-element-455ac79f elementor-section-height-min-height elementor-section-boxed elementor-section-height-default elementor-section-items-middle\" data-id=\"455ac79f\" data-element_type=\"section\" data-e-type=\"section\" data-settings=\"{&quot;background_background&quot;:&quot;classic&quot;,&quot;_ha_eqh_enable&quot;:false}\">\n\t\t\t\t\t\t\t<div class=\"elementor-background-overlay\"><\/div>\n\t\t\t\t\t\t\t<div class=\"elementor-container elementor-column-gap-wider\">\n\t\t\t\t\t<div class=\"elementor-column elementor-col-100 elementor-top-column elementor-element elementor-element-999be07\" data-id=\"999be07\" data-element_type=\"column\" data-e-type=\"column\">\n\t\t\t<div class=\"elementor-widget-wrap elementor-element-populated\">\n\t\t\t\t\t\t<div class=\"elementor-element elementor-element-38ff3aad elementor-widget elementor-widget-heading\" data-id=\"38ff3aad\" data-element_type=\"widget\" data-e-type=\"widget\" data-widget_type=\"heading.default\">\n\t\t\t\t<div class=\"elementor-widget-container\">\n\t\t\t\t\t<h1 class=\"elementor-heading-title elementor-size-default\">Etriers en U<\/h1>\t\t\t\t<\/div>\n\t\t\t\t<\/div>\n\t\t\t\t\t<\/div>\n\t\t<\/div>\n\t\t\t\t\t<\/div>\n\t\t<\/section>\n\t\t\t\t<section class=\"elementor-section elementor-top-section elementor-element elementor-element-7631dac elementor-section-boxed elementor-section-height-default elementor-section-height-default\" data-id=\"7631dac\" data-element_type=\"section\" data-e-type=\"section\" data-settings=\"{&quot;_ha_eqh_enable&quot;:false}\">\n\t\t\t\t\t\t<div class=\"elementor-container elementor-column-gap-default\">\n\t\t\t\t\t<div class=\"elementor-column elementor-col-50 elementor-top-column elementor-element elementor-element-a6cbb0f\" data-id=\"a6cbb0f\" data-element_type=\"column\" data-e-type=\"column\">\n\t\t\t<div class=\"elementor-widget-wrap elementor-element-populated\">\n\t\t\t\t\t\t<div class=\"elementor-element elementor-element-632ee96 ha-has-bg-overlay elementor-widget elementor-widget-text-editor\" data-id=\"632ee96\" data-element_type=\"widget\" data-e-type=\"widget\" data-widget_type=\"text-editor.default\">\n\t\t\t\t<div class=\"elementor-widget-container\">\n\t\t\t\t\t\t\t\t\t<p>*Mod\u00e8le utilis\u00e9 sur charrue d\u00e9chaumeuse Campoagr\u00edcola<\/p>\t\t\t\t\t\t\t\t<\/div>\n\t\t\t\t<\/div>\n\t\t\t\t<div class=\"elementor-element elementor-element-2130d1c elementor-widget elementor-widget-image\" data-id=\"2130d1c\" data-element_type=\"widget\" data-e-type=\"widget\" data-widget_type=\"image.default\">\n\t\t\t\t<div class=\"elementor-widget-container\">\n\t\t\t\t\t\t\t\t\t\t\t\t\t\t\t<img fetchpriority=\"high\" decoding=\"async\" width=\"360\" height=\"360\" src=\"https:\/\/campoagricola.es\/wp-content\/uploads\/2019\/07\/p-abarcones.jpg\" class=\"attachment-large size-large wp-image-11937\" alt=\"\" srcset=\"https:\/\/campoagricola.es\/wp-content\/uploads\/2019\/07\/p-abarcones.jpg 360w, https:\/\/campoagricola.es\/wp-content\/uploads\/2019\/07\/p-abarcones-150x150.jpg 150w, https:\/\/campoagricola.es\/wp-content\/uploads\/2019\/07\/p-abarcones-300x300.jpg 300w\" sizes=\"(max-width: 360px) 100vw, 360px\" \/>\t\t\t\t\t\t\t\t\t\t\t\t\t\t\t<\/div>\n\t\t\t\t<\/div>\n\t\t\t\t\t<\/div>\n\t\t<\/div>\n\t\t\t\t<div class=\"elementor-column elementor-col-50 elementor-top-column elementor-element elementor-element-7a49287\" data-id=\"7a49287\" data-element_type=\"column\" data-e-type=\"column\">\n\t\t\t<div class=\"elementor-widget-wrap elementor-element-populated\">\n\t\t\t\t\t\t<div class=\"elementor-element elementor-element-0a48aca elementor-widget elementor-widget-Table\" data-id=\"0a48aca\" data-element_type=\"widget\" data-e-type=\"widget\" data-widget_type=\"Table.default\">\n\t\t\t\t<div class=\"elementor-widget-container\">\n\t\t\t\t\t\t\t<table class=\"tafe-table \">\n\t\t\t<thead  class=\"tafe-table-header\">\n\t\t\t\t<tr>\n\t\t\t\t\t<th class=\"elementor-inline-editing elementor-repeater-item-a9d6ce6\"   >Cod. Num.<\/th><th class=\"elementor-inline-editing elementor-repeater-item-abf901a\"   >Code<\/th><th class=\"elementor-inline-editing elementor-repeater-item-5fff6f3\"   >Mod\u00e8le<\/th><th class=\"elementor-inline-editing elementor-repeater-item-4e0d877\"   >Poids<\/th>\t\t\t\t<\/tr>\n\t\t\t<\/thead>\n\t\t\t\t\t\t<tbody class=\"tafe-table-body\">\n\t\t\t\t<tr>\n\t\t\t\t\t<td data-label=\"Cod. Num.\"   class=\"elementor-repeater-item-cb70a80 td-content-type-default\" >2400700<\/td><td data-label=\"Code\"   class=\"elementor-repeater-item-304c073 td-content-type-default\" >OA1250055<\/td><td data-label=\"Mod\u00e8le\"   class=\"elementor-repeater-item-f40e839 td-content-type-default\" >M.12 x 50 x 55 Zn\t<\/td><td data-label=\"Poids\"   class=\"elementor-repeater-item-c3098e9 td-content-type-default\" >0,12<\/td><\/tr><tr><td data-label=\"Cod. Num.\"   class=\"elementor-repeater-item-170a737 td-content-type-default\" >2400500<\/td><td data-label=\"Code\"   class=\"elementor-repeater-item-e621a57 td-content-type-default\" >OA1250100<\/td><td data-label=\"Mod\u00e8le\"   class=\"elementor-repeater-item-4d784eb td-content-type-default\" >M.12 x 50 x 100 Zn\t<\/td><td data-label=\"Poids\"   class=\"elementor-repeater-item-4be192d td-content-type-default\" >0,19\n<\/td><\/tr><tr><td data-label=\"Cod. Num.\"   class=\"elementor-repeater-item-7186ad7 td-content-type-default\" >2401300\t<\/td><td data-label=\"Code\"   class=\"elementor-repeater-item-38deeaa td-content-type-default\" >OA1260070<\/td><td data-label=\"Mod\u00e8le\"   class=\"elementor-repeater-item-f01881f td-content-type-default\" >M.12 x 60 x 70 Zn (SOL\u00c1)\t<\/td><td data-label=\"Poids\"   class=\"elementor-repeater-item-9cddb4a td-content-type-default\" >0,18\n<\/td><\/tr><tr><td data-label=\"Cod. Num.\"   class=\"elementor-repeater-item-9569aa8 td-content-type-default\" >2401400<\/td><td data-label=\"Code\"   class=\"elementor-repeater-item-5f4999a td-content-type-default\" >OA1260090<\/td><td data-label=\"Mod\u00e8le\"   class=\"elementor-repeater-item-8cd162b td-content-type-default\" >M.12 x 60 x 90 Zn (SOL\u00c1)\t<\/td><td data-label=\"Poids\"   class=\"elementor-repeater-item-0187151 td-content-type-default\" >0,21\n<\/td><\/tr><tr><td data-label=\"Cod. Num.\"   class=\"elementor-repeater-item-d54acdd td-content-type-default\" >2401200\t<\/td><td data-label=\"Code\"   class=\"elementor-repeater-item-5e1a02f td-content-type-default\" >OA1260105\t<\/td><td data-label=\"Mod\u00e8le\"   class=\"elementor-repeater-item-66c7544 td-content-type-default\" >M.12 x 60 x 105 Zn\t<\/td><td data-label=\"Poids\"   class=\"elementor-repeater-item-459d292 td-content-type-default\" >0,20\n<\/td><\/tr><tr><td data-label=\"Cod. Num.\"   class=\"elementor-repeater-item-01d9879 td-content-type-default\" >2401600<\/td><td data-label=\"Code\"   class=\"elementor-repeater-item-d13fec7 td-content-type-default\" >OA1280110<\/td><td data-label=\"Mod\u00e8le\"   class=\"elementor-repeater-item-1b893a1 td-content-type-default\" >M.12 x 80 x 110 Zn\t<\/td><td data-label=\"Poids\"   class=\"elementor-repeater-item-f27ea94 td-content-type-default\" >0,22<\/td><\/tr><tr><td data-label=\"Cod. Num.\"   class=\"elementor-repeater-item-e4325bc td-content-type-default\" >2402050\t<\/td><td data-label=\"Code\"   class=\"elementor-repeater-item-2a685a1 td-content-type-default\" >OA1442065<\/td><td data-label=\"Mod\u00e8le\"   class=\"elementor-repeater-item-c121297 td-content-type-default\" >M.14 x 42 x 65 Zn  8.8 Noir<\/td><td data-label=\"Poids\"   class=\"elementor-repeater-item-e7a0a31 td-content-type-default\" >0,18<\/td><\/tr><tr><td data-label=\"Cod. Num.\"   class=\"elementor-repeater-item-9cbbc62 td-content-type-default\" >2402350<\/td><td data-label=\"Code\"   class=\"elementor-repeater-item-f31b402 td-content-type-default\" >OA1450065<\/td><td data-label=\"Mod\u00e8le\"   class=\"elementor-repeater-item-7a4c160 td-content-type-default\" >M.14 x 50 x 68 Zn  8.8 Noir<\/td><td data-label=\"Poids\"   class=\"elementor-repeater-item-9d22262 td-content-type-default\" >0,19<\/td><\/tr><tr><td data-label=\"Cod. Num.\"   class=\"elementor-repeater-item-e03a1df td-content-type-default\" >2402550<\/td><td data-label=\"Code\"   class=\"elementor-repeater-item-6fa1cea td-content-type-default\" >OA1450075<\/td><td data-label=\"Mod\u00e8le\"   class=\"elementor-repeater-item-74c325e td-content-type-default\" >M.14 x 50 x 75 Zn  8.8 Noir<\/td><td data-label=\"Poids\"   class=\"elementor-repeater-item-4bea167 td-content-type-default\" >0,20<\/td><\/tr><tr><td data-label=\"Cod. Num.\"   class=\"elementor-repeater-item-ca6cab7 td-content-type-default\" >2402100<\/td><td data-label=\"Code\"   class=\"elementor-repeater-item-bb3cde3 td-content-type-default\" >OA1450100<\/td><td data-label=\"Mod\u00e8le\"   class=\"elementor-repeater-item-cc2e783 td-content-type-default\" >M.14 x 50 x 100 Zn\t<\/td><td data-label=\"Poids\"   class=\"elementor-repeater-item-69fffba td-content-type-default\" >0,26<\/td><\/tr><tr><td data-label=\"Cod. Num.\"   class=\"elementor-repeater-item-bd77616 td-content-type-default\" >2402800<\/td><td data-label=\"Code\"   class=\"elementor-repeater-item-07691c6 td-content-type-default\" >OA1460110<\/td><td data-label=\"Mod\u00e8le\"   class=\"elementor-repeater-item-0ff4719 td-content-type-default\" >M.14 x 60 x 110 Zn\t<\/td><td data-label=\"Poids\"   class=\"elementor-repeater-item-39e203d td-content-type-default\" >0,27<\/td><\/tr><tr><td data-label=\"Cod. Num.\"   class=\"elementor-repeater-item-fbb6e0a td-content-type-default\" >2403000<\/td><td data-label=\"Code\"   class=\"elementor-repeater-item-2964d38 td-content-type-default\" >OA1460120<\/td><td data-label=\"Mod\u00e8le\"   class=\"elementor-repeater-item-874a187 td-content-type-default\" >M.14 x 60 x 120 Zn\t<\/td><td data-label=\"Poids\"   class=\"elementor-repeater-item-6d5099a td-content-type-default\" >0,31<\/td><\/tr><tr><td data-label=\"Cod. Num.\"   class=\"elementor-repeater-item-d50fa5d td-content-type-default\" >2403300<\/td><td data-label=\"Code\"   class=\"elementor-repeater-item-681bc20 td-content-type-default\" >OA1470125<\/td><td data-label=\"Mod\u00e8le\"   class=\"elementor-repeater-item-5564639 td-content-type-default\" >M.14 x 70 x 125 Zn\t<\/td><td data-label=\"Poids\"   class=\"elementor-repeater-item-3b4780f td-content-type-default\" >0,32<\/td><\/tr><tr><td data-label=\"Cod. Num.\"   class=\"elementor-repeater-item-a5d1577 td-content-type-default\" >2403500<\/td><td data-label=\"Code\"   class=\"elementor-repeater-item-e316cf9 td-content-type-default\" >OA1480120<\/td><td data-label=\"Mod\u00e8le\"   class=\"elementor-repeater-item-fe6f158 td-content-type-default\" >M.14 x 80 x 120 Zn\t<\/td><td data-label=\"Poids\"   class=\"elementor-repeater-item-d0a9b70 td-content-type-default\" >0,33<\/td><\/tr><tr><td data-label=\"Cod. Num.\"   class=\"elementor-repeater-item-ee3ffa3 td-content-type-default\" >2403700<\/td><td data-label=\"Code\"   class=\"elementor-repeater-item-bbfe4d2 td-content-type-default\" >OA1480140<\/td><td data-label=\"Mod\u00e8le\"   class=\"elementor-repeater-item-486c06b td-content-type-default\" >M.14 x 80 x 140 Zn\t<\/td><td data-label=\"Poids\"   class=\"elementor-repeater-item-630a33b td-content-type-default\" >0,36<\/td><\/tr><tr><td data-label=\"Cod. Num.\"   class=\"elementor-repeater-item-765c0cf td-content-type-default\" >2404700<\/td><td data-label=\"Code\"   class=\"elementor-repeater-item-c88f561 td-content-type-default\" >OA1648065<\/td><td data-label=\"Mod\u00e8le\"   class=\"elementor-repeater-item-c28f60f td-content-type-default\" >M.16 x 48 x 65 Zn\t<\/td><td data-label=\"Poids\"   class=\"elementor-repeater-item-062e792 td-content-type-default\" >0,26<\/td><\/tr><tr><td data-label=\"Cod. Num.\"   class=\"elementor-repeater-item-becb4a4 td-content-type-default\" >2404900<\/td><td data-label=\"Code\"   class=\"elementor-repeater-item-2bbc9b3 td-content-type-default\" >OA1660120<\/td><td data-label=\"Mod\u00e8le\"   class=\"elementor-repeater-item-b407b97 td-content-type-default\" >M.16 x 60 x 120 Zn\t<\/td><td data-label=\"Poids\"   class=\"elementor-repeater-item-03142e4 td-content-type-default\" >0,42<\/td><\/tr><tr><td data-label=\"Cod. Num.\"   class=\"elementor-repeater-item-0b9c15a td-content-type-default\" >2405100<\/td><td data-label=\"Code\"   class=\"elementor-repeater-item-2888ab4 td-content-type-default\" >OA1660140<\/td><td data-label=\"Mod\u00e8le\"   class=\"elementor-repeater-item-f5c5382 td-content-type-default\" >M.16 x 60 x 140 Zn\t<\/td><td data-label=\"Poids\"   class=\"elementor-repeater-item-7d00e5a td-content-type-default\" >0,47<\/td><\/tr><tr><td data-label=\"Cod. Num.\"   class=\"elementor-repeater-item-99c113f td-content-type-default\" >2405200<\/td><td data-label=\"Code\"   class=\"elementor-repeater-item-329ebe0 td-content-type-default\" >OA1660160<\/td><td data-label=\"Mod\u00e8le\"   class=\"elementor-repeater-item-5708e8b td-content-type-default\" >M.16 x 60 x 160 Zn\t<\/td><td data-label=\"Poids\"   class=\"elementor-repeater-item-64219b8 td-content-type-default\" >0,53<\/td><\/tr><tr><td data-label=\"Cod. Num.\"   class=\"elementor-repeater-item-6e239d6 td-content-type-default\" >2405300<\/td><td data-label=\"Code\"   class=\"elementor-repeater-item-cc7058d td-content-type-default\" >OA1660180<\/td><td data-label=\"Mod\u00e8le\"   class=\"elementor-repeater-item-11b0809 td-content-type-default\" >M.16 x 60 x 180 Zn\t<\/td><td data-label=\"Poids\"   class=\"elementor-repeater-item-b4ef3c4 td-content-type-default\" >0,57<\/td><\/tr><tr><td data-label=\"Cod. Num.\"   class=\"elementor-repeater-item-ea84e22 td-content-type-default\" >2405400<\/td><td data-label=\"Code\"   class=\"elementor-repeater-item-7976de7 td-content-type-default\" >OA1670125<\/td><td data-label=\"Mod\u00e8le\"   class=\"elementor-repeater-item-c83aa87 td-content-type-default\" >M.16 x 70 x 125 Zn\t<\/td><td data-label=\"Poids\"   class=\"elementor-repeater-item-df027db td-content-type-default\" >0,44<\/td><\/tr><tr><td data-label=\"Cod. Num.\"   class=\"elementor-repeater-item-2a010cd td-content-type-default\" >2405600<\/td><td data-label=\"Code\"   class=\"elementor-repeater-item-29866fd td-content-type-default\" >OA1670130<\/td><td data-label=\"Mod\u00e8le\"   class=\"elementor-repeater-item-6ae6c6b td-content-type-default\" >M.16 x 70 x 130 Zn\t<\/td><td data-label=\"Poids\"   class=\"elementor-repeater-item-aab781a td-content-type-default\" >0,46<\/td><\/tr><tr><td data-label=\"Cod. Num.\"   class=\"elementor-repeater-item-9cb9e92 td-content-type-default\" >2405800<\/td><td data-label=\"Code\"   class=\"elementor-repeater-item-e578ba3 td-content-type-default\" >OA1680110<\/td><td data-label=\"Mod\u00e8le\"   class=\"elementor-repeater-item-e8fe54f td-content-type-default\" >M.16 x 80 x 110 Zn\t<\/td><td data-label=\"Poids\"   class=\"elementor-repeater-item-127bf77 td-content-type-default\" >0,41<\/td><\/tr><tr><td data-label=\"Cod. Num.\"   class=\"elementor-repeater-item-85d2141 td-content-type-default\" >2406000<\/td><td data-label=\"Code\"   class=\"elementor-repeater-item-281fd9f td-content-type-default\" >OA1680120<\/td><td data-label=\"Mod\u00e8le\"   class=\"elementor-repeater-item-a6e28a3 td-content-type-default\" >M.16 x 80 x 120 Zn\t<\/td><td data-label=\"Poids\"   class=\"elementor-repeater-item-74b45de td-content-type-default\" >0,44<\/td><\/tr><tr><td data-label=\"Cod. Num.\"   class=\"elementor-repeater-item-cf68b80 td-content-type-default\" >2406300<\/td><td data-label=\"Code\"   class=\"elementor-repeater-item-852ff12 td-content-type-default\" >OA1680135<\/td><td data-label=\"Mod\u00e8le\"   class=\"elementor-repeater-item-0bfe3dd td-content-type-default\" >M.16 x 80 x 135 Zn\t<\/td><td data-label=\"Poids\"   class=\"elementor-repeater-item-18a3d29 td-content-type-default\" >0,49<\/td><\/tr><tr><td data-label=\"Cod. Num.\"   class=\"elementor-repeater-item-f843c51 td-content-type-default\" >2406700<\/td><td data-label=\"Code\"   class=\"elementor-repeater-item-a88f8f3 td-content-type-default\" >OA1680160<\/td><td data-label=\"Mod\u00e8le\"   class=\"elementor-repeater-item-dc771f0 td-content-type-default\" >M.16 x 80 x 160 Zn\t<\/td><td data-label=\"Poids\"   class=\"elementor-repeater-item-eb78332 td-content-type-default\" >0,55\n<\/td><\/tr><tr><td data-label=\"Cod. Num.\"   class=\"elementor-repeater-item-b3d77e4 td-content-type-default\" >2406800<\/td><td data-label=\"Code\"   class=\"elementor-repeater-item-cb73b3f td-content-type-default\" >OA1680180<\/td><td data-label=\"Mod\u00e8le\"   class=\"elementor-repeater-item-5e137c5 td-content-type-default\" >M.16 x 80 x 180 Zn\t<\/td><td data-label=\"Poids\"   class=\"elementor-repeater-item-69fb70b td-content-type-default\" >0,60<\/td><\/tr><tr><td data-label=\"Cod. Num.\"   class=\"elementor-repeater-item-185d54f td-content-type-default\" >2407000<\/td><td data-label=\"Code\"   class=\"elementor-repeater-item-2f49142 td-content-type-default\" >OA1685140<\/td><td data-label=\"Mod\u00e8le\"   class=\"elementor-repeater-item-4dcbb4f td-content-type-default\" >M.16 x 85 x 140 Zn\t<\/td><td data-label=\"Poids\"   class=\"elementor-repeater-item-711b2d1 td-content-type-default\" >0,49\n<\/td><\/tr><tr><td data-label=\"Cod. Num.\"   class=\"elementor-repeater-item-47a7902 td-content-type-default\" >2407400\t<\/td><td data-label=\"Code\"   class=\"elementor-repeater-item-bc93d17 td-content-type-default\" >OA1688125<\/td><td data-label=\"Mod\u00e8le\"   class=\"elementor-repeater-item-e9c1d1d td-content-type-default\" >M.16 x 88 x 125 Zn\t<\/td><td data-label=\"Poids\"   class=\"elementor-repeater-item-eac72c9 td-content-type-default\" >0,45<\/td><\/tr><tr><td data-label=\"Cod. Num.\"   class=\"elementor-repeater-item-e83cda7 td-content-type-default\" >2403800<\/td><td data-label=\"Code\"   class=\"elementor-repeater-item-49af69a td-content-type-default\" >OA1610012<\/td><td data-label=\"Mod\u00e8le\"   class=\"elementor-repeater-item-9e6abff td-content-type-default\" >M.16 x 100 x 120 Zn\t<\/td><td data-label=\"Poids\"   class=\"elementor-repeater-item-02c5228 td-content-type-default\" >0,47<\/td><\/tr><tr><td data-label=\"Cod. Num.\"   class=\"elementor-repeater-item-612f34a td-content-type-default\" >2404000<\/td><td data-label=\"Code\"   class=\"elementor-repeater-item-227ec0f td-content-type-default\" >OA1610014<\/td><td data-label=\"Mod\u00e8le\"   class=\"elementor-repeater-item-1793927 td-content-type-default\" >M.16 x 100 x 140 Zn\t<\/td><td data-label=\"Poids\"   class=\"elementor-repeater-item-4f0fe8d td-content-type-default\" >0,52<\/td><\/tr><tr><td data-label=\"Cod. Num.\"   class=\"elementor-repeater-item-6586015 td-content-type-default\" >2404200<\/td><td data-label=\"Code\"   class=\"elementor-repeater-item-873a830 td-content-type-default\" >OA1610016<\/td><td data-label=\"Mod\u00e8le\"   class=\"elementor-repeater-item-81b4a79 td-content-type-default\" >M.16 x 100 x 160 Zn\t<\/td><td data-label=\"Poids\"   class=\"elementor-repeater-item-ebd987a td-content-type-default\" >0,57\n<\/td><\/tr><tr><td data-label=\"Cod. Num.\"   class=\"elementor-repeater-item-68eb3ba td-content-type-default\" >2404400<\/td><td data-label=\"Code\"   class=\"elementor-repeater-item-2650357 td-content-type-default\" >OA1616158<\/td><td data-label=\"Mod\u00e8le\"   class=\"elementor-repeater-item-9da07c4 td-content-type-default\" >M.16 x 106 x 158 Zn\t<\/td><td data-label=\"Poids\"   class=\"elementor-repeater-item-065260b td-content-type-default\" >0,59<\/td><\/tr><tr><td data-label=\"Cod. Num.\"   class=\"elementor-repeater-item-bfa63d0 td-content-type-default\" >2407800<\/td><td data-label=\"Code\"   class=\"elementor-repeater-item-e55c6dd td-content-type-default\" >OA1880120<\/td><td data-label=\"Mod\u00e8le\"   class=\"elementor-repeater-item-b5109d3 td-content-type-default\" >M.18 x 80 x 120 Zn\t<\/td><td data-label=\"Poids\"   class=\"elementor-repeater-item-b55e726 td-content-type-default\" >0,55\n<\/td><\/tr><tr><td data-label=\"Cod. Num.\"   class=\"elementor-repeater-item-99f4552 td-content-type-default\" >2408000<\/td><td data-label=\"Code\"   class=\"elementor-repeater-item-197df8a td-content-type-default\" >OA1880140<\/td><td data-label=\"Mod\u00e8le\"   class=\"elementor-repeater-item-1512984 td-content-type-default\" >M.18 x 80 x 140 Zn\t<\/td><td data-label=\"Poids\"   class=\"elementor-repeater-item-5bb598e td-content-type-default\" >0,62\n<\/td><\/tr><tr><td data-label=\"Cod. Num.\"   class=\"elementor-repeater-item-6b633e1 td-content-type-default\" >2408200<\/td><td data-label=\"Code\"   class=\"elementor-repeater-item-43b726f td-content-type-default\" >OA1880160<\/td><td data-label=\"Mod\u00e8le\"   class=\"elementor-repeater-item-25080a3 td-content-type-default\" >M.18 x 80 x 160 Zn\t<\/td><td data-label=\"Poids\"   class=\"elementor-repeater-item-18e6c5e td-content-type-default\" >0,68<\/td><\/tr><tr><td data-label=\"Cod. Num.\"   class=\"elementor-repeater-item-23b4033 td-content-type-default\" >2408300<\/td><td data-label=\"Code\"   class=\"elementor-repeater-item-cdbf5dd td-content-type-default\" >OA1880180<\/td><td data-label=\"Mod\u00e8le\"   class=\"elementor-repeater-item-71c0fa5 td-content-type-default\" >M.18 x 80 x 180 Zn\t<\/td><td data-label=\"Poids\"   class=\"elementor-repeater-item-519e9b2 td-content-type-default\" >0,74\n<\/td><\/tr><tr><td data-label=\"Cod. Num.\"   class=\"elementor-repeater-item-0b49d1c td-content-type-default\" >2409200<\/td><td data-label=\"Code\"   class=\"elementor-repeater-item-cef8956 td-content-type-default\" >OA2080100<\/td><td data-label=\"Mod\u00e8le\"   class=\"elementor-repeater-item-2318272 td-content-type-default\" >M.20 x 80 x 100 Zn\t<\/td><td data-label=\"Poids\"   class=\"elementor-repeater-item-5d3902d td-content-type-default\" >0,62\n<\/td><\/tr><tr><td data-label=\"Cod. Num.\"   class=\"elementor-repeater-item-e919d49 td-content-type-default\" >2409400<\/td><td data-label=\"Code\"   class=\"elementor-repeater-item-d8e7956 td-content-type-default\" >OA2080120<\/td><td data-label=\"Mod\u00e8le\"   class=\"elementor-repeater-item-7bfe523 td-content-type-default\" >M.20 x 80 x 120 Zn\t<\/td><td data-label=\"Poids\"   class=\"elementor-repeater-item-16671c6 td-content-type-default\" >0,70<\/td><\/tr><tr><td data-label=\"Cod. Num.\"   class=\"elementor-repeater-item-71bb9a9 td-content-type-default\" >2408400<\/td><td data-label=\"Code\"   class=\"elementor-repeater-item-533e37d td-content-type-default\" >OA2010014<\/td><td data-label=\"Mod\u00e8le\"   class=\"elementor-repeater-item-6ae151d td-content-type-default\" >M.20 x 100 x 140 Zn\t<\/td><td data-label=\"Poids\"   class=\"elementor-repeater-item-d0344f5 td-content-type-default\" >0,82<\/td><\/tr><tr><td data-label=\"Cod. Num.\"   class=\"elementor-repeater-item-56f6735 td-content-type-default\" >2409000<\/td><td data-label=\"Code\"   class=\"elementor-repeater-item-2dd28e8 td-content-type-default\" >OA2012165<\/td><td data-label=\"Mod\u00e8le\"   class=\"elementor-repeater-item-d13afe0 td-content-type-default\" >M.20 x 120 x 165 Zn\t<\/td><td data-label=\"Poids\"   class=\"elementor-repeater-item-bd31ae6 td-content-type-default\" >0,96<\/td><\/tr><tr><td data-label=\"Cod. Num.\"   class=\"elementor-repeater-item-6c71834 td-content-type-default\" >2409700<\/td><td data-label=\"Code\"   class=\"elementor-repeater-item-e030f35 td-content-type-default\" >OA2210014<\/td><td data-label=\"Mod\u00e8le\"   class=\"elementor-repeater-item-2841eb5 td-content-type-default\" >M.22 x 100 x 140 Zn\t<\/td><td data-label=\"Poids\"   class=\"elementor-repeater-item-6767239 td-content-type-default\" >1,00<\/td><\/tr><tr><td data-label=\"Cod. Num.\"   class=\"elementor-repeater-item-e691f67 td-content-type-default\" >5405000<\/td><td data-label=\"Code\"   class=\"elementor-repeater-item-4f6f4bd td-content-type-default\" >OA2E12000<\/td><td data-label=\"Mod\u00e8le\"   class=\"elementor-repeater-item-921701c td-content-type-default\" >M.12 x 63\/42 Noir (*)\t<\/td><td data-label=\"Poids\"   class=\"elementor-repeater-item-3004273 td-content-type-default\" >0,48<\/td>\t\t\t\t<\/tr>\n\t\t\t<\/tbody>\n\t\t<\/table>\n\t\t\n\t\t\t\t\t\t<\/div>\n\t\t\t\t<\/div>\n\t\t\t\t\t<\/div>\n\t\t<\/div>\n\t\t\t\t\t<\/div>\n\t\t<\/section>\n\t\t\t\t<\/div>\n\t\t","protected":false},"excerpt":{"rendered":"<p>Etriers en U *Mod\u00e8le utilis\u00e9 sur charrue d\u00e9chaumeuse Campoagr\u00edcola Cod. Num. Code Mod\u00e8le Poids 2400700 OA1250055 M.12 x 50 x 55 Zn 0,12 2400500 OA1250100 M.12 x 50 x 100 Zn 0,19 2401300 OA1260070 M.12 x 60 x 70 Zn (SOL\u00c1) 0,18 2401400 OA1260090 M.12 x 60 x 90 Zn (SOL\u00c1) 0,21 2401200 OA1260105 M.12 [&hellip;]<\/p>\n","protected":false},"author":1,"featured_media":0,"parent":0,"menu_order":0,"comment_status":"closed","ping_status":"closed","template":"elementor_header_footer","meta":{"footnotes":""},"class_list":["post-23458","page","type-page","status-publish","hentry"],"_links":{"self":[{"href":"https:\/\/campoagricola.es\/index.php\/wp-json\/wp\/v2\/pages\/23458","targetHints":{"allow":["GET"]}}],"collection":[{"href":"https:\/\/campoagricola.es\/index.php\/wp-json\/wp\/v2\/pages"}],"about":[{"href":"https:\/\/campoagricola.es\/index.php\/wp-json\/wp\/v2\/types\/page"}],"author":[{"embeddable":true,"href":"https:\/\/campoagricola.es\/index.php\/wp-json\/wp\/v2\/users\/1"}],"replies":[{"embeddable":true,"href":"https:\/\/campoagricola.es\/index.php\/wp-json\/wp\/v2\/comments?post=23458"}],"version-history":[{"count":40,"href":"https:\/\/campoagricola.es\/index.php\/wp-json\/wp\/v2\/pages\/23458\/revisions"}],"predecessor-version":[{"id":44890,"href":"https:\/\/campoagricola.es\/index.php\/wp-json\/wp\/v2\/pages\/23458\/revisions\/44890"}],"wp:attachment":[{"href":"https:\/\/campoagricola.es\/index.php\/wp-json\/wp\/v2\/media?parent=23458"}],"curies":[{"name":"wp","href":"https:\/\/api.w.org\/{rel}","templated":true}]}}