{"id":23830,"date":"2024-04-23T10:16:43","date_gmt":"2024-04-23T10:16:43","guid":{"rendered":"https:\/\/campoagricola.es\/?page_id=23830"},"modified":"2023-04-11T07:34:11","modified_gmt":"2023-04-11T07:34:11","slug":"disc-blades-for-disc-stubble-cultivators","status":"publish","type":"page","link":"https:\/\/campoagricola.es\/index.php\/disc-blades-for-disc-stubble-cultivators\/","title":{"rendered":"Disc blades for disc stubble cultivators"},"content":{"rendered":"\t\t<div data-elementor-type=\"wp-page\" data-elementor-id=\"23830\" class=\"elementor elementor-23830\" data-elementor-settings=\"{&quot;ha_cmc_init_switcher&quot;:&quot;no&quot;}\">\n\t\t\t\t\t\t<section class=\"elementor-section elementor-top-section elementor-element elementor-element-6fc031d elementor-section-height-min-height elementor-section-boxed elementor-section-height-default elementor-section-items-middle\" data-id=\"6fc031d\" data-element_type=\"section\" data-e-type=\"section\" data-settings=\"{&quot;background_background&quot;:&quot;classic&quot;,&quot;_ha_eqh_enable&quot;:false,&quot;ekit_has_onepagescroll_dot&quot;:&quot;yes&quot;}\">\n\t\t\t\t\t\t\t<div class=\"elementor-background-overlay\"><\/div>\n\t\t\t\t\t\t\t<div class=\"elementor-container elementor-column-gap-wider\">\n\t\t\t\t\t<div class=\"elementor-column elementor-col-100 elementor-top-column elementor-element elementor-element-5ec6ee4\" data-id=\"5ec6ee4\" data-element_type=\"column\" data-e-type=\"column\">\n\t\t\t<div class=\"elementor-widget-wrap elementor-element-populated\">\n\t\t\t\t\t\t<div class=\"elementor-element elementor-element-fd55ebd elementor-widget elementor-widget-heading\" data-id=\"fd55ebd\" data-element_type=\"widget\" data-e-type=\"widget\" data-settings=\"{&quot;ekit_we_effect_on&quot;:&quot;none&quot;}\" data-widget_type=\"heading.default\">\n\t\t\t\t<div class=\"elementor-widget-container\">\n\t\t\t\t\t<h1 class=\"elementor-heading-title elementor-size-default\">Disc blades for disc stubble cultivators<\/h1>\t\t\t\t<\/div>\n\t\t\t\t<\/div>\n\t\t\t\t\t<\/div>\n\t\t<\/div>\n\t\t\t\t\t<\/div>\n\t\t<\/section>\n\t\t\t\t<section class=\"elementor-section elementor-top-section elementor-element elementor-element-88d009c elementor-section-full_width elementor-section-height-default elementor-section-height-default\" data-id=\"88d009c\" data-element_type=\"section\" data-e-type=\"section\" data-settings=\"{&quot;_ha_eqh_enable&quot;:false,&quot;ekit_has_onepagescroll_dot&quot;:&quot;yes&quot;}\">\n\t\t\t\t\t\t<div class=\"elementor-container elementor-column-gap-default\">\n\t\t\t\t\t<div class=\"elementor-column elementor-col-100 elementor-top-column elementor-element elementor-element-fdda43a\" data-id=\"fdda43a\" data-element_type=\"column\" data-e-type=\"column\">\n\t\t\t<div class=\"elementor-widget-wrap elementor-element-populated\">\n\t\t\t\t\t\t<div class=\"elementor-element elementor-element-4195ab0 elementor-widget elementor-widget-ekit-nav-menu\" data-id=\"4195ab0\" data-element_type=\"widget\" data-e-type=\"widget\" data-settings=\"{&quot;ekit_we_effect_on&quot;:&quot;none&quot;}\" data-widget_type=\"ekit-nav-menu.default\">\n\t\t\t\t<div class=\"elementor-widget-container\">\n\t\t\t\t\t\t\t<nav class=\"ekit-wid-con ekit_menu_responsive_tablet\"\n\t\t\tdata-hamburger-icon=\"\"\n\t\t\tdata-hamburger-icon-type=\"icon\"\n\t\t\tdata-responsive-breakpoint=\"1024\">\n\t\t\t            <button class=\"elementskit-menu-hamburger elementskit-menu-toggler\"  type=\"button\" aria-label=\"hamburger-icon\">\n                                    <span class=\"elementskit-menu-hamburger-icon\"><\/span><span class=\"elementskit-menu-hamburger-icon\"><\/span><span class=\"elementskit-menu-hamburger-icon\"><\/span>\n                            <\/button>\n            <div id=\"ekit-megamenu-discos-ingles\" class=\"elementskit-menu-container elementskit-menu-offcanvas-elements elementskit-navbar-nav-default ekit-nav-menu-one-page-no ekit-nav-dropdown-hover\"><ul id=\"menu-discos-ingles\" class=\"elementskit-navbar-nav elementskit-menu-po-center submenu-click-on-icon\"><li id=\"menu-item-23874\" class=\"menu-item menu-item-type-post_type menu-item-object-page menu-item-23874 nav-item nav-item elementskit-mobile-builder-content\" data-vertical-menu=750px><a href=\"https:\/\/campoagricola.es\/index.php\/harrow-and-plouh-discs\/\" class=\"ekit-menu-nav-link\">Harrow and plouh discs<\/a><\/li>\n<li id=\"menu-item-23871\" class=\"menu-item menu-item-type-post_type menu-item-object-page menu-item-23871 nav-item nav-item elementskit-mobile-builder-content\" data-vertical-menu=750px><a href=\"https:\/\/campoagricola.es\/index.php\/coulter-disc-and-blades-for-planters\/\" class=\"ekit-menu-nav-link\">Coulter disc and blades for planters<\/a><\/li>\n<li id=\"menu-item-23875\" class=\"menu-item menu-item-type-post_type menu-item-object-page menu-item-23875 nav-item nav-item elementskit-mobile-builder-content\" data-vertical-menu=750px><a href=\"https:\/\/campoagricola.es\/index.php\/harrow-discs\/\" class=\"ekit-menu-nav-link\">Harrow discs<\/a><\/li>\n<li id=\"menu-item-23872\" class=\"menu-item menu-item-type-post_type menu-item-object-page menu-item-23872 nav-item nav-item elementskit-mobile-builder-content\" data-vertical-menu=750px><a href=\"https:\/\/campoagricola.es\/index.php\/disc-blades-for-disc-stubble-cultivators\/\" class=\"ekit-menu-nav-link\">Disc blades for disc stubble cultivators<\/a><\/li>\n<li id=\"menu-item-23869\" class=\"menu-item menu-item-type-post_type menu-item-object-page menu-item-23869 nav-item nav-item elementskit-mobile-builder-content\" data-vertical-menu=750px><a href=\"https:\/\/campoagricola.es\/index.php\/adaptable-disc-blades-for-disc-stubble-cultivators\/\" class=\"ekit-menu-nav-link\">Adaptable disc blades for disc stubble cultivators<\/a><\/li>\n<li id=\"menu-item-43503\" class=\"menu-item menu-item-type-post_type menu-item-object-page menu-item-43503 nav-item nav-item elementskit-mobile-builder-content\" data-vertical-menu=750px><a href=\"https:\/\/campoagricola.es\/index.php\/import-disc-stubble-cultivators\/\" class=\"ekit-menu-nav-link\">Disc stubble cultivators<\/a><\/li>\n<li id=\"menu-item-23870\" class=\"menu-item menu-item-type-post_type menu-item-object-page menu-item-23870 nav-item nav-item elementskit-mobile-builder-content\" data-vertical-menu=750px><a href=\"https:\/\/campoagricola.es\/index.php\/campoagricola-models\/\" class=\"ekit-menu-nav-link\">Campoagr\u00edcola models<\/a><\/li>\n<li id=\"menu-item-23876\" class=\"menu-item menu-item-type-post_type menu-item-object-page menu-item-23876 nav-item nav-item elementskit-mobile-builder-content\" data-vertical-menu=750px><a href=\"https:\/\/campoagricola.es\/index.php\/wavy-discs\/\" class=\"ekit-menu-nav-link\">Wavy discs<\/a><\/li>\n<li id=\"menu-item-23877\" class=\"menu-item menu-item-type-post_type menu-item-object-page menu-item-23877 nav-item nav-item elementskit-mobile-builder-content\" data-vertical-menu=750px><a href=\"https:\/\/campoagricola.es\/index.php\/other-models\/\" class=\"ekit-menu-nav-link\">Other models<\/a><\/li>\n<\/ul><div class=\"elementskit-nav-identity-panel\"><button class=\"elementskit-menu-close elementskit-menu-toggler\" type=\"button\">X<\/button><\/div><\/div>\n\t\t\t<div class=\"elementskit-menu-overlay elementskit-menu-offcanvas-elements elementskit-menu-toggler ekit-nav-menu--overlay\"><\/div>        <\/nav>\n\t\t\t\t\t\t<\/div>\n\t\t\t\t<\/div>\n\t\t\t\t\t<\/div>\n\t\t<\/div>\n\t\t\t\t\t<\/div>\n\t\t<\/section>\n\t\t\t\t<section class=\"elementor-section elementor-top-section elementor-element elementor-element-92e9bec elementor-section-boxed elementor-section-height-default elementor-section-height-default\" data-id=\"92e9bec\" data-element_type=\"section\" data-e-type=\"section\" data-settings=\"{&quot;_ha_eqh_enable&quot;:false,&quot;ekit_has_onepagescroll_dot&quot;:&quot;yes&quot;}\">\n\t\t\t\t\t\t<div class=\"elementor-container elementor-column-gap-default\">\n\t\t\t\t\t<div class=\"elementor-column elementor-col-50 elementor-top-column elementor-element elementor-element-1222926\" data-id=\"1222926\" data-element_type=\"column\" data-e-type=\"column\">\n\t\t\t<div class=\"elementor-widget-wrap elementor-element-populated\">\n\t\t\t\t\t\t<div class=\"elementor-element elementor-element-62949fc elementor-widget elementor-widget-heading\" data-id=\"62949fc\" data-element_type=\"widget\" data-e-type=\"widget\" data-settings=\"{&quot;ekit_we_effect_on&quot;:&quot;none&quot;}\" data-widget_type=\"heading.default\">\n\t\t\t\t<div class=\"elementor-widget-container\">\n\t\t\t\t\t<h4 class=\"elementor-heading-title elementor-size-default\">Disc Saucer With Highlight<\/h4>\t\t\t\t<\/div>\n\t\t\t\t<\/div>\n\t\t\t\t<div class=\"elementor-element elementor-element-7127a20 elementor-widget elementor-widget-image\" data-id=\"7127a20\" data-element_type=\"widget\" data-e-type=\"widget\" data-settings=\"{&quot;ekit_we_effect_on&quot;:&quot;none&quot;}\" data-widget_type=\"image.default\">\n\t\t\t\t<div class=\"elementor-widget-container\">\n\t\t\t\t\t\t\t\t\t\t\t\t\t\t\t<img fetchpriority=\"high\" decoding=\"async\" width=\"432\" height=\"433\" src=\"https:\/\/campoagricola.es\/wp-content\/uploads\/2019\/06\/disco-platillo-con-resalte.jpg\" class=\"attachment-large size-large wp-image-11367\" alt=\"\" srcset=\"https:\/\/campoagricola.es\/wp-content\/uploads\/2019\/06\/disco-platillo-con-resalte.jpg 432w, https:\/\/campoagricola.es\/wp-content\/uploads\/2019\/06\/disco-platillo-con-resalte-150x150.jpg 150w, https:\/\/campoagricola.es\/wp-content\/uploads\/2019\/06\/disco-platillo-con-resalte-300x300.jpg 300w\" sizes=\"(max-width: 432px) 100vw, 432px\" \/>\t\t\t\t\t\t\t\t\t\t\t\t\t\t\t<\/div>\n\t\t\t\t<\/div>\n\t\t\t\t\t<\/div>\n\t\t<\/div>\n\t\t\t\t<div class=\"elementor-column elementor-col-50 elementor-top-column elementor-element elementor-element-084fa43\" data-id=\"084fa43\" data-element_type=\"column\" data-e-type=\"column\">\n\t\t\t<div class=\"elementor-widget-wrap elementor-element-populated\">\n\t\t\t\t\t\t<div class=\"elementor-element elementor-element-c948e96 elementor-widget elementor-widget-Table\" data-id=\"c948e96\" data-element_type=\"widget\" data-e-type=\"widget\" data-settings=\"{&quot;ekit_we_effect_on&quot;:&quot;none&quot;}\" data-widget_type=\"Table.default\">\n\t\t\t\t<div class=\"elementor-widget-container\">\n\t\t\t\t\t\t\t<table class=\"tafe-table \">\n\t\t\t<thead  class=\"tafe-table-header\">\n\t\t\t\t<tr>\n\t\t\t\t\t<th class=\"elementor-inline-editing elementor-repeater-item-a9d6ce6\"   >Num. code\t<\/th><th class=\"elementor-inline-editing elementor-repeater-item-abf901a\"   >Code<\/th><th class=\"elementor-inline-editing elementor-repeater-item-5fff6f3\"   >\u00d8 Inches\t<\/th><th class=\"elementor-inline-editing elementor-repeater-item-e337423\"   >\u00d8 mm.<\/th><th class=\"elementor-inline-editing elementor-repeater-item-630e5d6\"   >Thickness<\/th><th class=\"elementor-inline-editing elementor-repeater-item-25bf37e\"   >Weight<\/th><th class=\"elementor-inline-editing elementor-repeater-item-4084330\"   >Central<br> plate\t<\/th><th class=\"elementor-inline-editing elementor-repeater-item-efa9fb7\"   >Concavity<\/th><th class=\"elementor-inline-editing elementor-repeater-item-4a52858\"   >Units<br> box\t<\/th>\t\t\t\t<\/tr>\n\t\t\t<\/thead>\n\t\t\t\t\t\t<tbody class=\"tafe-table-body\">\n\t\t\t\t<tr>\n\t\t\t\t\t<\/tr><tr><td data-label=\"Num. code\"   class=\"elementor-repeater-item-0a054e8 td-content-type-default\" >0907300<\/td><td data-label=\"Code\"   class=\"elementor-repeater-item-6ed1395 td-content-type-default\" >DGR20600000<\/td><td data-label=\"\u00d8 Inches\"   class=\"elementor-repeater-item-c071b63 td-content-type-default\" >20<\/td><td data-label=\"\u00d8 mm.\"   class=\"elementor-repeater-item-f6ed9b8 td-content-type-default\" >508<\/td><td data-label=\"Thickness\"   class=\"elementor-repeater-item-2ec5fec td-content-type-default\" >6<\/td><td data-label=\"Weight\"   class=\"elementor-repeater-item-f0a3b8c td-content-type-default\" >8,16<\/td><td data-label=\"Central plate\"   class=\"elementor-repeater-item-cd3cb41 td-content-type-default\" >170<\/td><td data-label=\"Concavity\"   class=\"elementor-repeater-item-68131c5 td-content-type-default\" >60<\/td><td data-label=\"Units box\"   class=\"elementor-repeater-item-83a0ef4 td-content-type-default\" >50<\/td><\/tr><tr><td data-label=\"Num. code\"   class=\"elementor-repeater-item-d8a6e90 td-content-type-default\" >0907400<\/td><td data-label=\"Code\"   class=\"elementor-repeater-item-6082e01 td-content-type-default\" >DGR22600000<\/td><td data-label=\"\u00d8 Inches\"   class=\"elementor-repeater-item-b569167 td-content-type-default\" >22<\/td><td data-label=\"\u00d8 mm.\"   class=\"elementor-repeater-item-1884d4a td-content-type-default\" >559<\/td><td data-label=\"Thickness\"   class=\"elementor-repeater-item-b250c3c td-content-type-default\" >6<\/td><td data-label=\"Weight\"   class=\"elementor-repeater-item-ebb9bb6 td-content-type-default\" >10,74<\/td><td data-label=\"Central plate\"   class=\"elementor-repeater-item-956d105 td-content-type-default\" >170<\/td><td data-label=\"Concavity\"   class=\"elementor-repeater-item-3c0c94a td-content-type-default\" >71<\/td><td data-label=\"Units box\"   class=\"elementor-repeater-item-a5b8f2d td-content-type-default\" >50<\/td><\/tr><tr><td data-label=\"Num. code\"   class=\"elementor-repeater-item-c989320 td-content-type-default\" >0907500<\/td><td data-label=\"Code\"   class=\"elementor-repeater-item-6b2810a td-content-type-default\" >DGR24600000<\/td><td data-label=\"\u00d8 Inches\"   class=\"elementor-repeater-item-ea5be57 td-content-type-default\" >24<\/td><td data-label=\"\u00d8 mm.\"   class=\"elementor-repeater-item-bb21dd2 td-content-type-default\" >610<\/td><td data-label=\"Thickness\"   class=\"elementor-repeater-item-e15dd88 td-content-type-default\" >6<\/td><td data-label=\"Weight\"   class=\"elementor-repeater-item-b31e2f3 td-content-type-default\" >12,35<\/td><td data-label=\"Central plate\"   class=\"elementor-repeater-item-e143308 td-content-type-default\" >170<\/td><td data-label=\"Concavity\"   class=\"elementor-repeater-item-30775db td-content-type-default\" >84<\/td><td data-label=\"Units box\"   class=\"elementor-repeater-item-534faae td-content-type-default\" >50<\/td><\/tr><tr><td data-label=\"Num. code\"   class=\"elementor-repeater-item-d246cf6 td-content-type-default\" >0908000<\/td><td data-label=\"Code\"   class=\"elementor-repeater-item-8e8e47a td-content-type-default\" >DGR26600000<\/td><td data-label=\"\u00d8 Inches\"   class=\"elementor-repeater-item-1bc6f32 td-content-type-default\" >26<\/td><td data-label=\"\u00d8 mm.\"   class=\"elementor-repeater-item-633d00b td-content-type-default\" >660<\/td><td data-label=\"Thickness\"   class=\"elementor-repeater-item-e883e56 td-content-type-default\" >6<\/td><td data-label=\"Weight\"   class=\"elementor-repeater-item-9dc1af4 td-content-type-default\" >15,00<\/td><td data-label=\"Central plate\"   class=\"elementor-repeater-item-8b940da td-content-type-default\" >170<\/td><td data-label=\"Concavity\"   class=\"elementor-repeater-item-26d1d78 td-content-type-default\" >96<\/td><td data-label=\"Units box\"   class=\"elementor-repeater-item-108219c td-content-type-default\" >50<\/td>\t\t\t\t<\/tr>\n\t\t\t<\/tbody>\n\t\t<\/table>\n\t\t\n\t\t\t\t\t\t<\/div>\n\t\t\t\t<\/div>\n\t\t\t\t\t<\/div>\n\t\t<\/div>\n\t\t\t\t\t<\/div>\n\t\t<\/section>\n\t\t\t\t<\/div>\n\t\t","protected":false},"excerpt":{"rendered":"<p>Disc blades for disc stubble cultivators Harrow and plouh discs Coulter disc and blades for planters Harrow discs Disc blades for disc stubble cultivators Adaptable disc blades for disc stubble cultivators Campoagr\u00edcola models Wavy discs Other models X Disc Saucer With Highlight Num. code Code \u00d8 Inches \u00d8 mm. Thickness Weight Central plate Concavity Units [&hellip;]<\/p>\n","protected":false},"author":1,"featured_media":0,"parent":0,"menu_order":0,"comment_status":"closed","ping_status":"closed","template":"elementor_header_footer","meta":{"footnotes":""},"class_list":["post-23830","page","type-page","status-publish","hentry"],"_links":{"self":[{"href":"https:\/\/campoagricola.es\/index.php\/wp-json\/wp\/v2\/pages\/23830","targetHints":{"allow":["GET"]}}],"collection":[{"href":"https:\/\/campoagricola.es\/index.php\/wp-json\/wp\/v2\/pages"}],"about":[{"href":"https:\/\/campoagricola.es\/index.php\/wp-json\/wp\/v2\/types\/page"}],"author":[{"embeddable":true,"href":"https:\/\/campoagricola.es\/index.php\/wp-json\/wp\/v2\/users\/1"}],"replies":[{"embeddable":true,"href":"https:\/\/campoagricola.es\/index.php\/wp-json\/wp\/v2\/comments?post=23830"}],"version-history":[{"count":19,"href":"https:\/\/campoagricola.es\/index.php\/wp-json\/wp\/v2\/pages\/23830\/revisions"}],"predecessor-version":[{"id":40695,"href":"https:\/\/campoagricola.es\/index.php\/wp-json\/wp\/v2\/pages\/23830\/revisions\/40695"}],"wp:attachment":[{"href":"https:\/\/campoagricola.es\/index.php\/wp-json\/wp\/v2\/media?parent=23830"}],"curies":[{"name":"wp","href":"https:\/\/api.w.org\/{rel}","templated":true}]}}