{"id":24158,"date":"2024-04-25T09:27:42","date_gmt":"2024-04-25T09:27:42","guid":{"rendered":"https:\/\/campoagricola.es\/?page_id=24158"},"modified":"2024-04-08T12:25:00","modified_gmt":"2024-04-08T12:25:00","slug":"pieces-lanau","status":"publish","type":"page","link":"https:\/\/campoagricola.es\/index.php\/pieces-lanau\/","title":{"rendered":"Pi\u00e8ces lanau"},"content":{"rendered":"\t\t<div data-elementor-type=\"wp-page\" data-elementor-id=\"24158\" class=\"elementor elementor-24158\" data-elementor-settings=\"{&quot;ha_cmc_init_switcher&quot;:&quot;no&quot;}\">\n\t\t\t\t\t\t<section class=\"elementor-section elementor-top-section elementor-element elementor-element-58baf24 elementor-section-height-min-height elementor-section-boxed elementor-section-height-default elementor-section-items-middle\" data-id=\"58baf24\" data-element_type=\"section\" data-e-type=\"section\" data-settings=\"{&quot;background_background&quot;:&quot;classic&quot;,&quot;_ha_eqh_enable&quot;:false}\">\n\t\t\t\t\t\t\t<div class=\"elementor-background-overlay\"><\/div>\n\t\t\t\t\t\t\t<div class=\"elementor-container elementor-column-gap-wider\">\n\t\t\t\t\t<div class=\"elementor-column elementor-col-100 elementor-top-column elementor-element elementor-element-3bef302\" data-id=\"3bef302\" data-element_type=\"column\" data-e-type=\"column\">\n\t\t\t<div class=\"elementor-widget-wrap elementor-element-populated\">\n\t\t\t\t\t\t<div class=\"elementor-element elementor-element-bb0fdfc elementor-widget elementor-widget-heading\" data-id=\"bb0fdfc\" data-element_type=\"widget\" data-e-type=\"widget\" data-widget_type=\"heading.default\">\n\t\t\t\t<div class=\"elementor-widget-container\">\n\t\t\t\t\t<h1 class=\"elementor-heading-title elementor-size-default\"><span style=\"letter-spacing: -0.09741rem\">Pi\u00e8ces d\u00b4usure<\/span><span style=\"letter-spacing: -0.09741rem\"> adaptables \u00e0 <\/span>Lanau<\/h1>\t\t\t\t<\/div>\n\t\t\t\t<\/div>\n\t\t\t\t\t<\/div>\n\t\t<\/div>\n\t\t\t\t\t<\/div>\n\t\t<\/section>\n\t\t\t\t<section class=\"elementor-section elementor-top-section elementor-element elementor-element-70dd1fa elementor-section-boxed elementor-section-height-default elementor-section-height-default\" data-id=\"70dd1fa\" data-element_type=\"section\" data-e-type=\"section\" data-settings=\"{&quot;_ha_eqh_enable&quot;:false}\">\n\t\t\t\t\t\t<div class=\"elementor-container elementor-column-gap-default\">\n\t\t\t\t\t<div class=\"elementor-column elementor-col-100 elementor-top-column elementor-element elementor-element-88723ac\" data-id=\"88723ac\" data-element_type=\"column\" data-e-type=\"column\">\n\t\t\t<div class=\"elementor-widget-wrap elementor-element-populated\">\n\t\t\t\t\t\t<div class=\"elementor-element elementor-element-f32fe41 elementor-widget elementor-widget-ekit-nav-menu\" data-id=\"f32fe41\" data-element_type=\"widget\" data-e-type=\"widget\" data-widget_type=\"ekit-nav-menu.default\">\n\t\t\t\t<div class=\"elementor-widget-container\">\n\t\t\t\t\t\t\t<nav class=\"ekit-wid-con ekit_menu_responsive_tablet\"\n\t\t\tdata-hamburger-icon=\"\"\n\t\t\tdata-hamburger-icon-type=\"icon\"\n\t\t\tdata-responsive-breakpoint=\"1024\">\n\t\t\t            <button class=\"elementskit-menu-hamburger elementskit-menu-toggler\"  type=\"button\" aria-label=\"hamburger-icon\">\n                                    <span class=\"elementskit-menu-hamburger-icon\"><\/span><span class=\"elementskit-menu-hamburger-icon\"><\/span><span class=\"elementskit-menu-hamburger-icon\"><\/span>\n                            <\/button>\n            <div id=\"ekit-megamenu-componentes-arado-frances\" class=\"elementskit-menu-container elementskit-menu-offcanvas-elements elementskit-navbar-nav-default ekit-nav-menu-one-page-no ekit-nav-dropdown-hover\"><ul id=\"menu-componentes-arado-frances\" class=\"elementskit-navbar-nav elementskit-menu-po-center submenu-click-on-icon\"><li id=\"menu-item-24200\" class=\"menu-item menu-item-type-post_type menu-item-object-page menu-item-24200 nav-item nav-item elementskit-mobile-builder-content\" data-vertical-menu=750px><a href=\"https:\/\/campoagricola.es\/index.php\/pieces-gil\/\" class=\"ekit-menu-nav-link\">Gil<\/a><\/li>\n<li id=\"menu-item-24201\" class=\"menu-item menu-item-type-post_type menu-item-object-page menu-item-24201 nav-item nav-item elementskit-mobile-builder-content\" data-vertical-menu=750px><a href=\"https:\/\/campoagricola.es\/index.php\/pieces-gregorie-besson\/\" class=\"ekit-menu-nav-link\">Gregorie Besson<\/a><\/li>\n<li id=\"menu-item-24204\" class=\"menu-item menu-item-type-post_type menu-item-object-page menu-item-24204 nav-item nav-item elementskit-mobile-builder-content\" data-vertical-menu=750px><a href=\"https:\/\/campoagricola.es\/index.php\/pieces-kverneland\/\" class=\"ekit-menu-nav-link\">Kverneland<\/a><\/li>\n<li id=\"menu-item-24203\" class=\"menu-item menu-item-type-post_type menu-item-object-page menu-item-24203 nav-item nav-item elementskit-mobile-builder-content\" data-vertical-menu=750px><a href=\"https:\/\/campoagricola.es\/index.php\/pieces-kuhn\/\" class=\"ekit-menu-nav-link\">kuhn<\/a><\/li>\n<li id=\"menu-item-24205\" class=\"menu-item menu-item-type-post_type menu-item-object-page menu-item-24205 nav-item nav-item elementskit-mobile-builder-content\" data-vertical-menu=750px><a href=\"https:\/\/campoagricola.es\/index.php\/pieces-lanau\/\" class=\"ekit-menu-nav-link\">Lanau<\/a><\/li>\n<li id=\"menu-item-24206\" class=\"menu-item menu-item-type-post_type menu-item-object-page menu-item-24206 nav-item nav-item elementskit-mobile-builder-content\" data-vertical-menu=750px><a href=\"https:\/\/campoagricola.es\/index.php\/pieces-lemken\/\" class=\"ekit-menu-nav-link\">Lemken<\/a><\/li>\n<li id=\"menu-item-24207\" class=\"menu-item menu-item-type-post_type menu-item-object-page menu-item-24207 nav-item nav-item elementskit-mobile-builder-content\" data-vertical-menu=750px><a href=\"https:\/\/campoagricola.es\/index.php\/pieces-overum\/\" class=\"ekit-menu-nav-link\">\u00d6verum<\/a><\/li>\n<li id=\"menu-item-24208\" class=\"menu-item menu-item-type-post_type menu-item-object-page menu-item-24208 nav-item nav-item elementskit-mobile-builder-content\" data-vertical-menu=750px><a href=\"https:\/\/campoagricola.es\/index.php\/pieces-vogelnoot\/\" class=\"ekit-menu-nav-link\">Vogel &#038; Noot<\/a><\/li>\n<li id=\"menu-item-24198\" class=\"menu-item menu-item-type-post_type menu-item-object-page menu-item-24198 nav-item nav-item elementskit-mobile-builder-content\" data-vertical-menu=750px><a href=\"https:\/\/campoagricola.es\/index.php\/pieces-autres-fabricants\/\" class=\"ekit-menu-nav-link\">Autres fabricants<\/a><\/li>\n<\/ul><div class=\"elementskit-nav-identity-panel\"><button class=\"elementskit-menu-close elementskit-menu-toggler\" type=\"button\">X<\/button><\/div><\/div>\n\t\t\t<div class=\"elementskit-menu-overlay elementskit-menu-offcanvas-elements elementskit-menu-toggler ekit-nav-menu--overlay\"><\/div>        <\/nav>\n\t\t\t\t\t\t<\/div>\n\t\t\t\t<\/div>\n\t\t\t\t\t<\/div>\n\t\t<\/div>\n\t\t\t\t\t<\/div>\n\t\t<\/section>\n\t\t\t\t<section class=\"elementor-section elementor-top-section elementor-element elementor-element-e986dcd elementor-section-boxed elementor-section-height-default elementor-section-height-default\" data-id=\"e986dcd\" data-element_type=\"section\" data-e-type=\"section\" data-settings=\"{&quot;_ha_eqh_enable&quot;:false}\">\n\t\t\t\t\t\t<div class=\"elementor-container elementor-column-gap-default\">\n\t\t\t\t\t<div class=\"elementor-column elementor-col-50 elementor-top-column elementor-element elementor-element-c3ffdcb\" data-id=\"c3ffdcb\" data-element_type=\"column\" data-e-type=\"column\">\n\t\t\t<div class=\"elementor-widget-wrap elementor-element-populated\">\n\t\t\t\t\t\t<div class=\"elementor-element elementor-element-02f0805 elementor-widget elementor-widget-heading\" data-id=\"02f0805\" data-element_type=\"widget\" data-e-type=\"widget\" data-widget_type=\"heading.default\">\n\t\t\t\t<div class=\"elementor-widget-container\">\n\t\t\t\t\t<h3 class=\"elementor-heading-title elementor-size-default\">SOC \u00c0 POINTE<\/h3>\t\t\t\t<\/div>\n\t\t\t\t<\/div>\n\t\t\t\t<div class=\"elementor-element elementor-element-2d5b800 elementor-widget elementor-widget-image\" data-id=\"2d5b800\" data-element_type=\"widget\" data-e-type=\"widget\" data-widget_type=\"image.default\">\n\t\t\t\t<div class=\"elementor-widget-container\">\n\t\t\t\t\t\t\t\t\t\t\t\t\t\t\t<img fetchpriority=\"high\" decoding=\"async\" width=\"567\" height=\"204\" src=\"https:\/\/campoagricola.es\/wp-content\/uploads\/2024\/02\/componente-lanau.jpg\" class=\"attachment-large size-large wp-image-42973\" alt=\"\" srcset=\"https:\/\/campoagricola.es\/wp-content\/uploads\/2024\/02\/componente-lanau.jpg 567w, https:\/\/campoagricola.es\/wp-content\/uploads\/2024\/02\/componente-lanau-300x108.jpg 300w\" sizes=\"(max-width: 567px) 100vw, 567px\" \/>\t\t\t\t\t\t\t\t\t\t\t\t\t\t\t<\/div>\n\t\t\t\t<\/div>\n\t\t\t\t\t<\/div>\n\t\t<\/div>\n\t\t\t\t<div class=\"elementor-column elementor-col-50 elementor-top-column elementor-element elementor-element-6f6ee23\" data-id=\"6f6ee23\" data-element_type=\"column\" data-e-type=\"column\">\n\t\t\t<div class=\"elementor-widget-wrap elementor-element-populated\">\n\t\t\t\t\t\t<div class=\"elementor-element elementor-element-526d2a9 elementor-widget elementor-widget-Table\" data-id=\"526d2a9\" data-element_type=\"widget\" data-e-type=\"widget\" data-widget_type=\"Table.default\">\n\t\t\t\t<div class=\"elementor-widget-container\">\n\t\t\t\t\t\t\t<table class=\"tafe-table \">\n\t\t\t<thead  class=\"tafe-table-header\">\n\t\t\t\t<tr>\n\t\t\t\t\t<th class=\"elementor-inline-editing elementor-repeater-item-a9d6ce6\"   >Cod. Num.<\/th><th class=\"elementor-inline-editing elementor-repeater-item-5fff6f3\"   >Mod\u00e8le B<\/th><th class=\"elementor-inline-editing elementor-repeater-item-9dba50f\"   >Poids<\/th><th class=\"elementor-inline-editing elementor-repeater-item-6304d5c\"   >Hauteur<\/th><th class=\"elementor-inline-editing elementor-repeater-item-630e5d6\"   >Largeur<\/th><th class=\"elementor-inline-editing elementor-repeater-item-e337423\"   >\u00c9paisseur<\/th><th class=\"elementor-inline-editing elementor-repeater-item-2702752\"   >Uts. bo\u00eete\t<\/th>\t\t\t\t<\/tr>\n\t\t\t<\/thead>\n\t\t\t\t\t\t<tbody class=\"tafe-table-body\">\n\t\t\t\t<tr>\n\t\t\t\t\t<td data-label=\"Cod. Num.\"   class=\"elementor-repeater-item-83c6413 td-content-type-default\" >1216700<\/td><td data-label=\"Mod\u00e8le B\"   class=\"elementor-repeater-item-3cfae98 td-content-type-default\" >1383-14 DCA\t<\/td><td data-label=\"Poids\"   class=\"elementor-repeater-item-170a737 td-content-type-default\" >6,00<\/td><td data-label=\"Hauteur\"   class=\"elementor-repeater-item-4be192d td-content-type-default\" >158<\/td><td data-label=\"Largeur\"   class=\"elementor-repeater-item-271596b td-content-type-default\" >587<\/td><td data-label=\"\u00c9paisseur\"   class=\"elementor-repeater-item-a68c4f9 td-content-type-default\" >12<\/td><td data-label=\"Uts. bo\u00eete\"   class=\"elementor-repeater-item-2ba79b2 td-content-type-default\" >100<\/td><\/tr><tr><td data-label=\"Cod. Num.\"   class=\"elementor-repeater-item-cb70a80 td-content-type-default\" >1216800<\/td><td data-label=\"Mod\u00e8le B\"   class=\"elementor-repeater-item-2b37c25 td-content-type-default\" >1383-14 ICA\t<\/td><td data-label=\"Poids\"   class=\"elementor-repeater-item-8e1ceb6 td-content-type-default\" >6,00<\/td><td data-label=\"Hauteur\"   class=\"elementor-repeater-item-c50607a td-content-type-default\" >158<\/td><td data-label=\"Largeur\"   class=\"elementor-repeater-item-f970212 td-content-type-default\" >587<\/td><td data-label=\"\u00c9paisseur\"   class=\"elementor-repeater-item-ea08f79 td-content-type-default\" >12<\/td><td data-label=\"Uts. bo\u00eete\"   class=\"elementor-repeater-item-836f481 td-content-type-default\" >100<\/td>\t\t\t\t<\/tr>\n\t\t\t<\/tbody>\n\t\t<\/table>\n\t\t\n\t\t\t\t\t\t<\/div>\n\t\t\t\t<\/div>\n\t\t\t\t\t<\/div>\n\t\t<\/div>\n\t\t\t\t\t<\/div>\n\t\t<\/section>\n\t\t\t\t<\/div>\n\t\t","protected":false},"excerpt":{"rendered":"<p>Pi\u00e8ces d\u00b4usure adaptables \u00e0 Lanau Gil Gregorie Besson Kverneland kuhn Lanau Lemken \u00d6verum Vogel &#038; Noot Autres fabricants X SOC \u00c0 POINTE Cod. Num. Mod\u00e8le B Poids Hauteur Largeur \u00c9paisseur Uts. bo\u00eete 1216700 1383-14 DCA 6,00 158 587 12 100 1216800 1383-14 ICA 6,00 158 587 12 100<\/p>\n","protected":false},"author":1,"featured_media":0,"parent":0,"menu_order":0,"comment_status":"closed","ping_status":"closed","template":"elementor_header_footer","meta":{"footnotes":""},"class_list":["post-24158","page","type-page","status-publish","hentry"],"_links":{"self":[{"href":"https:\/\/campoagricola.es\/index.php\/wp-json\/wp\/v2\/pages\/24158","targetHints":{"allow":["GET"]}}],"collection":[{"href":"https:\/\/campoagricola.es\/index.php\/wp-json\/wp\/v2\/pages"}],"about":[{"href":"https:\/\/campoagricola.es\/index.php\/wp-json\/wp\/v2\/types\/page"}],"author":[{"embeddable":true,"href":"https:\/\/campoagricola.es\/index.php\/wp-json\/wp\/v2\/users\/1"}],"replies":[{"embeddable":true,"href":"https:\/\/campoagricola.es\/index.php\/wp-json\/wp\/v2\/comments?post=24158"}],"version-history":[{"count":28,"href":"https:\/\/campoagricola.es\/index.php\/wp-json\/wp\/v2\/pages\/24158\/revisions"}],"predecessor-version":[{"id":45127,"href":"https:\/\/campoagricola.es\/index.php\/wp-json\/wp\/v2\/pages\/24158\/revisions\/45127"}],"wp:attachment":[{"href":"https:\/\/campoagricola.es\/index.php\/wp-json\/wp\/v2\/media?parent=24158"}],"curies":[{"name":"wp","href":"https:\/\/api.w.org\/{rel}","templated":true}]}}