{"id":24162,"date":"2024-04-25T09:29:28","date_gmt":"2024-04-25T09:29:28","guid":{"rendered":"https:\/\/campoagricola.es\/?page_id=24162"},"modified":"2024-04-08T12:33:24","modified_gmt":"2024-04-08T12:33:24","slug":"pieces-autres-fabricants","status":"publish","type":"page","link":"https:\/\/campoagricola.es\/index.php\/pieces-autres-fabricants\/","title":{"rendered":"Pi\u00e8ces autres fabricants"},"content":{"rendered":"\t\t<div data-elementor-type=\"wp-page\" data-elementor-id=\"24162\" class=\"elementor elementor-24162\" data-elementor-settings=\"{&quot;ha_cmc_init_switcher&quot;:&quot;no&quot;}\">\n\t\t\t\t\t\t<section class=\"elementor-section elementor-top-section elementor-element elementor-element-5b4c263 elementor-section-height-min-height elementor-section-boxed elementor-section-height-default elementor-section-items-middle\" data-id=\"5b4c263\" data-element_type=\"section\" data-e-type=\"section\" data-settings=\"{&quot;background_background&quot;:&quot;classic&quot;,&quot;_ha_eqh_enable&quot;:false}\">\n\t\t\t\t\t\t\t<div class=\"elementor-background-overlay\"><\/div>\n\t\t\t\t\t\t\t<div class=\"elementor-container elementor-column-gap-wider\">\n\t\t\t\t\t<div class=\"elementor-column elementor-col-100 elementor-top-column elementor-element elementor-element-726cfb3\" data-id=\"726cfb3\" data-element_type=\"column\" data-e-type=\"column\">\n\t\t\t<div class=\"elementor-widget-wrap elementor-element-populated\">\n\t\t\t\t\t\t<div class=\"elementor-element elementor-element-f4c2c22 elementor-widget elementor-widget-heading\" data-id=\"f4c2c22\" data-element_type=\"widget\" data-e-type=\"widget\" data-widget_type=\"heading.default\">\n\t\t\t\t<div class=\"elementor-widget-container\">\n\t\t\t\t\t<h1 class=\"elementor-heading-title elementor-size-default\">Pi\u00e8ces d\u00b4usure adaptables \u00e0 autres fabricants<\/h1>\t\t\t\t<\/div>\n\t\t\t\t<\/div>\n\t\t\t\t\t<\/div>\n\t\t<\/div>\n\t\t\t\t\t<\/div>\n\t\t<\/section>\n\t\t\t\t<section class=\"elementor-section elementor-top-section elementor-element elementor-element-6758237 elementor-section-boxed elementor-section-height-default elementor-section-height-default\" data-id=\"6758237\" data-element_type=\"section\" data-e-type=\"section\" data-settings=\"{&quot;_ha_eqh_enable&quot;:false}\">\n\t\t\t\t\t\t<div class=\"elementor-container elementor-column-gap-default\">\n\t\t\t\t\t<div class=\"elementor-column elementor-col-100 elementor-top-column elementor-element elementor-element-ecb979e\" data-id=\"ecb979e\" data-element_type=\"column\" data-e-type=\"column\">\n\t\t\t<div class=\"elementor-widget-wrap elementor-element-populated\">\n\t\t\t\t\t\t<div class=\"elementor-element elementor-element-30c8717 elementor-widget elementor-widget-ekit-nav-menu\" data-id=\"30c8717\" data-element_type=\"widget\" data-e-type=\"widget\" data-widget_type=\"ekit-nav-menu.default\">\n\t\t\t\t<div class=\"elementor-widget-container\">\n\t\t\t\t\t\t\t<nav class=\"ekit-wid-con ekit_menu_responsive_tablet\"\n\t\t\tdata-hamburger-icon=\"\"\n\t\t\tdata-hamburger-icon-type=\"icon\"\n\t\t\tdata-responsive-breakpoint=\"1024\">\n\t\t\t            <button class=\"elementskit-menu-hamburger elementskit-menu-toggler\"  type=\"button\" aria-label=\"hamburger-icon\">\n                                    <span class=\"elementskit-menu-hamburger-icon\"><\/span><span class=\"elementskit-menu-hamburger-icon\"><\/span><span class=\"elementskit-menu-hamburger-icon\"><\/span>\n                            <\/button>\n            <div id=\"ekit-megamenu-componentes-arado-frances\" class=\"elementskit-menu-container elementskit-menu-offcanvas-elements elementskit-navbar-nav-default ekit-nav-menu-one-page-no ekit-nav-dropdown-hover\"><ul id=\"menu-componentes-arado-frances\" class=\"elementskit-navbar-nav elementskit-menu-po-center submenu-click-on-icon\"><li id=\"menu-item-24200\" class=\"menu-item menu-item-type-post_type menu-item-object-page menu-item-24200 nav-item nav-item elementskit-mobile-builder-content\" data-vertical-menu=750px><a href=\"https:\/\/campoagricola.es\/index.php\/pieces-gil\/\" class=\"ekit-menu-nav-link\">Gil<\/a><\/li>\n<li id=\"menu-item-24201\" class=\"menu-item menu-item-type-post_type menu-item-object-page menu-item-24201 nav-item nav-item elementskit-mobile-builder-content\" data-vertical-menu=750px><a href=\"https:\/\/campoagricola.es\/index.php\/pieces-gregorie-besson\/\" class=\"ekit-menu-nav-link\">Gregorie Besson<\/a><\/li>\n<li id=\"menu-item-24204\" class=\"menu-item menu-item-type-post_type menu-item-object-page menu-item-24204 nav-item nav-item elementskit-mobile-builder-content\" data-vertical-menu=750px><a href=\"https:\/\/campoagricola.es\/index.php\/pieces-kverneland\/\" class=\"ekit-menu-nav-link\">Kverneland<\/a><\/li>\n<li id=\"menu-item-24203\" class=\"menu-item menu-item-type-post_type menu-item-object-page menu-item-24203 nav-item nav-item elementskit-mobile-builder-content\" data-vertical-menu=750px><a href=\"https:\/\/campoagricola.es\/index.php\/pieces-kuhn\/\" class=\"ekit-menu-nav-link\">kuhn<\/a><\/li>\n<li id=\"menu-item-24205\" class=\"menu-item menu-item-type-post_type menu-item-object-page menu-item-24205 nav-item nav-item elementskit-mobile-builder-content\" data-vertical-menu=750px><a href=\"https:\/\/campoagricola.es\/index.php\/pieces-lanau\/\" class=\"ekit-menu-nav-link\">Lanau<\/a><\/li>\n<li id=\"menu-item-24206\" class=\"menu-item menu-item-type-post_type menu-item-object-page menu-item-24206 nav-item nav-item elementskit-mobile-builder-content\" data-vertical-menu=750px><a href=\"https:\/\/campoagricola.es\/index.php\/pieces-lemken\/\" class=\"ekit-menu-nav-link\">Lemken<\/a><\/li>\n<li id=\"menu-item-24207\" class=\"menu-item menu-item-type-post_type menu-item-object-page menu-item-24207 nav-item nav-item elementskit-mobile-builder-content\" data-vertical-menu=750px><a href=\"https:\/\/campoagricola.es\/index.php\/pieces-overum\/\" class=\"ekit-menu-nav-link\">\u00d6verum<\/a><\/li>\n<li id=\"menu-item-24208\" class=\"menu-item menu-item-type-post_type menu-item-object-page menu-item-24208 nav-item nav-item elementskit-mobile-builder-content\" data-vertical-menu=750px><a href=\"https:\/\/campoagricola.es\/index.php\/pieces-vogelnoot\/\" class=\"ekit-menu-nav-link\">Vogel &#038; Noot<\/a><\/li>\n<li id=\"menu-item-24198\" class=\"menu-item menu-item-type-post_type menu-item-object-page menu-item-24198 nav-item nav-item elementskit-mobile-builder-content\" data-vertical-menu=750px><a href=\"https:\/\/campoagricola.es\/index.php\/pieces-autres-fabricants\/\" class=\"ekit-menu-nav-link\">Autres fabricants<\/a><\/li>\n<\/ul><div class=\"elementskit-nav-identity-panel\"><button class=\"elementskit-menu-close elementskit-menu-toggler\" type=\"button\">X<\/button><\/div><\/div>\n\t\t\t<div class=\"elementskit-menu-overlay elementskit-menu-offcanvas-elements elementskit-menu-toggler ekit-nav-menu--overlay\"><\/div>        <\/nav>\n\t\t\t\t\t\t<\/div>\n\t\t\t\t<\/div>\n\t\t\t\t\t<\/div>\n\t\t<\/div>\n\t\t\t\t\t<\/div>\n\t\t<\/section>\n\t\t\t\t<section class=\"elementor-section elementor-top-section elementor-element elementor-element-1f079f7 elementor-section-boxed elementor-section-height-default elementor-section-height-default\" data-id=\"1f079f7\" data-element_type=\"section\" data-e-type=\"section\" data-settings=\"{&quot;_ha_eqh_enable&quot;:false}\">\n\t\t\t\t\t\t<div class=\"elementor-container elementor-column-gap-default\">\n\t\t\t\t\t<div class=\"elementor-column elementor-col-100 elementor-top-column elementor-element elementor-element-5b1ff7a\" data-id=\"5b1ff7a\" data-element_type=\"column\" data-e-type=\"column\">\n\t\t\t<div class=\"elementor-widget-wrap elementor-element-populated\">\n\t\t\t\t\t\t<div class=\"elementor-element elementor-element-7e95967 elementor-widget elementor-widget-heading\" data-id=\"7e95967\" data-element_type=\"widget\" data-e-type=\"widget\" data-widget_type=\"heading.default\">\n\t\t\t\t<div class=\"elementor-widget-container\">\n\t\t\t\t\t<h3 class=\"elementor-heading-title elementor-size-default\">SOC \u00c0 POINTE<\/h3>\t\t\t\t<\/div>\n\t\t\t\t<\/div>\n\t\t\t\t\t<\/div>\n\t\t<\/div>\n\t\t\t\t\t<\/div>\n\t\t<\/section>\n\t\t\t\t<section class=\"elementor-section elementor-top-section elementor-element elementor-element-682c793 elementor-section-boxed elementor-section-height-default elementor-section-height-default\" data-id=\"682c793\" data-element_type=\"section\" data-e-type=\"section\" data-settings=\"{&quot;_ha_eqh_enable&quot;:false}\">\n\t\t\t\t\t\t<div class=\"elementor-container elementor-column-gap-default\">\n\t\t\t\t\t<div class=\"elementor-column elementor-col-50 elementor-top-column elementor-element elementor-element-28c4dd9\" data-id=\"28c4dd9\" data-element_type=\"column\" data-e-type=\"column\">\n\t\t\t<div class=\"elementor-widget-wrap elementor-element-populated\">\n\t\t\t\t\t\t<div class=\"elementor-element elementor-element-ecc42b5 elementor-widget elementor-widget-image\" data-id=\"ecc42b5\" data-element_type=\"widget\" data-e-type=\"widget\" data-widget_type=\"image.default\">\n\t\t\t\t<div class=\"elementor-widget-container\">\n\t\t\t\t\t\t\t\t\t\t\t\t\t\t\t<img decoding=\"async\" width=\"300\" height=\"106\" src=\"https:\/\/campoagricola.es\/wp-content\/uploads\/2019\/08\/Arado2.jpg\" class=\"attachment-large size-large wp-image-12314\" alt=\"\" \/>\t\t\t\t\t\t\t\t\t\t\t\t\t\t\t<\/div>\n\t\t\t\t<\/div>\n\t\t\t\t\t<\/div>\n\t\t<\/div>\n\t\t\t\t<div class=\"elementor-column elementor-col-50 elementor-top-column elementor-element elementor-element-6e143f5\" data-id=\"6e143f5\" data-element_type=\"column\" data-e-type=\"column\">\n\t\t\t<div class=\"elementor-widget-wrap elementor-element-populated\">\n\t\t\t\t\t\t<div class=\"elementor-element elementor-element-23d8094 elementor-widget elementor-widget-Table\" data-id=\"23d8094\" data-element_type=\"widget\" data-e-type=\"widget\" data-widget_type=\"Table.default\">\n\t\t\t\t<div class=\"elementor-widget-container\">\n\t\t\t\t\t\t\t<table class=\"tafe-table \">\n\t\t\t<thead  class=\"tafe-table-header\">\n\t\t\t\t<tr>\n\t\t\t\t\t<th class=\"elementor-inline-editing elementor-repeater-item-a9d6ce6\"   >Cod. Num.<\/th><th class=\"elementor-inline-editing elementor-repeater-item-e2865a2\"   >Mod\u00e8le B\t<\/th><th class=\"elementor-inline-editing elementor-repeater-item-9dba50f\"   >Poids<\/th><th class=\"elementor-inline-editing elementor-repeater-item-e337423\"   >\u00c9paisseur<\/th><th class=\"elementor-inline-editing elementor-repeater-item-6304d5c\"   >Hauteur<\/th><th class=\"elementor-inline-editing elementor-repeater-item-630e5d6\"   >Largeur<\/th><th class=\"elementor-inline-editing elementor-repeater-item-8bd3651\"   >Uts. bo\u00eete\t<\/th>\t\t\t\t<\/tr>\n\t\t\t<\/thead>\n\t\t\t\t\t\t<tbody class=\"tafe-table-body\">\n\t\t\t\t<tr>\n\t\t\t\t\t<td data-label=\"Cod. Num.\"   class=\"elementor-repeater-item-83c6413 td-content-type-default\" >1217800<\/td><td data-label=\"Mod\u00e8le B\"   class=\"elementor-repeater-item-3cfae98 td-content-type-default\" >1411-D<\/td><td data-label=\"Poids\"   class=\"elementor-repeater-item-170a737 td-content-type-default\" >1,40<\/td><td data-label=\"\u00c9paisseur\"   class=\"elementor-repeater-item-4be192d td-content-type-default\" >8<\/td><td data-label=\"Hauteur\"   class=\"elementor-repeater-item-c4ddd35 td-content-type-default\" >90<\/td><td data-label=\"Largeur\"   class=\"elementor-repeater-item-48e8b8f td-content-type-default\" >298<\/td><td data-label=\"Uts. bo\u00eete\"   class=\"elementor-repeater-item-271596b td-content-type-default\" >100<\/td>\t\t\t\t<\/tr>\n\t\t\t<\/tbody>\n\t\t<\/table>\n\t\t\n\t\t\t\t\t\t<\/div>\n\t\t\t\t<\/div>\n\t\t\t\t\t<\/div>\n\t\t<\/div>\n\t\t\t\t\t<\/div>\n\t\t<\/section>\n\t\t\t\t<\/div>\n\t\t","protected":false},"excerpt":{"rendered":"<p>Pi\u00e8ces d\u00b4usure adaptables \u00e0 autres fabricants Gil Gregorie Besson Kverneland kuhn Lanau Lemken \u00d6verum Vogel &#038; Noot Autres fabricants X SOC \u00c0 POINTE Cod. Num. Mod\u00e8le B Poids \u00c9paisseur Hauteur Largeur Uts. bo\u00eete 1217800 1411-D 1,40 8 90 298 100<\/p>\n","protected":false},"author":1,"featured_media":0,"parent":0,"menu_order":0,"comment_status":"closed","ping_status":"closed","template":"elementor_header_footer","meta":{"footnotes":""},"class_list":["post-24162","page","type-page","status-publish","hentry"],"_links":{"self":[{"href":"https:\/\/campoagricola.es\/index.php\/wp-json\/wp\/v2\/pages\/24162","targetHints":{"allow":["GET"]}}],"collection":[{"href":"https:\/\/campoagricola.es\/index.php\/wp-json\/wp\/v2\/pages"}],"about":[{"href":"https:\/\/campoagricola.es\/index.php\/wp-json\/wp\/v2\/types\/page"}],"author":[{"embeddable":true,"href":"https:\/\/campoagricola.es\/index.php\/wp-json\/wp\/v2\/users\/1"}],"replies":[{"embeddable":true,"href":"https:\/\/campoagricola.es\/index.php\/wp-json\/wp\/v2\/comments?post=24162"}],"version-history":[{"count":31,"href":"https:\/\/campoagricola.es\/index.php\/wp-json\/wp\/v2\/pages\/24162\/revisions"}],"predecessor-version":[{"id":45145,"href":"https:\/\/campoagricola.es\/index.php\/wp-json\/wp\/v2\/pages\/24162\/revisions\/45145"}],"wp:attachment":[{"href":"https:\/\/campoagricola.es\/index.php\/wp-json\/wp\/v2\/media?parent=24162"}],"curies":[{"name":"wp","href":"https:\/\/api.w.org\/{rel}","templated":true}]}}