{"id":24513,"date":"2020-09-21T10:50:39","date_gmt":"2020-09-21T10:50:39","guid":{"rendered":"https:\/\/campoagricola.es\/?page_id=24513"},"modified":"2021-06-21T09:54:28","modified_gmt":"2021-06-21T09:54:28","slug":"chisel-cc353580800v-i_fr","status":"publish","type":"page","link":"https:\/\/campoagricola.es\/index.php\/chisel-cc353580800v-i_fr\/","title":{"rendered":"chisel CC353580800V-I_fr"},"content":{"rendered":"\t\t<div data-elementor-type=\"wp-page\" data-elementor-id=\"24513\" class=\"elementor elementor-24513\" data-elementor-settings=\"{&quot;ha_cmc_init_switcher&quot;:&quot;no&quot;}\">\n\t\t\t\t\t\t<section class=\"elementor-section elementor-top-section elementor-element elementor-element-6844a98 elementor-section-height-min-height elementor-section-boxed elementor-section-height-default elementor-section-items-middle\" data-id=\"6844a98\" data-element_type=\"section\" data-e-type=\"section\" data-settings=\"{&quot;background_background&quot;:&quot;classic&quot;,&quot;_ha_eqh_enable&quot;:false}\">\n\t\t\t\t\t\t\t<div class=\"elementor-background-overlay\"><\/div>\n\t\t\t\t\t\t\t<div class=\"elementor-container elementor-column-gap-wider\">\n\t\t\t\t\t<div class=\"elementor-column elementor-col-100 elementor-top-column elementor-element elementor-element-c4b4b8d\" data-id=\"c4b4b8d\" data-element_type=\"column\" data-e-type=\"column\">\n\t\t\t<div class=\"elementor-widget-wrap elementor-element-populated\">\n\t\t\t\t\t\t<div class=\"elementor-element elementor-element-1070025 elementor-widget elementor-widget-heading\" data-id=\"1070025\" data-element_type=\"widget\" data-e-type=\"widget\" data-widget_type=\"heading.default\">\n\t\t\t\t<div class=\"elementor-widget-container\">\n\t\t\t\t\t<h1 class=\"elementor-heading-title elementor-size-default\">chisel CC353580800V-I<\/h1>\t\t\t\t<\/div>\n\t\t\t\t<\/div>\n\t\t\t\t\t<\/div>\n\t\t<\/div>\n\t\t\t\t\t<\/div>\n\t\t<\/section>\n\t\t\t\t<section class=\"elementor-section elementor-top-section elementor-element elementor-element-4246579 elementor-section-full_width elementor-section-height-default elementor-section-height-default\" data-id=\"4246579\" data-element_type=\"section\" data-e-type=\"section\" data-settings=\"{&quot;_ha_eqh_enable&quot;:false}\">\n\t\t\t\t\t\t<div class=\"elementor-container elementor-column-gap-default\">\n\t\t\t\t\t<div class=\"elementor-column elementor-col-100 elementor-top-column elementor-element elementor-element-75bd260\" data-id=\"75bd260\" data-element_type=\"column\" data-e-type=\"column\">\n\t\t\t<div class=\"elementor-widget-wrap elementor-element-populated\">\n\t\t\t\t\t\t<div class=\"elementor-element elementor-element-fc14253 elementor-widget elementor-widget-nav-menu\" data-id=\"fc14253\" data-element_type=\"widget\" data-e-type=\"widget\" data-widget_type=\"nav-menu.default\">\n\t\t\t\t<div class=\"elementor-widget-container\">\n\t\t\t\t\t \t\t\t\t<\/div>\n\t\t\t\t<\/div>\n\t\t\t\t\t<\/div>\n\t\t<\/div>\n\t\t\t\t\t<\/div>\n\t\t<\/section>\n\t\t\t\t<section class=\"elementor-section elementor-top-section elementor-element elementor-element-35f2631 elementor-section-boxed elementor-section-height-default elementor-section-height-default\" data-id=\"35f2631\" data-element_type=\"section\" data-e-type=\"section\" data-settings=\"{&quot;_ha_eqh_enable&quot;:false}\">\n\t\t\t\t\t\t<div class=\"elementor-container elementor-column-gap-default\">\n\t\t\t\t\t<div class=\"elementor-column elementor-col-100 elementor-top-column elementor-element elementor-element-045a2bd\" data-id=\"045a2bd\" data-element_type=\"column\" data-e-type=\"column\">\n\t\t\t<div class=\"elementor-widget-wrap elementor-element-populated\">\n\t\t\t\t\t\t<div class=\"elementor-element elementor-element-4a54737 elementor-widget elementor-widget-image\" data-id=\"4a54737\" data-element_type=\"widget\" data-e-type=\"widget\" data-widget_type=\"image.default\">\n\t\t\t\t<div class=\"elementor-widget-container\">\n\t\t\t\t\t\t\t\t\t\t\t\t\t\t\t<img fetchpriority=\"high\" decoding=\"async\" width=\"1069\" height=\"479\" src=\"https:\/\/campoagricola.es\/wp-content\/uploads\/2020\/11\/cc353580800.jpg\" class=\"attachment-full size-full wp-image-18450\" alt=\"\" srcset=\"https:\/\/campoagricola.es\/wp-content\/uploads\/2020\/11\/cc353580800.jpg 1069w, https:\/\/campoagricola.es\/wp-content\/uploads\/2020\/11\/cc353580800-300x134.jpg 300w, https:\/\/campoagricola.es\/wp-content\/uploads\/2020\/11\/cc353580800-1024x459.jpg 1024w, https:\/\/campoagricola.es\/wp-content\/uploads\/2020\/11\/cc353580800-768x344.jpg 768w\" sizes=\"(max-width: 1069px) 100vw, 1069px\" \/>\t\t\t\t\t\t\t\t\t\t\t\t\t\t\t<\/div>\n\t\t\t\t<\/div>\n\t\t\t\t<div class=\"elementor-element elementor-element-7b81f45 elementor-widget-divider--view-line elementor-widget elementor-widget-divider\" data-id=\"7b81f45\" data-element_type=\"widget\" data-e-type=\"widget\" data-widget_type=\"divider.default\">\n\t\t\t\t<div class=\"elementor-widget-container\">\n\t\t\t\t\t\t\t<div class=\"elementor-divider\">\n\t\t\t<span class=\"elementor-divider-separator\">\n\t\t\t\t\t\t<\/span>\n\t\t<\/div>\n\t\t\t\t\t\t<\/div>\n\t\t\t\t<\/div>\n\t\t\t\t\t<\/div>\n\t\t<\/div>\n\t\t\t\t\t<\/div>\n\t\t<\/section>\n\t\t\t\t<section class=\"elementor-section elementor-top-section elementor-element elementor-element-1bd08408 elementor-section-boxed elementor-section-height-default elementor-section-height-default\" data-id=\"1bd08408\" data-element_type=\"section\" data-e-type=\"section\" data-settings=\"{&quot;_ha_eqh_enable&quot;:false}\">\n\t\t\t\t\t\t<div class=\"elementor-container elementor-column-gap-default\">\n\t\t\t\t\t<div class=\"elementor-column elementor-col-100 elementor-top-column elementor-element elementor-element-3d16d7df\" data-id=\"3d16d7df\" data-element_type=\"column\" data-e-type=\"column\">\n\t\t\t<div class=\"elementor-widget-wrap elementor-element-populated\">\n\t\t\t\t\t\t<div class=\"elementor-element elementor-element-20110482 elementor-widget elementor-widget-text-editor\" data-id=\"20110482\" data-element_type=\"widget\" data-e-type=\"widget\" data-widget_type=\"text-editor.default\">\n\t\t\t\t<div class=\"elementor-widget-container\">\n\t\t\t\t\t\t\t\t\t<p>[vc_row][vc_column][vc_column_text]<\/p>\n<table style=\"text-align: center;\" border=\"0\" width=\"100%\" cellspacing=\"0\" cellpadding=\"0\">\n<tbody>\n<tr>\n<td width=\"80\"><b><span style=\"color: rgb(0, 0, 0); font-size: 19.2px;\">Partie<\/span><br><\/b><\/td>\n<td width=\"30\"><span style=\"font-size: 1.2em; color: #000000;\"><b>N\u00ba<\/b><\/span><\/td>\n<td width=\"80\"><span style=\"font-size: 1.2em; color: #000000;\"><b>Code<\/b><\/span><\/td>\n<td width=\"80\"><b><span style=\"color: rgb(0, 0, 0); font-size: 19.2px;\">Description<\/span><br><\/b><\/td>\n<td width=\"80\"><b><span style=\"color: rgb(0, 0, 0); font-size: 19.2px;\">Caract\u00e9ristiques<\/span><br><\/b><\/td>\n<td width=\"80\"><font color=\"#000000\"><span style=\"font-size: 19.2px;\"><b>Poids<\/b><\/span><\/font><\/td>\n<\/tr>\n<tr>\n<td><img decoding=\"async\" src=\"https:\/\/campoagricola.es\/wp-content\/uploads\/2019\/09\/20180412_094428_resized.jpg\" alt=\"\" width=\"150\" height=\"122\"><\/td>\n<td>1<\/td>\n<td>1803602<\/td>\n<td>Tube de protection de ressort<\/td>\n<td>40 x 30<\/td>\n<td>3,00<\/td>\n<\/tr>\n<tr>\n<\/tr>\n<tr>\n<td><img decoding=\"async\" src=\"https:\/\/campoagricola.es\/wp-content\/uploads\/2019\/10\/20180412_094218_resized.jpg\" alt=\"\" width=\"117\" height=\"111\"><\/td>\n<td>2<\/td>\n<td>0801600<\/td>\n<td>Ressort ext\u00e9rieur<\/td>\n<td>300 x 90 x 18<\/td>\n<td>5,10<\/td>\n<\/tr>\n<tr>\n<\/tr>\n<tr>\n<td><img loading=\"lazy\" decoding=\"async\" src=\"https:\/\/campoagricola.es\/wp-content\/uploads\/2020\/09\/tapa-nylon-2.jpg\" alt=\"\" width=\"79\" height=\"85\"><\/td>\n<td>3<\/td>\n<td>1801802<\/td>\n<td>Couvercle&nbsp;nylon suj\u00e9tion ressort<br><\/td>\n<td><\/td>\n<td>0,01<\/td>\n<\/tr>\n<tr>\n<\/tr>\n<tr>\n<td><img loading=\"lazy\" decoding=\"async\" src=\"https:\/\/campoagricola.es\/wp-content\/uploads\/2020\/09\/tapa-metalica.jpg\" alt=\"\" width=\"70\" height=\"87\"><\/td>\n<td>4<\/td>\n<td>1805100<\/td>\n<td>Couvercle&nbsp;en m\u00e9tal suj\u00e9tion ressort<\/td>\n<td>M.22<\/td>\n<td width=\"41\">0,15<\/td>\n<\/tr>\n<tr>\n<\/tr>\n<tr>\n<td><img loading=\"lazy\" decoding=\"async\" src=\"https:\/\/campoagricola.es\/wp-content\/uploads\/2019\/09\/Sin-t\u00edtulo-1.jpg\" alt=\"\" width=\"79\" height=\"74\"><\/td>\n<td>5<\/td>\n<td>4554100<\/td>\n<td>\u00c9crous r\u00e9gulation de pression (x2)<\/td>\n<td>D-934 M.22<\/td>\n<td>0,08<\/td>\n<\/tr>\n<tr>\n<\/tr>\n<tr>\n<td><img loading=\"lazy\" decoding=\"async\" src=\"https:\/\/campoagricola.es\/wp-content\/uploads\/2019\/10\/20180412_094200_resized.jpg\" alt=\"\" width=\"150\" height=\"51\"><\/td>\n<td>6<\/td>\n<td>4535700<\/td>\n<td>Vis r\u00e9gulation de pression<\/td>\n<td width=\"157\">D-933 8.8 M.22 x 150<\/td>\n<td width=\"41\">0,47<\/td>\n<\/tr>\n<tr>\n<\/tr>\n<tr>\n<td width=\"24\"><img loading=\"lazy\" decoding=\"async\" src=\"https:\/\/campoagricola.es\/wp-content\/uploads\/2019\/10\/1801600.jpg\" alt=\"\" width=\"233\" height=\"108\"><\/td>\n<td>7<\/td>\n<td width=\"83\">1802405<\/td>\n<td width=\"221\">Bo\u00eete semichisel<\/td>\n<td width=\"157\">35 x 35<\/td>\n<td>7,50<\/td>\n<\/tr>\n<tr>\n<\/tr>\n<tr>\n<td width=\"24\"><img loading=\"lazy\" decoding=\"async\" src=\"https:\/\/campoagricola.es\/wp-content\/uploads\/2019\/10\/20180412_094053_resized.jpg\" alt=\"\" width=\"74\" height=\"69\"><\/td>\n<td>8<\/td>\n<td>1803100<\/td>\n<td>Casquette nylon plus haute (x2)<br><\/td>\n<td><\/td>\n<td>0,10<\/td>\n<\/tr>\n<tr>\n<\/tr>\n<tr>\n<td><img loading=\"lazy\" decoding=\"async\" src=\"https:\/\/campoagricola.es\/wp-content\/uploads\/2019\/10\/20180412_094053_resized-1.jpg\" alt=\"\" width=\"71\" height=\"68\"><\/td>\n<td>9<\/td>\n<td>1803200<\/td>\n<td>Casquette nylon plus bas (x2)<br><\/td>\n<td><\/td>\n<td>0,12<\/td>\n<\/tr>\n<tr>\n<\/tr>\n<tr>\n<td><img loading=\"lazy\" decoding=\"async\" src=\"https:\/\/campoagricola.es\/wp-content\/uploads\/2019\/10\/4443500-1.jpg\" alt=\"\" width=\"112\" height=\"58\"><\/td>\n<td>10<\/td>\n<td>4443500<\/td>\n<td>Vis amarrage dent<\/td>\n<td>D-931 8.8 M.18 x 70<\/td>\n<td>0,18<\/td>\n<\/tr>\n<tr>\n<\/tr>\n<tr>\n<td><img loading=\"lazy\" decoding=\"async\" src=\"https:\/\/campoagricola.es\/wp-content\/uploads\/2020\/03\/2809700.jpg\" alt=\"\" width=\"57\" height=\"56\"><\/td>\n<td>11<\/td>\n<td>2809700<\/td>\n<td>Rondelle Grower<\/td>\n<td>D-127&nbsp; &nbsp;M.18<\/td>\n<td>0,15<\/td>\n<\/tr>\n<tr>\n<\/tr>\n<tr>\n<td><img loading=\"lazy\" decoding=\"async\" src=\"https:\/\/campoagricola.es\/wp-content\/uploads\/2019\/10\/5007500.jpg\" alt=\"\" width=\"60\" height=\"58\"><\/td>\n<td>12<\/td>\n<td>5007200<\/td>\n<td>\u00c8crois vis amarrage&nbsp;dent<\/td>\n<td>D-985 M.18<\/td>\n<td>0,05<\/td>\n<\/tr>\n<tr>\n<\/tr>\n<tr>\n<td><img loading=\"lazy\" decoding=\"async\" src=\"https:\/\/campoagricola.es\/wp-content\/uploads\/2019\/10\/abarcon-negro.jpg\" alt=\"\" width=\"85\" height=\"87\"><\/td>\n<td>13<\/td>\n<td>2402350<\/td>\n<td>Etrier en U dent<\/td>\n<td>8.8 14 x 50 x 65<\/td>\n<td>0,19<\/td>\n<\/tr>\n<tr>\n<\/tr>\n<tr>\n<td><img loading=\"lazy\" decoding=\"async\" src=\"https:\/\/campoagricola.es\/wp-content\/uploads\/2019\/10\/Sin-t\u00edtulo-2.jpg\" alt=\"\" width=\"68\" height=\"66\"><\/td>\n<td>14<\/td>\n<td>5007000<\/td>\n<td>\u00c9crous etrier en U (x2)<\/td>\n<td>D-985 M.14<\/td>\n<td>0,03<\/td>\n<\/tr>\n<tr>\n<\/tr>\n<tr>\n<td><img loading=\"lazy\" decoding=\"async\" src=\"https:\/\/campoagricola.es\/wp-content\/uploads\/2019\/10\/20180416_110522-1_resized.jpg\" alt=\"\" width=\"99\" height=\"90\"><\/td>\n<td>15<\/td>\n<td>1802800<\/td>\n<td>Plaque etrier en U&nbsp;<\/td>\n<td>35 x 35<\/td>\n<td>0,14<\/td>\n<\/tr>\n<tr>\n<\/tr>\n<tr>\n<td><img loading=\"lazy\" decoding=\"async\" src=\"https:\/\/campoagricola.es\/wp-content\/uploads\/2019\/10\/20180412_094241_resized.jpg\" alt=\"\" width=\"142\" height=\"110\"><\/td>\n<td>16<\/td>\n<td>1802601<\/td>\n<td>Bride de amarrage&nbsp;<\/td>\n<td>40 x 30 CH 80 x 80<\/td>\n<td>3,80<\/td>\n<\/tr>\n<tr>\n<\/tr>\n<tr>\n<td><img loading=\"lazy\" decoding=\"async\" src=\"https:\/\/campoagricola.es\/wp-content\/uploads\/2019\/10\/20180412_094352_resized.jpg\" alt=\"\" width=\"121\" height=\"145\"><\/td>\n<td>17<\/td>\n<td>1802305<\/td>\n<td>T\u00eate chisel<\/td>\n<td>40 x 30<\/td>\n<td>7,10<\/td>\n<\/tr>\n<tr>\n<\/tr>\n<tr>\n<td><img loading=\"lazy\" decoding=\"async\" src=\"https:\/\/campoagricola.es\/wp-content\/uploads\/2019\/10\/20180416_113317_resized-2.jpg\" alt=\"\" width=\"150\" height=\"66\"><\/td>\n<td>18<\/td>\n<td>4443900<\/td>\n<td>Vis fixation bride-t\u00eate&nbsp;(x4)<\/td>\n<td>D-931&nbsp; 8.8&nbsp; M.18 x 90<\/td>\n<td>0,22<\/td>\n<\/tr>\n<tr>\n<\/tr>\n<tr>\n<td><img loading=\"lazy\" decoding=\"async\" src=\"https:\/\/campoagricola.es\/wp-content\/uploads\/2019\/10\/20180416_113317_resized-1.jpg\" alt=\"\" width=\"63\" height=\"53\"><\/td>\n<td>19<\/td>\n<td>5007200<\/td>\n<td>\u00c9crous vis fixation bride-t\u00eate&nbsp;(x4)<\/td>\n<td>D-985 M.18<\/td>\n<td>0,05<\/td>\n<\/tr>\n<tr>\n<\/tr>\n<tr>\n<td><img loading=\"lazy\" decoding=\"async\" src=\"https:\/\/campoagricola.es\/wp-content\/uploads\/2019\/10\/20180412_094128_resized-1.jpg\" alt=\"\" width=\"155\" height=\"62\"><\/td>\n<td>20<\/td>\n<td>3419200<\/td>\n<td>Vis boulon( x2)<\/td>\n<td>M.22 x 150 10.9<\/td>\n<td>0,55<\/td>\n<\/tr>\n<tr>\n<\/tr>\n<tr>\n<td><img loading=\"lazy\" decoding=\"async\" src=\"https:\/\/campoagricola.es\/wp-content\/uploads\/2019\/10\/5007500.jpg\" alt=\"\" width=\"62\" height=\"60\"><\/td>\n<td>21<\/td>\n<td>5002400<\/td>\n<td>\u00c8crous vis boulon (x2)<\/td>\n<td>D-980 M.22<\/td>\n<td>0,08<\/td>\n<\/tr>\n<tr>\n<\/tr>\n<tr>\n<td><img loading=\"lazy\" decoding=\"async\" src=\"https:\/\/campoagricola.es\/wp-content\/uploads\/2019\/10\/djdjsg.jpg\" alt=\"\" width=\"82\" height=\"79\"><\/td>\n<td>22<\/td>\n<td>2819300<\/td>\n<td>Rondelle plate vis boulon (x2)<\/td>\n<td>D-125 M.22<\/td>\n<td>0,02<\/td>\n<\/tr>\n<tr>\n<\/tr>\n<tr>\n<td><img loading=\"lazy\" decoding=\"async\" src=\"https:\/\/campoagricola.es\/wp-content\/uploads\/2020\/09\/brazo-vi\u00f1ero-izquierdo.jpg\" alt=\"\" width=\"164\" height=\"116\"><\/td>\n<td>23<\/td>\n<td>0413300<\/td>\n<td>Dent chisel pour vignoble<\/td>\n<td>35 x 35 \u2013 VI<\/td>\n<td>7,00<\/td>\n<\/tr>\n<tr>\n<\/tr>\n<tr>\n<td><img loading=\"lazy\" decoding=\"async\" src=\"https:\/\/campoagricola.es\/wp-content\/uploads\/2019\/10\/chisel.jpg\" alt=\"\" width=\"170\" height=\"129\"><\/td>\n<td>24<\/td>\n<td>0102000<\/td>\n<td>Soc<br><\/td>\n<td>37B &#8211; ES<\/td>\n<td>2,15<\/td>\n<\/tr>\n<tr>\n<\/tr>\n<tr>\n<td><img loading=\"lazy\" decoding=\"async\" src=\"https:\/\/campoagricola.es\/wp-content\/uploads\/2019\/10\/Tornillo608.jpg\" alt=\"\" width=\"150\" height=\"98\"><\/td>\n<td>25<\/td>\n<td>3417000<\/td>\n<td>\u00c8crous et vis soc (x2)<\/td>\n<td>D-608 \/ 934&nbsp; M.12 x 65<\/td>\n<td>0,08<\/td>\n<\/tr>\n<\/tbody>\n<\/table>\n<p>[\/vc_column_text][\/vc_column][\/vc_row]<\/p>\t\t\t\t\t\t\t\t<\/div>\n\t\t\t\t<\/div>\n\t\t\t\t\t<\/div>\n\t\t<\/div>\n\t\t\t\t\t<\/div>\n\t\t<\/section>\n\t\t\t\t<\/div>\n\t\t","protected":false},"excerpt":{"rendered":"<p>chisel CC353580800V-I [vc_row][vc_column][vc_column_text] Partie N\u00ba Code Description Caract\u00e9ristiques Poids 1 1803602 Tube de protection de ressort 40 x 30 3,00 2 0801600 Ressort ext\u00e9rieur 300 x 90 x 18 5,10 3 1801802 Couvercle&nbsp;nylon suj\u00e9tion ressort 0,01 4 1805100 Couvercle&nbsp;en m\u00e9tal suj\u00e9tion ressort M.22 0,15 5 4554100 \u00c9crous r\u00e9gulation de pression (x2) D-934 M.22 0,08 6 [&hellip;]<\/p>\n","protected":false},"author":1,"featured_media":0,"parent":0,"menu_order":0,"comment_status":"closed","ping_status":"closed","template":"elementor_header_footer","meta":{"footnotes":""},"class_list":["post-24513","page","type-page","status-publish","hentry"],"_links":{"self":[{"href":"https:\/\/campoagricola.es\/index.php\/wp-json\/wp\/v2\/pages\/24513","targetHints":{"allow":["GET"]}}],"collection":[{"href":"https:\/\/campoagricola.es\/index.php\/wp-json\/wp\/v2\/pages"}],"about":[{"href":"https:\/\/campoagricola.es\/index.php\/wp-json\/wp\/v2\/types\/page"}],"author":[{"embeddable":true,"href":"https:\/\/campoagricola.es\/index.php\/wp-json\/wp\/v2\/users\/1"}],"replies":[{"embeddable":true,"href":"https:\/\/campoagricola.es\/index.php\/wp-json\/wp\/v2\/comments?post=24513"}],"version-history":[{"count":10,"href":"https:\/\/campoagricola.es\/index.php\/wp-json\/wp\/v2\/pages\/24513\/revisions"}],"predecessor-version":[{"id":28276,"href":"https:\/\/campoagricola.es\/index.php\/wp-json\/wp\/v2\/pages\/24513\/revisions\/28276"}],"wp:attachment":[{"href":"https:\/\/campoagricola.es\/index.php\/wp-json\/wp\/v2\/media?parent=24513"}],"curies":[{"name":"wp","href":"https:\/\/api.w.org\/{rel}","templated":true}]}}