{"id":24533,"date":"2019-10-10T08:55:38","date_gmt":"2019-10-10T08:55:38","guid":{"rendered":"https:\/\/campoagricola.es\/?page_id=24533"},"modified":"2021-06-21T09:55:54","modified_gmt":"2021-06-21T09:55:54","slug":"chisel-cc30308080v-i_fr","status":"publish","type":"page","link":"https:\/\/campoagricola.es\/index.php\/chisel-cc30308080v-i_fr\/","title":{"rendered":"Chisel CC30308080V-I_fr"},"content":{"rendered":"\t\t<div data-elementor-type=\"wp-page\" data-elementor-id=\"24533\" class=\"elementor elementor-24533\" data-elementor-settings=\"{&quot;ha_cmc_init_switcher&quot;:&quot;no&quot;}\">\n\t\t\t\t\t\t<section class=\"elementor-section elementor-top-section elementor-element elementor-element-349e898 elementor-section-height-min-height elementor-section-boxed elementor-section-height-default elementor-section-items-middle\" data-id=\"349e898\" data-element_type=\"section\" data-e-type=\"section\" data-settings=\"{&quot;background_background&quot;:&quot;classic&quot;,&quot;_ha_eqh_enable&quot;:false}\">\n\t\t\t\t\t\t\t<div class=\"elementor-background-overlay\"><\/div>\n\t\t\t\t\t\t\t<div class=\"elementor-container elementor-column-gap-wider\">\n\t\t\t\t\t<div class=\"elementor-column elementor-col-100 elementor-top-column elementor-element elementor-element-34fadbb\" data-id=\"34fadbb\" data-element_type=\"column\" data-e-type=\"column\">\n\t\t\t<div class=\"elementor-widget-wrap elementor-element-populated\">\n\t\t\t\t\t\t<div class=\"elementor-element elementor-element-a2d07f1 elementor-widget elementor-widget-heading\" data-id=\"a2d07f1\" data-element_type=\"widget\" data-e-type=\"widget\" data-widget_type=\"heading.default\">\n\t\t\t\t<div class=\"elementor-widget-container\">\n\t\t\t\t\t<h1 class=\"elementor-heading-title elementor-size-default\">Chisel CC30308080V-I<\/h1>\t\t\t\t<\/div>\n\t\t\t\t<\/div>\n\t\t\t\t\t<\/div>\n\t\t<\/div>\n\t\t\t\t\t<\/div>\n\t\t<\/section>\n\t\t\t\t<section class=\"elementor-section elementor-top-section elementor-element elementor-element-9ba4f3b elementor-section-full_width elementor-section-height-default elementor-section-height-default\" data-id=\"9ba4f3b\" data-element_type=\"section\" data-e-type=\"section\" data-settings=\"{&quot;_ha_eqh_enable&quot;:false}\">\n\t\t\t\t\t\t<div class=\"elementor-container elementor-column-gap-default\">\n\t\t\t\t\t<div class=\"elementor-column elementor-col-100 elementor-top-column elementor-element elementor-element-207c882\" data-id=\"207c882\" data-element_type=\"column\" data-e-type=\"column\">\n\t\t\t<div class=\"elementor-widget-wrap elementor-element-populated\">\n\t\t\t\t\t\t<div class=\"elementor-element elementor-element-d572266 elementor-widget elementor-widget-nav-menu\" data-id=\"d572266\" data-element_type=\"widget\" data-e-type=\"widget\" data-widget_type=\"nav-menu.default\">\n\t\t\t\t<div class=\"elementor-widget-container\">\n\t\t\t\t\t \t\t\t\t<\/div>\n\t\t\t\t<\/div>\n\t\t\t\t\t<\/div>\n\t\t<\/div>\n\t\t\t\t\t<\/div>\n\t\t<\/section>\n\t\t\t\t<section class=\"elementor-section elementor-top-section elementor-element elementor-element-120833f elementor-section-boxed elementor-section-height-default elementor-section-height-default\" data-id=\"120833f\" data-element_type=\"section\" data-e-type=\"section\" data-settings=\"{&quot;_ha_eqh_enable&quot;:false}\">\n\t\t\t\t\t\t<div class=\"elementor-container elementor-column-gap-default\">\n\t\t\t\t\t<div class=\"elementor-column elementor-col-100 elementor-top-column elementor-element elementor-element-6e29dc1\" data-id=\"6e29dc1\" data-element_type=\"column\" data-e-type=\"column\">\n\t\t\t<div class=\"elementor-widget-wrap elementor-element-populated\">\n\t\t\t\t\t\t<div class=\"elementor-element elementor-element-6395632 elementor-widget elementor-widget-image\" data-id=\"6395632\" data-element_type=\"widget\" data-e-type=\"widget\" data-widget_type=\"image.default\">\n\t\t\t\t<div class=\"elementor-widget-container\">\n\t\t\t\t\t\t\t\t\t\t\t\t\t\t\t<img fetchpriority=\"high\" decoding=\"async\" width=\"1069\" height=\"479\" src=\"https:\/\/campoagricola.es\/wp-content\/uploads\/2019\/10\/cc30308080-2.jpg\" class=\"attachment-full size-full wp-image-13164\" alt=\"\" srcset=\"https:\/\/campoagricola.es\/wp-content\/uploads\/2019\/10\/cc30308080-2.jpg 1069w, https:\/\/campoagricola.es\/wp-content\/uploads\/2019\/10\/cc30308080-2-300x134.jpg 300w, https:\/\/campoagricola.es\/wp-content\/uploads\/2019\/10\/cc30308080-2-768x344.jpg 768w, https:\/\/campoagricola.es\/wp-content\/uploads\/2019\/10\/cc30308080-2-1024x459.jpg 1024w\" sizes=\"(max-width: 1069px) 100vw, 1069px\" \/>\t\t\t\t\t\t\t\t\t\t\t\t\t\t\t<\/div>\n\t\t\t\t<\/div>\n\t\t\t\t<div class=\"elementor-element elementor-element-d13e0cb elementor-widget-divider--view-line elementor-widget elementor-widget-divider\" data-id=\"d13e0cb\" data-element_type=\"widget\" data-e-type=\"widget\" data-widget_type=\"divider.default\">\n\t\t\t\t<div class=\"elementor-widget-container\">\n\t\t\t\t\t\t\t<div class=\"elementor-divider\">\n\t\t\t<span class=\"elementor-divider-separator\">\n\t\t\t\t\t\t<\/span>\n\t\t<\/div>\n\t\t\t\t\t\t<\/div>\n\t\t\t\t<\/div>\n\t\t\t\t\t<\/div>\n\t\t<\/div>\n\t\t\t\t\t<\/div>\n\t\t<\/section>\n\t\t\t\t<section class=\"elementor-section elementor-top-section elementor-element elementor-element-7168c57 elementor-section-boxed elementor-section-height-default elementor-section-height-default\" data-id=\"7168c57\" data-element_type=\"section\" data-e-type=\"section\" data-settings=\"{&quot;_ha_eqh_enable&quot;:false}\">\n\t\t\t\t\t\t<div class=\"elementor-container elementor-column-gap-default\">\n\t\t\t\t\t<div class=\"elementor-column elementor-col-100 elementor-top-column elementor-element elementor-element-790728aa\" data-id=\"790728aa\" data-element_type=\"column\" data-e-type=\"column\">\n\t\t\t<div class=\"elementor-widget-wrap elementor-element-populated\">\n\t\t\t\t\t\t<div class=\"elementor-element elementor-element-5fd4b918 elementor-widget elementor-widget-text-editor\" data-id=\"5fd4b918\" data-element_type=\"widget\" data-e-type=\"widget\" data-widget_type=\"text-editor.default\">\n\t\t\t\t<div class=\"elementor-widget-container\">\n\t\t\t\t\t\t\t\t\t<p>[vc_row][vc_column][vc_column_text]<\/p>\n<table style=\"text-align: center;\" border=\"0\" width=\"100%\" cellspacing=\"0\" cellpadding=\"0\">\n<tbody>\n<tr>\n<td width=\"80\"><b><span style=\"color: rgb(0, 0, 0); font-size: 19.2px;\">Partie<\/span><br><\/b><\/td>\n<td width=\"30\"><span style=\"font-size: 1.2em; color: #000000;\"><b>N\u00ba<\/b><\/span><\/td>\n<td width=\"80\"><b><span style=\"color: rgb(0, 0, 0); font-size: 19.2px;\">Code<\/span><br><\/b><\/td>\n<td width=\"80\"><span style=\"color: rgb(0, 0, 0); font-size: 19.2px;\"><b>Description<\/b><\/span><\/td>\n<td width=\"80\"><b><span style=\"color: rgb(0, 0, 0); font-size: 19.2px;\">Caract\u00e9ristiques<\/span><br><\/b><\/td>\n<td width=\"80\"><span style=\"color: rgb(0, 0, 0); font-size: 19.2px;\"><b>Poids<\/b><\/span><\/td>\n<\/tr>\n<tr>\n<td><img decoding=\"async\" src=\"https:\/\/campoagricola.es\/wp-content\/uploads\/2019\/09\/20180412_094428_resized.jpg\" alt=\"\" width=\"150\" height=\"122\"><\/td>\n<td>1<\/td>\n<td>1803601<\/td>\n<td>Tube de protection de ressort<\/td>\n<td>30 x 30<\/td>\n<td>3,00<\/td>\n<\/tr>\n<tr>\n<td><img decoding=\"async\" src=\"https:\/\/campoagricola.es\/wp-content\/uploads\/2019\/10\/20180412_094218_resized.jpg\" alt=\"\" width=\"117\" height=\"111\"><\/td>\n<td>2<\/td>\n<td>0800800<\/td>\n<td>Ressort ext\u00e9rieur<\/td>\n<td>350 x 90 x 16<\/td>\n<td>3,50<\/td>\n<\/tr>\n<tr>\n<td><img loading=\"lazy\" decoding=\"async\" src=\"https:\/\/campoagricola.es\/wp-content\/uploads\/2020\/09\/tapa-nylon-2.jpg\" alt=\"\" width=\"79\" height=\"85\"><\/td>\n<td>3<\/td>\n<td>1801802<\/td>\n<td>Couvercle&nbsp;nylon suj\u00e9tion ressort<br><\/td>\n<td><\/td>\n<td>0,01<\/td>\n<\/tr>\n<tr>\n<td><img loading=\"lazy\" decoding=\"async\" src=\"https:\/\/campoagricola.es\/wp-content\/uploads\/2020\/09\/tapa-metalica.jpg\" alt=\"\" width=\"71\" height=\"88\"><\/td>\n<td>4<\/td>\n<td>1805100<\/td>\n<td>Couvercle&nbsp;en m\u00e9tal suj\u00e9tion ressort<\/td>\n<td>M.22<\/td>\n<td width=\"41\">0,15<\/td>\n<\/tr>\n<tr>\n<td><img loading=\"lazy\" decoding=\"async\" src=\"https:\/\/campoagricola.es\/wp-content\/uploads\/2019\/09\/Sin-t\u00edtulo-1.jpg\" alt=\"\" width=\"79\" height=\"74\"><\/td>\n<td>5<\/td>\n<td>4553800<\/td>\n<td>\u00c9crous r\u00e9gulation de pression (x2)<\/td>\n<td>D-934 M.20<\/td>\n<td>0,06<\/td>\n<\/tr>\n<tr>\n<td><img loading=\"lazy\" decoding=\"async\" src=\"https:\/\/campoagricola.es\/wp-content\/uploads\/2019\/10\/20180412_094200_resized.jpg\" alt=\"\" width=\"150\" height=\"51\"><\/td>\n<td>6<\/td>\n<td>4535690<\/td>\n<td>Vis r\u00e9gulation de pression<\/td>\n<td width=\"157\">D-933 8.8 M.22 x 140<\/td>\n<td width=\"41\">0,46<\/td>\n<\/tr>\n<tr>\n<td width=\"24\"><img loading=\"lazy\" decoding=\"async\" src=\"https:\/\/campoagricola.es\/wp-content\/uploads\/2019\/10\/1801600.jpg\" alt=\"\" width=\"233\" height=\"108\"><\/td>\n<td>7<\/td>\n<td width=\"83\">1802701<\/td>\n<td width=\"221\">Bo\u00eete chisel<\/td>\n<td width=\"157\">30 x 30<\/td>\n<td>7,00<\/td>\n<\/tr>\n<tr>\n<td width=\"24\"><img loading=\"lazy\" decoding=\"async\" src=\"https:\/\/campoagricola.es\/wp-content\/uploads\/2019\/10\/20180412_094053_resized.jpg\" alt=\"\" width=\"74\" height=\"69\"><\/td>\n<td>8<\/td>\n<td>1803100<\/td>\n<td>Casquette nylon plus haute (x2)<br><\/td>\n<td><\/td>\n<td>0,10<\/td>\n<\/tr>\n<tr>\n<td><img loading=\"lazy\" decoding=\"async\" src=\"https:\/\/campoagricola.es\/wp-content\/uploads\/2019\/10\/20180412_094053_resized-1.jpg\" alt=\"\" width=\"71\" height=\"68\"><\/td>\n<td>9<\/td>\n<td>1803200<\/td>\n<td>Casquette nylon plus bas (x2)<br><\/td>\n<td><\/td>\n<td>0,12<\/td>\n<\/tr>\n<tr>\n<td><img loading=\"lazy\" decoding=\"async\" src=\"https:\/\/campoagricola.es\/wp-content\/uploads\/2019\/10\/4443500-1.jpg\" alt=\"\" width=\"112\" height=\"58\"><\/td>\n<td>10<\/td>\n<td>4440500<\/td>\n<td>Vis amarrage dent<\/td>\n<td>D-931 8.8 M.16 x 60<\/td>\n<td>0,12<\/td>\n<\/tr>\n<tr>\n<td><img loading=\"lazy\" decoding=\"async\" src=\"https:\/\/campoagricola.es\/wp-content\/uploads\/2019\/10\/5007500.jpg\" alt=\"\" width=\"60\" height=\"58\"><\/td>\n<td>11<\/td>\n<td>5007100<\/td>\n<td>\u00c8crois vis amarrage&nbsp;dent<\/td>\n<td>D-985 M.16<\/td>\n<td>0,03<\/td>\n<\/tr>\n<tr>\n<td><img loading=\"lazy\" decoding=\"async\" src=\"https:\/\/campoagricola.es\/wp-content\/uploads\/2019\/10\/abarcon-negro.jpg\" alt=\"\" width=\"85\" height=\"87\"><\/td>\n<td>12<\/td>\n<td>2402050<\/td>\n<td>Etrier en U dent<\/td>\n<td>8.8 14 x 42 x 65<\/td>\n<td>0,18<\/td>\n<\/tr>\n<tr>\n<td><img loading=\"lazy\" decoding=\"async\" src=\"https:\/\/campoagricola.es\/wp-content\/uploads\/2019\/10\/Sin-t\u00edtulo-2.jpg\" alt=\"\" width=\"68\" height=\"66\"><\/td>\n<td>13<\/td>\n<td>5007000<\/td>\n<td>\u00c9crous etrier en U (x2)<\/td>\n<td>D-985 M.14<\/td>\n<td>0,03<\/td>\n<\/tr>\n<tr>\n<td><img loading=\"lazy\" decoding=\"async\" src=\"https:\/\/campoagricola.es\/wp-content\/uploads\/2019\/10\/20180416_110522-1_resized.jpg\" alt=\"\" width=\"99\" height=\"90\"><\/td>\n<td>14<\/td>\n<td>1802900<\/td>\n<td>Plaque etrier en U&nbsp;<\/td>\n<td>30 x 30<\/td>\n<td>0,14<\/td>\n<\/tr>\n<tr>\n<td><img loading=\"lazy\" decoding=\"async\" src=\"https:\/\/campoagricola.es\/wp-content\/uploads\/2019\/10\/20180412_094241_resized.jpg\" alt=\"\" width=\"142\" height=\"110\"><\/td>\n<td>15<\/td>\n<td>1802601<\/td>\n<td>Bride de amarrage&nbsp;<\/td>\n<td>40 x 30 CH 80 x 80<\/td>\n<td>3,80<\/td>\n<\/tr>\n<tr>\n<td><img loading=\"lazy\" decoding=\"async\" src=\"https:\/\/campoagricola.es\/wp-content\/uploads\/2019\/10\/20180412_094352_resized.jpg\" alt=\"\" width=\"121\" height=\"145\"><\/td>\n<td>16<\/td>\n<td>1802305<\/td>\n<td>T\u00eate chisel<\/td>\n<td>40 x 30<\/td>\n<td>7,10<\/td>\n<\/tr>\n<tr>\n<td><img loading=\"lazy\" decoding=\"async\" src=\"https:\/\/campoagricola.es\/wp-content\/uploads\/2019\/10\/20180416_113317_resized-2.jpg\" alt=\"\" width=\"150\" height=\"66\"><\/td>\n<td>17<\/td>\n<td>4443900<\/td>\n<td>Vis fixation bride-t\u00eate&nbsp;(x4)<\/td>\n<td>D-931 8.8 M.18 x 90<\/td>\n<td>0,22<\/td>\n<\/tr>\n<tr>\n<td><img loading=\"lazy\" decoding=\"async\" src=\"https:\/\/campoagricola.es\/wp-content\/uploads\/2019\/10\/20180416_113317_resized-1.jpg\" alt=\"\" width=\"63\" height=\"53\"><\/td>\n<td>18<\/td>\n<td>5007200<\/td>\n<td>\u00c9crous vis fixation bride-t\u00eate&nbsp;(x4)<\/td>\n<td>D-985 M.18<\/td>\n<td>0,05<\/td>\n<\/tr>\n<tr>\n<td><img loading=\"lazy\" decoding=\"async\" src=\"https:\/\/campoagricola.es\/wp-content\/uploads\/2019\/10\/20180412_094128_resized-1.jpg\" alt=\"\" width=\"155\" height=\"62\"><\/td>\n<td>19<\/td>\n<td>3419200<\/td>\n<td>Vis boulon( x2)<br><\/td>\n<td>M.22 x 150 10.9<\/td>\n<td>0,55<\/td>\n<\/tr>\n<tr>\n<td><img loading=\"lazy\" decoding=\"async\" src=\"https:\/\/campoagricola.es\/wp-content\/uploads\/2019\/10\/5007500.jpg\" alt=\"\" width=\"62\" height=\"60\"><\/td>\n<td>20<\/td>\n<td>5002400<\/td>\n<td>\u00c8crous vis boulon (x2)<\/td>\n<td>D-980 M.22<\/td>\n<td>0,08<\/td>\n<\/tr>\n<tr>\n<td><img loading=\"lazy\" decoding=\"async\" src=\"https:\/\/campoagricola.es\/wp-content\/uploads\/2019\/10\/djdjsg.jpg\" alt=\"\" width=\"82\" height=\"79\"><\/td>\n<td>21<\/td>\n<td>2819300<\/td>\n<td>Rondelle vis boulon (x2)<\/td>\n<td>D-125 M.22<\/td>\n<td>0,02<\/td>\n<\/tr>\n<tr>\n<td><img loading=\"lazy\" decoding=\"async\" src=\"https:\/\/campoagricola.es\/wp-content\/uploads\/2020\/09\/brazo-vi\u00f1ero-izquierdo.jpg\" alt=\"\" width=\"160\" height=\"113\"><\/td>\n<td>22<\/td>\n<td>0404400<\/td>\n<td>Dent chisel pour vignoble<\/td>\n<td>30 x 30 &#8211; VI<\/td>\n<td>6,00<\/td>\n<\/tr>\n<tr>\n<td><img loading=\"lazy\" decoding=\"async\" src=\"https:\/\/campoagricola.es\/wp-content\/uploads\/2019\/10\/chisel.jpg\" alt=\"\" width=\"170\" height=\"129\"><\/td>\n<td>23<\/td>\n<td>0102000<\/td>\n<td>Soc<\/td>\n<td>37B &#8211; ES<\/td>\n<td>2,15<\/td>\n<\/tr>\n<tr>\n<td><img loading=\"lazy\" decoding=\"async\" src=\"https:\/\/campoagricola.es\/wp-content\/uploads\/2019\/10\/Tornillo608.jpg\" alt=\"\" width=\"150\" height=\"98\"><\/td>\n<td>24<\/td>\n<td>3416900<\/td>\n<td>\u00c8crous et vis soc (x2)<\/td>\n<td>D-608 \/ 934 M.12 x 60<\/td>\n<td>0,07<\/td>\n<\/tr>\n<\/tbody>\n<\/table>\n<p>[\/vc_column_text][\/vc_column][\/vc_row]<\/p>\t\t\t\t\t\t\t\t<\/div>\n\t\t\t\t<\/div>\n\t\t\t\t\t<\/div>\n\t\t<\/div>\n\t\t\t\t\t<\/div>\n\t\t<\/section>\n\t\t\t\t<\/div>\n\t\t","protected":false},"excerpt":{"rendered":"<p>Chisel CC30308080V-I [vc_row][vc_column][vc_column_text] Partie N\u00ba Code Description Caract\u00e9ristiques Poids 1 1803601 Tube de protection de ressort 30 x 30 3,00 2 0800800 Ressort ext\u00e9rieur 350 x 90 x 16 3,50 3 1801802 Couvercle&nbsp;nylon suj\u00e9tion ressort 0,01 4 1805100 Couvercle&nbsp;en m\u00e9tal suj\u00e9tion ressort M.22 0,15 5 4553800 \u00c9crous r\u00e9gulation de pression (x2) D-934 M.20 0,06 6 [&hellip;]<\/p>\n","protected":false},"author":1,"featured_media":0,"parent":0,"menu_order":0,"comment_status":"closed","ping_status":"closed","template":"elementor_header_footer","meta":{"footnotes":""},"class_list":["post-24533","page","type-page","status-publish","hentry"],"_links":{"self":[{"href":"https:\/\/campoagricola.es\/index.php\/wp-json\/wp\/v2\/pages\/24533","targetHints":{"allow":["GET"]}}],"collection":[{"href":"https:\/\/campoagricola.es\/index.php\/wp-json\/wp\/v2\/pages"}],"about":[{"href":"https:\/\/campoagricola.es\/index.php\/wp-json\/wp\/v2\/types\/page"}],"author":[{"embeddable":true,"href":"https:\/\/campoagricola.es\/index.php\/wp-json\/wp\/v2\/users\/1"}],"replies":[{"embeddable":true,"href":"https:\/\/campoagricola.es\/index.php\/wp-json\/wp\/v2\/comments?post=24533"}],"version-history":[{"count":13,"href":"https:\/\/campoagricola.es\/index.php\/wp-json\/wp\/v2\/pages\/24533\/revisions"}],"predecessor-version":[{"id":28285,"href":"https:\/\/campoagricola.es\/index.php\/wp-json\/wp\/v2\/pages\/24533\/revisions\/28285"}],"wp:attachment":[{"href":"https:\/\/campoagricola.es\/index.php\/wp-json\/wp\/v2\/media?parent=24533"}],"curies":[{"name":"wp","href":"https:\/\/api.w.org\/{rel}","templated":true}]}}