{"id":24542,"date":"2024-05-13T10:25:55","date_gmt":"2024-05-13T10:25:55","guid":{"rendered":"https:\/\/campoagricola.es\/?page_id=24542"},"modified":"2024-02-15T11:58:03","modified_gmt":"2024-02-15T11:58:03","slug":"disc-stubble-cultivators","status":"publish","type":"page","link":"https:\/\/campoagricola.es\/index.php\/disc-stubble-cultivators\/","title":{"rendered":"DIsc stubble cultivators"},"content":{"rendered":"\t\t<div data-elementor-type=\"wp-page\" data-elementor-id=\"24542\" class=\"elementor elementor-24542\" data-elementor-settings=\"{&quot;ha_cmc_init_switcher&quot;:&quot;no&quot;}\">\n\t\t\t\t\t\t<section class=\"elementor-section elementor-top-section elementor-element elementor-element-d7cc51e elementor-section-height-min-height elementor-section-boxed elementor-section-height-default elementor-section-items-middle\" data-id=\"d7cc51e\" data-element_type=\"section\" data-e-type=\"section\" data-settings=\"{&quot;background_background&quot;:&quot;classic&quot;,&quot;_ha_eqh_enable&quot;:false,&quot;ekit_has_onepagescroll_dot&quot;:&quot;yes&quot;}\">\n\t\t\t\t\t\t\t<div class=\"elementor-background-overlay\"><\/div>\n\t\t\t\t\t\t\t<div class=\"elementor-container elementor-column-gap-wider\">\n\t\t\t\t\t<div class=\"elementor-column elementor-col-100 elementor-top-column elementor-element elementor-element-1f9e9a6\" data-id=\"1f9e9a6\" data-element_type=\"column\" data-e-type=\"column\">\n\t\t\t<div class=\"elementor-widget-wrap elementor-element-populated\">\n\t\t\t\t\t\t<div class=\"elementor-element elementor-element-41e63ba elementor-widget elementor-widget-heading\" data-id=\"41e63ba\" data-element_type=\"widget\" data-e-type=\"widget\" data-settings=\"{&quot;ekit_we_effect_on&quot;:&quot;none&quot;}\" data-widget_type=\"heading.default\">\n\t\t\t\t<div class=\"elementor-widget-container\">\n\t\t\t\t\t<h1 class=\"elementor-heading-title elementor-size-default\">Disc stubble cultivators<\/h1>\t\t\t\t<\/div>\n\t\t\t\t<\/div>\n\t\t\t\t\t<\/div>\n\t\t<\/div>\n\t\t\t\t\t<\/div>\n\t\t<\/section>\n\t\t\t\t<section class=\"elementor-section elementor-top-section elementor-element elementor-element-4badb90 elementor-section-boxed elementor-section-height-default elementor-section-height-default\" data-id=\"4badb90\" data-element_type=\"section\" data-e-type=\"section\" data-settings=\"{&quot;_ha_eqh_enable&quot;:false,&quot;ekit_has_onepagescroll_dot&quot;:&quot;yes&quot;}\">\n\t\t\t\t\t\t<div class=\"elementor-container elementor-column-gap-default\">\n\t\t\t\t\t<div class=\"elementor-column elementor-col-100 elementor-top-column elementor-element elementor-element-da89464\" data-id=\"da89464\" data-element_type=\"column\" data-e-type=\"column\">\n\t\t\t<div class=\"elementor-widget-wrap elementor-element-populated\">\n\t\t\t\t\t\t<div class=\"elementor-element elementor-element-0e7d20f elementor-widget elementor-widget-text-editor\" data-id=\"0e7d20f\" data-element_type=\"widget\" data-e-type=\"widget\" data-settings=\"{&quot;ekit_we_effect_on&quot;:&quot;none&quot;}\" data-widget_type=\"text-editor.default\">\n\t\t\t\t<div class=\"elementor-widget-container\">\n\t\t\t\t\t\t\t\t\t<p>Depending on the product to be ground, the harrow will require different features. This menas that there is an all-purpose harrow but rather different models. A high speed harrow for corn will be different to one for vineyards. Even the distance between sets, their distribution and the desired attack will not be the same in any case.<\/p><p>The assembly for disc stubble cultivator is complex because of its way of working it will be compressed up and down, but the discs work laterally so we face a new problem, the lateral forces.<\/p><p>In CAMPOAGRICOLA we recommend the use of models with one piece tines. That transmit all the vibration to a single point.<br \/>La grada r\u00e1pida es una maquina compleja, ya que por su forma de trabajo ira comprimi\u00e9ndose hacia arriba y hacia abajo, pero los discos trabajan con lateralidad, con lo que nos enfrentamos a un nuevo problema, las fuerzas laterales. Desde CAMPOAGR\u00cdCOLA recomendamos el uso de gradas r\u00e1pidas de ballesta de una pieza. Que transmitan toda la vibraci\u00f3n a un punto.<\/p>\t\t\t\t\t\t\t\t<\/div>\n\t\t\t\t<\/div>\n\t\t\t\t\t<\/div>\n\t\t<\/div>\n\t\t\t\t\t<\/div>\n\t\t<\/section>\n\t\t\t\t<section class=\"elementor-section elementor-top-section elementor-element elementor-element-11e9b25 elementor-section-boxed elementor-section-height-default elementor-section-height-default\" data-id=\"11e9b25\" data-element_type=\"section\" data-e-type=\"section\" data-settings=\"{&quot;_ha_eqh_enable&quot;:false,&quot;ekit_has_onepagescroll_dot&quot;:&quot;yes&quot;}\">\n\t\t\t\t\t\t<div class=\"elementor-container elementor-column-gap-default\">\n\t\t\t\t\t<div class=\"elementor-column elementor-col-50 elementor-top-column elementor-element elementor-element-40cea86\" data-id=\"40cea86\" data-element_type=\"column\" data-e-type=\"column\">\n\t\t\t<div class=\"elementor-widget-wrap elementor-element-populated\">\n\t\t\t\t\t\t<div class=\"elementor-element elementor-element-b48a0fc elementor-widget elementor-widget-image\" data-id=\"b48a0fc\" data-element_type=\"widget\" data-e-type=\"widget\" data-settings=\"{&quot;ekit_we_effect_on&quot;:&quot;none&quot;}\" data-widget_type=\"image.default\">\n\t\t\t\t<div class=\"elementor-widget-container\">\n\t\t\t\t\t\t\t\t\t\t\t\t\t\t\t<img fetchpriority=\"high\" decoding=\"async\" width=\"332\" height=\"440\" src=\"https:\/\/campoagricola.es\/wp-content\/uploads\/2019\/10\/GradaR\u00e1pida-Centaur1.jpg\" class=\"attachment-large size-large wp-image-13185\" alt=\"\" srcset=\"https:\/\/campoagricola.es\/wp-content\/uploads\/2019\/10\/GradaR\u00e1pida-Centaur1.jpg 332w, https:\/\/campoagricola.es\/wp-content\/uploads\/2019\/10\/GradaR\u00e1pida-Centaur1-226x300.jpg 226w\" sizes=\"(max-width: 332px) 100vw, 332px\" \/>\t\t\t\t\t\t\t\t\t\t\t\t\t\t\t<\/div>\n\t\t\t\t<\/div>\n\t\t\t\t<div class=\"elementor-element elementor-element-701c3b8 elementor-align-center elementor-widget elementor-widget-button\" data-id=\"701c3b8\" data-element_type=\"widget\" data-e-type=\"widget\" data-settings=\"{&quot;ekit_we_effect_on&quot;:&quot;none&quot;}\" data-widget_type=\"button.default\">\n\t\t\t\t<div class=\"elementor-widget-container\">\n\t\t\t\t\t\t\t\t\t<div class=\"elementor-button-wrapper\">\n\t\t\t\t\t<a class=\"elementor-button elementor-button-link elementor-size-sm\" href=\"https:\/\/campoagricola.es\/index.php\/centaur-cultivator-harrow\/\">\n\t\t\t\t\t\t<span class=\"elementor-button-content-wrapper\">\n\t\t\t\t\t\t\t\t\t<span class=\"elementor-button-text\">Centaur cultivator harrow<\/span>\n\t\t\t\t\t<\/span>\n\t\t\t\t\t<\/a>\n\t\t\t\t<\/div>\n\t\t\t\t\t\t\t\t<\/div>\n\t\t\t\t<\/div>\n\t\t\t\t\t<\/div>\n\t\t<\/div>\n\t\t\t\t<div class=\"elementor-column elementor-col-50 elementor-top-column elementor-element elementor-element-e9a0be7\" data-id=\"e9a0be7\" data-element_type=\"column\" data-e-type=\"column\">\n\t\t\t<div class=\"elementor-widget-wrap elementor-element-populated\">\n\t\t\t\t\t\t<div class=\"elementor-element elementor-element-60abfaf elementor-widget elementor-widget-image\" data-id=\"60abfaf\" data-element_type=\"widget\" data-e-type=\"widget\" data-settings=\"{&quot;ekit_we_effect_on&quot;:&quot;none&quot;}\" data-widget_type=\"image.default\">\n\t\t\t\t<div class=\"elementor-widget-container\">\n\t\t\t\t\t\t\t\t\t\t\t\t\t\t\t<img decoding=\"async\" width=\"307\" height=\"370\" src=\"https:\/\/campoagricola.es\/wp-content\/uploads\/2019\/10\/desrastrojadores-2.jpg\" class=\"attachment-large size-large wp-image-13196\" alt=\"\" srcset=\"https:\/\/campoagricola.es\/wp-content\/uploads\/2019\/10\/desrastrojadores-2.jpg 307w, https:\/\/campoagricola.es\/wp-content\/uploads\/2019\/10\/desrastrojadores-2-249x300.jpg 249w\" sizes=\"(max-width: 307px) 100vw, 307px\" \/>\t\t\t\t\t\t\t\t\t\t\t\t\t\t\t<\/div>\n\t\t\t\t<\/div>\n\t\t\t\t<div class=\"elementor-element elementor-element-80c0761 elementor-align-center elementor-widget elementor-widget-button\" data-id=\"80c0761\" data-element_type=\"widget\" data-e-type=\"widget\" data-settings=\"{&quot;ekit_we_effect_on&quot;:&quot;none&quot;}\" data-widget_type=\"button.default\">\n\t\t\t\t<div class=\"elementor-widget-container\">\n\t\t\t\t\t\t\t\t\t<div class=\"elementor-button-wrapper\">\n\t\t\t\t\t<a class=\"elementor-button elementor-button-link elementor-size-sm\" href=\"https:\/\/campoagricola.es\/index.php\/disc-stubble-cultivator\/\">\n\t\t\t\t\t\t<span class=\"elementor-button-content-wrapper\">\n\t\t\t\t\t\t\t\t\t<span class=\"elementor-button-text\">Disc stubble cultivator<\/span>\n\t\t\t\t\t<\/span>\n\t\t\t\t\t<\/a>\n\t\t\t\t<\/div>\n\t\t\t\t\t\t\t\t<\/div>\n\t\t\t\t<\/div>\n\t\t\t\t\t<\/div>\n\t\t<\/div>\n\t\t\t\t\t<\/div>\n\t\t<\/section>\n\t\t\t\t<\/div>\n\t\t","protected":false},"excerpt":{"rendered":"<p>Disc stubble cultivators Depending on the product to be ground, the harrow will require different features. This menas that there is an all-purpose harrow but rather different models. A high speed harrow for corn will be different to one for vineyards. Even the distance between sets, their distribution and the desired attack will not be [&hellip;]<\/p>\n","protected":false},"author":1,"featured_media":0,"parent":0,"menu_order":0,"comment_status":"closed","ping_status":"closed","template":"elementor_header_footer","meta":{"footnotes":""},"class_list":["post-24542","page","type-page","status-publish","hentry"],"_links":{"self":[{"href":"https:\/\/campoagricola.es\/index.php\/wp-json\/wp\/v2\/pages\/24542","targetHints":{"allow":["GET"]}}],"collection":[{"href":"https:\/\/campoagricola.es\/index.php\/wp-json\/wp\/v2\/pages"}],"about":[{"href":"https:\/\/campoagricola.es\/index.php\/wp-json\/wp\/v2\/types\/page"}],"author":[{"embeddable":true,"href":"https:\/\/campoagricola.es\/index.php\/wp-json\/wp\/v2\/users\/1"}],"replies":[{"embeddable":true,"href":"https:\/\/campoagricola.es\/index.php\/wp-json\/wp\/v2\/comments?post=24542"}],"version-history":[{"count":24,"href":"https:\/\/campoagricola.es\/index.php\/wp-json\/wp\/v2\/pages\/24542\/revisions"}],"predecessor-version":[{"id":43557,"href":"https:\/\/campoagricola.es\/index.php\/wp-json\/wp\/v2\/pages\/24542\/revisions\/43557"}],"wp:attachment":[{"href":"https:\/\/campoagricola.es\/index.php\/wp-json\/wp\/v2\/media?parent=24542"}],"curies":[{"name":"wp","href":"https:\/\/api.w.org\/{rel}","templated":true}]}}