{"id":24564,"date":"2019-10-14T07:57:45","date_gmt":"2019-10-14T07:57:45","guid":{"rendered":"https:\/\/campoagricola.es\/?page_id=24564"},"modified":"2023-03-22T13:08:44","modified_gmt":"2023-03-22T13:08:44","slug":"ensemble-double-disque-pour-dechaumeurs-a-disques","status":"publish","type":"page","link":"https:\/\/campoagricola.es\/index.php\/ensemble-double-disque-pour-dechaumeurs-a-disques\/","title":{"rendered":"Ensemble double disque pour d\u00e9chaumeurs \u00e0 disques"},"content":{"rendered":"\t\t<div data-elementor-type=\"wp-page\" data-elementor-id=\"24564\" class=\"elementor elementor-24564\" data-elementor-settings=\"{&quot;ha_cmc_init_switcher&quot;:&quot;no&quot;}\">\n\t\t\t\t\t\t<section class=\"elementor-section elementor-top-section elementor-element elementor-element-b3cc4ed elementor-section-height-min-height elementor-section-boxed elementor-section-height-default elementor-section-items-middle\" data-id=\"b3cc4ed\" data-element_type=\"section\" data-e-type=\"section\" data-settings=\"{&quot;background_background&quot;:&quot;classic&quot;,&quot;_ha_eqh_enable&quot;:false,&quot;ekit_has_onepagescroll_dot&quot;:&quot;yes&quot;}\">\n\t\t\t\t\t\t\t<div class=\"elementor-background-overlay\"><\/div>\n\t\t\t\t\t\t\t<div class=\"elementor-container elementor-column-gap-wider\">\n\t\t\t\t\t<div class=\"elementor-column elementor-col-100 elementor-top-column elementor-element elementor-element-fa47d3f\" data-id=\"fa47d3f\" data-element_type=\"column\" data-e-type=\"column\">\n\t\t\t<div class=\"elementor-widget-wrap elementor-element-populated\">\n\t\t\t\t\t\t<div class=\"elementor-element elementor-element-f32b36a elementor-widget elementor-widget-heading\" data-id=\"f32b36a\" data-element_type=\"widget\" data-e-type=\"widget\" data-settings=\"{&quot;ekit_we_effect_on&quot;:&quot;none&quot;}\" data-widget_type=\"heading.default\">\n\t\t\t\t<div class=\"elementor-widget-container\">\n\t\t\t\t\t<h1 class=\"elementor-heading-title elementor-size-default\">Ensemble double disque<\/h1>\t\t\t\t<\/div>\n\t\t\t\t<\/div>\n\t\t\t\t\t<\/div>\n\t\t<\/div>\n\t\t\t\t\t<\/div>\n\t\t<\/section>\n\t\t\t\t<section class=\"elementor-section elementor-top-section elementor-element elementor-element-719472d elementor-section-boxed elementor-section-height-default elementor-section-height-default\" data-id=\"719472d\" data-element_type=\"section\" data-e-type=\"section\" data-settings=\"{&quot;_ha_eqh_enable&quot;:false,&quot;ekit_has_onepagescroll_dot&quot;:&quot;yes&quot;}\">\n\t\t\t\t\t\t<div class=\"elementor-container elementor-column-gap-default\">\n\t\t\t\t\t<div class=\"elementor-column elementor-col-100 elementor-top-column elementor-element elementor-element-69eb0c4\" data-id=\"69eb0c4\" data-element_type=\"column\" data-e-type=\"column\">\n\t\t\t<div class=\"elementor-widget-wrap elementor-element-populated\">\n\t\t\t\t\t\t<div class=\"elementor-element elementor-element-919ef1a elementor-widget elementor-widget-ekit-nav-menu\" data-id=\"919ef1a\" data-element_type=\"widget\" data-e-type=\"widget\" data-settings=\"{&quot;ekit_we_effect_on&quot;:&quot;none&quot;}\" data-widget_type=\"ekit-nav-menu.default\">\n\t\t\t\t<div class=\"elementor-widget-container\">\n\t\t\t\t\t\t\t<nav class=\"ekit-wid-con ekit_menu_responsive_tablet\"\n\t\t\tdata-hamburger-icon=\"\"\n\t\t\tdata-hamburger-icon-type=\"icon\"\n\t\t\tdata-responsive-breakpoint=\"1024\">\n\t\t\t            <button class=\"elementskit-menu-hamburger elementskit-menu-toggler\"  type=\"button\" aria-label=\"hamburger-icon\">\n                                    <span class=\"elementskit-menu-hamburger-icon\"><\/span><span class=\"elementskit-menu-hamburger-icon\"><\/span><span class=\"elementskit-menu-hamburger-icon\"><\/span>\n                            <\/button>\n            <div id=\"ekit-megamenu-grada-rapida-1_fr\" class=\"elementskit-menu-container elementskit-menu-offcanvas-elements elementskit-navbar-nav-default ekit-nav-menu-one-page-no ekit-nav-dropdown-hover\"><ul id=\"menu-grada-rapida-1_fr\" class=\"elementskit-navbar-nav elementskit-menu-po-center submenu-click-on-icon\"><li id=\"menu-item-24630\" class=\"menu-item menu-item-type-post_type menu-item-object-page menu-item-24630 nav-item nav-item elementskit-mobile-builder-content\" data-vertical-menu=750px><a href=\"https:\/\/campoagricola.es\/index.php\/modele-centaur\/\" class=\"ekit-menu-nav-link\">Mod\u00e8le Centaur<\/a><\/li>\n<li id=\"menu-item-24631\" class=\"menu-item menu-item-type-post_type menu-item-object-page menu-item-24631 nav-item nav-item elementskit-mobile-builder-content\" data-vertical-menu=750px><a href=\"https:\/\/campoagricola.es\/index.php\/kit-disques-niveleurs\/\" class=\"ekit-menu-nav-link\">Kit disques niveleurs<\/a><\/li>\n<\/ul><div class=\"elementskit-nav-identity-panel\"><button class=\"elementskit-menu-close elementskit-menu-toggler\" type=\"button\">X<\/button><\/div><\/div>\n\t\t\t<div class=\"elementskit-menu-overlay elementskit-menu-offcanvas-elements elementskit-menu-toggler ekit-nav-menu--overlay\"><\/div>        <\/nav>\n\t\t\t\t\t\t<\/div>\n\t\t\t\t<\/div>\n\t\t\t\t\t<\/div>\n\t\t<\/div>\n\t\t\t\t\t<\/div>\n\t\t<\/section>\n\t\t\t\t<section class=\"elementor-section elementor-top-section elementor-element elementor-element-bfd7843 elementor-section-boxed elementor-section-height-default elementor-section-height-default\" data-id=\"bfd7843\" data-element_type=\"section\" data-e-type=\"section\" data-settings=\"{&quot;_ha_eqh_enable&quot;:false,&quot;ekit_has_onepagescroll_dot&quot;:&quot;yes&quot;}\">\n\t\t\t\t\t\t<div class=\"elementor-container elementor-column-gap-default\">\n\t\t\t\t\t<div class=\"elementor-column elementor-col-50 elementor-top-column elementor-element elementor-element-714f7b4\" data-id=\"714f7b4\" data-element_type=\"column\" data-e-type=\"column\">\n\t\t\t<div class=\"elementor-widget-wrap elementor-element-populated\">\n\t\t\t\t\t\t<div class=\"elementor-element elementor-element-e1d1725 elementor-widget elementor-widget-image\" data-id=\"e1d1725\" data-element_type=\"widget\" data-e-type=\"widget\" data-settings=\"{&quot;ekit_we_effect_on&quot;:&quot;none&quot;}\" data-widget_type=\"image.default\">\n\t\t\t\t<div class=\"elementor-widget-container\">\n\t\t\t\t\t\t\t\t\t\t\t\t\t\t\t<img fetchpriority=\"high\" decoding=\"async\" width=\"425\" height=\"710\" src=\"https:\/\/campoagricola.es\/wp-content\/uploads\/2022\/07\/dobledisco.jpg\" class=\"attachment-large size-large wp-image-33225\" alt=\"\" srcset=\"https:\/\/campoagricola.es\/wp-content\/uploads\/2022\/07\/dobledisco.jpg 425w, https:\/\/campoagricola.es\/wp-content\/uploads\/2022\/07\/dobledisco-180x300.jpg 180w\" sizes=\"(max-width: 425px) 100vw, 425px\" \/>\t\t\t\t\t\t\t\t\t\t\t\t\t\t\t<\/div>\n\t\t\t\t<\/div>\n\t\t\t\t\t<\/div>\n\t\t<\/div>\n\t\t\t\t<div class=\"elementor-column elementor-col-50 elementor-top-column elementor-element elementor-element-e3dfd4e\" data-id=\"e3dfd4e\" data-element_type=\"column\" data-e-type=\"column\">\n\t\t\t<div class=\"elementor-widget-wrap elementor-element-populated\">\n\t\t\t\t\t\t<div class=\"elementor-element elementor-element-8551430 elementor-widget elementor-widget-image\" data-id=\"8551430\" data-element_type=\"widget\" data-e-type=\"widget\" data-settings=\"{&quot;ekit_we_effect_on&quot;:&quot;none&quot;}\" data-widget_type=\"image.default\">\n\t\t\t\t<div class=\"elementor-widget-container\">\n\t\t\t\t\t\t\t\t\t\t\t\t\t\t\t<img decoding=\"async\" width=\"567\" height=\"456\" src=\"https:\/\/campoagricola.es\/wp-content\/uploads\/2022\/07\/dobledisco-esquema-1.jpg\" class=\"attachment-large size-large wp-image-33229\" alt=\"\" srcset=\"https:\/\/campoagricola.es\/wp-content\/uploads\/2022\/07\/dobledisco-esquema-1.jpg 567w, https:\/\/campoagricola.es\/wp-content\/uploads\/2022\/07\/dobledisco-esquema-1-300x241.jpg 300w\" sizes=\"(max-width: 567px) 100vw, 567px\" \/>\t\t\t\t\t\t\t\t\t\t\t\t\t\t\t<\/div>\n\t\t\t\t<\/div>\n\t\t\t\t\t<\/div>\n\t\t<\/div>\n\t\t\t\t\t<\/div>\n\t\t<\/section>\n\t\t\t\t<section class=\"elementor-section elementor-top-section elementor-element elementor-element-6d15d77 elementor-section-boxed elementor-section-height-default elementor-section-height-default\" data-id=\"6d15d77\" data-element_type=\"section\" data-e-type=\"section\" data-settings=\"{&quot;_ha_eqh_enable&quot;:false,&quot;ekit_has_onepagescroll_dot&quot;:&quot;yes&quot;}\">\n\t\t\t\t\t\t<div class=\"elementor-container elementor-column-gap-default\">\n\t\t\t\t\t<div class=\"elementor-column elementor-col-100 elementor-top-column elementor-element elementor-element-5117e6d\" data-id=\"5117e6d\" data-element_type=\"column\" data-e-type=\"column\">\n\t\t\t<div class=\"elementor-widget-wrap elementor-element-populated\">\n\t\t\t\t\t\t<div class=\"elementor-element elementor-element-f7467ad elementor-widget elementor-widget-Table\" data-id=\"f7467ad\" data-element_type=\"widget\" data-e-type=\"widget\" data-settings=\"{&quot;ekit_we_effect_on&quot;:&quot;none&quot;}\" data-widget_type=\"Table.default\">\n\t\t\t\t<div class=\"elementor-widget-container\">\n\t\t\t\t\t\t\t<table class=\"tafe-table \">\n\t\t\t<thead  class=\"tafe-table-header\">\n\t\t\t\t<tr>\n\t\t\t\t\t<th class=\"elementor-inline-editing elementor-repeater-item-a9d6ce6\"   >C\u00f3d. num.<\/th><th class=\"elementor-inline-editing elementor-repeater-item-abf901a\"   >Mod\u00e8le<\/th><th class=\"elementor-inline-editing elementor-repeater-item-e337423\"   >Caract\u00e9ristiques<\/th><th class=\"elementor-inline-editing elementor-repeater-item-6304d5c\"   >Poids<\/th><th class=\"elementor-inline-editing elementor-repeater-item-641fd2e\"   >A<\/th><th class=\"elementor-inline-editing elementor-repeater-item-1110e03\"   >B<\/th><th class=\"elementor-inline-editing elementor-repeater-item-98503ab\"   >C<\/th><th class=\"elementor-inline-editing elementor-repeater-item-9480566\"   >D<\/th>\t\t\t\t<\/tr>\n\t\t\t<\/thead>\n\t\t\t\t\t\t<tbody class=\"tafe-table-body\">\n\t\t\t\t<tr>\n\t\t\t\t\t<td data-label=\"C\u00f3d. num.\"   class=\"elementor-repeater-item-cb70a80 td-content-type-default\" >1900500<\/td><td data-label=\"Mod\u00e8le\"   class=\"elementor-repeater-item-304c073 td-content-type-default\" >NGRD100100<\/td><td data-label=\"Caract\u00e9ristiques\"   class=\"elementor-repeater-item-170a737 td-content-type-default\" >Ensemble double disque Ch\u00e2ssis 100\u00d7100 droite<\/td><td data-label=\"Poids\"   class=\"elementor-repeater-item-4be192d td-content-type-default\" >84,59<\/td><td data-label=\"A\"   class=\"elementor-repeater-item-271596b td-content-type-default\" >710<\/td><td data-label=\"B\"   class=\"elementor-repeater-item-644c62e td-content-type-default\" >720<\/td><td data-label=\"C\"   class=\"elementor-repeater-item-a68c4f9 td-content-type-default\" >580<\/td><td data-label=\"D\"   class=\"elementor-repeater-item-7a602ff td-content-type-default\" >240<\/td><\/tr><tr><td data-label=\"C\u00f3d. num.\"   class=\"elementor-repeater-item-1cbec76 td-content-type-default\" >1900600<\/td><td data-label=\"Mod\u00e8le\"   class=\"elementor-repeater-item-259a9fb td-content-type-default\" >NGRI100100<\/td><td data-label=\"Caract\u00e9ristiques\"   class=\"elementor-repeater-item-26e85b3 td-content-type-default\" >Ensemble double disque Ch\u00e2ssis 100\u00d7100 gauche\t<\/td><td data-label=\"Poids\"   class=\"elementor-repeater-item-de1e591 td-content-type-default\" >84,59<\/td><td data-label=\"A\"   class=\"elementor-repeater-item-6496c6b td-content-type-default\" >710<\/td><td data-label=\"B\"   class=\"elementor-repeater-item-3602914 td-content-type-default\" >720<\/td><td data-label=\"C\"   class=\"elementor-repeater-item-0a91ca7 td-content-type-default\" >580<\/td><td data-label=\"D\"   class=\"elementor-repeater-item-9dcd045 td-content-type-default\" >240<\/td><\/tr><tr><td data-label=\"C\u00f3d. num.\"   class=\"elementor-repeater-item-7c65ac6 td-content-type-default\" >1900550<\/td><td data-label=\"Mod\u00e8le\"   class=\"elementor-repeater-item-e0a089c td-content-type-default\" >NGRD8080<\/td><td data-label=\"Caract\u00e9ristiques\"   class=\"elementor-repeater-item-abf3cc3 td-content-type-default\" >Ensemble double disque Ch\u00e2ssis 80\u00d780 droite\t<\/td><td data-label=\"Poids\"   class=\"elementor-repeater-item-f2121b8 td-content-type-default\" >83,59<\/td><td data-label=\"A\"   class=\"elementor-repeater-item-458e931 td-content-type-default\" >710<\/td><td data-label=\"B\"   class=\"elementor-repeater-item-73d618c td-content-type-default\" >720<\/td><td data-label=\"C\"   class=\"elementor-repeater-item-b8ef20d td-content-type-default\" >580<\/td><td data-label=\"D\"   class=\"elementor-repeater-item-afa41e4 td-content-type-default\" >240<\/td><\/tr><tr><td data-label=\"C\u00f3d. num.\"   class=\"elementor-repeater-item-7823d0d td-content-type-default\" >1900650<\/td><td data-label=\"Mod\u00e8le\"   class=\"elementor-repeater-item-2790624 td-content-type-default\" >NGRI8080<\/td><td data-label=\"Caract\u00e9ristiques\"   class=\"elementor-repeater-item-79158c4 td-content-type-default\" >Ensemble double disque Ch\u00e2ssis 80\u00d780 gauche<\/td><td data-label=\"Poids\"   class=\"elementor-repeater-item-b591260 td-content-type-default\" >83,59<\/td><td data-label=\"A\"   class=\"elementor-repeater-item-5efde87 td-content-type-default\" >710<\/td><td data-label=\"B\"   class=\"elementor-repeater-item-ef8e5aa td-content-type-default\" >720<\/td><td data-label=\"C\"   class=\"elementor-repeater-item-8a1f75e td-content-type-default\" >580<\/td><td data-label=\"D\"   class=\"elementor-repeater-item-30b9aa3 td-content-type-default\" >240<\/td>\t\t\t\t<\/tr>\n\t\t\t<\/tbody>\n\t\t<\/table>\n\t\t\n\t\t\t\t\t\t<\/div>\n\t\t\t\t<\/div>\n\t\t\t\t<div class=\"elementor-element elementor-element-f57a0b1 elementor-widget-divider--view-line elementor-widget elementor-widget-divider\" data-id=\"f57a0b1\" data-element_type=\"widget\" data-e-type=\"widget\" data-settings=\"{&quot;ekit_we_effect_on&quot;:&quot;none&quot;}\" data-widget_type=\"divider.default\">\n\t\t\t\t<div class=\"elementor-widget-container\">\n\t\t\t\t\t\t\t<div class=\"elementor-divider\">\n\t\t\t<span class=\"elementor-divider-separator\">\n\t\t\t\t\t\t<\/span>\n\t\t<\/div>\n\t\t\t\t\t\t<\/div>\n\t\t\t\t<\/div>\n\t\t\t\t\t<\/div>\n\t\t<\/div>\n\t\t\t\t\t<\/div>\n\t\t<\/section>\n\t\t\t\t<section class=\"elementor-section elementor-top-section elementor-element elementor-element-c724fce elementor-section-boxed elementor-section-height-default elementor-section-height-default\" data-id=\"c724fce\" data-element_type=\"section\" data-e-type=\"section\" data-settings=\"{&quot;_ha_eqh_enable&quot;:false,&quot;ekit_has_onepagescroll_dot&quot;:&quot;yes&quot;}\">\n\t\t\t\t\t\t<div class=\"elementor-container elementor-column-gap-default\">\n\t\t\t\t\t<div class=\"elementor-column elementor-col-100 elementor-top-column elementor-element elementor-element-e76fecf\" data-id=\"e76fecf\" data-element_type=\"column\" data-e-type=\"column\">\n\t\t\t<div class=\"elementor-widget-wrap elementor-element-populated\">\n\t\t\t\t\t\t<div class=\"elementor-element elementor-element-bc1fe73 elementor-widget elementor-widget-heading\" data-id=\"bc1fe73\" data-element_type=\"widget\" data-e-type=\"widget\" data-settings=\"{&quot;ekit_we_effect_on&quot;:&quot;none&quot;}\" data-widget_type=\"heading.default\">\n\t\t\t\t<div class=\"elementor-widget-container\">\n\t\t\t\t\t<h3 class=\"elementor-heading-title elementor-size-default\">Ensemble double disque\u200b<\/h3>\t\t\t\t<\/div>\n\t\t\t\t<\/div>\n\t\t\t\t<div class=\"elementor-element elementor-element-cb490d2 elementor-widget elementor-widget-text-editor\" data-id=\"cb490d2\" data-element_type=\"widget\" data-e-type=\"widget\" data-settings=\"{&quot;ekit_we_effect_on&quot;:&quot;none&quot;}\" data-widget_type=\"text-editor.default\">\n\t\t\t\t<div class=\"elementor-widget-container\">\n\t\t\t\t\t\t\t\t\t<p>Les ensembles pour d\u00e9chaumeurs \u00e0 disques travaillent&nbsp;\u00e0 faible profondeur, de 10 \u00e0 15 cm, et \u00e0 grande vitesse, de 8 \u00e0 15 km\/heure. Pr\u00e9parer le sol pour la plantation en m\u00e9langeant le sol avec de la mati\u00e8re organique&nbsp;(Mod\u00e8le con\u00e7u pour travaille&nbsp;les surfaces compactes).<\/p>\n<p><strong><b>Caract\u00e9ristiques<\/b>:<\/strong><\/p>\n<ul>\n<li>Disques 20\u2033 x 6 mm. \u2013 24\u2033 x 6 mm.<\/li>\n<li>Dent en acier moul haute qualit\u00e9<\/li>\n<li>Ressort 350 x 90 x 20<\/li>\n<li>Attache \u00e0 languette rabattable pour montage en rack 100 x 100 et 80 x 80<\/li>\n<li>Boulons en acier sp\u00e9cial<\/li>\n<li>Casquillos en nylon<\/li>\n<li>Boulonnerie en acier&nbsp; 8.8<\/li>\n<li>Peinture \u00e9poxy<\/li>\n<li>Con\u00e7u pour travaille entre 5 et 15 cm. profondeur et une rapidit\u00e9 maximale de 15 km\/h.<\/li>\n<\/ul>\n<p>Il est recommand\u00e9 d\u2019utiliser le tracteur appropri\u00e9 pour l\u2019\u00e9quipement, en estimant comme optimal 40 CV par m\u00e8tre de ch\u00e2ssis (valeurs approximatives).<\/p>\n<p><strong>IMPORTANT:<\/strong> Afin de garantir le produit et d\u2019assurer son bon fonctionnement, les n\u0153uds doivent \u00eatre compl\u00e8tement verrouill\u00e9s sur l\u2019\u00e9quipement.<\/p>\t\t\t\t\t\t\t\t<\/div>\n\t\t\t\t<\/div>\n\t\t\t\t<div class=\"elementor-element elementor-element-91acbb5 elementor-widget-divider--view-line elementor-widget elementor-widget-divider\" data-id=\"91acbb5\" data-element_type=\"widget\" data-e-type=\"widget\" data-settings=\"{&quot;ekit_we_effect_on&quot;:&quot;none&quot;}\" data-widget_type=\"divider.default\">\n\t\t\t\t<div class=\"elementor-widget-container\">\n\t\t\t\t\t\t\t<div class=\"elementor-divider\">\n\t\t\t<span class=\"elementor-divider-separator\">\n\t\t\t\t\t\t<\/span>\n\t\t<\/div>\n\t\t\t\t\t\t<\/div>\n\t\t\t\t<\/div>\n\t\t\t\t\t<\/div>\n\t\t<\/div>\n\t\t\t\t\t<\/div>\n\t\t<\/section>\n\t\t\t\t<section class=\"elementor-section elementor-top-section elementor-element elementor-element-a992071 elementor-section-boxed elementor-section-height-default elementor-section-height-default\" data-id=\"a992071\" data-element_type=\"section\" data-e-type=\"section\" data-settings=\"{&quot;_ha_eqh_enable&quot;:false,&quot;ekit_has_onepagescroll_dot&quot;:&quot;yes&quot;}\">\n\t\t\t\t\t\t<div class=\"elementor-container elementor-column-gap-default\">\n\t\t\t\t\t<div class=\"elementor-column elementor-col-100 elementor-top-column elementor-element elementor-element-917a19d\" data-id=\"917a19d\" data-element_type=\"column\" data-e-type=\"column\">\n\t\t\t<div class=\"elementor-widget-wrap elementor-element-populated\">\n\t\t\t\t\t\t<div class=\"elementor-element elementor-element-5761ead elementor-widget elementor-widget-heading\" data-id=\"5761ead\" data-element_type=\"widget\" data-e-type=\"widget\" data-settings=\"{&quot;ekit_we_effect_on&quot;:&quot;none&quot;}\" data-widget_type=\"heading.default\">\n\t\t\t\t<div class=\"elementor-widget-container\">\n\t\t\t\t\t<h3 class=\"elementor-heading-title elementor-size-default\">Mod\u00e8les disponibles\u200b<\/h3>\t\t\t\t<\/div>\n\t\t\t\t<\/div>\n\t\t\t\t\t<\/div>\n\t\t<\/div>\n\t\t\t\t\t<\/div>\n\t\t<\/section>\n\t\t\t\t<section class=\"elementor-section elementor-top-section elementor-element elementor-element-a390a72 elementor-section-boxed elementor-section-height-default elementor-section-height-default\" data-id=\"a390a72\" data-element_type=\"section\" data-e-type=\"section\" data-settings=\"{&quot;_ha_eqh_enable&quot;:false,&quot;ekit_has_onepagescroll_dot&quot;:&quot;yes&quot;}\">\n\t\t\t\t\t\t<div class=\"elementor-container elementor-column-gap-default\">\n\t\t\t\t\t<div class=\"elementor-column elementor-col-25 elementor-top-column elementor-element elementor-element-1d32f1b\" data-id=\"1d32f1b\" data-element_type=\"column\" data-e-type=\"column\">\n\t\t\t<div class=\"elementor-widget-wrap elementor-element-populated\">\n\t\t\t\t\t\t<div class=\"elementor-element elementor-element-8da8866 elementor-align-center elementor-widget elementor-widget-button\" data-id=\"8da8866\" data-element_type=\"widget\" data-e-type=\"widget\" data-settings=\"{&quot;ekit_we_effect_on&quot;:&quot;none&quot;}\" data-widget_type=\"button.default\">\n\t\t\t\t<div class=\"elementor-widget-container\">\n\t\t\t\t\t\t\t\t\t<div class=\"elementor-button-wrapper\">\n\t\t\t\t\t<a class=\"elementor-button elementor-button-link elementor-size-sm\" href=\"https:\/\/campoagricola.es\/index.php\/ngrd100100_fr\/\">\n\t\t\t\t\t\t<span class=\"elementor-button-content-wrapper\">\n\t\t\t\t\t\t\t\t\t<span class=\"elementor-button-text\">Mod\u00e8le ngrd100100<\/span>\n\t\t\t\t\t<\/span>\n\t\t\t\t\t<\/a>\n\t\t\t\t<\/div>\n\t\t\t\t\t\t\t\t<\/div>\n\t\t\t\t<\/div>\n\t\t\t\t\t<\/div>\n\t\t<\/div>\n\t\t\t\t<div class=\"elementor-column elementor-col-25 elementor-top-column elementor-element elementor-element-468ed3a\" data-id=\"468ed3a\" data-element_type=\"column\" data-e-type=\"column\">\n\t\t\t<div class=\"elementor-widget-wrap elementor-element-populated\">\n\t\t\t\t\t\t<div class=\"elementor-element elementor-element-1ad8dba elementor-align-center elementor-widget elementor-widget-button\" data-id=\"1ad8dba\" data-element_type=\"widget\" data-e-type=\"widget\" data-settings=\"{&quot;_animation&quot;:&quot;none&quot;,&quot;ekit_we_effect_on&quot;:&quot;none&quot;}\" data-widget_type=\"button.default\">\n\t\t\t\t<div class=\"elementor-widget-container\">\n\t\t\t\t\t\t\t\t\t<div class=\"elementor-button-wrapper\">\n\t\t\t\t\t<a class=\"elementor-button elementor-button-link elementor-size-sm\" href=\"https:\/\/campoagricola.es\/index.php\/ngri100100_fr\/\">\n\t\t\t\t\t\t<span class=\"elementor-button-content-wrapper\">\n\t\t\t\t\t\t\t\t\t<span class=\"elementor-button-text\">Mod\u00e8le ngri100100<\/span>\n\t\t\t\t\t<\/span>\n\t\t\t\t\t<\/a>\n\t\t\t\t<\/div>\n\t\t\t\t\t\t\t\t<\/div>\n\t\t\t\t<\/div>\n\t\t\t\t\t<\/div>\n\t\t<\/div>\n\t\t\t\t<div class=\"elementor-column elementor-col-25 elementor-top-column elementor-element elementor-element-4121f23\" data-id=\"4121f23\" data-element_type=\"column\" data-e-type=\"column\">\n\t\t\t<div class=\"elementor-widget-wrap elementor-element-populated\">\n\t\t\t\t\t\t<div class=\"elementor-element elementor-element-004ed8b elementor-align-center elementor-widget elementor-widget-button\" data-id=\"004ed8b\" data-element_type=\"widget\" data-e-type=\"widget\" data-settings=\"{&quot;ekit_we_effect_on&quot;:&quot;none&quot;}\" data-widget_type=\"button.default\">\n\t\t\t\t<div class=\"elementor-widget-container\">\n\t\t\t\t\t\t\t\t\t<div class=\"elementor-button-wrapper\">\n\t\t\t\t\t<a class=\"elementor-button elementor-button-link elementor-size-sm\" href=\"https:\/\/campoagricola.es\/index.php\/ngrd8080_fr\/\">\n\t\t\t\t\t\t<span class=\"elementor-button-content-wrapper\">\n\t\t\t\t\t\t\t\t\t<span class=\"elementor-button-text\">Mod\u00e8le ngrd8080<\/span>\n\t\t\t\t\t<\/span>\n\t\t\t\t\t<\/a>\n\t\t\t\t<\/div>\n\t\t\t\t\t\t\t\t<\/div>\n\t\t\t\t<\/div>\n\t\t\t\t\t<\/div>\n\t\t<\/div>\n\t\t\t\t<div class=\"elementor-column elementor-col-25 elementor-top-column elementor-element elementor-element-f8d1577\" data-id=\"f8d1577\" data-element_type=\"column\" data-e-type=\"column\">\n\t\t\t<div class=\"elementor-widget-wrap elementor-element-populated\">\n\t\t\t\t\t\t<div class=\"elementor-element elementor-element-2b7835a elementor-align-center elementor-widget elementor-widget-button\" data-id=\"2b7835a\" data-element_type=\"widget\" data-e-type=\"widget\" data-settings=\"{&quot;ekit_we_effect_on&quot;:&quot;none&quot;}\" data-widget_type=\"button.default\">\n\t\t\t\t<div class=\"elementor-widget-container\">\n\t\t\t\t\t\t\t\t\t<div class=\"elementor-button-wrapper\">\n\t\t\t\t\t<a class=\"elementor-button elementor-button-link elementor-size-sm\" href=\"https:\/\/campoagricola.es\/index.php\/ngri8080_fr\/\">\n\t\t\t\t\t\t<span class=\"elementor-button-content-wrapper\">\n\t\t\t\t\t\t\t\t\t<span class=\"elementor-button-text\">Mod\u00e8le ngri8080<\/span>\n\t\t\t\t\t<\/span>\n\t\t\t\t\t<\/a>\n\t\t\t\t<\/div>\n\t\t\t\t\t\t\t\t<\/div>\n\t\t\t\t<\/div>\n\t\t\t\t\t<\/div>\n\t\t<\/div>\n\t\t\t\t\t<\/div>\n\t\t<\/section>\n\t\t\t\t<\/div>\n\t\t","protected":false},"excerpt":{"rendered":"<p>Ensemble double disque Mod\u00e8le Centaur Ensemble double disque Kit disques niveleurs X C\u00f3d. num. Mod\u00e8le Caract\u00e9ristiques Poids A B C D 1900500 NGRD100100 Ensemble double disque Ch\u00e2ssis 100\u00d7100 droite 84,59 710 720 580 240 1900600 NGRI100100 Ensemble double disque Ch\u00e2ssis 100\u00d7100 gauche 84,59 710 720 580 240 1900550 NGRD8080 Ensemble double disque Ch\u00e2ssis 80\u00d780 droite [&hellip;]<\/p>\n","protected":false},"author":1,"featured_media":0,"parent":0,"menu_order":0,"comment_status":"closed","ping_status":"closed","template":"elementor_header_footer","meta":{"footnotes":""},"class_list":["post-24564","page","type-page","status-publish","hentry"],"_links":{"self":[{"href":"https:\/\/campoagricola.es\/index.php\/wp-json\/wp\/v2\/pages\/24564","targetHints":{"allow":["GET"]}}],"collection":[{"href":"https:\/\/campoagricola.es\/index.php\/wp-json\/wp\/v2\/pages"}],"about":[{"href":"https:\/\/campoagricola.es\/index.php\/wp-json\/wp\/v2\/types\/page"}],"author":[{"embeddable":true,"href":"https:\/\/campoagricola.es\/index.php\/wp-json\/wp\/v2\/users\/1"}],"replies":[{"embeddable":true,"href":"https:\/\/campoagricola.es\/index.php\/wp-json\/wp\/v2\/comments?post=24564"}],"version-history":[{"count":73,"href":"https:\/\/campoagricola.es\/index.php\/wp-json\/wp\/v2\/pages\/24564\/revisions"}],"predecessor-version":[{"id":39230,"href":"https:\/\/campoagricola.es\/index.php\/wp-json\/wp\/v2\/pages\/24564\/revisions\/39230"}],"wp:attachment":[{"href":"https:\/\/campoagricola.es\/index.php\/wp-json\/wp\/v2\/media?parent=24564"}],"curies":[{"name":"wp","href":"https:\/\/api.w.org\/{rel}","templated":true}]}}