{"id":24653,"date":"2024-05-13T10:25:08","date_gmt":"2024-05-13T10:25:08","guid":{"rendered":"https:\/\/campoagricola.es\/?page_id=24653"},"modified":"2023-03-23T12:32:15","modified_gmt":"2023-03-23T12:32:15","slug":"presentoirs","status":"publish","type":"page","link":"https:\/\/campoagricola.es\/index.php\/presentoirs\/","title":{"rendered":"Pr\u00e9sentoirs"},"content":{"rendered":"\t\t<div data-elementor-type=\"wp-page\" data-elementor-id=\"24653\" class=\"elementor elementor-24653\" data-elementor-settings=\"{&quot;ha_cmc_init_switcher&quot;:&quot;no&quot;}\">\n\t\t\t\t\t\t<section class=\"elementor-section elementor-top-section elementor-element elementor-element-7ae9909 elementor-section-height-min-height elementor-section-boxed elementor-section-height-default elementor-section-items-middle\" data-id=\"7ae9909\" data-element_type=\"section\" data-e-type=\"section\" data-settings=\"{&quot;background_background&quot;:&quot;classic&quot;,&quot;_ha_eqh_enable&quot;:false}\">\n\t\t\t\t\t\t\t<div class=\"elementor-background-overlay\"><\/div>\n\t\t\t\t\t\t\t<div class=\"elementor-container elementor-column-gap-wider\">\n\t\t\t\t\t<div class=\"elementor-column elementor-col-100 elementor-top-column elementor-element elementor-element-9b40bca\" data-id=\"9b40bca\" data-element_type=\"column\" data-e-type=\"column\">\n\t\t\t<div class=\"elementor-widget-wrap elementor-element-populated\">\n\t\t\t\t\t\t<div class=\"elementor-element elementor-element-729c668 elementor-widget elementor-widget-heading\" data-id=\"729c668\" data-element_type=\"widget\" data-e-type=\"widget\" data-widget_type=\"heading.default\">\n\t\t\t\t<div class=\"elementor-widget-container\">\n\t\t\t\t\t<h1 class=\"elementor-heading-title elementor-size-default\">Pr\u00e9sentoirs<\/h1>\t\t\t\t<\/div>\n\t\t\t\t<\/div>\n\t\t\t\t\t<\/div>\n\t\t<\/div>\n\t\t\t\t\t<\/div>\n\t\t<\/section>\n\t\t\t\t<section class=\"elementor-section elementor-top-section elementor-element elementor-element-e362415 elementor-section-boxed elementor-section-height-default elementor-section-height-default\" data-id=\"e362415\" data-element_type=\"section\" data-e-type=\"section\" data-settings=\"{&quot;_ha_eqh_enable&quot;:false}\">\n\t\t\t\t\t\t<div class=\"elementor-container elementor-column-gap-default\">\n\t\t\t\t\t<div class=\"elementor-column elementor-col-50 elementor-top-column elementor-element elementor-element-85e59dd\" data-id=\"85e59dd\" data-element_type=\"column\" data-e-type=\"column\">\n\t\t\t<div class=\"elementor-widget-wrap elementor-element-populated\">\n\t\t\t\t\t\t<div class=\"elementor-element elementor-element-b9e831b elementor-widget elementor-widget-image\" data-id=\"b9e831b\" data-element_type=\"widget\" data-e-type=\"widget\" data-widget_type=\"image.default\">\n\t\t\t\t<div class=\"elementor-widget-container\">\n\t\t\t\t\t\t\t\t\t\t\t\t\t\t\t<img fetchpriority=\"high\" decoding=\"async\" width=\"388\" height=\"431\" src=\"https:\/\/campoagricola.es\/wp-content\/uploads\/2019\/09\/2-Expositores-1.jpg\" class=\"attachment-large size-large wp-image-12865\" alt=\"\" srcset=\"https:\/\/campoagricola.es\/wp-content\/uploads\/2019\/09\/2-Expositores-1.jpg 388w, https:\/\/campoagricola.es\/wp-content\/uploads\/2019\/09\/2-Expositores-1-270x300.jpg 270w\" sizes=\"(max-width: 388px) 100vw, 388px\" \/>\t\t\t\t\t\t\t\t\t\t\t\t\t\t\t<\/div>\n\t\t\t\t<\/div>\n\t\t\t\t\t<\/div>\n\t\t<\/div>\n\t\t\t\t<div class=\"elementor-column elementor-col-50 elementor-top-column elementor-element elementor-element-38368a0\" data-id=\"38368a0\" data-element_type=\"column\" data-e-type=\"column\">\n\t\t\t<div class=\"elementor-widget-wrap elementor-element-populated\">\n\t\t\t\t\t\t<div class=\"elementor-element elementor-element-7ffb99f elementor-widget elementor-widget-text-editor\" data-id=\"7ffb99f\" data-element_type=\"widget\" data-e-type=\"widget\" data-widget_type=\"text-editor.default\">\n\t\t\t\t<div class=\"elementor-widget-container\">\n\t\t\t\t\t\t\t\t\t<p>Les pr\u00e9sentoirs \u00e0 montage facile. Vendus sans articles, d\u00e9mont\u00e9s. Faciles \u00e0 assembler.[<\/p>\t\t\t\t\t\t\t\t<\/div>\n\t\t\t\t<\/div>\n\t\t\t\t<div class=\"elementor-element elementor-element-01ecda8 elementor-widget elementor-widget-Table\" data-id=\"01ecda8\" data-element_type=\"widget\" data-e-type=\"widget\" data-widget_type=\"Table.default\">\n\t\t\t\t<div class=\"elementor-widget-container\">\n\t\t\t\t\t\t\t<table class=\"tafe-table \">\n\t\t\t<thead  class=\"tafe-table-header\">\n\t\t\t\t<tr>\n\t\t\t\t\t<th class=\"elementor-inline-editing elementor-repeater-item-a9d6ce6\"   >Cod. Num.<\/th><th class=\"elementor-inline-editing elementor-repeater-item-5fff6f3\"   >Mod\u00e8le<\/th><th class=\"elementor-inline-editing elementor-repeater-item-4e0d877\"   >Poids<\/th><th class=\"elementor-inline-editing elementor-repeater-item-e337423\"   >Hauteur<\/th><th class=\"elementor-inline-editing elementor-repeater-item-abf901a\"   >Largeur<\/th>\t\t\t\t<\/tr>\n\t\t\t<\/thead>\n\t\t\t\t\t\t<tbody class=\"tafe-table-body\">\n\t\t\t\t<tr>\n\t\t\t\t\t<td data-label=\"Cod. Num.\"   class=\"elementor-repeater-item-cb70a80 td-content-type-default\" >2300100<\/td><td data-label=\"Mod\u00e8le\"   class=\"elementor-repeater-item-304c073 td-content-type-default\" >Pr\u00e9sentoir Campoagr\u00edcola<\/td><td data-label=\"Poids\"   class=\"elementor-repeater-item-170a737 td-content-type-default\" >27,00<\/td><td data-label=\"Hauteur\"   class=\"elementor-repeater-item-4be192d td-content-type-default\" >2300<\/td><td data-label=\"Largeur\"   class=\"elementor-repeater-item-271596b td-content-type-default\" >1000<\/td><\/tr><tr><td data-label=\"Cod. Num.\"   class=\"elementor-repeater-item-1cbec76 td-content-type-default\" >2300200<\/td><td data-label=\"Mod\u00e8le\"   class=\"elementor-repeater-item-259a9fb td-content-type-default\" >Pr\u00e9sentoir chisel<\/td><td data-label=\"Poids\"   class=\"elementor-repeater-item-26e85b3 td-content-type-default\" >6,00<\/td><td data-label=\"Hauteur\"   class=\"elementor-repeater-item-de1e591 td-content-type-default\" >600<\/td><td data-label=\"Largeur\"   class=\"elementor-repeater-item-6496c6b td-content-type-default\" >500<\/td>\t\t\t\t<\/tr>\n\t\t\t<\/tbody>\n\t\t<\/table>\n\t\t\n\t\t\t\t\t\t<\/div>\n\t\t\t\t<\/div>\n\t\t\t\t\t<\/div>\n\t\t<\/div>\n\t\t\t\t\t<\/div>\n\t\t<\/section>\n\t\t\t\t<\/div>\n\t\t","protected":false},"excerpt":{"rendered":"<p>Pr\u00e9sentoirs Les pr\u00e9sentoirs \u00e0 montage facile. Vendus sans articles, d\u00e9mont\u00e9s. Faciles \u00e0 assembler.[ Cod. Num. Mod\u00e8le Poids Hauteur Largeur 2300100 Pr\u00e9sentoir Campoagr\u00edcola 27,00 2300 1000 2300200 Pr\u00e9sentoir chisel 6,00 600 500<\/p>\n","protected":false},"author":1,"featured_media":0,"parent":0,"menu_order":0,"comment_status":"closed","ping_status":"closed","template":"elementor_header_footer","meta":{"footnotes":""},"class_list":["post-24653","page","type-page","status-publish","hentry"],"_links":{"self":[{"href":"https:\/\/campoagricola.es\/index.php\/wp-json\/wp\/v2\/pages\/24653","targetHints":{"allow":["GET"]}}],"collection":[{"href":"https:\/\/campoagricola.es\/index.php\/wp-json\/wp\/v2\/pages"}],"about":[{"href":"https:\/\/campoagricola.es\/index.php\/wp-json\/wp\/v2\/types\/page"}],"author":[{"embeddable":true,"href":"https:\/\/campoagricola.es\/index.php\/wp-json\/wp\/v2\/users\/1"}],"replies":[{"embeddable":true,"href":"https:\/\/campoagricola.es\/index.php\/wp-json\/wp\/v2\/comments?post=24653"}],"version-history":[{"count":19,"href":"https:\/\/campoagricola.es\/index.php\/wp-json\/wp\/v2\/pages\/24653\/revisions"}],"predecessor-version":[{"id":39399,"href":"https:\/\/campoagricola.es\/index.php\/wp-json\/wp\/v2\/pages\/24653\/revisions\/39399"}],"wp:attachment":[{"href":"https:\/\/campoagricola.es\/index.php\/wp-json\/wp\/v2\/media?parent=24653"}],"curies":[{"name":"wp","href":"https:\/\/api.w.org\/{rel}","templated":true}]}}