{"id":24703,"date":"2024-05-15T11:57:00","date_gmt":"2024-05-15T11:57:00","guid":{"rendered":"https:\/\/campoagricola.es\/?page_id=24703"},"modified":"2024-06-04T09:57:04","modified_gmt":"2024-06-04T09:57:04","slug":"produit_fini","status":"publish","type":"page","link":"https:\/\/campoagricola.es\/index.php\/produit_fini\/","title":{"rendered":"produit_fini"},"content":{"rendered":"\t\t<div data-elementor-type=\"wp-page\" data-elementor-id=\"24703\" class=\"elementor elementor-24703\" data-elementor-settings=\"{&quot;ha_cmc_init_switcher&quot;:&quot;no&quot;}\">\n\t\t\t\t\t\t<section class=\"elementor-section elementor-top-section elementor-element elementor-element-6150e43a elementor-section-height-min-height elementor-section-boxed elementor-section-height-default elementor-section-items-middle\" data-id=\"6150e43a\" data-element_type=\"section\" data-e-type=\"section\" data-settings=\"{&quot;background_background&quot;:&quot;classic&quot;,&quot;_ha_eqh_enable&quot;:false,&quot;ekit_has_onepagescroll_dot&quot;:&quot;yes&quot;}\">\n\t\t\t\t\t\t\t<div class=\"elementor-background-overlay\"><\/div>\n\t\t\t\t\t\t\t<div class=\"elementor-container elementor-column-gap-wider\">\n\t\t\t\t\t<div class=\"elementor-column elementor-col-100 elementor-top-column elementor-element elementor-element-5f0bf8bc\" data-id=\"5f0bf8bc\" data-element_type=\"column\" data-e-type=\"column\">\n\t\t\t<div class=\"elementor-widget-wrap elementor-element-populated\">\n\t\t\t\t\t\t<div class=\"elementor-element elementor-element-49b4abe elementor-widget elementor-widget-heading\" data-id=\"49b4abe\" data-element_type=\"widget\" data-e-type=\"widget\" data-settings=\"{&quot;ekit_we_effect_on&quot;:&quot;none&quot;}\" data-widget_type=\"heading.default\">\n\t\t\t\t<div class=\"elementor-widget-container\">\n\t\t\t\t\t<h1 class=\"elementor-heading-title elementor-size-default\">produit fini<\/h1>\t\t\t\t<\/div>\n\t\t\t\t<\/div>\n\t\t\t\t\t<\/div>\n\t\t<\/div>\n\t\t\t\t\t<\/div>\n\t\t<\/section>\n\t\t\t\t<section class=\"elementor-section elementor-top-section elementor-element elementor-element-0cd8a23 elementor-section-full_width elementor-section-height-default elementor-section-height-default\" data-id=\"0cd8a23\" data-element_type=\"section\" data-e-type=\"section\" data-settings=\"{&quot;background_background&quot;:&quot;classic&quot;,&quot;_ha_eqh_enable&quot;:false,&quot;ekit_has_onepagescroll_dot&quot;:&quot;yes&quot;}\">\n\t\t\t\t\t\t<div class=\"elementor-container elementor-column-gap-custom\">\n\t\t\t\t\t<div class=\"elementor-column elementor-col-16 elementor-top-column elementor-element elementor-element-1795089\" data-id=\"1795089\" data-element_type=\"column\" data-e-type=\"column\" data-settings=\"{&quot;background_background&quot;:&quot;classic&quot;,&quot;animation&quot;:&quot;none&quot;}\">\n\t\t\t<div class=\"elementor-widget-wrap elementor-element-populated\">\n\t\t\t\t\t<div class=\"elementor-background-overlay\"><\/div>\n\t\t\t\t\t\t<div class=\"elementor-element elementor-element-d5c80f9 ekit-equal-height-enable elementor-widget elementor-widget-elementskit-image-box\" data-id=\"d5c80f9\" data-element_type=\"widget\" data-e-type=\"widget\" data-settings=\"{&quot;ekit_we_effect_on&quot;:&quot;none&quot;}\" data-widget_type=\"elementskit-image-box.default\">\n\t\t\t\t<div class=\"elementor-widget-container\">\n\t\t\t\t\t<div class=\"ekit-wid-con\" >\n            <div class=\"elementskit-info-image-box ekit-image-box text-center hover_from_left hover-border-bottom\" >\n\n                <a href=\"https:\/\/campoagricola.es\/index.php\/ensembles-chisel\/\">\n                <div class=\"elementskit-box-header image-box-img-center\">\n\n                    <img fetchpriority=\"high\" decoding=\"async\" width=\"360\" height=\"360\" src=\"https:\/\/campoagricola.es\/wp-content\/uploads\/2021\/04\/pt-conjuntos.jpg\" class=\"attachment-full size-full wp-image-24860\" alt=\"\" srcset=\"https:\/\/campoagricola.es\/wp-content\/uploads\/2021\/04\/pt-conjuntos.jpg 360w, https:\/\/campoagricola.es\/wp-content\/uploads\/2021\/04\/pt-conjuntos-300x300.jpg 300w, https:\/\/campoagricola.es\/wp-content\/uploads\/2021\/04\/pt-conjuntos-150x150.jpg 150w\" sizes=\"(max-width: 360px) 100vw, 360px\" \/>\n                <\/div>\n                <\/a>\n                <div class=\"elementskit-box-body ekit-image-box-body\">\n                    <div class=\"elementskit-box-content ekit-image-box-body-inner\">\n                                                <h3 class=\"elementskit-info-box-title\">\n\n                        Ensembles chisel\n                        \n                    <\/h3>\n                                                        <\/div>\n\n                            <\/div>\n            <\/div>\n    <\/div>\t\t\t\t<\/div>\n\t\t\t\t<\/div>\n\t\t\t\t\t<\/div>\n\t\t<\/div>\n\t\t\t\t<div class=\"elementor-column elementor-col-16 elementor-top-column elementor-element elementor-element-c9fe861\" data-id=\"c9fe861\" data-element_type=\"column\" data-e-type=\"column\" data-settings=\"{&quot;background_background&quot;:&quot;classic&quot;,&quot;animation&quot;:&quot;none&quot;}\">\n\t\t\t<div class=\"elementor-widget-wrap elementor-element-populated\">\n\t\t\t\t\t<div class=\"elementor-background-overlay\"><\/div>\n\t\t\t\t\t\t<div class=\"elementor-element elementor-element-da12ed8 ekit-equal-height-enable elementor-widget elementor-widget-elementskit-image-box\" data-id=\"da12ed8\" data-element_type=\"widget\" data-e-type=\"widget\" data-settings=\"{&quot;ekit_we_effect_on&quot;:&quot;none&quot;}\" data-widget_type=\"elementskit-image-box.default\">\n\t\t\t\t<div class=\"elementor-widget-container\">\n\t\t\t\t\t<div class=\"ekit-wid-con\" >\n            <div class=\"elementskit-info-image-box ekit-image-box text-center hover_from_left hover-border-bottom\" >\n\n                <a href=\"https:\/\/campoagricola.es\/index.php\/dechaumeurs-a-disque\/\">\n                <div class=\"elementskit-box-header image-box-img-center\">\n\n                    <img decoding=\"async\" width=\"360\" height=\"360\" src=\"https:\/\/campoagricola.es\/wp-content\/uploads\/2021\/04\/pt-gradas.jpg\" class=\"attachment-full size-full wp-image-24873\" alt=\"\" srcset=\"https:\/\/campoagricola.es\/wp-content\/uploads\/2021\/04\/pt-gradas.jpg 360w, https:\/\/campoagricola.es\/wp-content\/uploads\/2021\/04\/pt-gradas-300x300.jpg 300w, https:\/\/campoagricola.es\/wp-content\/uploads\/2021\/04\/pt-gradas-150x150.jpg 150w\" sizes=\"(max-width: 360px) 100vw, 360px\" \/>\n                <\/div>\n                <\/a>\n                <div class=\"elementskit-box-body ekit-image-box-body\">\n                    <div class=\"elementskit-box-content ekit-image-box-body-inner\">\n                                                <h3 class=\"elementskit-info-box-title\">\n\n                        D\u00e8chaumeurs \u00e0 disque\n                        \n                    <\/h3>\n                                                        <\/div>\n\n                            <\/div>\n            <\/div>\n    <\/div>\t\t\t\t<\/div>\n\t\t\t\t<\/div>\n\t\t\t\t\t<\/div>\n\t\t<\/div>\n\t\t\t\t<div class=\"elementor-column elementor-col-16 elementor-top-column elementor-element elementor-element-878c632\" data-id=\"878c632\" data-element_type=\"column\" data-e-type=\"column\" data-settings=\"{&quot;background_background&quot;:&quot;classic&quot;,&quot;animation&quot;:&quot;none&quot;}\">\n\t\t\t<div class=\"elementor-widget-wrap elementor-element-populated\">\n\t\t\t\t\t<div class=\"elementor-background-overlay\"><\/div>\n\t\t\t\t\t\t<div class=\"elementor-element elementor-element-a07095f ekit-equal-height-enable elementor-widget elementor-widget-elementskit-image-box\" data-id=\"a07095f\" data-element_type=\"widget\" data-e-type=\"widget\" data-settings=\"{&quot;ekit_we_effect_on&quot;:&quot;none&quot;}\" data-widget_type=\"elementskit-image-box.default\">\n\t\t\t\t<div class=\"elementor-widget-container\">\n\t\t\t\t\t<div class=\"ekit-wid-con\" >\n            <div class=\"elementskit-info-image-box ekit-image-box text-center hover_from_left hover-border-bottom\" >\n\n                <a href=\"https:\/\/campoagricola.es\/index.php\/charrue-dechaumeuse\/\">\n                <div class=\"elementskit-box-header image-box-img-center\">\n\n                    <img decoding=\"async\" width=\"360\" height=\"360\" src=\"https:\/\/campoagricola.es\/wp-content\/uploads\/2021\/04\/pt-arado.jpg\" class=\"attachment-full size-full wp-image-24861\" alt=\"\" srcset=\"https:\/\/campoagricola.es\/wp-content\/uploads\/2021\/04\/pt-arado.jpg 360w, https:\/\/campoagricola.es\/wp-content\/uploads\/2021\/04\/pt-arado-300x300.jpg 300w, https:\/\/campoagricola.es\/wp-content\/uploads\/2021\/04\/pt-arado-150x150.jpg 150w\" sizes=\"(max-width: 360px) 100vw, 360px\" \/>\n                <\/div>\n                <\/a>\n                <div class=\"elementskit-box-body ekit-image-box-body\">\n                    <div class=\"elementskit-box-content ekit-image-box-body-inner\">\n                                                <h3 class=\"elementskit-info-box-title\">\n\n                        Charrue d\u00e9chaumeurs\n                        \n                    <\/h3>\n                                                        <\/div>\n\n                            <\/div>\n            <\/div>\n    <\/div>\t\t\t\t<\/div>\n\t\t\t\t<\/div>\n\t\t\t\t\t<\/div>\n\t\t<\/div>\n\t\t\t\t<div class=\"elementor-column elementor-col-16 elementor-top-column elementor-element elementor-element-35ef022\" data-id=\"35ef022\" data-element_type=\"column\" data-e-type=\"column\" data-settings=\"{&quot;background_background&quot;:&quot;classic&quot;,&quot;animation&quot;:&quot;none&quot;}\">\n\t\t\t<div class=\"elementor-widget-wrap elementor-element-populated\">\n\t\t\t\t\t<div class=\"elementor-background-overlay\"><\/div>\n\t\t\t\t\t\t<div class=\"elementor-element elementor-element-dceee89 ekit-equal-height-enable elementor-widget elementor-widget-elementskit-image-box\" data-id=\"dceee89\" data-element_type=\"widget\" data-e-type=\"widget\" data-settings=\"{&quot;ekit_we_effect_on&quot;:&quot;none&quot;}\" data-widget_type=\"elementskit-image-box.default\">\n\t\t\t\t<div class=\"elementor-widget-container\">\n\t\t\t\t\t<div class=\"ekit-wid-con\" >\n            <div class=\"elementskit-info-image-box ekit-image-box text-center hover_from_left hover-border-bottom\" >\n\n                <a href=\"https:\/\/campoagricola.es\/index.php\/subsoilers\/\">\n                <div class=\"elementskit-box-header image-box-img-center\">\n\n                    <img loading=\"lazy\" decoding=\"async\" width=\"360\" height=\"360\" src=\"https:\/\/campoagricola.es\/wp-content\/uploads\/2021\/04\/pt-subsolador.jpg\" class=\"attachment-full size-full wp-image-24872\" alt=\"\" srcset=\"https:\/\/campoagricola.es\/wp-content\/uploads\/2021\/04\/pt-subsolador.jpg 360w, https:\/\/campoagricola.es\/wp-content\/uploads\/2021\/04\/pt-subsolador-300x300.jpg 300w, https:\/\/campoagricola.es\/wp-content\/uploads\/2021\/04\/pt-subsolador-150x150.jpg 150w\" sizes=\"(max-width: 360px) 100vw, 360px\" \/>\n                <\/div>\n                <\/a>\n                <div class=\"elementskit-box-body ekit-image-box-body\">\n                    <div class=\"elementskit-box-content ekit-image-box-body-inner\">\n                                                <h3 class=\"elementskit-info-box-title\">\n\n                        Subsoiler\n                        \n                    <\/h3>\n                                                        <\/div>\n\n                            <\/div>\n            <\/div>\n    <\/div>\t\t\t\t<\/div>\n\t\t\t\t<\/div>\n\t\t\t\t\t<\/div>\n\t\t<\/div>\n\t\t\t\t<div class=\"elementor-column elementor-col-16 elementor-top-column elementor-element elementor-element-11f811f\" data-id=\"11f811f\" data-element_type=\"column\" data-e-type=\"column\" data-settings=\"{&quot;background_background&quot;:&quot;classic&quot;,&quot;animation&quot;:&quot;none&quot;}\">\n\t\t\t<div class=\"elementor-widget-wrap elementor-element-populated\">\n\t\t\t\t\t<div class=\"elementor-background-overlay\"><\/div>\n\t\t\t\t\t\t<div class=\"elementor-element elementor-element-9fae5ca ekit-equal-height-enable elementor-widget elementor-widget-elementskit-image-box\" data-id=\"9fae5ca\" data-element_type=\"widget\" data-e-type=\"widget\" data-settings=\"{&quot;ekit_we_effect_on&quot;:&quot;none&quot;}\" data-widget_type=\"elementskit-image-box.default\">\n\t\t\t\t<div class=\"elementor-widget-container\">\n\t\t\t\t\t<div class=\"ekit-wid-con\" >\n            <div class=\"elementskit-info-image-box ekit-image-box text-center hover_from_left hover-border-bottom\" >\n\n                <a href=\"https:\/\/campoagricola.es\/index.php\/dechaumeur\/\">\n                <div class=\"elementskit-box-header image-box-img-center\">\n\n                    <img loading=\"lazy\" decoding=\"async\" width=\"360\" height=\"360\" src=\"https:\/\/campoagricola.es\/wp-content\/uploads\/2024\/02\/descompactador-1.jpg\" class=\"attachment-full size-full wp-image-43242\" alt=\"\" srcset=\"https:\/\/campoagricola.es\/wp-content\/uploads\/2024\/02\/descompactador-1.jpg 360w, https:\/\/campoagricola.es\/wp-content\/uploads\/2024\/02\/descompactador-1-300x300.jpg 300w, https:\/\/campoagricola.es\/wp-content\/uploads\/2024\/02\/descompactador-1-150x150.jpg 150w\" sizes=\"(max-width: 360px) 100vw, 360px\" \/>\n                <\/div>\n                <\/a>\n                <div class=\"elementskit-box-body ekit-image-box-body\">\n                    <div class=\"elementskit-box-content ekit-image-box-body-inner\">\n                                                <h3 class=\"elementskit-info-box-title\">\n\n                        D\u00e9chaumeurs\n                        \n                    <\/h3>\n                                                        <\/div>\n\n                            <\/div>\n            <\/div>\n    <\/div>\t\t\t\t<\/div>\n\t\t\t\t<\/div>\n\t\t\t\t\t<\/div>\n\t\t<\/div>\n\t\t\t\t<div class=\"elementor-column elementor-col-16 elementor-top-column elementor-element elementor-element-397adb6\" data-id=\"397adb6\" data-element_type=\"column\" data-e-type=\"column\" data-settings=\"{&quot;background_background&quot;:&quot;classic&quot;,&quot;animation&quot;:&quot;none&quot;}\">\n\t\t\t<div class=\"elementor-widget-wrap elementor-element-populated\">\n\t\t\t\t\t<div class=\"elementor-background-overlay\"><\/div>\n\t\t\t\t\t\t<div class=\"elementor-element elementor-element-9b95f67 ekit-equal-height-enable elementor-widget elementor-widget-elementskit-image-box\" data-id=\"9b95f67\" data-element_type=\"widget\" data-e-type=\"widget\" data-settings=\"{&quot;ekit_we_effect_on&quot;:&quot;none&quot;}\" data-widget_type=\"elementskit-image-box.default\">\n\t\t\t\t<div class=\"elementor-widget-container\">\n\t\t\t\t\t<div class=\"ekit-wid-con\" >\n            <div class=\"elementskit-info-image-box ekit-image-box text-center hover_from_left hover-border-bottom\" >\n\n                <a href=\"https:\/\/campoagricola.es\/index.php\/presentoirs\/\">\n                <div class=\"elementskit-box-header image-box-img-center\">\n\n                    <img loading=\"lazy\" decoding=\"async\" width=\"360\" height=\"360\" src=\"https:\/\/campoagricola.es\/wp-content\/uploads\/2021\/04\/pt-expositores.jpg\" class=\"attachment-full size-full wp-image-24874\" alt=\"\" srcset=\"https:\/\/campoagricola.es\/wp-content\/uploads\/2021\/04\/pt-expositores.jpg 360w, https:\/\/campoagricola.es\/wp-content\/uploads\/2021\/04\/pt-expositores-300x300.jpg 300w, https:\/\/campoagricola.es\/wp-content\/uploads\/2021\/04\/pt-expositores-150x150.jpg 150w\" sizes=\"(max-width: 360px) 100vw, 360px\" \/>\n                <\/div>\n                <\/a>\n                <div class=\"elementskit-box-body ekit-image-box-body\">\n                    <div class=\"elementskit-box-content ekit-image-box-body-inner\">\n                                                <h3 class=\"elementskit-info-box-title\">\n\n                        Pr\u00e9sentoirs\n                        \n                    <\/h3>\n                                                        <\/div>\n\n                            <\/div>\n            <\/div>\n    <\/div>\t\t\t\t<\/div>\n\t\t\t\t<\/div>\n\t\t\t\t\t<\/div>\n\t\t<\/div>\n\t\t\t\t\t<\/div>\n\t\t<\/section>\n\t\t\t\t<\/div>\n\t\t","protected":false},"excerpt":{"rendered":"<p>produit fini Ensembles chisel D\u00e8chaumeurs \u00e0 disque Charrue d\u00e9chaumeurs Subsoiler D\u00e9chaumeurs Pr\u00e9sentoirs<\/p>\n","protected":false},"author":1,"featured_media":0,"parent":0,"menu_order":0,"comment_status":"closed","ping_status":"closed","template":"elementor_header_footer","meta":{"footnotes":""},"class_list":["post-24703","page","type-page","status-publish","hentry"],"_links":{"self":[{"href":"https:\/\/campoagricola.es\/index.php\/wp-json\/wp\/v2\/pages\/24703","targetHints":{"allow":["GET"]}}],"collection":[{"href":"https:\/\/campoagricola.es\/index.php\/wp-json\/wp\/v2\/pages"}],"about":[{"href":"https:\/\/campoagricola.es\/index.php\/wp-json\/wp\/v2\/types\/page"}],"author":[{"embeddable":true,"href":"https:\/\/campoagricola.es\/index.php\/wp-json\/wp\/v2\/users\/1"}],"replies":[{"embeddable":true,"href":"https:\/\/campoagricola.es\/index.php\/wp-json\/wp\/v2\/comments?post=24703"}],"version-history":[{"count":28,"href":"https:\/\/campoagricola.es\/index.php\/wp-json\/wp\/v2\/pages\/24703\/revisions"}],"predecessor-version":[{"id":48608,"href":"https:\/\/campoagricola.es\/index.php\/wp-json\/wp\/v2\/pages\/24703\/revisions\/48608"}],"wp:attachment":[{"href":"https:\/\/campoagricola.es\/index.php\/wp-json\/wp\/v2\/media?parent=24703"}],"curies":[{"name":"wp","href":"https:\/\/api.w.org\/{rel}","templated":true}]}}