{"id":24734,"date":"2024-05-13T10:25:55","date_gmt":"2024-05-13T10:25:55","guid":{"rendered":"https:\/\/campoagricola.es\/?page_id=24734"},"modified":"2023-03-23T10:47:25","modified_gmt":"2023-03-23T10:47:25","slug":"dechaumeurs-a-disque","status":"publish","type":"page","link":"https:\/\/campoagricola.es\/index.php\/dechaumeurs-a-disque\/","title":{"rendered":"D\u00e8chaumeurs \u00e0 disque"},"content":{"rendered":"\t\t<div data-elementor-type=\"wp-page\" data-elementor-id=\"24734\" class=\"elementor elementor-24734\" data-elementor-settings=\"{&quot;ha_cmc_init_switcher&quot;:&quot;no&quot;}\">\n\t\t\t\t\t\t<section class=\"elementor-section elementor-top-section elementor-element elementor-element-d7cc51e elementor-section-height-min-height elementor-section-boxed elementor-section-height-default elementor-section-items-middle\" data-id=\"d7cc51e\" data-element_type=\"section\" data-e-type=\"section\" data-settings=\"{&quot;background_background&quot;:&quot;classic&quot;,&quot;_ha_eqh_enable&quot;:false}\">\n\t\t\t\t\t\t\t<div class=\"elementor-background-overlay\"><\/div>\n\t\t\t\t\t\t\t<div class=\"elementor-container elementor-column-gap-wider\">\n\t\t\t\t\t<div class=\"elementor-column elementor-col-100 elementor-top-column elementor-element elementor-element-1f9e9a6\" data-id=\"1f9e9a6\" data-element_type=\"column\" data-e-type=\"column\">\n\t\t\t<div class=\"elementor-widget-wrap elementor-element-populated\">\n\t\t\t\t\t\t<div class=\"elementor-element elementor-element-41e63ba elementor-widget elementor-widget-heading\" data-id=\"41e63ba\" data-element_type=\"widget\" data-e-type=\"widget\" data-widget_type=\"heading.default\">\n\t\t\t\t<div class=\"elementor-widget-container\">\n\t\t\t\t\t<h1 class=\"elementor-heading-title elementor-size-default\">D\u00e9chaumeurs \u00e0 disques<\/h1>\t\t\t\t<\/div>\n\t\t\t\t<\/div>\n\t\t\t\t\t<\/div>\n\t\t<\/div>\n\t\t\t\t\t<\/div>\n\t\t<\/section>\n\t\t\t\t<section class=\"elementor-section elementor-top-section elementor-element elementor-element-4badb90 elementor-section-boxed elementor-section-height-default elementor-section-height-default\" data-id=\"4badb90\" data-element_type=\"section\" data-e-type=\"section\" data-settings=\"{&quot;_ha_eqh_enable&quot;:false}\">\n\t\t\t\t\t\t<div class=\"elementor-container elementor-column-gap-default\">\n\t\t\t\t\t<div class=\"elementor-column elementor-col-100 elementor-top-column elementor-element elementor-element-da89464\" data-id=\"da89464\" data-element_type=\"column\" data-e-type=\"column\">\n\t\t\t<div class=\"elementor-widget-wrap elementor-element-populated\">\n\t\t\t\t\t\t<div class=\"elementor-element elementor-element-0e7d20f elementor-widget elementor-widget-text-editor\" data-id=\"0e7d20f\" data-element_type=\"widget\" data-e-type=\"widget\" data-widget_type=\"text-editor.default\">\n\t\t\t\t<div class=\"elementor-widget-container\">\n\t\t\t\t\t\t\t\t\t<p>Les ensembles pour d\u00e9chaumeurs \u00e0 disques pr\u00e9parent le lit de semis en un seul passage \u00e0 grande vitesse, car ils p\u00e9n\u00e8trent dans le sol, m\u00e9langeant, brisant et broyant les chaumes et enterrant les restes de plantes<br \/>Selon le produit \u00e0 broyer, la machine aura certaines caract\u00e9ristiques et cela signifie qu\u2019il n\u2019y a pas de d\u00e9chaumeurs \u00e0 disques g\u00e9n\u00e9riques, mais il existe diff\u00e9rents mod\u00e8les selon le produit \u00e0 travailler, donc le produit sera diff\u00e9rent selon l\u2019utilisation, une machine pour le vignoble ou une autre pour le ma\u00efs. La distance entre les ensembles, la distribution de ceux-ci ainsi que l\u2019attaque d\u00e9sir\u00e9e ne seront pas les m\u00eames dans tous les cas.<\/p><p><span style=\"color: unset; font-family: inherit; font-size: inherit; font-weight: inherit; letter-spacing: inherit;\">Le d\u00e9chaumeur \u00e0 disques est une machine complexe, car de par son fonctionnement elle sera comprim\u00e9e de haut en bas, mais les disques travaillent en lat\u00e9ralit\u00e9, ce qui implique une nouvelle contrainte: les forces lat\u00e9rales.<\/span><\/p><p>Depuis CAMPOAGRICOLA, nous recommandons l\u2019utilisation de machines \u00e0 lames en une seule pi\u00e8ce. Cela transmet toutes les vibrations en un seul point.<\/p>\t\t\t\t\t\t\t\t<\/div>\n\t\t\t\t<\/div>\n\t\t\t\t\t<\/div>\n\t\t<\/div>\n\t\t\t\t\t<\/div>\n\t\t<\/section>\n\t\t\t\t<section class=\"elementor-section elementor-top-section elementor-element elementor-element-6074f20 elementor-section-boxed elementor-section-height-default elementor-section-height-default\" data-id=\"6074f20\" data-element_type=\"section\" data-e-type=\"section\" data-settings=\"{&quot;_ha_eqh_enable&quot;:false}\">\n\t\t\t\t\t\t<div class=\"elementor-container elementor-column-gap-default\">\n\t\t\t\t\t<div class=\"elementor-column elementor-col-50 elementor-top-column elementor-element elementor-element-ab08129\" data-id=\"ab08129\" data-element_type=\"column\" data-e-type=\"column\">\n\t\t\t<div class=\"elementor-widget-wrap elementor-element-populated\">\n\t\t\t\t\t\t<div class=\"elementor-element elementor-element-8717b89 elementor-widget elementor-widget-image\" data-id=\"8717b89\" data-element_type=\"widget\" data-e-type=\"widget\" data-widget_type=\"image.default\">\n\t\t\t\t<div class=\"elementor-widget-container\">\n\t\t\t\t\t\t\t\t\t\t\t\t\t\t\t<img fetchpriority=\"high\" decoding=\"async\" width=\"332\" height=\"440\" src=\"https:\/\/campoagricola.es\/wp-content\/uploads\/2019\/10\/GradaR\u00e1pida-Centaur1.jpg\" class=\"attachment-large size-large wp-image-13185\" alt=\"\" srcset=\"https:\/\/campoagricola.es\/wp-content\/uploads\/2019\/10\/GradaR\u00e1pida-Centaur1.jpg 332w, https:\/\/campoagricola.es\/wp-content\/uploads\/2019\/10\/GradaR\u00e1pida-Centaur1-226x300.jpg 226w\" sizes=\"(max-width: 332px) 100vw, 332px\" \/>\t\t\t\t\t\t\t\t\t\t\t\t\t\t\t<\/div>\n\t\t\t\t<\/div>\n\t\t\t\t<div class=\"elementor-element elementor-element-f8f9ffa elementor-align-center elementor-widget elementor-widget-button\" data-id=\"f8f9ffa\" data-element_type=\"widget\" data-e-type=\"widget\" data-widget_type=\"button.default\">\n\t\t\t\t<div class=\"elementor-widget-container\">\n\t\t\t\t\t\t\t\t\t<div class=\"elementor-button-wrapper\">\n\t\t\t\t\t<a class=\"elementor-button elementor-button-link elementor-size-sm\" href=\"https:\/\/campoagricola.es\/index.php\/modele-centaur\/\">\n\t\t\t\t\t\t<span class=\"elementor-button-content-wrapper\">\n\t\t\t\t\t\t\t\t\t<span class=\"elementor-button-text\">Mod\u00e8le Centaur<\/span>\n\t\t\t\t\t<\/span>\n\t\t\t\t\t<\/a>\n\t\t\t\t<\/div>\n\t\t\t\t\t\t\t\t<\/div>\n\t\t\t\t<\/div>\n\t\t\t\t\t<\/div>\n\t\t<\/div>\n\t\t\t\t<div class=\"elementor-column elementor-col-50 elementor-top-column elementor-element elementor-element-21077a2\" data-id=\"21077a2\" data-element_type=\"column\" data-e-type=\"column\">\n\t\t\t<div class=\"elementor-widget-wrap elementor-element-populated\">\n\t\t\t\t\t\t<div class=\"elementor-element elementor-element-d5742f3 elementor-widget elementor-widget-image\" data-id=\"d5742f3\" data-element_type=\"widget\" data-e-type=\"widget\" data-widget_type=\"image.default\">\n\t\t\t\t<div class=\"elementor-widget-container\">\n\t\t\t\t\t\t\t\t\t\t\t\t\t\t\t<img decoding=\"async\" width=\"307\" height=\"370\" src=\"https:\/\/campoagricola.es\/wp-content\/uploads\/2019\/10\/desrastrojadores-2.jpg\" class=\"attachment-large size-large wp-image-13196\" alt=\"\" srcset=\"https:\/\/campoagricola.es\/wp-content\/uploads\/2019\/10\/desrastrojadores-2.jpg 307w, https:\/\/campoagricola.es\/wp-content\/uploads\/2019\/10\/desrastrojadores-2-249x300.jpg 249w\" sizes=\"(max-width: 307px) 100vw, 307px\" \/>\t\t\t\t\t\t\t\t\t\t\t\t\t\t\t<\/div>\n\t\t\t\t<\/div>\n\t\t\t\t<div class=\"elementor-element elementor-element-cedb2a7 elementor-align-center elementor-widget elementor-widget-button\" data-id=\"cedb2a7\" data-element_type=\"widget\" data-e-type=\"widget\" data-widget_type=\"button.default\">\n\t\t\t\t<div class=\"elementor-widget-container\">\n\t\t\t\t\t\t\t\t\t<div class=\"elementor-button-wrapper\">\n\t\t\t\t\t<a class=\"elementor-button elementor-button-link elementor-size-sm\" href=\"https:\/\/campoagricola.es\/index.php\/kit-disques-niveleurs\/\">\n\t\t\t\t\t\t<span class=\"elementor-button-content-wrapper\">\n\t\t\t\t\t\t\t\t\t<span class=\"elementor-button-text\"> Kit disques niveleurs<\/span>\n\t\t\t\t\t<\/span>\n\t\t\t\t\t<\/a>\n\t\t\t\t<\/div>\n\t\t\t\t\t\t\t\t<\/div>\n\t\t\t\t<\/div>\n\t\t\t\t\t<\/div>\n\t\t<\/div>\n\t\t\t\t\t<\/div>\n\t\t<\/section>\n\t\t\t\t<\/div>\n\t\t","protected":false},"excerpt":{"rendered":"<p>D\u00e9chaumeurs \u00e0 disques Les ensembles pour d\u00e9chaumeurs \u00e0 disques pr\u00e9parent le lit de semis en un seul passage \u00e0 grande vitesse, car ils p\u00e9n\u00e8trent dans le sol, m\u00e9langeant, brisant et broyant les chaumes et enterrant les restes de plantesSelon le produit \u00e0 broyer, la machine aura certaines caract\u00e9ristiques et cela signifie qu\u2019il n\u2019y a pas [&hellip;]<\/p>\n","protected":false},"author":1,"featured_media":0,"parent":0,"menu_order":0,"comment_status":"closed","ping_status":"closed","template":"elementor_header_footer","meta":{"footnotes":""},"class_list":["post-24734","page","type-page","status-publish","hentry"],"_links":{"self":[{"href":"https:\/\/campoagricola.es\/index.php\/wp-json\/wp\/v2\/pages\/24734","targetHints":{"allow":["GET"]}}],"collection":[{"href":"https:\/\/campoagricola.es\/index.php\/wp-json\/wp\/v2\/pages"}],"about":[{"href":"https:\/\/campoagricola.es\/index.php\/wp-json\/wp\/v2\/types\/page"}],"author":[{"embeddable":true,"href":"https:\/\/campoagricola.es\/index.php\/wp-json\/wp\/v2\/users\/1"}],"replies":[{"embeddable":true,"href":"https:\/\/campoagricola.es\/index.php\/wp-json\/wp\/v2\/comments?post=24734"}],"version-history":[{"count":16,"href":"https:\/\/campoagricola.es\/index.php\/wp-json\/wp\/v2\/pages\/24734\/revisions"}],"predecessor-version":[{"id":39320,"href":"https:\/\/campoagricola.es\/index.php\/wp-json\/wp\/v2\/pages\/24734\/revisions\/39320"}],"wp:attachment":[{"href":"https:\/\/campoagricola.es\/index.php\/wp-json\/wp\/v2\/media?parent=24734"}],"curies":[{"name":"wp","href":"https:\/\/api.w.org\/{rel}","templated":true}]}}