{"id":28613,"date":"2026-01-27T13:12:17","date_gmt":"2026-01-27T13:12:17","guid":{"rendered":"https:\/\/campoagricola.es\/?page_id=28613"},"modified":"2022-11-08T16:58:54","modified_gmt":"2022-11-08T16:58:54","slug":"politica-de-calidad","status":"publish","type":"page","link":"https:\/\/campoagricola.es\/index.php\/politica-de-calidad\/","title":{"rendered":"Pol\u00edtica de Calidad"},"content":{"rendered":"\t\t<div data-elementor-type=\"wp-page\" data-elementor-id=\"28613\" class=\"elementor elementor-28613\" data-elementor-settings=\"{&quot;ha_cmc_init_switcher&quot;:&quot;no&quot;}\">\n\t\t\t\t\t\t<section class=\"elementor-section elementor-top-section elementor-element elementor-element-46ed83b elementor-section-height-min-height elementor-section-boxed elementor-section-height-default elementor-section-items-middle\" data-id=\"46ed83b\" data-element_type=\"section\" data-e-type=\"section\" data-settings=\"{&quot;background_background&quot;:&quot;classic&quot;,&quot;_ha_eqh_enable&quot;:false,&quot;ekit_has_onepagescroll_dot&quot;:&quot;yes&quot;}\">\n\t\t\t\t\t\t\t<div class=\"elementor-background-overlay\"><\/div>\n\t\t\t\t\t\t\t<div class=\"elementor-container elementor-column-gap-wider\">\n\t\t\t\t\t<div class=\"elementor-column elementor-col-100 elementor-top-column elementor-element elementor-element-e33527f\" data-id=\"e33527f\" data-element_type=\"column\" data-e-type=\"column\">\n\t\t\t<div class=\"elementor-widget-wrap elementor-element-populated\">\n\t\t\t\t\t\t<div class=\"elementor-element elementor-element-f40766a elementor-widget elementor-widget-heading\" data-id=\"f40766a\" data-element_type=\"widget\" data-e-type=\"widget\" data-settings=\"{&quot;ekit_we_effect_on&quot;:&quot;none&quot;}\" data-widget_type=\"heading.default\">\n\t\t\t\t<div class=\"elementor-widget-container\">\n\t\t\t\t\t<h1 class=\"elementor-heading-title elementor-size-default\">Pol\u00edtica de Calidad<\/h1>\t\t\t\t<\/div>\n\t\t\t\t<\/div>\n\t\t\t\t\t<\/div>\n\t\t<\/div>\n\t\t\t\t\t<\/div>\n\t\t<\/section>\n\t\t\t\t<section class=\"elementor-section elementor-top-section elementor-element elementor-element-8d026b5 elementor-section-boxed elementor-section-height-default elementor-section-height-default\" data-id=\"8d026b5\" data-element_type=\"section\" data-e-type=\"section\" data-settings=\"{&quot;_ha_eqh_enable&quot;:false,&quot;ekit_has_onepagescroll_dot&quot;:&quot;yes&quot;}\">\n\t\t\t\t\t\t<div class=\"elementor-container elementor-column-gap-default\">\n\t\t\t\t\t<div class=\"elementor-column elementor-col-100 elementor-top-column elementor-element elementor-element-e0757d3\" data-id=\"e0757d3\" data-element_type=\"column\" data-e-type=\"column\">\n\t\t\t<div class=\"elementor-widget-wrap elementor-element-populated\">\n\t\t\t\t\t\t<div class=\"elementor-element elementor-element-d2b9e17 elementor-widget elementor-widget-text-editor\" data-id=\"d2b9e17\" data-element_type=\"widget\" data-e-type=\"widget\" data-settings=\"{&quot;ekit_we_effect_on&quot;:&quot;none&quot;}\" data-widget_type=\"text-editor.default\">\n\t\t\t\t<div class=\"elementor-widget-container\">\n\t\t\t\t\t\t\t\t\t<p>Desde el inicio hemos tenido un objetivo claro: Ser el \u00abKnow How\u00bb de todos los peque\u00f1os y medianos fabricantes de maquinaria agr\u00edcola. En CAMPOAGR\u00cdCOLA pensamos que \u00aba igualdad de calidad debemos mejorar el precio, y a igualdad de precio debemos mejorar la calidad\u00bb. Para ello hemos decidido implantar un Sistema de Gesti\u00f3n de la Calidad basado en la norma ISO 9001:2015 para mejorar el servicio a nuestros clientes.<br>La Direcci\u00f3n de CAMPOAGR\u00cdCOLA enfoca el Sistema de la Calidad como una manera de organizar el funcionamiento de la organizaci\u00f3n partiendo de unos pilares b\u00e1sicos como son la Calidad de sus productos, la satisfacci\u00f3n del cliente y la mejora continua de la eficacia del Sistema.<br>Para ello, el Sistema de Gesti\u00f3n de la Calidad de CAMPOAGR\u00cdCOLA se basa en:<\/p>\t\t\t\t\t\t\t\t<\/div>\n\t\t\t\t<\/div>\n\t\t\t\t\t<\/div>\n\t\t<\/div>\n\t\t\t\t\t<\/div>\n\t\t<\/section>\n\t\t\t\t<section class=\"elementor-section elementor-top-section elementor-element elementor-element-2075d71 elementor-section-boxed elementor-section-height-default elementor-section-height-default\" data-id=\"2075d71\" data-element_type=\"section\" data-e-type=\"section\" data-settings=\"{&quot;_ha_eqh_enable&quot;:false,&quot;ekit_has_onepagescroll_dot&quot;:&quot;yes&quot;}\">\n\t\t\t\t\t\t<div class=\"elementor-container elementor-column-gap-default\">\n\t\t\t\t\t<div class=\"elementor-column elementor-col-50 elementor-top-column elementor-element elementor-element-27d684d\" data-id=\"27d684d\" data-element_type=\"column\" data-e-type=\"column\">\n\t\t\t<div class=\"elementor-widget-wrap elementor-element-populated\">\n\t\t\t\t\t\t<div class=\"elementor-element elementor-element-4e69749 elementor-widget elementor-widget-image\" data-id=\"4e69749\" data-element_type=\"widget\" data-e-type=\"widget\" data-settings=\"{&quot;ekit_we_effect_on&quot;:&quot;none&quot;}\" data-widget_type=\"image.default\">\n\t\t\t\t<div class=\"elementor-widget-container\">\n\t\t\t\t\t\t\t\t\t\t\t\t\t\t\t<img fetchpriority=\"high\" decoding=\"async\" width=\"614\" height=\"680\" src=\"https:\/\/campoagricola.es\/wp-content\/uploads\/2021\/08\/4.png\" class=\"attachment-large size-large wp-image-28631\" alt=\"\" srcset=\"https:\/\/campoagricola.es\/wp-content\/uploads\/2021\/08\/4.png 614w, https:\/\/campoagricola.es\/wp-content\/uploads\/2021\/08\/4-271x300.png 271w\" sizes=\"(max-width: 614px) 100vw, 614px\" \/>\t\t\t\t\t\t\t\t\t\t\t\t\t\t\t<\/div>\n\t\t\t\t<\/div>\n\t\t\t\t\t<\/div>\n\t\t<\/div>\n\t\t\t\t<div class=\"elementor-column elementor-col-50 elementor-top-column elementor-element elementor-element-8dc78fc\" data-id=\"8dc78fc\" data-element_type=\"column\" data-e-type=\"column\">\n\t\t\t<div class=\"elementor-widget-wrap elementor-element-populated\">\n\t\t\t\t\t\t<div class=\"elementor-element elementor-element-60556f4 elementor-widget elementor-widget-text-editor\" data-id=\"60556f4\" data-element_type=\"widget\" data-e-type=\"widget\" data-settings=\"{&quot;ekit_we_effect_on&quot;:&quot;none&quot;}\" data-widget_type=\"text-editor.default\">\n\t\t\t\t<div class=\"elementor-widget-container\">\n\t\t\t\t\t\t\t\t\t<ul style=\"text-align: justify;\">\n \t<li>La Calidad y su mejora son responsabilidad de todos los integrantes de la empresa, es por ello que dirige sus esfuerzos a contar con personal t\u00e9cnicamente competente, \u00edntegro, responsable y convenientemente formado, y a contar con los medios materiales adecuados para la prestaci\u00f3n de sus servicios.<\/li>\n \t<li>La Calidad se obtiene planificando, ejecutando, revisando y mejorando el Sistema de Gesti\u00f3n, teniendo presente en todo momento el contexto de la organizaci\u00f3n, tanto interno como externo, y mediante el seguimiento de los objetivos establecidos.<\/li>\n \t<li>La Calidad est\u00e1 orientada hacia la Satisfacci\u00f3n de todos nuestros clientes y partes interesadas, mediante el compromiso de toda la organizaci\u00f3n en cumplir con sus necesidades y requisitos, as\u00ed como los requisitos legales y reglamentarios y los propios de los productos y servicios.<\/li>\n \t<li>La Calidad se apoya en la Mejora Continua tanto de los procesos productivos y de prestaci\u00f3n del servicio, como de la eficacia del Sistema de Gesti\u00f3n de la Calidad en el que prevenir los errores sea un aspecto fundamental.<\/li>\n \t<li>La Calidad nos dirige a prestar la m\u00e1xima atenci\u00f3n a la evoluci\u00f3n tecnol\u00f3gica y a las posibles mejoras que las nuevas tecnolog\u00edas pusieran a nuestra disposici\u00f3n.<\/li>\n \t<li>La Calidad requiere de la participaci\u00f3n y colaboraci\u00f3n de todos, por lo que esta Pol\u00edtica es difundida a todo el personal de CAMPOAGR\u00cdCOLA para su conocimiento y comprensi\u00f3n.<\/li>\n<\/ul>\n<p style=\"color: #333333; font-size: 18px; font-weight: 300; letter-spacing: normal; font-family: Heebo, sans-serif; text-align: justify;\"><span style=\"font-size: 1.1em;\">Para la aplicaci\u00f3n efectiva de estos principios, es absolutamente necesario el apoyo a los mismos tanto del equipo directivo como de la plantilla.\nEsta pol\u00edtica est\u00e1 a disposici\u00f3n de todas las partes interesadas bajo solicitud de las mismas.\n<\/span><\/p>\t\t\t\t\t\t\t\t<\/div>\n\t\t\t\t<\/div>\n\t\t\t\t\t<\/div>\n\t\t<\/div>\n\t\t\t\t\t<\/div>\n\t\t<\/section>\n\t\t\t\t<\/div>\n\t\t","protected":false},"excerpt":{"rendered":"<p>Pol\u00edtica de Calidad Desde el inicio hemos tenido un objetivo claro: Ser el \u00abKnow How\u00bb de todos los peque\u00f1os y medianos fabricantes de maquinaria agr\u00edcola. En CAMPOAGR\u00cdCOLA pensamos que \u00aba igualdad de calidad debemos mejorar el precio, y a igualdad de precio debemos mejorar la calidad\u00bb. Para ello hemos decidido implantar un Sistema de Gesti\u00f3n [&hellip;]<\/p>\n","protected":false},"author":1,"featured_media":0,"parent":0,"menu_order":0,"comment_status":"closed","ping_status":"closed","template":"elementor_header_footer","meta":{"footnotes":""},"class_list":["post-28613","page","type-page","status-publish","hentry"],"_links":{"self":[{"href":"https:\/\/campoagricola.es\/index.php\/wp-json\/wp\/v2\/pages\/28613","targetHints":{"allow":["GET"]}}],"collection":[{"href":"https:\/\/campoagricola.es\/index.php\/wp-json\/wp\/v2\/pages"}],"about":[{"href":"https:\/\/campoagricola.es\/index.php\/wp-json\/wp\/v2\/types\/page"}],"author":[{"embeddable":true,"href":"https:\/\/campoagricola.es\/index.php\/wp-json\/wp\/v2\/users\/1"}],"replies":[{"embeddable":true,"href":"https:\/\/campoagricola.es\/index.php\/wp-json\/wp\/v2\/comments?post=28613"}],"version-history":[{"count":25,"href":"https:\/\/campoagricola.es\/index.php\/wp-json\/wp\/v2\/pages\/28613\/revisions"}],"predecessor-version":[{"id":37664,"href":"https:\/\/campoagricola.es\/index.php\/wp-json\/wp\/v2\/pages\/28613\/revisions\/37664"}],"wp:attachment":[{"href":"https:\/\/campoagricola.es\/index.php\/wp-json\/wp\/v2\/media?parent=28613"}],"curies":[{"name":"wp","href":"https:\/\/api.w.org\/{rel}","templated":true}]}}