{"id":28652,"date":"2021-08-06T10:02:43","date_gmt":"2021-08-06T10:02:43","guid":{"rendered":"https:\/\/campoagricola.es\/?page_id=28652"},"modified":"2023-03-29T10:31:19","modified_gmt":"2023-03-29T10:31:19","slug":"politique-de-qualite","status":"publish","type":"page","link":"https:\/\/campoagricola.es\/index.php\/politique-de-qualite\/","title":{"rendered":"Politique de Qualit\u00e9"},"content":{"rendered":"\t\t<div data-elementor-type=\"wp-page\" data-elementor-id=\"28652\" class=\"elementor elementor-28652\" data-elementor-settings=\"{&quot;ha_cmc_init_switcher&quot;:&quot;no&quot;}\">\n\t\t\t\t\t\t<section class=\"elementor-section elementor-top-section elementor-element elementor-element-c06a1b2 elementor-section-height-min-height elementor-section-boxed elementor-section-height-default elementor-section-items-middle\" data-id=\"c06a1b2\" data-element_type=\"section\" data-e-type=\"section\" data-settings=\"{&quot;background_background&quot;:&quot;classic&quot;,&quot;_ha_eqh_enable&quot;:false,&quot;ekit_has_onepagescroll_dot&quot;:&quot;yes&quot;}\">\n\t\t\t\t\t\t\t<div class=\"elementor-background-overlay\"><\/div>\n\t\t\t\t\t\t\t<div class=\"elementor-container elementor-column-gap-wider\">\n\t\t\t\t\t<div class=\"elementor-column elementor-col-100 elementor-top-column elementor-element elementor-element-d65ad4a\" data-id=\"d65ad4a\" data-element_type=\"column\" data-e-type=\"column\">\n\t\t\t<div class=\"elementor-widget-wrap elementor-element-populated\">\n\t\t\t\t\t\t<div class=\"elementor-element elementor-element-a40df56 elementor-widget elementor-widget-heading\" data-id=\"a40df56\" data-element_type=\"widget\" data-e-type=\"widget\" data-settings=\"{&quot;ekit_we_effect_on&quot;:&quot;none&quot;}\" data-widget_type=\"heading.default\">\n\t\t\t\t<div class=\"elementor-widget-container\">\n\t\t\t\t\t<h1 class=\"elementor-heading-title elementor-size-default\">Politique de Qualit\u00e9<\/h1>\t\t\t\t<\/div>\n\t\t\t\t<\/div>\n\t\t\t\t\t<\/div>\n\t\t<\/div>\n\t\t\t\t\t<\/div>\n\t\t<\/section>\n\t\t\t\t<section class=\"elementor-section elementor-top-section elementor-element elementor-element-04ab2c2 elementor-section-boxed elementor-section-height-default elementor-section-height-default\" data-id=\"04ab2c2\" data-element_type=\"section\" data-e-type=\"section\" data-settings=\"{&quot;_ha_eqh_enable&quot;:false,&quot;ekit_has_onepagescroll_dot&quot;:&quot;yes&quot;}\">\n\t\t\t\t\t\t<div class=\"elementor-container elementor-column-gap-default\">\n\t\t\t\t\t<div class=\"elementor-column elementor-col-100 elementor-top-column elementor-element elementor-element-41d6b7e\" data-id=\"41d6b7e\" data-element_type=\"column\" data-e-type=\"column\">\n\t\t\t<div class=\"elementor-widget-wrap elementor-element-populated\">\n\t\t\t\t\t\t<div class=\"elementor-element elementor-element-51fe642 elementor-widget elementor-widget-text-editor\" data-id=\"51fe642\" data-element_type=\"widget\" data-e-type=\"widget\" data-settings=\"{&quot;ekit_we_effect_on&quot;:&quot;none&quot;}\" data-widget_type=\"text-editor.default\">\n\t\t\t\t<div class=\"elementor-widget-container\">\n\t\t\t\t\t\t\t\t\tCAMPOAGR\u00cdCOLA, fabrique et distribue des pi\u00e8ces d\u00e9tach\u00e9es agricoles de la plus haute qualit\u00e9 et \u00e0 un prix comp\u00e9titif. Depuis le d\u00e9but, nous avons un objectif clair : \u00eatre le \u00abKnow How\u00bb de tous les fabricants de machines agricoles de petite et moyenne taille. Chez CAMPOAGR\u00cdCOLA, nous pensons que \u00ab\u00e0 qualit\u00e9 \u00e9gale, nous devons am\u00e9liorer le prix, et \u00e0 prix \u00e9gal, nous devons am\u00e9liorer la qualit\u00e9\u00bb. Pour cela nous avons d\u00e9cid\u00e9 de mettre en place un Syst\u00e8me de Management de la Qualit\u00e9 bas\u00e9 sur la norme ISO 9001\u00a0: 2015 afin d&#8217;am\u00e9liorer le service \u00e0 nos clients.\nLa Direction de CAMPOAGR\u00cdCOLA se concentre sur le Syst\u00e8me Qualit\u00e9 comme moyen d&#8217;organiser le fonctionnement de l&#8217;organisation sur la base de piliers de base tels que la Qualit\u00e9 de ses produits, la satisfaction du client et l&#8217;am\u00e9lioration continue de l&#8217;efficacit\u00e9 du Syst\u00e8me.\nPour cela, le syst\u00e8me de gestion de la qualit\u00e9 CAMPOAGR\u00cdCOLA est bas\u00e9 sur :\t\t\t\t\t\t\t\t<\/div>\n\t\t\t\t<\/div>\n\t\t\t\t\t<\/div>\n\t\t<\/div>\n\t\t\t\t\t<\/div>\n\t\t<\/section>\n\t\t\t\t<section class=\"elementor-section elementor-top-section elementor-element elementor-element-ead3b1b elementor-section-boxed elementor-section-height-default elementor-section-height-default\" data-id=\"ead3b1b\" data-element_type=\"section\" data-e-type=\"section\" data-settings=\"{&quot;_ha_eqh_enable&quot;:false,&quot;ekit_has_onepagescroll_dot&quot;:&quot;yes&quot;}\">\n\t\t\t\t\t\t<div class=\"elementor-container elementor-column-gap-default\">\n\t\t\t\t\t<div class=\"elementor-column elementor-col-50 elementor-top-column elementor-element elementor-element-91b3f23\" data-id=\"91b3f23\" data-element_type=\"column\" data-e-type=\"column\">\n\t\t\t<div class=\"elementor-widget-wrap elementor-element-populated\">\n\t\t\t\t\t\t<div class=\"elementor-element elementor-element-1bf08ec elementor-widget elementor-widget-image\" data-id=\"1bf08ec\" data-element_type=\"widget\" data-e-type=\"widget\" data-settings=\"{&quot;ekit_we_effect_on&quot;:&quot;none&quot;}\" data-widget_type=\"image.default\">\n\t\t\t\t<div class=\"elementor-widget-container\">\n\t\t\t\t\t\t\t\t\t\t\t\t\t\t\t<img fetchpriority=\"high\" decoding=\"async\" width=\"614\" height=\"680\" src=\"https:\/\/campoagricola.es\/wp-content\/uploads\/2021\/08\/4.png\" class=\"attachment-large size-large wp-image-28631\" alt=\"\" srcset=\"https:\/\/campoagricola.es\/wp-content\/uploads\/2021\/08\/4.png 614w, https:\/\/campoagricola.es\/wp-content\/uploads\/2021\/08\/4-271x300.png 271w\" sizes=\"(max-width: 614px) 100vw, 614px\" \/>\t\t\t\t\t\t\t\t\t\t\t\t\t\t\t<\/div>\n\t\t\t\t<\/div>\n\t\t\t\t\t<\/div>\n\t\t<\/div>\n\t\t\t\t<div class=\"elementor-column elementor-col-50 elementor-top-column elementor-element elementor-element-ed0364c\" data-id=\"ed0364c\" data-element_type=\"column\" data-e-type=\"column\">\n\t\t\t<div class=\"elementor-widget-wrap elementor-element-populated\">\n\t\t\t\t\t\t<div class=\"elementor-element elementor-element-5910c35 elementor-widget elementor-widget-text-editor\" data-id=\"5910c35\" data-element_type=\"widget\" data-e-type=\"widget\" data-settings=\"{&quot;ekit_we_effect_on&quot;:&quot;none&quot;}\" data-widget_type=\"text-editor.default\">\n\t\t\t\t<div class=\"elementor-widget-container\">\n\t\t\t\t\t\t\t\t\t<ul style=\"text-align: justify;\">\n \t<li>La qualit\u00e9 et son am\u00e9lioration sont de la responsabilit\u00e9 de tous les membres de l&#8217;entreprise, c&#8217;est pourquoi elle s&#8217;efforce de disposer d&#8217;un personnel techniquement comp\u00e9tent, honn\u00eate, responsable et correctement form\u00e9, et de disposer des moyens mat\u00e9riels appropri\u00e9s pour la fourniture de ses services.<\/li>\n \t<li>La qualit\u00e9 s&#8217;obtient par la planification, l&#8217;ex\u00e9cution, la r\u00e9vision et l&#8217;am\u00e9lioration du syst\u00e8me de gestion, en gardant toujours \u00e0 l&#8217;esprit le contexte de l&#8217;organisation, tant interne qu&#8217;externe, et en surveillant les objectifs fix\u00e9s.<\/li>\n \t<li>La Qualit\u00e9 est orient\u00e9e vers la Satisfaction de tous nos clients et parties int\u00e9ress\u00e9es, \u00e0 travers l&#8217;engagement de toute l&#8217;organisation \u00e0 r\u00e9pondre \u00e0 leurs besoins et exigences, ainsi qu&#8217;aux exigences l\u00e9gales et r\u00e9glementaires et \u00e0 celles des produits et services.<\/li>\n \t<li>La qualit\u00e9 repose sur l&#8217;am\u00e9lioration continue des processus de production et de prestation de services, ainsi que sur l&#8217;efficacit\u00e9 du syst\u00e8me de gestion de la qualit\u00e9 dans lequel la pr\u00e9vention des erreurs est un aspect fondamental.\nLa qualit\u00e9 nous incite \u00e0 porter la plus grande attention \u00e0 l&#8217;\u00e9volution technologique et aux am\u00e9liorations possibles que les nouvelles technologies mettent \u00e0 notre disposition.<\/li>\n \t<li>La qualit\u00e9 requiert la participation et la collaboration de tous, c&#8217;est pourquoi cette politique est diffus\u00e9e \u00e0 tout le personnel de CAMPOAGR\u00cdCOLA pour sa connaissance et sa compr\u00e9hension.<\/li>\n<\/ul><br>\n<p style=\"color: #333333; font-size: 18px; font-weight: 300; letter-spacing: normal; font-family: Heebo, sans-serif; text-align: justify;\"><span style=\"font-size: 1.1em;\">Pour l&#8217;application efficace de ces principes, le soutien de l&#8217;\u00e9quipe de direction et du personnel est absolument n\u00e9cessaire.\nCette politique est disponible sur demande pour toutes les parties int\u00e9ress\u00e9es.\n<\/span><\/p>\t\t\t\t\t\t\t\t<\/div>\n\t\t\t\t<\/div>\n\t\t\t\t\t<\/div>\n\t\t<\/div>\n\t\t\t\t\t<\/div>\n\t\t<\/section>\n\t\t\t\t<\/div>\n\t\t","protected":false},"excerpt":{"rendered":"<p>Politique de Qualit\u00e9 CAMPOAGR\u00cdCOLA, fabrique et distribue des pi\u00e8ces d\u00e9tach\u00e9es agricoles de la plus haute qualit\u00e9 et \u00e0 un prix comp\u00e9titif. Depuis le d\u00e9but, nous avons un objectif clair : \u00eatre le \u00abKnow How\u00bb de tous les fabricants de machines agricoles de petite et moyenne taille. Chez CAMPOAGR\u00cdCOLA, nous pensons que \u00ab\u00e0 qualit\u00e9 \u00e9gale, nous [&hellip;]<\/p>\n","protected":false},"author":1,"featured_media":0,"parent":0,"menu_order":0,"comment_status":"closed","ping_status":"closed","template":"elementor_header_footer","meta":{"footnotes":""},"class_list":["post-28652","page","type-page","status-publish","hentry"],"_links":{"self":[{"href":"https:\/\/campoagricola.es\/index.php\/wp-json\/wp\/v2\/pages\/28652","targetHints":{"allow":["GET"]}}],"collection":[{"href":"https:\/\/campoagricola.es\/index.php\/wp-json\/wp\/v2\/pages"}],"about":[{"href":"https:\/\/campoagricola.es\/index.php\/wp-json\/wp\/v2\/types\/page"}],"author":[{"embeddable":true,"href":"https:\/\/campoagricola.es\/index.php\/wp-json\/wp\/v2\/users\/1"}],"replies":[{"embeddable":true,"href":"https:\/\/campoagricola.es\/index.php\/wp-json\/wp\/v2\/comments?post=28652"}],"version-history":[{"count":29,"href":"https:\/\/campoagricola.es\/index.php\/wp-json\/wp\/v2\/pages\/28652\/revisions"}],"predecessor-version":[{"id":39783,"href":"https:\/\/campoagricola.es\/index.php\/wp-json\/wp\/v2\/pages\/28652\/revisions\/39783"}],"wp:attachment":[{"href":"https:\/\/campoagricola.es\/index.php\/wp-json\/wp\/v2\/media?parent=28652"}],"curies":[{"name":"wp","href":"https:\/\/api.w.org\/{rel}","templated":true}]}}