{"id":32737,"date":"2022-06-24T07:56:13","date_gmt":"2022-06-24T07:56:13","guid":{"rendered":"https:\/\/campoagricola.es\/?page_id=32737"},"modified":"2022-11-09T12:48:15","modified_gmt":"2022-11-09T12:48:15","slug":"dientes-de-grada-rotativa-forigo","status":"publish","type":"page","link":"https:\/\/campoagricola.es\/index.php\/dientes-de-grada-rotativa-forigo\/","title":{"rendered":"Dientes de grada rotativa forigo"},"content":{"rendered":"\t\t<div data-elementor-type=\"wp-page\" data-elementor-id=\"32737\" class=\"elementor elementor-32737\" data-elementor-settings=\"{&quot;ha_cmc_init_switcher&quot;:&quot;no&quot;}\">\n\t\t\t\t\t\t<section class=\"elementor-section elementor-top-section elementor-element elementor-element-bdd964d elementor-section-height-min-height elementor-section-boxed elementor-section-height-default elementor-section-items-middle\" data-id=\"bdd964d\" data-element_type=\"section\" data-e-type=\"section\" data-settings=\"{&quot;background_background&quot;:&quot;classic&quot;,&quot;_ha_eqh_enable&quot;:false,&quot;ekit_has_onepagescroll_dot&quot;:&quot;yes&quot;}\">\n\t\t\t\t\t\t\t<div class=\"elementor-background-overlay\"><\/div>\n\t\t\t\t\t\t\t<div class=\"elementor-container elementor-column-gap-wider\">\n\t\t\t\t\t<div class=\"elementor-column elementor-col-100 elementor-top-column elementor-element elementor-element-31a944b\" data-id=\"31a944b\" data-element_type=\"column\" data-e-type=\"column\">\n\t\t\t<div class=\"elementor-widget-wrap elementor-element-populated\">\n\t\t\t\t\t\t<div class=\"elementor-element elementor-element-a878b3d elementor-widget elementor-widget-heading\" data-id=\"a878b3d\" data-element_type=\"widget\" data-e-type=\"widget\" data-settings=\"{&quot;ekit_we_effect_on&quot;:&quot;none&quot;}\" data-widget_type=\"heading.default\">\n\t\t\t\t<div class=\"elementor-widget-container\">\n\t\t\t\t\t<h1 class=\"elementor-heading-title elementor-size-default\">Dientes de grada rotativa adaptables<\/h1>\t\t\t\t<\/div>\n\t\t\t\t<\/div>\n\t\t\t\t\t<\/div>\n\t\t<\/div>\n\t\t\t\t\t<\/div>\n\t\t<\/section>\n\t\t\t\t<section class=\"elementor-section elementor-top-section elementor-element elementor-element-9bc60f6 elementor-section-full_width elementor-section-height-default elementor-section-height-default\" data-id=\"9bc60f6\" data-element_type=\"section\" data-e-type=\"section\" data-settings=\"{&quot;_ha_eqh_enable&quot;:false,&quot;ekit_has_onepagescroll_dot&quot;:&quot;yes&quot;}\">\n\t\t\t\t\t\t<div class=\"elementor-container elementor-column-gap-default\">\n\t\t\t\t\t<div class=\"elementor-column elementor-col-100 elementor-top-column elementor-element elementor-element-fd4d928\" data-id=\"fd4d928\" data-element_type=\"column\" data-e-type=\"column\">\n\t\t\t<div class=\"elementor-widget-wrap elementor-element-populated\">\n\t\t\t\t\t\t<div class=\"elementor-element elementor-element-ca1fa95 elementor-widget elementor-widget-ekit-nav-menu\" data-id=\"ca1fa95\" data-element_type=\"widget\" data-e-type=\"widget\" data-settings=\"{&quot;ekit_we_effect_on&quot;:&quot;none&quot;}\" data-widget_type=\"ekit-nav-menu.default\">\n\t\t\t\t<div class=\"elementor-widget-container\">\n\t\t\t\t\t\t\t<nav class=\"ekit-wid-con ekit_menu_responsive_tablet\"\n\t\t\tdata-hamburger-icon=\"\"\n\t\t\tdata-hamburger-icon-type=\"icon\"\n\t\t\tdata-responsive-breakpoint=\"1024\">\n\t\t\t            <button class=\"elementskit-menu-hamburger elementskit-menu-toggler\"  type=\"button\" aria-label=\"hamburger-icon\">\n                                    <span class=\"elementskit-menu-hamburger-icon\"><\/span><span class=\"elementskit-menu-hamburger-icon\"><\/span><span class=\"elementskit-menu-hamburger-icon\"><\/span>\n                            <\/button>\n            <div id=\"ekit-megamenu-dientes-rotativa\" class=\"elementskit-menu-container elementskit-menu-offcanvas-elements elementskit-navbar-nav-default ekit-nav-menu-one-page-no ekit-nav-dropdown-hover\"><ul id=\"menu-dientes-rotativa\" class=\"elementskit-navbar-nav elementskit-menu-po-center submenu-click-on-icon\"><li id=\"menu-item-32778\" class=\"menu-item menu-item-type-post_type menu-item-object-page menu-item-32778 nav-item nav-item elementskit-mobile-builder-content\" data-vertical-menu=750px><a href=\"https:\/\/campoagricola.es\/index.php\/dientes-de-grada-rotativa-alpego\/\" class=\"ekit-menu-nav-link\">Alpego<\/a><\/li>\n<li id=\"menu-item-32777\" class=\"menu-item menu-item-type-post_type menu-item-object-page menu-item-32777 nav-item nav-item elementskit-mobile-builder-content\" data-vertical-menu=750px><a href=\"https:\/\/campoagricola.es\/index.php\/dientes-de-grada-rotativa-amazone\/\" class=\"ekit-menu-nav-link\">Amazone<\/a><\/li>\n<li id=\"menu-item-32776\" class=\"menu-item menu-item-type-post_type menu-item-object-page menu-item-32776 nav-item nav-item elementskit-mobile-builder-content\" data-vertical-menu=750px><a href=\"https:\/\/campoagricola.es\/index.php\/dientes-de-grada-rotativa-breviglieri\/\" class=\"ekit-menu-nav-link\">Breviglieri<\/a><\/li>\n<li id=\"menu-item-32775\" class=\"menu-item menu-item-type-post_type menu-item-object-page menu-item-32775 nav-item nav-item elementskit-mobile-builder-content\" data-vertical-menu=750px><a href=\"https:\/\/campoagricola.es\/index.php\/dientes-de-grada-rotativa-celli\/\" class=\"ekit-menu-nav-link\">Celli<\/a><\/li>\n<li id=\"menu-item-32774\" class=\"menu-item menu-item-type-post_type menu-item-object-page menu-item-32774 nav-item nav-item elementskit-mobile-builder-content\" data-vertical-menu=750px><a href=\"https:\/\/campoagricola.es\/index.php\/dientes-de-grada-rotativa-falc\/\" class=\"ekit-menu-nav-link\">Falc<\/a><\/li>\n<li id=\"menu-item-32773\" class=\"menu-item menu-item-type-post_type menu-item-object-page menu-item-32773 nav-item nav-item elementskit-mobile-builder-content\" data-vertical-menu=750px><a href=\"https:\/\/campoagricola.es\/index.php\/dientes-de-grada-rotativa-forigo\/\" class=\"ekit-menu-nav-link\">Forigo<\/a><\/li>\n<li id=\"menu-item-32772\" class=\"menu-item menu-item-type-post_type menu-item-object-page menu-item-32772 nav-item nav-item elementskit-mobile-builder-content\" data-vertical-menu=750px><a href=\"https:\/\/campoagricola.es\/index.php\/dientes-de-grada-rotativa-howard\/\" class=\"ekit-menu-nav-link\">Howard<\/a><\/li>\n<li id=\"menu-item-32771\" class=\"menu-item menu-item-type-post_type menu-item-object-page menu-item-32771 nav-item nav-item elementskit-mobile-builder-content\" data-vertical-menu=750px><a href=\"https:\/\/campoagricola.es\/index.php\/dientes-de-grada-rotativa-kuhn\/\" class=\"ekit-menu-nav-link\">Kuhn<\/a><\/li>\n<li id=\"menu-item-32770\" class=\"menu-item menu-item-type-post_type menu-item-object-page menu-item-32770 nav-item nav-item elementskit-mobile-builder-content\" data-vertical-menu=750px><a href=\"https:\/\/campoagricola.es\/index.php\/dientes-de-grada-rotativa-kverneland\/\" class=\"ekit-menu-nav-link\">Kverneland<\/a><\/li>\n<li id=\"menu-item-32769\" class=\"menu-item menu-item-type-post_type menu-item-object-page menu-item-32769 nav-item nav-item elementskit-mobile-builder-content\" data-vertical-menu=750px><a href=\"https:\/\/campoagricola.es\/index.php\/dientes-de-grada-rotativa-lemken\/\" class=\"ekit-menu-nav-link\">Lemken<\/a><\/li>\n<li id=\"menu-item-32768\" class=\"menu-item menu-item-type-post_type menu-item-object-page menu-item-32768 nav-item nav-item elementskit-mobile-builder-content\" data-vertical-menu=750px><a href=\"https:\/\/campoagricola.es\/index.php\/dientes-de-grada-rotativa-maschio\/\" class=\"ekit-menu-nav-link\">Maschio<\/a><\/li>\n<li id=\"menu-item-32767\" class=\"menu-item menu-item-type-post_type menu-item-object-page menu-item-32767 nav-item nav-item elementskit-mobile-builder-content\" data-vertical-menu=750px><a href=\"https:\/\/campoagricola.es\/index.php\/dientes-de-grada-rotativa-niemeyer\/\" class=\"ekit-menu-nav-link\">Niemeyer<\/a><\/li>\n<li id=\"menu-item-32766\" class=\"menu-item menu-item-type-post_type menu-item-object-page menu-item-32766 nav-item nav-item elementskit-mobile-builder-content\" data-vertical-menu=750px><a href=\"https:\/\/campoagricola.es\/index.php\/dientes-de-grada-rotativa-vogel\/\" class=\"ekit-menu-nav-link\">Vogel<\/a><\/li>\n<\/ul><div class=\"elementskit-nav-identity-panel\"><button class=\"elementskit-menu-close elementskit-menu-toggler\" type=\"button\">X<\/button><\/div><\/div>\n\t\t\t<div class=\"elementskit-menu-overlay elementskit-menu-offcanvas-elements elementskit-menu-toggler ekit-nav-menu--overlay\"><\/div>        <\/nav>\n\t\t\t\t\t\t<\/div>\n\t\t\t\t<\/div>\n\t\t\t\t\t<\/div>\n\t\t<\/div>\n\t\t\t\t\t<\/div>\n\t\t<\/section>\n\t\t\t\t<section class=\"elementor-section elementor-top-section elementor-element elementor-element-52dc4da elementor-section-boxed elementor-section-height-default elementor-section-height-default\" data-id=\"52dc4da\" data-element_type=\"section\" data-e-type=\"section\" data-settings=\"{&quot;background_background&quot;:&quot;classic&quot;,&quot;_ha_eqh_enable&quot;:false,&quot;ekit_has_onepagescroll_dot&quot;:&quot;yes&quot;}\">\n\t\t\t\t\t\t<div class=\"elementor-container elementor-column-gap-no\">\n\t\t\t\t\t<div class=\"elementor-column elementor-col-50 elementor-top-column elementor-element elementor-element-6852ff7\" data-id=\"6852ff7\" data-element_type=\"column\" data-e-type=\"column\" data-settings=\"{&quot;background_background&quot;:&quot;classic&quot;}\">\n\t\t\t<div class=\"elementor-widget-wrap elementor-element-populated\">\n\t\t\t\t\t\t<div class=\"elementor-element elementor-element-773801d elementor-widget elementor-widget-heading\" data-id=\"773801d\" data-element_type=\"widget\" data-e-type=\"widget\" data-settings=\"{&quot;ekit_we_effect_on&quot;:&quot;none&quot;}\" data-widget_type=\"heading.default\">\n\t\t\t\t<div class=\"elementor-widget-container\">\n\t\t\t\t\t<h4 class=\"elementor-heading-title elementor-size-default\">FORIGO<\/h4>\t\t\t\t<\/div>\n\t\t\t\t<\/div>\n\t\t\t\t<div class=\"elementor-element elementor-element-634fbef elementor-widget elementor-widget-text-editor\" data-id=\"634fbef\" data-element_type=\"widget\" data-e-type=\"widget\" data-settings=\"{&quot;ekit_we_effect_on&quot;:&quot;none&quot;}\" data-widget_type=\"text-editor.default\">\n\t\t\t\t<div class=\"elementor-widget-container\">\n\t\t\t\t\t\t\t\t\tDerecho\t\t\t\t\t\t\t\t<\/div>\n\t\t\t\t<\/div>\n\t\t\t\t<div class=\"elementor-element elementor-element-2d81b07 elementor-widget elementor-widget-image\" data-id=\"2d81b07\" data-element_type=\"widget\" data-e-type=\"widget\" data-settings=\"{&quot;ekit_we_effect_on&quot;:&quot;none&quot;}\" data-widget_type=\"image.default\">\n\t\t\t\t<div class=\"elementor-widget-container\">\n\t\t\t\t\t\t\t\t\t\t\t\t\t\t\t<img fetchpriority=\"high\" decoding=\"async\" width=\"425\" height=\"324\" src=\"https:\/\/campoagricola.es\/wp-content\/uploads\/2022\/06\/1713000.jpg\" class=\"attachment-large size-large wp-image-32548\" alt=\"\" srcset=\"https:\/\/campoagricola.es\/wp-content\/uploads\/2022\/06\/1713000.jpg 425w, https:\/\/campoagricola.es\/wp-content\/uploads\/2022\/06\/1713000-300x229.jpg 300w\" sizes=\"(max-width: 425px) 100vw, 425px\" \/>\t\t\t\t\t\t\t\t\t\t\t\t\t\t\t<\/div>\n\t\t\t\t<\/div>\n\t\t\t\t<div class=\"elementor-element elementor-element-05aaec9 elementor-widget elementor-widget-Table\" data-id=\"05aaec9\" data-element_type=\"widget\" data-e-type=\"widget\" data-settings=\"{&quot;ekit_we_effect_on&quot;:&quot;none&quot;}\" data-widget_type=\"Table.default\">\n\t\t\t\t<div class=\"elementor-widget-container\">\n\t\t\t\t\t\t\t<table class=\"tafe-table \">\n\t\t\t<thead  class=\"tafe-table-header\">\n\t\t\t\t<tr>\n\t\t\t\t\t<th class=\"elementor-inline-editing elementor-repeater-item-a9d6ce6\"   >Cod. Num.<\/th><th class=\"elementor-inline-editing elementor-repeater-item-abf901a\"   >O.E.M.<\/th><th class=\"elementor-inline-editing elementor-repeater-item-5fff6f3\"   >C\u00f3d. ant.<\/th><th class=\"elementor-inline-editing elementor-repeater-item-20555be\"   >Peso<\/th>\t\t\t\t<\/tr>\n\t\t\t<\/thead>\n\t\t\t\t\t\t<tbody class=\"tafe-table-body\">\n\t\t\t\t<tr>\n\t\t\t\t\t<td data-label=\"Cod. Num.\"   class=\"elementor-repeater-item-cb70a80 td-content-type-default\" >1713000<\/td><td data-label=\"O.E.M.\"   class=\"elementor-repeater-item-304c073 td-content-type-default\" >G359610<\/td><td data-label=\"C\u00f3d. ant.\"   class=\"elementor-repeater-item-34fe09d td-content-type-default\" >FRG07D00000<\/td><td data-label=\"Peso\"   class=\"elementor-repeater-item-4be192d td-content-type-default\" >1,18<\/td>\t\t\t\t<\/tr>\n\t\t\t<\/tbody>\n\t\t<\/table>\n\t\t\n\t\t\t\t\t\t<\/div>\n\t\t\t\t<\/div>\n\t\t\t\t\t<\/div>\n\t\t<\/div>\n\t\t\t\t<div class=\"elementor-column elementor-col-50 elementor-top-column elementor-element elementor-element-e302e09\" data-id=\"e302e09\" data-element_type=\"column\" data-e-type=\"column\" data-settings=\"{&quot;background_background&quot;:&quot;classic&quot;}\">\n\t\t\t<div class=\"elementor-widget-wrap elementor-element-populated\">\n\t\t\t\t\t\t<div class=\"elementor-element elementor-element-e84f406 elementor-widget elementor-widget-heading\" data-id=\"e84f406\" data-element_type=\"widget\" data-e-type=\"widget\" data-settings=\"{&quot;ekit_we_effect_on&quot;:&quot;none&quot;}\" data-widget_type=\"heading.default\">\n\t\t\t\t<div class=\"elementor-widget-container\">\n\t\t\t\t\t<h4 class=\"elementor-heading-title elementor-size-default\">FORIGO<\/h4>\t\t\t\t<\/div>\n\t\t\t\t<\/div>\n\t\t\t\t<div class=\"elementor-element elementor-element-68f783b elementor-widget elementor-widget-text-editor\" data-id=\"68f783b\" data-element_type=\"widget\" data-e-type=\"widget\" data-settings=\"{&quot;ekit_we_effect_on&quot;:&quot;none&quot;}\" data-widget_type=\"text-editor.default\">\n\t\t\t\t<div class=\"elementor-widget-container\">\n\t\t\t\t\t\t\t\t\tIzquierdo\t\t\t\t\t\t\t\t<\/div>\n\t\t\t\t<\/div>\n\t\t\t\t<div class=\"elementor-element elementor-element-271aa3d elementor-widget elementor-widget-image\" data-id=\"271aa3d\" data-element_type=\"widget\" data-e-type=\"widget\" data-settings=\"{&quot;ekit_we_effect_on&quot;:&quot;none&quot;}\" data-widget_type=\"image.default\">\n\t\t\t\t<div class=\"elementor-widget-container\">\n\t\t\t\t\t\t\t\t\t\t\t\t\t\t\t<img decoding=\"async\" width=\"425\" height=\"324\" src=\"https:\/\/campoagricola.es\/wp-content\/uploads\/2022\/06\/1713100.jpg\" class=\"attachment-large size-large wp-image-32549\" alt=\"\" srcset=\"https:\/\/campoagricola.es\/wp-content\/uploads\/2022\/06\/1713100.jpg 425w, https:\/\/campoagricola.es\/wp-content\/uploads\/2022\/06\/1713100-300x229.jpg 300w\" sizes=\"(max-width: 425px) 100vw, 425px\" \/>\t\t\t\t\t\t\t\t\t\t\t\t\t\t\t<\/div>\n\t\t\t\t<\/div>\n\t\t\t\t<div class=\"elementor-element elementor-element-2f57125 elementor-widget elementor-widget-Table\" data-id=\"2f57125\" data-element_type=\"widget\" data-e-type=\"widget\" data-settings=\"{&quot;ekit_we_effect_on&quot;:&quot;none&quot;}\" data-widget_type=\"Table.default\">\n\t\t\t\t<div class=\"elementor-widget-container\">\n\t\t\t\t\t\t\t<table class=\"tafe-table \">\n\t\t\t<thead  class=\"tafe-table-header\">\n\t\t\t\t<tr>\n\t\t\t\t\t<th class=\"elementor-inline-editing elementor-repeater-item-a9d6ce6\"   >Cod. Num.<\/th><th class=\"elementor-inline-editing elementor-repeater-item-abf901a\"   >O.E.M.<\/th><th class=\"elementor-inline-editing elementor-repeater-item-5fff6f3\"   >C\u00f3d. ant.<\/th><th class=\"elementor-inline-editing elementor-repeater-item-20555be\"   >Peso<\/th>\t\t\t\t<\/tr>\n\t\t\t<\/thead>\n\t\t\t\t\t\t<tbody class=\"tafe-table-body\">\n\t\t\t\t<tr>\n\t\t\t\t\t<td data-label=\"Cod. Num.\"   class=\"elementor-repeater-item-cb70a80 td-content-type-default\" >1713100<\/td><td data-label=\"O.E.M.\"   class=\"elementor-repeater-item-304c073 td-content-type-default\" >G3596010<\/td><td data-label=\"C\u00f3d. ant.\"   class=\"elementor-repeater-item-34fe09d td-content-type-default\" >FRG07S00000<\/td><td data-label=\"Peso\"   class=\"elementor-repeater-item-4be192d td-content-type-default\" >1,18<\/td>\t\t\t\t<\/tr>\n\t\t\t<\/tbody>\n\t\t<\/table>\n\t\t\n\t\t\t\t\t\t<\/div>\n\t\t\t\t<\/div>\n\t\t\t\t\t<\/div>\n\t\t<\/div>\n\t\t\t\t\t<\/div>\n\t\t<\/section>\n\t\t\t\t<section class=\"elementor-section elementor-top-section elementor-element elementor-element-c21af0c elementor-section-boxed elementor-section-height-default elementor-section-height-default\" data-id=\"c21af0c\" data-element_type=\"section\" data-e-type=\"section\" data-settings=\"{&quot;background_background&quot;:&quot;classic&quot;,&quot;_ha_eqh_enable&quot;:false,&quot;ekit_has_onepagescroll_dot&quot;:&quot;yes&quot;}\">\n\t\t\t\t\t\t<div class=\"elementor-container elementor-column-gap-no\">\n\t\t\t\t\t<div class=\"elementor-column elementor-col-50 elementor-top-column elementor-element elementor-element-79d87c6\" data-id=\"79d87c6\" data-element_type=\"column\" data-e-type=\"column\" data-settings=\"{&quot;background_background&quot;:&quot;classic&quot;}\">\n\t\t\t<div class=\"elementor-widget-wrap elementor-element-populated\">\n\t\t\t\t\t\t<div class=\"elementor-element elementor-element-ea5c742 elementor-widget elementor-widget-heading\" data-id=\"ea5c742\" data-element_type=\"widget\" data-e-type=\"widget\" data-settings=\"{&quot;ekit_we_effect_on&quot;:&quot;none&quot;}\" data-widget_type=\"heading.default\">\n\t\t\t\t<div class=\"elementor-widget-container\">\n\t\t\t\t\t<h4 class=\"elementor-heading-title elementor-size-default\">FORIGO<\/h4>\t\t\t\t<\/div>\n\t\t\t\t<\/div>\n\t\t\t\t<div class=\"elementor-element elementor-element-162cd27 elementor-widget elementor-widget-image\" data-id=\"162cd27\" data-element_type=\"widget\" data-e-type=\"widget\" data-settings=\"{&quot;ekit_we_effect_on&quot;:&quot;none&quot;}\" data-widget_type=\"image.default\">\n\t\t\t\t<div class=\"elementor-widget-container\">\n\t\t\t\t\t\t\t\t\t\t\t\t\t\t\t<img decoding=\"async\" width=\"425\" height=\"324\" src=\"https:\/\/campoagricola.es\/wp-content\/uploads\/2022\/06\/1714500.jpg\" class=\"attachment-large size-large wp-image-32558\" alt=\"\" srcset=\"https:\/\/campoagricola.es\/wp-content\/uploads\/2022\/06\/1714500.jpg 425w, https:\/\/campoagricola.es\/wp-content\/uploads\/2022\/06\/1714500-300x229.jpg 300w\" sizes=\"(max-width: 425px) 100vw, 425px\" \/>\t\t\t\t\t\t\t\t\t\t\t\t\t\t\t<\/div>\n\t\t\t\t<\/div>\n\t\t\t\t<div class=\"elementor-element elementor-element-9afd3e0 elementor-widget elementor-widget-Table\" data-id=\"9afd3e0\" data-element_type=\"widget\" data-e-type=\"widget\" data-settings=\"{&quot;ekit_we_effect_on&quot;:&quot;none&quot;}\" data-widget_type=\"Table.default\">\n\t\t\t\t<div class=\"elementor-widget-container\">\n\t\t\t\t\t\t\t<table class=\"tafe-table \">\n\t\t\t<thead  class=\"tafe-table-header\">\n\t\t\t\t<tr>\n\t\t\t\t\t<th class=\"elementor-inline-editing elementor-repeater-item-a9d6ce6\"   >Cod. Num.<\/th><th class=\"elementor-inline-editing elementor-repeater-item-abf901a\"   >O.E.M.<\/th><th class=\"elementor-inline-editing elementor-repeater-item-5fff6f3\"   >C\u00f3d. ant.<\/th><th class=\"elementor-inline-editing elementor-repeater-item-20555be\"   >Peso<\/th>\t\t\t\t<\/tr>\n\t\t\t<\/thead>\n\t\t\t\t\t\t<tbody class=\"tafe-table-body\">\n\t\t\t\t<tr>\n\t\t\t\t\t<td data-label=\"Cod. Num.\"   class=\"elementor-repeater-item-cb70a80 td-content-type-default\" >1714500<\/td><td data-label=\"O.E.M.\"   class=\"elementor-repeater-item-304c073 td-content-type-default\" >E1005801<\/td><td data-label=\"C\u00f3d. ant.\"   class=\"elementor-repeater-item-34fe09d td-content-type-default\" >FRG09000000<\/td><td data-label=\"Peso\"   class=\"elementor-repeater-item-4be192d td-content-type-default\" >1,70<\/td>\t\t\t\t<\/tr>\n\t\t\t<\/tbody>\n\t\t<\/table>\n\t\t\n\t\t\t\t\t\t<\/div>\n\t\t\t\t<\/div>\n\t\t\t\t\t<\/div>\n\t\t<\/div>\n\t\t\t\t<div class=\"elementor-column elementor-col-50 elementor-top-column elementor-element elementor-element-ef646f6\" data-id=\"ef646f6\" data-element_type=\"column\" data-e-type=\"column\" data-settings=\"{&quot;background_background&quot;:&quot;classic&quot;}\">\n\t\t\t<div class=\"elementor-widget-wrap elementor-element-populated\">\n\t\t\t\t\t\t<div class=\"elementor-element elementor-element-93af7c8 elementor-widget elementor-widget-heading\" data-id=\"93af7c8\" data-element_type=\"widget\" data-e-type=\"widget\" data-settings=\"{&quot;ekit_we_effect_on&quot;:&quot;none&quot;}\" data-widget_type=\"heading.default\">\n\t\t\t\t<div class=\"elementor-widget-container\">\n\t\t\t\t\t<h4 class=\"elementor-heading-title elementor-size-default\">FORIGO<\/h4>\t\t\t\t<\/div>\n\t\t\t\t<\/div>\n\t\t\t\t<div class=\"elementor-element elementor-element-201c420 elementor-widget elementor-widget-image\" data-id=\"201c420\" data-element_type=\"widget\" data-e-type=\"widget\" data-settings=\"{&quot;ekit_we_effect_on&quot;:&quot;none&quot;}\" data-widget_type=\"image.default\">\n\t\t\t\t<div class=\"elementor-widget-container\">\n\t\t\t\t\t\t\t\t\t\t\t\t\t\t\t<img loading=\"lazy\" decoding=\"async\" width=\"425\" height=\"324\" src=\"https:\/\/campoagricola.es\/wp-content\/uploads\/2022\/06\/1714600.jpg\" class=\"attachment-large size-large wp-image-32559\" alt=\"\" srcset=\"https:\/\/campoagricola.es\/wp-content\/uploads\/2022\/06\/1714600.jpg 425w, https:\/\/campoagricola.es\/wp-content\/uploads\/2022\/06\/1714600-300x229.jpg 300w\" sizes=\"(max-width: 425px) 100vw, 425px\" \/>\t\t\t\t\t\t\t\t\t\t\t\t\t\t\t<\/div>\n\t\t\t\t<\/div>\n\t\t\t\t<div class=\"elementor-element elementor-element-6d76f46 elementor-widget elementor-widget-Table\" data-id=\"6d76f46\" data-element_type=\"widget\" data-e-type=\"widget\" data-settings=\"{&quot;ekit_we_effect_on&quot;:&quot;none&quot;}\" data-widget_type=\"Table.default\">\n\t\t\t\t<div class=\"elementor-widget-container\">\n\t\t\t\t\t\t\t<table class=\"tafe-table \">\n\t\t\t<thead  class=\"tafe-table-header\">\n\t\t\t\t<tr>\n\t\t\t\t\t<th class=\"elementor-inline-editing elementor-repeater-item-a9d6ce6\"   >Cod. Num.<\/th><th class=\"elementor-inline-editing elementor-repeater-item-abf901a\"   >O.E.M.<\/th><th class=\"elementor-inline-editing elementor-repeater-item-5fff6f3\"   >C\u00f3d. ant.<\/th><th class=\"elementor-inline-editing elementor-repeater-item-20555be\"   >Peso<\/th>\t\t\t\t<\/tr>\n\t\t\t<\/thead>\n\t\t\t\t\t\t<tbody class=\"tafe-table-body\">\n\t\t\t\t<tr>\n\t\t\t\t\t<td data-label=\"Cod. Num.\"   class=\"elementor-repeater-item-cb70a80 td-content-type-default\" >1714600<\/td><td data-label=\"O.E.M.\"   class=\"elementor-repeater-item-304c073 td-content-type-default\" >RLM58001<\/td><td data-label=\"C\u00f3d. ant.\"   class=\"elementor-repeater-item-34fe09d td-content-type-default\" >FRG01000000<\/td><td data-label=\"Peso\"   class=\"elementor-repeater-item-4be192d td-content-type-default\" >2,25<\/td>\t\t\t\t<\/tr>\n\t\t\t<\/tbody>\n\t\t<\/table>\n\t\t\n\t\t\t\t\t\t<\/div>\n\t\t\t\t<\/div>\n\t\t\t\t\t<\/div>\n\t\t<\/div>\n\t\t\t\t\t<\/div>\n\t\t<\/section>\n\t\t\t\t<\/div>\n\t\t","protected":false},"excerpt":{"rendered":"<p>Dientes de grada rotativa adaptables Alpego Amazone Breviglieri Celli Falc Forigo Howard Kuhn Kverneland Lemken Maschio Niemeyer Vogel X FORIGO Derecho Cod. Num. O.E.M. C\u00f3d. ant. Peso 1713000 G359610 FRG07D00000 1,18 FORIGO Izquierdo Cod. Num. O.E.M. C\u00f3d. ant. Peso 1713100 G3596010 FRG07S00000 1,18 FORIGO Cod. Num. O.E.M. C\u00f3d. ant. Peso 1714500 E1005801 FRG09000000 1,70 FORIGO [&hellip;]<\/p>\n","protected":false},"author":1,"featured_media":0,"parent":0,"menu_order":0,"comment_status":"closed","ping_status":"closed","template":"elementor_header_footer","meta":{"footnotes":""},"class_list":["post-32737","page","type-page","status-publish","hentry"],"_links":{"self":[{"href":"https:\/\/campoagricola.es\/index.php\/wp-json\/wp\/v2\/pages\/32737","targetHints":{"allow":["GET"]}}],"collection":[{"href":"https:\/\/campoagricola.es\/index.php\/wp-json\/wp\/v2\/pages"}],"about":[{"href":"https:\/\/campoagricola.es\/index.php\/wp-json\/wp\/v2\/types\/page"}],"author":[{"embeddable":true,"href":"https:\/\/campoagricola.es\/index.php\/wp-json\/wp\/v2\/users\/1"}],"replies":[{"embeddable":true,"href":"https:\/\/campoagricola.es\/index.php\/wp-json\/wp\/v2\/comments?post=32737"}],"version-history":[{"count":19,"href":"https:\/\/campoagricola.es\/index.php\/wp-json\/wp\/v2\/pages\/32737\/revisions"}],"predecessor-version":[{"id":35537,"href":"https:\/\/campoagricola.es\/index.php\/wp-json\/wp\/v2\/pages\/32737\/revisions\/35537"}],"wp:attachment":[{"href":"https:\/\/campoagricola.es\/index.php\/wp-json\/wp\/v2\/media?parent=32737"}],"curies":[{"name":"wp","href":"https:\/\/api.w.org\/{rel}","templated":true}]}}