{"id":38298,"date":"2024-04-23T10:16:43","date_gmt":"2024-04-23T10:16:43","guid":{"rendered":"https:\/\/campoagricola.es\/?page_id=38298"},"modified":"2023-03-13T11:24:46","modified_gmt":"2023-03-13T11:24:46","slug":"disques-pour-dechaumeurs-a-disques-2","status":"publish","type":"page","link":"https:\/\/campoagricola.es\/index.php\/disques-pour-dechaumeurs-a-disques-2\/","title":{"rendered":"DISQUES POUR D\u00c9CHAUMEURS \u00c0 DISQUES"},"content":{"rendered":"\t\t<div data-elementor-type=\"wp-page\" data-elementor-id=\"38298\" class=\"elementor elementor-38298\" data-elementor-settings=\"{&quot;ha_cmc_init_switcher&quot;:&quot;no&quot;}\">\n\t\t\t\t\t\t<section class=\"elementor-section elementor-top-section elementor-element elementor-element-6fc031d elementor-section-height-min-height elementor-section-boxed elementor-section-height-default elementor-section-items-middle\" data-id=\"6fc031d\" data-element_type=\"section\" data-e-type=\"section\" data-settings=\"{&quot;background_background&quot;:&quot;classic&quot;,&quot;_ha_eqh_enable&quot;:false}\">\n\t\t\t\t\t\t\t<div class=\"elementor-background-overlay\"><\/div>\n\t\t\t\t\t\t\t<div class=\"elementor-container elementor-column-gap-wider\">\n\t\t\t\t\t<div class=\"elementor-column elementor-col-100 elementor-top-column elementor-element elementor-element-5ec6ee4\" data-id=\"5ec6ee4\" data-element_type=\"column\" data-e-type=\"column\">\n\t\t\t<div class=\"elementor-widget-wrap elementor-element-populated\">\n\t\t\t\t\t\t<div class=\"elementor-element elementor-element-fd55ebd elementor-widget elementor-widget-heading\" data-id=\"fd55ebd\" data-element_type=\"widget\" data-e-type=\"widget\" data-widget_type=\"heading.default\">\n\t\t\t\t<div class=\"elementor-widget-container\">\n\t\t\t\t\t<h1 class=\"elementor-heading-title elementor-size-default\">Disques pour d\u00e9chaumeurs \u00e0 disques<\/h1>\t\t\t\t<\/div>\n\t\t\t\t<\/div>\n\t\t\t\t\t<\/div>\n\t\t<\/div>\n\t\t\t\t\t<\/div>\n\t\t<\/section>\n\t\t\t\t<section class=\"elementor-section elementor-top-section elementor-element elementor-element-40d20a8 elementor-section-full_width elementor-section-height-default elementor-section-height-default\" data-id=\"40d20a8\" data-element_type=\"section\" data-e-type=\"section\" data-settings=\"{&quot;_ha_eqh_enable&quot;:false}\">\n\t\t\t\t\t\t<div class=\"elementor-container elementor-column-gap-default\">\n\t\t\t\t\t<div class=\"elementor-column elementor-col-100 elementor-top-column elementor-element elementor-element-7d2447e\" data-id=\"7d2447e\" data-element_type=\"column\" data-e-type=\"column\">\n\t\t\t<div class=\"elementor-widget-wrap elementor-element-populated\">\n\t\t\t\t\t\t<div class=\"elementor-element elementor-element-a8faaf2 elementor-widget elementor-widget-ekit-nav-menu\" data-id=\"a8faaf2\" data-element_type=\"widget\" data-e-type=\"widget\" data-widget_type=\"ekit-nav-menu.default\">\n\t\t\t\t<div class=\"elementor-widget-container\">\n\t\t\t\t\t\t\t<nav class=\"ekit-wid-con ekit_menu_responsive_tablet\"\n\t\t\tdata-hamburger-icon=\"\"\n\t\t\tdata-hamburger-icon-type=\"icon\"\n\t\t\tdata-responsive-breakpoint=\"1024\">\n\t\t\t            <button class=\"elementskit-menu-hamburger elementskit-menu-toggler\"  type=\"button\" aria-label=\"hamburger-icon\">\n                                    <span class=\"elementskit-menu-hamburger-icon\"><\/span><span class=\"elementskit-menu-hamburger-icon\"><\/span><span class=\"elementskit-menu-hamburger-icon\"><\/span>\n                            <\/button>\n            <div id=\"ekit-megamenu-discos-frances\" class=\"elementskit-menu-container elementskit-menu-offcanvas-elements elementskit-navbar-nav-default ekit-nav-menu-one-page-no ekit-nav-dropdown-hover\"><ul id=\"menu-discos-frances\" class=\"elementskit-navbar-nav elementskit-menu-po-center submenu-click-on-icon\"><li id=\"menu-item-38364\" class=\"menu-item menu-item-type-post_type menu-item-object-page menu-item-38364 nav-item nav-item elementskit-mobile-builder-content\" data-vertical-menu=750px><a href=\"https:\/\/campoagricola.es\/index.php\/disques-pour-covercrop-et-charrue-a-disques\/\" class=\"ekit-menu-nav-link\">Disques pour covercrop et charrue \u00e0 disques<\/a><\/li>\n<li id=\"menu-item-38354\" class=\"menu-item menu-item-type-post_type menu-item-object-page menu-item-38354 nav-item nav-item elementskit-mobile-builder-content\" data-vertical-menu=750px><a href=\"https:\/\/campoagricola.es\/index.php\/disques-caoutres-et-bombes-pour-semoirs-2\/\" class=\"ekit-menu-nav-link\">Disques caoutres et bomb\u00e9s pour semoirs<\/a><\/li>\n<li id=\"menu-item-38363\" class=\"menu-item menu-item-type-post_type menu-item-object-page menu-item-38363 nav-item nav-item elementskit-mobile-builder-content\" data-vertical-menu=750px><a href=\"https:\/\/campoagricola.es\/index.php\/charrue-a-disques\/\" class=\"ekit-menu-nav-link\">Charrue \u00e0 disques<\/a><\/li>\n<li id=\"menu-item-38362\" class=\"menu-item menu-item-type-post_type menu-item-object-page menu-item-38362 nav-item nav-item elementskit-mobile-builder-content\" data-vertical-menu=750px><a href=\"https:\/\/campoagricola.es\/index.php\/disques-pour-dechaumeurs-a-disques-2\/\" class=\"ekit-menu-nav-link\">Disques pour d\u00e9chaumeurs \u00e0 disques<\/a><\/li>\n<li id=\"menu-item-38361\" class=\"menu-item menu-item-type-post_type menu-item-object-page menu-item-38361 nav-item nav-item elementskit-mobile-builder-content\" data-vertical-menu=750px><a href=\"https:\/\/campoagricola.es\/index.php\/dechaumeurs-a-disques-gamme-adaptative\/\" class=\"ekit-menu-nav-link\">D\u00e9chaumeurs \u00e0 disques gamme adaptative<\/a><\/li>\n<li id=\"menu-item-38359\" class=\"menu-item menu-item-type-post_type menu-item-object-page menu-item-38359 nav-item nav-item elementskit-mobile-builder-content\" data-vertical-menu=750px><a href=\"https:\/\/campoagricola.es\/index.php\/disques-pour-covercrop-importer\/\" class=\"ekit-menu-nav-link\">Disques pour covercrop<\/a><\/li>\n<li id=\"menu-item-38358\" class=\"menu-item menu-item-type-post_type menu-item-object-page menu-item-38358 nav-item nav-item elementskit-mobile-builder-content\" data-vertical-menu=750px><a href=\"https:\/\/campoagricola.es\/index.php\/modeles-campoagricola-2\/\" class=\"ekit-menu-nav-link\">Mod\u00e8les Campoagr\u00edcola<\/a><\/li>\n<li id=\"menu-item-38357\" class=\"menu-item menu-item-type-post_type menu-item-object-page menu-item-38357 nav-item nav-item elementskit-mobile-builder-content\" data-vertical-menu=750px><a href=\"https:\/\/campoagricola.es\/index.php\/disques-ondules-gamme-adaptative\/\" class=\"ekit-menu-nav-link\">Disques ondul\u00e9s gamme adaptable<\/a><\/li>\n<li id=\"menu-item-38355\" class=\"menu-item menu-item-type-post_type menu-item-object-page menu-item-38355 nav-item nav-item elementskit-mobile-builder-content\" data-vertical-menu=750px><a href=\"https:\/\/campoagricola.es\/index.php\/autres-modeles-gamme-adaptable\/\" class=\"ekit-menu-nav-link\">Autres mod\u00e8les gamme adaptable<\/a><\/li>\n<\/ul><div class=\"elementskit-nav-identity-panel\"><button class=\"elementskit-menu-close elementskit-menu-toggler\" type=\"button\">X<\/button><\/div><\/div>\n\t\t\t<div class=\"elementskit-menu-overlay elementskit-menu-offcanvas-elements elementskit-menu-toggler ekit-nav-menu--overlay\"><\/div>        <\/nav>\n\t\t\t\t\t\t<\/div>\n\t\t\t\t<\/div>\n\t\t\t\t\t<\/div>\n\t\t<\/div>\n\t\t\t\t\t<\/div>\n\t\t<\/section>\n\t\t\t\t<section class=\"elementor-section elementor-top-section elementor-element elementor-element-28ae63d elementor-section-boxed elementor-section-height-default elementor-section-height-default\" data-id=\"28ae63d\" data-element_type=\"section\" data-e-type=\"section\" data-settings=\"{&quot;_ha_eqh_enable&quot;:false}\">\n\t\t\t\t\t\t<div class=\"elementor-container elementor-column-gap-default\">\n\t\t\t\t\t<div class=\"elementor-column elementor-col-50 elementor-top-column elementor-element elementor-element-3731a22\" data-id=\"3731a22\" data-element_type=\"column\" data-e-type=\"column\">\n\t\t\t<div class=\"elementor-widget-wrap elementor-element-populated\">\n\t\t\t\t\t\t<div class=\"elementor-element elementor-element-8880a9f elementor-widget elementor-widget-heading\" data-id=\"8880a9f\" data-element_type=\"widget\" data-e-type=\"widget\" data-widget_type=\"heading.default\">\n\t\t\t\t<div class=\"elementor-widget-container\">\n\t\t\t\t\t<h4 class=\"elementor-heading-title elementor-size-default\">Disque Platillo  avec sur\u00e9lev\u00e9<\/h4>\t\t\t\t<\/div>\n\t\t\t\t<\/div>\n\t\t\t\t<div class=\"elementor-element elementor-element-b8a9808 elementor-widget elementor-widget-image\" data-id=\"b8a9808\" data-element_type=\"widget\" data-e-type=\"widget\" data-widget_type=\"image.default\">\n\t\t\t\t<div class=\"elementor-widget-container\">\n\t\t\t\t\t\t\t\t\t\t\t\t\t\t\t<img fetchpriority=\"high\" decoding=\"async\" width=\"432\" height=\"433\" src=\"https:\/\/campoagricola.es\/wp-content\/uploads\/2019\/06\/disco-platillo-con-resalte.jpg\" class=\"attachment-large size-large wp-image-11367\" alt=\"\" srcset=\"https:\/\/campoagricola.es\/wp-content\/uploads\/2019\/06\/disco-platillo-con-resalte.jpg 432w, https:\/\/campoagricola.es\/wp-content\/uploads\/2019\/06\/disco-platillo-con-resalte-150x150.jpg 150w, https:\/\/campoagricola.es\/wp-content\/uploads\/2019\/06\/disco-platillo-con-resalte-300x300.jpg 300w\" sizes=\"(max-width: 432px) 100vw, 432px\" \/>\t\t\t\t\t\t\t\t\t\t\t\t\t\t\t<\/div>\n\t\t\t\t<\/div>\n\t\t\t\t\t<\/div>\n\t\t<\/div>\n\t\t\t\t<div class=\"elementor-column elementor-col-50 elementor-top-column elementor-element elementor-element-9ea497c\" data-id=\"9ea497c\" data-element_type=\"column\" data-e-type=\"column\">\n\t\t\t<div class=\"elementor-widget-wrap elementor-element-populated\">\n\t\t\t\t\t\t<div class=\"elementor-element elementor-element-c226ba2 elementor-widget elementor-widget-Table\" data-id=\"c226ba2\" data-element_type=\"widget\" data-e-type=\"widget\" data-widget_type=\"Table.default\">\n\t\t\t\t<div class=\"elementor-widget-container\">\n\t\t\t\t\t\t\t<table class=\"tafe-table \">\n\t\t\t<thead  class=\"tafe-table-header\">\n\t\t\t\t<tr>\n\t\t\t\t\t<th class=\"elementor-inline-editing elementor-repeater-item-a9d6ce6\"   >C\u00f3d. n\u00fam.<\/th><th class=\"elementor-inline-editing elementor-repeater-item-abf901a\"   >Code<\/th><th class=\"elementor-inline-editing elementor-repeater-item-5fff6f3\"   >\u00d8 pouces<\/th><th class=\"elementor-inline-editing elementor-repeater-item-e337423\"   >\u00d8 millim\u00e8tres<\/th><th class=\"elementor-inline-editing elementor-repeater-item-630e5d6\"   >\u00c9paisseur<\/th><th class=\"elementor-inline-editing elementor-repeater-item-25bf37e\"   >Poids<\/th><th class=\"elementor-inline-editing elementor-repeater-item-4084330\"   >Mesure plateau central<\/th><th class=\"elementor-inline-editing elementor-repeater-item-efa9fb7\"   >Concavit\u00e9<\/th><th class=\"elementor-inline-editing elementor-repeater-item-4a52858\"   >Uts. bo\u00eete\t<\/th>\t\t\t\t<\/tr>\n\t\t\t<\/thead>\n\t\t\t\t\t\t<tbody class=\"tafe-table-body\">\n\t\t\t\t<tr>\n\t\t\t\t\t<\/tr><tr><td data-label=\"C\u00f3d. n\u00fam.\"   class=\"elementor-repeater-item-0a054e8 td-content-type-default\" >0907300<\/td><td data-label=\"Code\"   class=\"elementor-repeater-item-6ed1395 td-content-type-default\" >DGR20600000<\/td><td data-label=\"\u00d8 pouces\"   class=\"elementor-repeater-item-c071b63 td-content-type-default\" >20<\/td><td data-label=\"\u00d8 millim\u00e8tres\"   class=\"elementor-repeater-item-f6ed9b8 td-content-type-default\" >508<\/td><td data-label=\"\u00c9paisseur\"   class=\"elementor-repeater-item-2ec5fec td-content-type-default\" >6<\/td><td data-label=\"Poids\"   class=\"elementor-repeater-item-f0a3b8c td-content-type-default\" >8,16<\/td><td data-label=\"Mesure plateau central\"   class=\"elementor-repeater-item-cd3cb41 td-content-type-default\" >170<\/td><td data-label=\"Concavit\u00e9\"   class=\"elementor-repeater-item-68131c5 td-content-type-default\" >60<\/td><td data-label=\"Uts. bo\u00eete\"   class=\"elementor-repeater-item-83a0ef4 td-content-type-default\" >50<\/td><\/tr><tr><td data-label=\"C\u00f3d. n\u00fam.\"   class=\"elementor-repeater-item-d8a6e90 td-content-type-default\" >0907400<\/td><td data-label=\"Code\"   class=\"elementor-repeater-item-6082e01 td-content-type-default\" >DGR22600000<\/td><td data-label=\"\u00d8 pouces\"   class=\"elementor-repeater-item-b569167 td-content-type-default\" >22<\/td><td data-label=\"\u00d8 millim\u00e8tres\"   class=\"elementor-repeater-item-1884d4a td-content-type-default\" >559<\/td><td data-label=\"\u00c9paisseur\"   class=\"elementor-repeater-item-b250c3c td-content-type-default\" >6<\/td><td data-label=\"Poids\"   class=\"elementor-repeater-item-ebb9bb6 td-content-type-default\" >10,74<\/td><td data-label=\"Mesure plateau central\"   class=\"elementor-repeater-item-956d105 td-content-type-default\" >170<\/td><td data-label=\"Concavit\u00e9\"   class=\"elementor-repeater-item-3c0c94a td-content-type-default\" >71<\/td><td data-label=\"Uts. bo\u00eete\"   class=\"elementor-repeater-item-a5b8f2d td-content-type-default\" >50<\/td><\/tr><tr><td data-label=\"C\u00f3d. n\u00fam.\"   class=\"elementor-repeater-item-c989320 td-content-type-default\" >0907500<\/td><td data-label=\"Code\"   class=\"elementor-repeater-item-6b2810a td-content-type-default\" >DGR24600000<\/td><td data-label=\"\u00d8 pouces\"   class=\"elementor-repeater-item-ea5be57 td-content-type-default\" >24<\/td><td data-label=\"\u00d8 millim\u00e8tres\"   class=\"elementor-repeater-item-bb21dd2 td-content-type-default\" >610<\/td><td data-label=\"\u00c9paisseur\"   class=\"elementor-repeater-item-e15dd88 td-content-type-default\" >6<\/td><td data-label=\"Poids\"   class=\"elementor-repeater-item-b31e2f3 td-content-type-default\" >12,35<\/td><td data-label=\"Mesure plateau central\"   class=\"elementor-repeater-item-e143308 td-content-type-default\" >170<\/td><td data-label=\"Concavit\u00e9\"   class=\"elementor-repeater-item-30775db td-content-type-default\" >84<\/td><td data-label=\"Uts. bo\u00eete\"   class=\"elementor-repeater-item-534faae td-content-type-default\" >50<\/td><\/tr><tr><td data-label=\"C\u00f3d. n\u00fam.\"   class=\"elementor-repeater-item-d246cf6 td-content-type-default\" >0908000<\/td><td data-label=\"Code\"   class=\"elementor-repeater-item-8e8e47a td-content-type-default\" >DGR26600000<\/td><td data-label=\"\u00d8 pouces\"   class=\"elementor-repeater-item-1bc6f32 td-content-type-default\" >26<\/td><td data-label=\"\u00d8 millim\u00e8tres\"   class=\"elementor-repeater-item-633d00b td-content-type-default\" >660<\/td><td data-label=\"\u00c9paisseur\"   class=\"elementor-repeater-item-e883e56 td-content-type-default\" >6<\/td><td data-label=\"Poids\"   class=\"elementor-repeater-item-9dc1af4 td-content-type-default\" >15,00<\/td><td data-label=\"Mesure plateau central\"   class=\"elementor-repeater-item-8b940da td-content-type-default\" >170<\/td><td data-label=\"Concavit\u00e9\"   class=\"elementor-repeater-item-26d1d78 td-content-type-default\" >96<\/td><td data-label=\"Uts. bo\u00eete\"   class=\"elementor-repeater-item-108219c td-content-type-default\" >50<\/td>\t\t\t\t<\/tr>\n\t\t\t<\/tbody>\n\t\t<\/table>\n\t\t\n\t\t\t\t\t\t<\/div>\n\t\t\t\t<\/div>\n\t\t\t\t\t<\/div>\n\t\t<\/div>\n\t\t\t\t\t<\/div>\n\t\t<\/section>\n\t\t\t\t<\/div>\n\t\t","protected":false},"excerpt":{"rendered":"<p>Disques pour d\u00e9chaumeurs \u00e0 disques Disques pour covercrop et charrue \u00e0 disques Disques caoutres et bomb\u00e9s pour semoirs Charrue \u00e0 disques Disques pour d\u00e9chaumeurs \u00e0 disques D\u00e9chaumeurs \u00e0 disques gamme adaptative Disques pour covercrop importer Mod\u00e8les Campoagr\u00edcola Disques ondul\u00e9s gamme adaptable Autres mod\u00e8les gamme adaptable X Disque Platillo avec sur\u00e9lev\u00e9 C\u00f3d. n\u00fam. Code \u00d8 pouces [&hellip;]<\/p>\n","protected":false},"author":1,"featured_media":0,"parent":0,"menu_order":0,"comment_status":"closed","ping_status":"closed","template":"elementor_header_footer","meta":{"footnotes":""},"class_list":["post-38298","page","type-page","status-publish","hentry"],"_links":{"self":[{"href":"https:\/\/campoagricola.es\/index.php\/wp-json\/wp\/v2\/pages\/38298","targetHints":{"allow":["GET"]}}],"collection":[{"href":"https:\/\/campoagricola.es\/index.php\/wp-json\/wp\/v2\/pages"}],"about":[{"href":"https:\/\/campoagricola.es\/index.php\/wp-json\/wp\/v2\/types\/page"}],"author":[{"embeddable":true,"href":"https:\/\/campoagricola.es\/index.php\/wp-json\/wp\/v2\/users\/1"}],"replies":[{"embeddable":true,"href":"https:\/\/campoagricola.es\/index.php\/wp-json\/wp\/v2\/comments?post=38298"}],"version-history":[{"count":11,"href":"https:\/\/campoagricola.es\/index.php\/wp-json\/wp\/v2\/pages\/38298\/revisions"}],"predecessor-version":[{"id":38409,"href":"https:\/\/campoagricola.es\/index.php\/wp-json\/wp\/v2\/pages\/38298\/revisions\/38409"}],"wp:attachment":[{"href":"https:\/\/campoagricola.es\/index.php\/wp-json\/wp\/v2\/media?parent=38298"}],"curies":[{"name":"wp","href":"https:\/\/api.w.org\/{rel}","templated":true}]}}