{"id":39860,"date":"2023-03-30T08:52:37","date_gmt":"2023-03-30T08:52:37","guid":{"rendered":"https:\/\/campoagricola.es\/?page_id=39860"},"modified":"2024-09-23T09:04:00","modified_gmt":"2024-09-23T09:04:00","slug":"privacy-policy","status":"publish","type":"page","link":"https:\/\/campoagricola.es\/index.php\/privacy-policy\/","title":{"rendered":"Privacy policy"},"content":{"rendered":"\t\t<div data-elementor-type=\"wp-page\" data-elementor-id=\"39860\" class=\"elementor elementor-39860\" data-elementor-settings=\"{&quot;ha_cmc_init_switcher&quot;:&quot;no&quot;}\">\n\t\t\t\t\t\t<section class=\"elementor-section elementor-top-section elementor-element elementor-element-46ed83b elementor-section-height-min-height elementor-section-boxed elementor-section-height-default elementor-section-items-middle\" data-id=\"46ed83b\" data-element_type=\"section\" data-e-type=\"section\" data-settings=\"{&quot;background_background&quot;:&quot;classic&quot;,&quot;_ha_eqh_enable&quot;:false,&quot;ekit_has_onepagescroll_dot&quot;:&quot;yes&quot;}\">\n\t\t\t\t\t\t\t<div class=\"elementor-background-overlay\"><\/div>\n\t\t\t\t\t\t\t<div class=\"elementor-container elementor-column-gap-wider\">\n\t\t\t\t\t<div class=\"elementor-column elementor-col-100 elementor-top-column elementor-element elementor-element-e33527f\" data-id=\"e33527f\" data-element_type=\"column\" data-e-type=\"column\">\n\t\t\t<div class=\"elementor-widget-wrap elementor-element-populated\">\n\t\t\t\t\t\t<div class=\"elementor-element elementor-element-f40766a elementor-widget elementor-widget-heading\" data-id=\"f40766a\" data-element_type=\"widget\" data-e-type=\"widget\" data-settings=\"{&quot;ekit_we_effect_on&quot;:&quot;none&quot;}\" data-widget_type=\"heading.default\">\n\t\t\t\t<div class=\"elementor-widget-container\">\n\t\t\t\t\t<h1 class=\"elementor-heading-title elementor-size-default\">Legal notice<\/h1>\t\t\t\t<\/div>\n\t\t\t\t<\/div>\n\t\t\t\t\t<\/div>\n\t\t<\/div>\n\t\t\t\t\t<\/div>\n\t\t<\/section>\n\t\t\t\t<section class=\"elementor-section elementor-top-section elementor-element elementor-element-8d026b5 elementor-section-boxed elementor-section-height-default elementor-section-height-default\" data-id=\"8d026b5\" data-element_type=\"section\" data-e-type=\"section\" data-settings=\"{&quot;_ha_eqh_enable&quot;:false,&quot;ekit_has_onepagescroll_dot&quot;:&quot;yes&quot;}\">\n\t\t\t\t\t\t<div class=\"elementor-container elementor-column-gap-default\">\n\t\t\t\t\t<div class=\"elementor-column elementor-col-100 elementor-top-column elementor-element elementor-element-e0757d3\" data-id=\"e0757d3\" data-element_type=\"column\" data-e-type=\"column\">\n\t\t\t<div class=\"elementor-widget-wrap elementor-element-populated\">\n\t\t\t\t\t\t<div class=\"elementor-element elementor-element-d2b9e17 elementor-widget elementor-widget-text-editor\" data-id=\"d2b9e17\" data-element_type=\"widget\" data-e-type=\"widget\" data-settings=\"{&quot;ekit_we_effect_on&quot;:&quot;none&quot;}\" data-widget_type=\"text-editor.default\">\n\t\t\t\t<div class=\"elementor-widget-container\">\n\t\t\t\t\t\t\t\t\t<p><strong>1. Identity of the owner of this website<\/strong>\n<ul><\/p>\n \t<li><strong>Business name:<\/strong>\nRepuestos Agr\u00edcolas Campoagr\u00edcola, S.L.<\/li>\n \t<li><strong>C.I.F. n\u00ba:<\/strong>\nB-31860935<\/li>\n \t<li><strong>Address:<\/strong>\nPol\u00edgono Industrial Comarca II, Calle A, nave 14. \u00a0 31191, BARBAT\u00c1IN. Navarra. Spain<\/li>\n \t<li><strong>Contact email:<\/strong>\ncampoagricola@campoagricola.es<\/li>\n<\/ul>\n<strong>\u00a0<\/strong>\n<p>\n<strong>2. General conditions of use of this website<\/strong><\/p>\n<p>\nAccess to this web page attributes the condition of \u00abuser\u00bb, which implies your express and unreserved acceptance of the legal conditions that are published on www.campoagricola.es at the time you access the web. Therefore, the user must read these general conditions of use whenever they intend to access and, where appropriate, use the services provided through this website, since these conditions may be modified. In this sense, \u00abuser\u00bb shall be understood as any person who accesses, browses, uses or participates in the services and activities, free or onerous, developed at www.campoagricola.es.\n<\/p><p>\n<strong>2.1. Object and scope of application<\/strong><\/p>\n<p>\nLas presentes condiciones generales de uso regulan el acceso, navegaci\u00f3n, contratlas leyes nacionales y los tratados internacionales sobre propiedad intelectual e industrial. Repuestos Agr\u00edcolas Campoagr\u00edcola, S.L., (en adelante, Campoagr\u00edcola) podr\u00e1 establecer condiciones particulares que ser\u00e1n de aplicaci\u00f3n para el uso y\/o contrataci\u00f3n de servicios espec\u00edficos, siendo las presentes condiciones generales de aplicaci\u00f3n supletoria. En el supuesto de contradicci\u00f3n entre lo establecido en las condiciones particulares y las condiciones generales, primar\u00e1 la aplicaci\u00f3n de condiciones particulares.<\/p>\n<p>\n<strong>2.2. Conditions access and use of services<\/strong>\n<ol><\/p>\n <p>\t<li>Access to www.campoagricola.es in principle is free of charge. However, some of the services and content may be subject to the prior contracting of the service or product, the particular conditions published for this purpose being applicable in such cases.<\/li>\n \t<li>At all times, the user must make lawful use of the services of this website in accordance with these general conditions, current legislation, morality and public order, as well as generally accepted practices on the Internet.<\/li>\n \t<li>The user guarantees that all the information provided through the forms included in this website is lawful, real, exact, truthful and up-to-date. It will be the sole responsibility of the user to notify Campoagr\u00edcola immediately of any change that may occur in the information provided.<\/li>\n \t<li>The user will refrain from introducing viruses, programs, macros or any sequence of characters with the purpose of damaging or altering the computer systems of this website; hinder the access of other users through the massive consumption of resources; capture data included in this website for advertising purposes; reproduce, copy, distribute, transform or make available to third parties the contents included in this website; carry out actions through the services included in this website that may injure the intellectual property, industrial secrets, contractual commitments, rights to honor, image and personal privacy of third parties; carry out actions of unfair competition and illegal advertising.<\/li>\n \t<li>Intellectual and industrial property rights.<\/li>\n<\/ol><\/p><p>\nCampoagr\u00edcola is the owner of the intellectual and industrial property rights of all the elements that make up www.campoagr\u00edcola.es, including the brand, commercial name or distinctive sign. In particular, and without limitation, are protected by copyright, graphic design, source code, logos, texts, graphics, illustrations, photographs, sounds and other elements contained on the website. In no case does access or navigation on www.campoagr\u00edcola.es imply resignation, transmission or total or partial license of Campoagr\u00edcola for the user&#8217;s personal use of intellectual and industrial property rights. Therefore, the user acknowledges that the reproduction, copying, distribution, commercialization, transformation, reuse, public communication and, in general, any other form of exploitation by any procedure, of all or part of the contents of www.campoagricola.es, without the express written authorization of Campoagr\u00edcola, constitutes an infringement of intellectual and\/or industrial property rights.\n<p>\nThe user of this Website undertakes to respect the aforementioned rights and to avoid any action that could harm them. In this sense, Campoagr\u00edcola expressly reserves the right to exercise any actions, both civil and criminal, that protect its legitimate intellectual and industrial property rights.<\/p>\n<ol>\n <p>\t<li>The published information may undergo variations, for example, in availability of services, modalities or prices. Therefore, the user will find applicable the legal conditions that are published in www.campoagricola.es at the time of contracting.<\/li>\n \t<li>Campoagr\u00edcola declares that it has adopted both technical and organizational measures that, within its possibilities and the state of technology, allow the proper functioning of the web, as well as the absence of viruses and harmful components. However, it cannot be held responsible for: (a) the continuity and availability of the contents and services included in www.campoagricola.es; (b) the absence of errors in such content or the correction of any defect that may occur; (c) the absence of viruses and\/or other harmful components in www.campoagricola.es; (d) the impregnability of the security measures that have been adopted; (e) damages or losses caused by any person who violates the security systems of www.campoagricola.es.<\/li>\n \t<li>The user will be solely responsible to third parties for any communication sent personally or in his name to www.lapina.es, as well as for the illegitimate use of the contents and services contained on this website.<\/li>\n \t<li>Campoagr\u00edcola reserves the right to temporarily suspend access to www.campoagricola.es without prior notice due to maintenance, repair, updating or improvement operations. Whenever circumstances allow, Campoagr\u00edcola will publish on its website, sufficiently in advance, a notice indicating the scheduled date for the suspension of services.<\/li>\n \t<li>Links to other web pages that may exist on www.campoagricola.es may take you to websites for which Campoagr\u00edcola does not assume any responsibility since it does not have any type of control over them, its purpose being to inform the user of other sources of information, so the user accesses the content under their sole responsibility and under the conditions of use that govern them. Campoagr\u00edcola cannot be held responsible for the content of third-party websites that decide to include hyperlinks to our website.<\/li>\n \t<li>Campoagr\u00edcola is not responsible for the use that users may make of the contents and services included in its website, nor for the fact that they respect these conditions of use. In any case, Campoagr\u00edcola reserves the possibility of adopting the corresponding legal measures and initiating the necessary procedures for the purification of responsibilities for actions contrary to current legislation, ethics or public order, as well as to warn and withdraw any statements that are racist, discriminatory, sexist, defamatory, insulting, offensive, obscene or that contravene the most basic ethical standards.<\/li>\n \t<li>Campoagr\u00edcola reserves the right to modify, in whole or in part, these general conditions of access by publishing the changes at www.campoagricola.es. Likewise, you may make any modifications you deem appropriate to the website without prior notice, being able to change, delete or add both the content and services it provides, as well as the way in which they are presented or located. Consequently, the general conditions that are published at the time the user accesses www.campoagricola.es will be understood as valid, so the user must periodically read these conditions of use.<\/li>\n \t<li>Regardless of the provisions of the particular conditions, Campoagr\u00edcola may terminate, suspend or interrupt, at any time and without prior notice, access to the contents of the page without the possibility for the user to demand any compensation.<\/li>\n<\/ol><\/p><p>\nThe relations established between Campoagr\u00edcola and the user will be governed by the provisions of the current regulations regarding the applicable legislation and the competent jurisdiction. However, for cases in which the regulations grant the parties the possibility of submitting to a jurisdiction, Campoagr\u00edcola and the user, expressly waiving any other jurisdiction that may correspond to them, submit to Spanish law and the courts and tribunals. from the city of Pamplona.<\/p>\t\t\t\t\t\t\t\t<\/div>\n\t\t\t\t<\/div>\n\t\t\t\t\t<\/div>\n\t\t<\/div>\n\t\t\t\t\t<\/div>\n\t\t<\/section>\n\t\t\t\t<\/div>\n\t\t","protected":false},"excerpt":{"rendered":"<p>Legal notice 1. Identity of the owner of this website Business name: Repuestos Agr\u00edcolas Campoagr\u00edcola, S.L. C.I.F. n\u00ba: B-31860935 Address: Pol\u00edgono Industrial Comarca II, Calle A, nave 14. \u00a0 31191, BARBAT\u00c1IN. Navarra. Spain Contact email: campoagricola@campoagricola.es \u00a0 2. General conditions of use of this website Access to this web page attributes the condition of \u00abuser\u00bb, [&hellip;]<\/p>\n","protected":false},"author":1,"featured_media":0,"parent":0,"menu_order":0,"comment_status":"closed","ping_status":"closed","template":"elementor_header_footer","meta":{"footnotes":""},"class_list":["post-39860","page","type-page","status-publish","hentry"],"_links":{"self":[{"href":"https:\/\/campoagricola.es\/index.php\/wp-json\/wp\/v2\/pages\/39860","targetHints":{"allow":["GET"]}}],"collection":[{"href":"https:\/\/campoagricola.es\/index.php\/wp-json\/wp\/v2\/pages"}],"about":[{"href":"https:\/\/campoagricola.es\/index.php\/wp-json\/wp\/v2\/types\/page"}],"author":[{"embeddable":true,"href":"https:\/\/campoagricola.es\/index.php\/wp-json\/wp\/v2\/users\/1"}],"replies":[{"embeddable":true,"href":"https:\/\/campoagricola.es\/index.php\/wp-json\/wp\/v2\/comments?post=39860"}],"version-history":[{"count":7,"href":"https:\/\/campoagricola.es\/index.php\/wp-json\/wp\/v2\/pages\/39860\/revisions"}],"predecessor-version":[{"id":48963,"href":"https:\/\/campoagricola.es\/index.php\/wp-json\/wp\/v2\/pages\/39860\/revisions\/48963"}],"wp:attachment":[{"href":"https:\/\/campoagricola.es\/index.php\/wp-json\/wp\/v2\/media?parent=39860"}],"curies":[{"name":"wp","href":"https:\/\/api.w.org\/{rel}","templated":true}]}}