{"id":43696,"date":"2024-02-16T11:25:23","date_gmt":"2024-02-16T11:25:23","guid":{"rendered":"https:\/\/campoagricola.es\/?page_id=43696"},"modified":"2024-02-23T13:27:25","modified_gmt":"2024-02-23T13:27:25","slug":"engagement-fuer-das-mitarbeiterteam","status":"publish","type":"page","link":"https:\/\/campoagricola.es\/index.php\/engagement-fuer-das-mitarbeiterteam\/","title":{"rendered":"Engagement f\u00fcr das Mitarbeiterteam"},"content":{"rendered":"\t\t<div data-elementor-type=\"wp-page\" data-elementor-id=\"43696\" class=\"elementor elementor-43696\" data-elementor-settings=\"{&quot;ha_cmc_init_switcher&quot;:&quot;no&quot;}\">\n\t\t\t\t\t\t<section class=\"elementor-section elementor-top-section elementor-element elementor-element-24c07ac6 elementor-section-height-min-height elementor-section-boxed elementor-section-height-default elementor-section-items-middle\" data-id=\"24c07ac6\" data-element_type=\"section\" data-e-type=\"section\" data-settings=\"{&quot;background_background&quot;:&quot;classic&quot;,&quot;_ha_eqh_enable&quot;:false}\">\n\t\t\t\t\t\t\t<div class=\"elementor-background-overlay\"><\/div>\n\t\t\t\t\t\t\t<div class=\"elementor-container elementor-column-gap-wider\">\n\t\t\t\t\t<div class=\"elementor-column elementor-col-100 elementor-top-column elementor-element elementor-element-22cb6525\" data-id=\"22cb6525\" data-element_type=\"column\" data-e-type=\"column\">\n\t\t\t<div class=\"elementor-widget-wrap elementor-element-populated\">\n\t\t\t\t\t\t<div class=\"elementor-element elementor-element-23bb83a7 elementor-widget elementor-widget-heading\" data-id=\"23bb83a7\" data-element_type=\"widget\" data-e-type=\"widget\" data-widget_type=\"heading.default\">\n\t\t\t\t<div class=\"elementor-widget-container\">\n\t\t\t\t\t<h1 class=\"elementor-heading-title elementor-size-default\">Engagement f\u00fcr die Umwelt<\/h1>\t\t\t\t<\/div>\n\t\t\t\t<\/div>\n\t\t\t\t\t<\/div>\n\t\t<\/div>\n\t\t\t\t\t<\/div>\n\t\t<\/section>\n\t\t\t\t<section class=\"elementor-section elementor-top-section elementor-element elementor-element-21921e1 elementor-section-boxed elementor-section-height-default elementor-section-height-default\" data-id=\"21921e1\" data-element_type=\"section\" data-e-type=\"section\" data-settings=\"{&quot;_ha_eqh_enable&quot;:false}\">\n\t\t\t\t\t\t<div class=\"elementor-container elementor-column-gap-default\">\n\t\t\t\t\t<div class=\"elementor-column elementor-col-100 elementor-top-column elementor-element elementor-element-5b97aa8\" data-id=\"5b97aa8\" data-element_type=\"column\" data-e-type=\"column\">\n\t\t\t<div class=\"elementor-widget-wrap elementor-element-populated\">\n\t\t\t\t\t\t<div class=\"elementor-element elementor-element-2a02f8a elementor-widget elementor-widget-text-editor\" data-id=\"2a02f8a\" data-element_type=\"widget\" data-e-type=\"widget\" data-widget_type=\"text-editor.default\">\n\t\t\t\t<div class=\"elementor-widget-container\">\n\t\t\t\t\t\t\t\t\t<p class=\"Tabelleninhalt\">Bei CAMPOAGRICOLA verstehen wir die Umweltpolitik des Unternehmens als eine Reihe von Richtlinien und allgemeinen Zielen, die das Handeln des Unternehmens in Bezug auf den Schutz und die Erhaltung der Umwelt leiten. Zu diesem Zweck gehen wir folgende Verpflichtungen ein:<\/p>\t\t\t\t\t\t\t\t<\/div>\n\t\t\t\t<\/div>\n\t\t\t\t\t<\/div>\n\t\t<\/div>\n\t\t\t\t\t<\/div>\n\t\t<\/section>\n\t\t\t\t<section class=\"elementor-section elementor-top-section elementor-element elementor-element-a91203b elementor-section-boxed elementor-section-height-default elementor-section-height-default\" data-id=\"a91203b\" data-element_type=\"section\" data-e-type=\"section\" data-settings=\"{&quot;_ha_eqh_enable&quot;:false}\">\n\t\t\t\t\t\t<div class=\"elementor-container elementor-column-gap-default\">\n\t\t\t\t\t<div class=\"elementor-column elementor-col-50 elementor-top-column elementor-element elementor-element-bfcf8e7\" data-id=\"bfcf8e7\" data-element_type=\"column\" data-e-type=\"column\">\n\t\t\t<div class=\"elementor-widget-wrap elementor-element-populated\">\n\t\t\t\t\t\t<div class=\"elementor-element elementor-element-c015a06 elementor-widget elementor-widget-image\" data-id=\"c015a06\" data-element_type=\"widget\" data-e-type=\"widget\" data-widget_type=\"image.default\">\n\t\t\t\t<div class=\"elementor-widget-container\">\n\t\t\t\t\t\t\t\t\t\t\t\t\t\t\t<img fetchpriority=\"high\" decoding=\"async\" width=\"554\" height=\"445\" src=\"https:\/\/campoagricola.es\/wp-content\/uploads\/2020\/06\/medioambiental.png\" class=\"attachment-large size-large wp-image-14992\" alt=\"\" srcset=\"https:\/\/campoagricola.es\/wp-content\/uploads\/2020\/06\/medioambiental.png 554w, https:\/\/campoagricola.es\/wp-content\/uploads\/2020\/06\/medioambiental-300x241.png 300w\" sizes=\"(max-width: 554px) 100vw, 554px\" \/>\t\t\t\t\t\t\t\t\t\t\t\t\t\t\t<\/div>\n\t\t\t\t<\/div>\n\t\t\t\t\t<\/div>\n\t\t<\/div>\n\t\t\t\t<div class=\"elementor-column elementor-col-50 elementor-top-column elementor-element elementor-element-4e5508b\" data-id=\"4e5508b\" data-element_type=\"column\" data-e-type=\"column\">\n\t\t\t<div class=\"elementor-widget-wrap elementor-element-populated\">\n\t\t\t\t\t\t<div class=\"elementor-element elementor-element-87eeb73 elementor-widget elementor-widget-text-editor\" data-id=\"87eeb73\" data-element_type=\"widget\" data-e-type=\"widget\" data-widget_type=\"text-editor.default\">\n\t\t\t\t<div class=\"elementor-widget-container\">\n\t\t\t\t\t\t\t\t\t<ul style=\"text-align: justify;\"><li>Einhaltung aller gesetzlichen Umweltvorschriften.<\/li><li>Kontinuierliche Verbesserung durch Festlegung von Zielen und Vorgaben sowie durch systematische und regelm\u00e4\u00dfige Umweltbilanz.<\/li><li>Schutz der Umwelt und Vermeidung von Umweltverschmutzung durch den rationellen Einsatz von Ressourcen und die ordnungsgem\u00e4\u00dfe Verwaltung der anfallenden Abf\u00e4lle und Luftemissionen.<\/li><li>Wir setzen die besten verf\u00fcgbaren Techniken bei der Entwicklung unserer Produkte ein und streben danach, das Risiko von Umweltauswirkungen bei allen Aktivit\u00e4ten w\u00e4hrend des Produktlebenszyklus zu minimieren.<\/li><li>Kontinuierliche F\u00f6rderung von Aktivit\u00e4ten zur Vermeidung von Umweltverschmutzung und Festlegung von Zielen zur schrittweisen Reduzierung von Emissionen und Freisetzungen in die Umwelt, insbesondere durch Anwendung der besten verf\u00fcgbaren Techniken, wo dies wirtschaftlich und technisch machbar ist.<\/li><li>F\u00f6rderung der Aufmerksamkeit und Schulung der Mitarbeiter auf allen Ebenen, um durch interne und externe Schulungen ein h\u00f6heres Ma\u00df an Sensibilit\u00e4t, Verantwortung und Bewusstsein f\u00fcr die Notwendigkeit des Schutzes und der Erhaltung der Umwelt zu schaffen.<\/li><li>Aufrechterhaltung einer internen und externen Umweltkommunikation mit Transparenzkriterien, Aufbau eines kooperativen Verh\u00e4ltnisses zu den Beh\u00f6rden und eines offenen Dialogs mit Interessengruppen und der \u00d6ffentlichkeit.<\/li><\/ul>\t\t\t\t\t\t\t\t<\/div>\n\t\t\t\t<\/div>\n\t\t\t\t\t<\/div>\n\t\t<\/div>\n\t\t\t\t\t<\/div>\n\t\t<\/section>\n\t\t\t\t<section class=\"elementor-section elementor-top-section elementor-element elementor-element-3439c0b elementor-section-boxed elementor-section-height-default elementor-section-height-default\" data-id=\"3439c0b\" data-element_type=\"section\" data-e-type=\"section\" data-settings=\"{&quot;_ha_eqh_enable&quot;:false}\">\n\t\t\t\t\t\t<div class=\"elementor-container elementor-column-gap-default\">\n\t\t\t\t\t<div class=\"elementor-column elementor-col-100 elementor-top-column elementor-element elementor-element-64a06a5\" data-id=\"64a06a5\" data-element_type=\"column\" data-e-type=\"column\">\n\t\t\t<div class=\"elementor-widget-wrap elementor-element-populated\">\n\t\t\t\t\t\t<div class=\"elementor-element elementor-element-c8e9373 elementor-widget elementor-widget-text-editor\" data-id=\"c8e9373\" data-element_type=\"widget\" data-e-type=\"widget\" data-widget_type=\"text-editor.default\">\n\t\t\t\t<div class=\"elementor-widget-container\">\n\t\t\t\t\t\t\t\t\t<p class=\"Tabelleninhalt\">Campoagr\u00edcola stellt sicher, dass seine Umweltpolitik verstanden, umgesetzt, aktualisiert und allen interessierten Parteien mitgeteilt wird.<\/p>\t\t\t\t\t\t\t\t<\/div>\n\t\t\t\t<\/div>\n\t\t\t\t\t<\/div>\n\t\t<\/div>\n\t\t\t\t\t<\/div>\n\t\t<\/section>\n\t\t\t\t<\/div>\n\t\t","protected":false},"excerpt":{"rendered":"<p>Engagement f\u00fcr die Umwelt Bei CAMPOAGRICOLA verstehen wir die Umweltpolitik des Unternehmens als eine Reihe von Richtlinien und allgemeinen Zielen, die das Handeln des Unternehmens in Bezug auf den Schutz und die Erhaltung der Umwelt leiten. Zu diesem Zweck gehen wir folgende Verpflichtungen ein: Einhaltung aller gesetzlichen Umweltvorschriften. Kontinuierliche Verbesserung durch Festlegung von Zielen und [&hellip;]<\/p>\n","protected":false},"author":1,"featured_media":0,"parent":0,"menu_order":0,"comment_status":"closed","ping_status":"closed","template":"elementor_header_footer","meta":{"footnotes":""},"class_list":["post-43696","page","type-page","status-publish","hentry"],"_links":{"self":[{"href":"https:\/\/campoagricola.es\/index.php\/wp-json\/wp\/v2\/pages\/43696","targetHints":{"allow":["GET"]}}],"collection":[{"href":"https:\/\/campoagricola.es\/index.php\/wp-json\/wp\/v2\/pages"}],"about":[{"href":"https:\/\/campoagricola.es\/index.php\/wp-json\/wp\/v2\/types\/page"}],"author":[{"embeddable":true,"href":"https:\/\/campoagricola.es\/index.php\/wp-json\/wp\/v2\/users\/1"}],"replies":[{"embeddable":true,"href":"https:\/\/campoagricola.es\/index.php\/wp-json\/wp\/v2\/comments?post=43696"}],"version-history":[{"count":6,"href":"https:\/\/campoagricola.es\/index.php\/wp-json\/wp\/v2\/pages\/43696\/revisions"}],"predecessor-version":[{"id":43962,"href":"https:\/\/campoagricola.es\/index.php\/wp-json\/wp\/v2\/pages\/43696\/revisions\/43962"}],"wp:attachment":[{"href":"https:\/\/campoagricola.es\/index.php\/wp-json\/wp\/v2\/media?parent=43696"}],"curies":[{"name":"wp","href":"https:\/\/api.w.org\/{rel}","templated":true}]}}