{"id":43698,"date":"2024-02-16T11:30:37","date_gmt":"2024-02-16T11:30:37","guid":{"rendered":"https:\/\/campoagricola.es\/?page_id=43698"},"modified":"2024-02-23T13:27:17","modified_gmt":"2024-02-23T13:27:17","slug":"qualitaetspolitik","status":"publish","type":"page","link":"https:\/\/campoagricola.es\/index.php\/qualitaetspolitik\/","title":{"rendered":"Qualit\u00e4tspolitik"},"content":{"rendered":"\t\t<div data-elementor-type=\"wp-page\" data-elementor-id=\"43698\" class=\"elementor elementor-43698\" data-elementor-settings=\"{&quot;ha_cmc_init_switcher&quot;:&quot;no&quot;}\">\n\t\t\t\t\t\t<section class=\"elementor-section elementor-top-section elementor-element elementor-element-46ed83b elementor-section-height-min-height elementor-section-boxed elementor-section-height-default elementor-section-items-middle\" data-id=\"46ed83b\" data-element_type=\"section\" data-e-type=\"section\" data-settings=\"{&quot;background_background&quot;:&quot;classic&quot;,&quot;_ha_eqh_enable&quot;:false,&quot;ekit_has_onepagescroll_dot&quot;:&quot;yes&quot;}\">\n\t\t\t\t\t\t\t<div class=\"elementor-background-overlay\"><\/div>\n\t\t\t\t\t\t\t<div class=\"elementor-container elementor-column-gap-wider\">\n\t\t\t\t\t<div class=\"elementor-column elementor-col-100 elementor-top-column elementor-element elementor-element-e33527f\" data-id=\"e33527f\" data-element_type=\"column\" data-e-type=\"column\">\n\t\t\t<div class=\"elementor-widget-wrap elementor-element-populated\">\n\t\t\t\t\t\t<div class=\"elementor-element elementor-element-f40766a elementor-widget elementor-widget-heading\" data-id=\"f40766a\" data-element_type=\"widget\" data-e-type=\"widget\" data-settings=\"{&quot;ekit_we_effect_on&quot;:&quot;none&quot;}\" data-widget_type=\"heading.default\">\n\t\t\t\t<div class=\"elementor-widget-container\">\n\t\t\t\t\t<h1 class=\"elementor-heading-title elementor-size-default\">Qualit\u00e4tspolitik<\/h1>\t\t\t\t<\/div>\n\t\t\t\t<\/div>\n\t\t\t\t\t<\/div>\n\t\t<\/div>\n\t\t\t\t\t<\/div>\n\t\t<\/section>\n\t\t\t\t<section class=\"elementor-section elementor-top-section elementor-element elementor-element-8d026b5 elementor-section-boxed elementor-section-height-default elementor-section-height-default\" data-id=\"8d026b5\" data-element_type=\"section\" data-e-type=\"section\" data-settings=\"{&quot;_ha_eqh_enable&quot;:false,&quot;ekit_has_onepagescroll_dot&quot;:&quot;yes&quot;}\">\n\t\t\t\t\t\t<div class=\"elementor-container elementor-column-gap-default\">\n\t\t\t\t\t<div class=\"elementor-column elementor-col-100 elementor-top-column elementor-element elementor-element-e0757d3\" data-id=\"e0757d3\" data-element_type=\"column\" data-e-type=\"column\">\n\t\t\t<div class=\"elementor-widget-wrap elementor-element-populated\">\n\t\t\t\t\t\t<div class=\"elementor-element elementor-element-d2b9e17 elementor-widget elementor-widget-text-editor\" data-id=\"d2b9e17\" data-element_type=\"widget\" data-e-type=\"widget\" data-settings=\"{&quot;ekit_we_effect_on&quot;:&quot;none&quot;}\" data-widget_type=\"text-editor.default\">\n\t\t\t\t<div class=\"elementor-widget-container\">\n\t\t\t\t\t\t\t\t\t<p>Von Anfang an hatten wir ein klares Ziel vor Augen: Wir wollten die Quelle des Know-hows f\u00fcr alle kleinen und mittleren Hersteller von Landmaschinen sein. Bei CAMPOAGR\u00cdCOLA sind wir davon \u00fcberzeugt, dass \u201ebei gleicher Qualit\u00e4t der Preis und bei gleichem Preis die Qualit\u00e4t verbessert werden muss\u201c. Aus diesem Grund haben wir uns entschieden, ein Qualit\u00e4tsmanagementsystem gem\u00e4\u00df der Norm ISO 9001:2015 einzuf\u00fchren, um den Service f\u00fcr unsere Kunden zu verbessern.<\/p><p>Die Gesch\u00e4ftsf\u00fchrung von CAMPOAGR\u00cdCOLA betrachtet das Qualit\u00e4tsmanagementsystem als eine M\u00f6glichkeit, die T\u00e4tigkeit des Unternehmens auf der Grundlage einiger grundlegender S\u00e4ulen zu organisieren, wie die Qualit\u00e4t der Produkte, die Zufriedenheit der Kunden und die st\u00e4ndige Verbesserung der Effizienz des Systems.<\/p><p>Zu diesem Zweck st\u00fctzt sich das Qualit\u00e4tsmanagementsystem von CAMPOAGR\u00cdCOLA auf die folgenden Grunds\u00e4tze:<\/p>\t\t\t\t\t\t\t\t<\/div>\n\t\t\t\t<\/div>\n\t\t\t\t\t<\/div>\n\t\t<\/div>\n\t\t\t\t\t<\/div>\n\t\t<\/section>\n\t\t\t\t<section class=\"elementor-section elementor-top-section elementor-element elementor-element-2075d71 elementor-section-boxed elementor-section-height-default elementor-section-height-default\" data-id=\"2075d71\" data-element_type=\"section\" data-e-type=\"section\" data-settings=\"{&quot;_ha_eqh_enable&quot;:false,&quot;ekit_has_onepagescroll_dot&quot;:&quot;yes&quot;}\">\n\t\t\t\t\t\t<div class=\"elementor-container elementor-column-gap-default\">\n\t\t\t\t\t<div class=\"elementor-column elementor-col-50 elementor-top-column elementor-element elementor-element-27d684d\" data-id=\"27d684d\" data-element_type=\"column\" data-e-type=\"column\">\n\t\t\t<div class=\"elementor-widget-wrap elementor-element-populated\">\n\t\t\t\t\t\t<div class=\"elementor-element elementor-element-4e69749 elementor-widget elementor-widget-image\" data-id=\"4e69749\" data-element_type=\"widget\" data-e-type=\"widget\" data-settings=\"{&quot;ekit_we_effect_on&quot;:&quot;none&quot;}\" data-widget_type=\"image.default\">\n\t\t\t\t<div class=\"elementor-widget-container\">\n\t\t\t\t\t\t\t\t\t\t\t\t\t\t\t<img fetchpriority=\"high\" decoding=\"async\" width=\"614\" height=\"680\" src=\"https:\/\/campoagricola.es\/wp-content\/uploads\/2021\/08\/4.png\" class=\"attachment-large size-large wp-image-28631\" alt=\"\" srcset=\"https:\/\/campoagricola.es\/wp-content\/uploads\/2021\/08\/4.png 614w, https:\/\/campoagricola.es\/wp-content\/uploads\/2021\/08\/4-271x300.png 271w\" sizes=\"(max-width: 614px) 100vw, 614px\" \/>\t\t\t\t\t\t\t\t\t\t\t\t\t\t\t<\/div>\n\t\t\t\t<\/div>\n\t\t\t\t\t<\/div>\n\t\t<\/div>\n\t\t\t\t<div class=\"elementor-column elementor-col-50 elementor-top-column elementor-element elementor-element-8dc78fc\" data-id=\"8dc78fc\" data-element_type=\"column\" data-e-type=\"column\">\n\t\t\t<div class=\"elementor-widget-wrap elementor-element-populated\">\n\t\t\t\t\t\t<div class=\"elementor-element elementor-element-60556f4 elementor-widget elementor-widget-text-editor\" data-id=\"60556f4\" data-element_type=\"widget\" data-e-type=\"widget\" data-settings=\"{&quot;ekit_we_effect_on&quot;:&quot;none&quot;}\" data-widget_type=\"text-editor.default\">\n\t\t\t\t<div class=\"elementor-widget-container\">\n\t\t\t\t\t\t\t\t\t\n \t<li>Die Qualit\u00e4t und ihre Verbesserung liegen in der Verantwortung aller Mitarbeiter des Unternehmens. Aus diesem Grund konzentriert das Unternehmen seine Anstrengungen darauf, kompetentes, ehrliches, verantwortungsbewusstes und entsprechend ausgebildetes Personal zu haben und \u00fcber die geeigneten materiellen Mittel zu verf\u00fcgen, um seine Dienstleistungen zu erbringen.<\/li>\n \t<li>Qualit\u00e4t wird durch die Planung, Durchf\u00fchrung, \u00dcberpr\u00fcfung und Verbesserung des Managementsystems erreicht, wobei sowohl der interne als auch der externe Bereich des Unternehmens ber\u00fccksichtigt und die festgelegten Ziele \u00fcberwacht werden.<\/li>\n \t<li>Qualit\u00e4t ist auf die Zufriedenheit aller Kunden und Interessenten ausgerichtet, indem sich die gesamte Organisation verpflichtet, deren Bed\u00fcrfnisse und Anforderungen sowie die gesetzlichen und beh\u00f6rdlichen Anforderungen und die der Produkte und Dienstleistungen selbst zu erf\u00fcllen.<\/li>\n \t<li>Qualit\u00e4t basiert auf der kontinuierlichen Verbesserung der Produktionsprozesse und der Erbringung von Dienstleistungen sowie auf der Wirksamkeit des Qualit\u00e4tsmanagementsystems, wobei die Fehlervermeidung ein wesentlicher Aspekt ist.<\/li>\n \t<li>Qualit\u00e4t veranlasst uns, der technologischen Entwicklung und den m\u00f6glichen Verbesserungen, die uns neue Technologien bieten, h\u00f6chste Aufmerksamkeit zu schenken.<\/li>\n \t<li>Qualit\u00e4t erfordert das Engagement und die Zusammenarbeit aller. Deshalb wird diese Politik an alle Mitarbeiter von CAMPOAGR\u00cdCOLA weitergegeben, damit sie sie kennen und verstehen.<\/li>\n<\/ul>\n<br>\nDie Unterst\u00fctzung sowohl des Managementteams als auch der Mitarbeiter ist f\u00fcr die wirksame Anwendung dieser Grunds\u00e4tze unbedingt erforderlich. Diese Politik steht allen interessierten Parteien auf Anfrage zur Verf\u00fcgung.<\/li>\n<\/ul>\t\t\t\t\t\t\t\t<\/div>\n\t\t\t\t<\/div>\n\t\t\t\t\t<\/div>\n\t\t<\/div>\n\t\t\t\t\t<\/div>\n\t\t<\/section>\n\t\t\t\t<\/div>\n\t\t","protected":false},"excerpt":{"rendered":"<p>Qualit\u00e4tspolitik Von Anfang an hatten wir ein klares Ziel vor Augen: Wir wollten die Quelle des Know-hows f\u00fcr alle kleinen und mittleren Hersteller von Landmaschinen sein. Bei CAMPOAGR\u00cdCOLA sind wir davon \u00fcberzeugt, dass \u201ebei gleicher Qualit\u00e4t der Preis und bei gleichem Preis die Qualit\u00e4t verbessert werden muss\u201c. Aus diesem Grund haben wir uns entschieden, ein [&hellip;]<\/p>\n","protected":false},"author":1,"featured_media":0,"parent":0,"menu_order":0,"comment_status":"closed","ping_status":"closed","template":"elementor_header_footer","meta":{"footnotes":""},"class_list":["post-43698","page","type-page","status-publish","hentry"],"_links":{"self":[{"href":"https:\/\/campoagricola.es\/index.php\/wp-json\/wp\/v2\/pages\/43698","targetHints":{"allow":["GET"]}}],"collection":[{"href":"https:\/\/campoagricola.es\/index.php\/wp-json\/wp\/v2\/pages"}],"about":[{"href":"https:\/\/campoagricola.es\/index.php\/wp-json\/wp\/v2\/types\/page"}],"author":[{"embeddable":true,"href":"https:\/\/campoagricola.es\/index.php\/wp-json\/wp\/v2\/users\/1"}],"replies":[{"embeddable":true,"href":"https:\/\/campoagricola.es\/index.php\/wp-json\/wp\/v2\/comments?post=43698"}],"version-history":[{"count":9,"href":"https:\/\/campoagricola.es\/index.php\/wp-json\/wp\/v2\/pages\/43698\/revisions"}],"predecessor-version":[{"id":43968,"href":"https:\/\/campoagricola.es\/index.php\/wp-json\/wp\/v2\/pages\/43698\/revisions\/43968"}],"wp:attachment":[{"href":"https:\/\/campoagricola.es\/index.php\/wp-json\/wp\/v2\/media?parent=43698"}],"curies":[{"name":"wp","href":"https:\/\/api.w.org\/{rel}","templated":true}]}}