{"id":43715,"date":"2024-02-16T12:02:47","date_gmt":"2024-02-16T12:02:47","guid":{"rendered":"https:\/\/campoagricola.es\/?page_id=43715"},"modified":"2024-02-23T13:27:09","modified_gmt":"2024-02-23T13:27:09","slug":"qualitaet","status":"publish","type":"page","link":"https:\/\/campoagricola.es\/index.php\/qualitaet\/","title":{"rendered":"Qualit\u00e4t"},"content":{"rendered":"\t\t<div data-elementor-type=\"wp-page\" data-elementor-id=\"43715\" class=\"elementor elementor-43715\" data-elementor-settings=\"{&quot;ha_cmc_init_switcher&quot;:&quot;no&quot;}\">\n\t\t\t\t\t\t<section class=\"elementor-section elementor-top-section elementor-element elementor-element-3ae43238 elementor-section-height-min-height elementor-section-boxed elementor-section-height-default elementor-section-items-middle\" data-id=\"3ae43238\" data-element_type=\"section\" data-e-type=\"section\" data-settings=\"{&quot;background_background&quot;:&quot;classic&quot;,&quot;_ha_eqh_enable&quot;:false,&quot;ekit_has_onepagescroll_dot&quot;:&quot;yes&quot;}\">\n\t\t\t\t\t\t\t<div class=\"elementor-background-overlay\"><\/div>\n\t\t\t\t\t\t\t<div class=\"elementor-container elementor-column-gap-wider\">\n\t\t\t\t\t<div class=\"elementor-column elementor-col-100 elementor-top-column elementor-element elementor-element-2da33a15\" data-id=\"2da33a15\" data-element_type=\"column\" data-e-type=\"column\">\n\t\t\t<div class=\"elementor-widget-wrap elementor-element-populated\">\n\t\t\t\t\t\t<div class=\"elementor-element elementor-element-5df4b106 elementor-widget elementor-widget-heading\" data-id=\"5df4b106\" data-element_type=\"widget\" data-e-type=\"widget\" data-settings=\"{&quot;ekit_we_effect_on&quot;:&quot;none&quot;}\" data-widget_type=\"heading.default\">\n\t\t\t\t<div class=\"elementor-widget-container\">\n\t\t\t\t\t<h1 class=\"elementor-heading-title elementor-size-default\">Qualit\u00e4t<\/h1>\t\t\t\t<\/div>\n\t\t\t\t<\/div>\n\t\t\t\t\t<\/div>\n\t\t<\/div>\n\t\t\t\t\t<\/div>\n\t\t<\/section>\n\t\t\t\t<section class=\"elementor-section elementor-top-section elementor-element elementor-element-028828d elementor-section-boxed elementor-section-height-default elementor-section-height-default\" data-id=\"028828d\" data-element_type=\"section\" data-e-type=\"section\" data-settings=\"{&quot;background_background&quot;:&quot;classic&quot;,&quot;_ha_eqh_enable&quot;:false,&quot;ekit_has_onepagescroll_dot&quot;:&quot;yes&quot;}\">\n\t\t\t\t\t\t<div class=\"elementor-container elementor-column-gap-default\">\n\t\t\t\t\t<div class=\"elementor-column elementor-col-100 elementor-top-column elementor-element elementor-element-32d3848\" data-id=\"32d3848\" data-element_type=\"column\" data-e-type=\"column\">\n\t\t\t<div class=\"elementor-widget-wrap elementor-element-populated\">\n\t\t\t\t\t\t<div class=\"elementor-element elementor-element-38d69c1 elementor-widget elementor-widget-elementskit-heading\" data-id=\"38d69c1\" data-element_type=\"widget\" data-e-type=\"widget\" data-settings=\"{&quot;ekit_we_effect_on&quot;:&quot;none&quot;}\" data-widget_type=\"elementskit-heading.default\">\n\t\t\t\t<div class=\"elementor-widget-container\">\n\t\t\t\t\t<div class=\"ekit-wid-con\" ><div class=\"ekit-heading elementskit-section-title-wraper text_left   ekit_heading_tablet-   ekit_heading_mobile-\"><h2 class=\"ekit-heading--title elementskit-section-title \">Warum sollten Sie sich f\u00fcr Campoagr\u00edcola-Produkte entscheiden?<\/h2><\/div><\/div>\t\t\t\t<\/div>\n\t\t\t\t<\/div>\n\t\t\t\t<div class=\"elementor-element elementor-element-823e091 elementor-widget elementor-widget-text-editor\" data-id=\"823e091\" data-element_type=\"widget\" data-e-type=\"widget\" data-settings=\"{&quot;ekit_we_effect_on&quot;:&quot;none&quot;}\" data-widget_type=\"text-editor.default\">\n\t\t\t\t<div class=\"elementor-widget-container\">\n\t\t\t\t\t\t\t\t\t<p class=\"Tabelleninhalt\">In der heutigen globalisierten Welt, in der man alles und \u00fcberall kaufen kann, ist die Qualit\u00e4t des Produktes entscheidend. Wenn unser Produkt keine Qualit\u00e4t hat, ist es mehr als wahrscheinlich, dass derjenige, der es einmal gekauft hat, es nicht wieder kaufen wird. Au\u00dferdem kann derjenige, der bei uns kauft, seine Meinung \u00fcber unser Produkt in sozialen Netzwerken \u00e4u\u00dfern. Und die Summe mehrerer negativer Meinungen f\u00fchrt dazu, dass ein K\u00e4ufer, der an uns zweifelt, uns als Lieferanten ausschlie\u00dft.<\/p><p class=\"Tabelleninhalt\">Die Qualit\u00e4tskontrolle muss vom ersten Schritt an erfolgen. Angefangen bei der Kontrolle der Rohstoffe und des Lieferanten, der sie uns liefert, m\u00fcssen wir jeden Produktionsprozess kontrollieren. Aus diesem Grund haben wir bei Campoagricola ein internes R\u00fcckverfolgbarkeitssystem eingef\u00fchrt, das alle Phasen des Produkts kontrolliert.<\/p>\t\t\t\t\t\t\t\t<\/div>\n\t\t\t\t<\/div>\n\t\t\t\t<div class=\"elementor-element elementor-element-c7f420f elementor-widget-divider--view-line elementor-widget elementor-widget-divider\" data-id=\"c7f420f\" data-element_type=\"widget\" data-e-type=\"widget\" data-settings=\"{&quot;ekit_we_effect_on&quot;:&quot;none&quot;}\" data-widget_type=\"divider.default\">\n\t\t\t\t<div class=\"elementor-widget-container\">\n\t\t\t\t\t\t\t<div class=\"elementor-divider\">\n\t\t\t<span class=\"elementor-divider-separator\">\n\t\t\t\t\t\t<\/span>\n\t\t<\/div>\n\t\t\t\t\t\t<\/div>\n\t\t\t\t<\/div>\n\t\t\t\t<div class=\"elementor-element elementor-element-172dfca elementor-widget elementor-widget-elementskit-simple-tab\" data-id=\"172dfca\" data-element_type=\"widget\" data-e-type=\"widget\" data-settings=\"{&quot;ekit_we_effect_on&quot;:&quot;none&quot;}\" data-widget_type=\"elementskit-simple-tab.default\">\n\t\t\t\t<div class=\"elementor-widget-container\">\n\t\t\t\t\t<div class=\"ekit-wid-con\" >        <div class=\"elementkit-tab-wraper   elementskit-fitcontent-tab \">\n            <ul class=\"nav nav-tabs elementkit-tab-nav  tab-nav-fluid\">\n                                    <li class=\"elementkit-nav-item elementor-repeater-item-e7fb3c4\">\n                        <a class=\"elementkit-nav-link  active show left-pos\" id=\"content-e7fb3c469e7bd3054c44-tab\" data-ekit-handler-id=\"r-ckverfolgbarkeit-von-scheiben-und-scharen\" data-ekit-toggle=\"tab\" data-target=\"#content-e7fb3c469e7bd3054c44\" href=\"#Content-e7fb3c469e7bd3054c44\"\n                            data-ekit-toggle-trigger=\"click\"\n                            aria-describedby=\"Content-e7fb3c469e7bd3054c44\">\n                            <span class=\"elementskit-tab-icon\"><i class=\"icon icon-target-2\"><\/i><\/span>                            <span class=\"elementskit-tab-title\">R\u00fcckverfolgbarkeit von Scheiben und Scharen<\/span>\n                        <\/a>\n                    <\/li>\n                                        <li class=\"elementkit-nav-item elementor-repeater-item-9077dfd\">\n                        <a class=\"elementkit-nav-link  left-pos\" id=\"content-9077dfd69e7bd3054c44-tab\" data-ekit-handler-id=\"r-ckverfolgbarkeit-der-mei-elmontagen\" data-ekit-toggle=\"tab\" data-target=\"#content-9077dfd69e7bd3054c44\" href=\"#Content-9077dfd69e7bd3054c44\"\n                            data-ekit-toggle-trigger=\"click\"\n                            aria-describedby=\"Content-9077dfd69e7bd3054c44\">\n                            <span class=\"elementskit-tab-icon\"><i class=\"icon icon-sewing-machine\"><\/i><\/span>                            <span class=\"elementskit-tab-title\">R\u00fcckverfolgbarkeit der Mei\u00dfelmontagen<\/span>\n                        <\/a>\n                    <\/li>\n                                        <li class=\"elementkit-nav-item elementor-repeater-item-00f52ae\">\n                        <a class=\"elementkit-nav-link  left-pos\" id=\"content-00f52ae69e7bd3054c44-tab\" data-ekit-handler-id=\"qualit-t\" data-ekit-toggle=\"tab\" data-target=\"#content-00f52ae69e7bd3054c44\" href=\"#Content-00f52ae69e7bd3054c44\"\n                            data-ekit-toggle-trigger=\"click\"\n                            aria-describedby=\"Content-00f52ae69e7bd3054c44\">\n                            <span class=\"elementskit-tab-icon\"><i class=\"icon icon-coins-2\"><\/i><\/span>                            <span class=\"elementskit-tab-title\">Qualit\u00e4t<\/span>\n                        <\/a>\n                    <\/li>\n                                        <li class=\"elementkit-nav-item elementor-repeater-item-ad34ed5\">\n                        <a class=\"elementkit-nav-link  left-pos\" id=\"content-ad34ed569e7bd3054c44-tab\" data-ekit-handler-id=\"ball-test\" data-ekit-toggle=\"tab\" data-target=\"#content-ad34ed569e7bd3054c44\" href=\"#Content-ad34ed569e7bd3054c44\"\n                            data-ekit-toggle-trigger=\"click\"\n                            aria-describedby=\"Content-ad34ed569e7bd3054c44\">\n                            <span class=\"elementskit-tab-icon\"><i class=\"icon icon-target\"><\/i><\/span>                            <span class=\"elementskit-tab-title\">Ball Test<\/span>\n                        <\/a>\n                    <\/li>\n                                <\/ul>\n\n            <div class=\"tab-content elementkit-tab-content\">\n                                    <div class=\"tab-pane elementkit-tab-pane elementor-repeater-item-e7fb3c4  active show\" id=\"content-e7fb3c469e7bd3054c44\" role=\"tabpanel\"\n                         aria-labelledby=\"content-e7fb3c469e7bd3054c44-tab\">\n                        <div class=\"animated fadeIn\">\n                            <div class=\"wpb_text_column wpb_content_element \">\n<div class=\"wpb_wrapper\">\n\nDie R\u00fcckverfolgbarkeit der Scheiben und Schare von CAMPOAGRICOLA erm\u00f6glicht es, das Herstellungsdatum des Produkts, die monatliche Produktionsmenge, den Durchmesser, die Dicke, den Originalcode und das interne Modell zu kennen.<img decoding=\"async\" class=\"aligncenter\" src=\"https:\/\/campoagricola.es\/wp-content\/uploads\/2021\/04\/elegir_discos_y_rejas.jpg\" \/>\n<img decoding=\"async\" src=\"https:\/\/campoagricola.es\/wp-content\/uploads\/2024\/02\/trazabilidad-aleman.jpg\" >\n\n<\/div>\n<\/div>                        <\/div>\n                    <\/div>\n                                    <div class=\"tab-pane elementkit-tab-pane elementor-repeater-item-9077dfd \" id=\"content-9077dfd69e7bd3054c44\" role=\"tabpanel\"\n                         aria-labelledby=\"content-9077dfd69e7bd3054c44-tab\">\n                        <div class=\"animated fadeIn\">\n                            Bei CAMPOAGRICOLA haben wir ein <strong>R\u00fcckverfolgbarkeitssystem f\u00fcr Grubbereinheiten <\/strong>auf der Grundlage der Fertigungsauftr\u00e4ge nach den jeweiligen Bestellungen entwickelt. Bei jedem Auftrag markieren wir die verwendeten Komponenten, um deren interne R\u00fcckverfolgbarkeit zu erm\u00f6glichen. Die Aufzeichnung des gesamten Verfahrens erm\u00f6glicht es uns, im Falle etwaiger sp\u00e4terer Vorf\u00e4lle \u00dcberpr\u00fcfungen durchzuf\u00fchren. Dieses System, das zuvor bereits bei Exporten angewandt worden war, wurde ab August 2020 auch auf alle anderen Fertigungsauftr\u00e4ge ausgedehnt.\n<img fetchpriority=\"high\" decoding=\"async\" width=\"1086\" height=\"880\" class=\"size-medium wp-image-22833 aligncenter\" src=\"https:\/\/campoagricola.es\/wp-content\/uploads\/2021\/04\/trazabilidad-chisel2.jpg\" srcset=\"https:\/\/campoagricola.es\/wp-content\/uploads\/2021\/04\/trazabilidad-chisel2.jpg 1086w, https:\/\/campoagricola.es\/wp-content\/uploads\/2021\/04\/trazabilidad-chisel2-300x243.jpg 300w, https:\/\/campoagricola.es\/wp-content\/uploads\/2021\/04\/trazabilidad-chisel2-1024x830.jpg 1024w, https:\/\/campoagricola.es\/wp-content\/uploads\/2021\/04\/trazabilidad-chisel2-768x622.jpg 768w\" sizes=\"(max-width: 1086px) 100vw, 1086px\" \/>                        <\/div>\n                    <\/div>\n                                    <div class=\"tab-pane elementkit-tab-pane elementor-repeater-item-00f52ae \" id=\"content-00f52ae69e7bd3054c44\" role=\"tabpanel\"\n                         aria-labelledby=\"content-00f52ae69e7bd3054c44-tab\">\n                        <div class=\"animated fadeIn\">\n                            Dar\u00fcber hinaus gew\u00e4hrleisten wir bei CAMPOAGR\u00cdCOLA eine gr\u00fcndliche \u00dcberwachung der <strong>Qualit\u00e4t <\/strong>aller unserer Produkte. An erster Stelle vergewissern wir uns stets, dass alle unsere Zulieferer \u00fcber die erforderlichen beh\u00f6rdlichen Zulassungen verf\u00fcgen, f\u00fchren eine strenge Kontrolle \u00fcber s\u00e4mtliche Fertigungsabl\u00e4ufe und W\u00e4rmebehandlungen, gew\u00e4hrleisten die interne R\u00fcckverfolgbarkeit und unterziehen die fertigen Produkte einer genauen \u00dcberpr\u00fcfung. An zweiter Stelle pr\u00fcfen wir die Qualit\u00e4t der Endprodukte: ihre Ma\u00dfgenauigkeit, H\u00e4rte, ihre einwandfreie Montage und Ausfertigung sowie ihre makellose Verpackung.\n<img decoding=\"async\" src=\"https:\/\/campoagricola.es\/wp-content\/uploads\/2024\/02\/calidad-aleman.jpg\"\/ >                        <\/div>\n                    <\/div>\n                                    <div class=\"tab-pane elementkit-tab-pane elementor-repeater-item-ad34ed5 \" id=\"content-ad34ed569e7bd3054c44\" role=\"tabpanel\"\n                         aria-labelledby=\"content-ad34ed569e7bd3054c44-tab\">\n                        <div class=\"animated fadeIn\">\n                            Der <b>Ball Test <\/b>ist eine mechanische Belastungspr\u00fcfung mithilfe einer Stahlkugel, die zur Sicherstellung der erforderlichen Qualit\u00e4t \u00a0des Ausgangsmaterials, in diesem Falle Stahl, zum Einsatz kommt. Gemessen wird damit die Widerstandsf\u00e4higkeit gegen Bruch und die Belastbarkeit des Materials. Der Test besteht darin, dass man eine Stahlkugel mit einem vorbestimmten Fallgewicht mit einem Durchmesser von 1\u201d (25,4 mm) auf das zu pr\u00fcfende Material fallen l\u00e4sst. Dann wird die Kugel entfernt und mit einer Lupe die Stelle des Einschlags bzw. die verbliebene Aufprallspur untersucht.\n\nWird der Test mit einer Kugel mit einem Durchmesser von 25,4 mm durchgef\u00fchrt, so darf die verbliebene Bruchstelle h\u00f6chstens einen Durchmesser bzw. eine L\u00e4nge von 76,2 mm haben.\n<br><br>\n<img decoding=\"async\" src=\"https:\/\/campoagricola.es\/wp-content\/uploads\/2024\/02\/balltest_aleman.jpg\" >                        <\/div>\n                    <\/div>\n                                \n            <\/div>\n                    <\/div>\n    <\/div>\t\t\t\t<\/div>\n\t\t\t\t<\/div>\n\t\t\t\t\t<\/div>\n\t\t<\/div>\n\t\t\t\t\t<\/div>\n\t\t<\/section>\n\t\t\t\t<\/div>\n\t\t","protected":false},"excerpt":{"rendered":"<p>Qualit\u00e4t Warum sollten Sie sich f\u00fcr Campoagr\u00edcola-Produkte entscheiden? In der heutigen globalisierten Welt, in der man alles und \u00fcberall kaufen kann, ist die Qualit\u00e4t des Produktes entscheidend. Wenn unser Produkt keine Qualit\u00e4t hat, ist es mehr als wahrscheinlich, dass derjenige, der es einmal gekauft hat, es nicht wieder kaufen wird. Au\u00dferdem kann derjenige, der bei [&hellip;]<\/p>\n","protected":false},"author":1,"featured_media":0,"parent":0,"menu_order":0,"comment_status":"closed","ping_status":"closed","template":"elementor_header_footer","meta":{"footnotes":""},"class_list":["post-43715","page","type-page","status-publish","hentry"],"_links":{"self":[{"href":"https:\/\/campoagricola.es\/index.php\/wp-json\/wp\/v2\/pages\/43715","targetHints":{"allow":["GET"]}}],"collection":[{"href":"https:\/\/campoagricola.es\/index.php\/wp-json\/wp\/v2\/pages"}],"about":[{"href":"https:\/\/campoagricola.es\/index.php\/wp-json\/wp\/v2\/types\/page"}],"author":[{"embeddable":true,"href":"https:\/\/campoagricola.es\/index.php\/wp-json\/wp\/v2\/users\/1"}],"replies":[{"embeddable":true,"href":"https:\/\/campoagricola.es\/index.php\/wp-json\/wp\/v2\/comments?post=43715"}],"version-history":[{"count":42,"href":"https:\/\/campoagricola.es\/index.php\/wp-json\/wp\/v2\/pages\/43715\/revisions"}],"predecessor-version":[{"id":44080,"href":"https:\/\/campoagricola.es\/index.php\/wp-json\/wp\/v2\/pages\/43715\/revisions\/44080"}],"wp:attachment":[{"href":"https:\/\/campoagricola.es\/index.php\/wp-json\/wp\/v2\/media?parent=43715"}],"curies":[{"name":"wp","href":"https:\/\/api.w.org\/{rel}","templated":true}]}}