{"id":45636,"date":"2024-04-25T09:21:54","date_gmt":"2024-04-25T09:21:54","guid":{"rendered":"https:\/\/campoagricola.es\/?page_id=45636"},"modified":"2024-04-25T10:00:24","modified_gmt":"2024-04-25T10:00:24","slug":"pflugteile-gil","status":"publish","type":"page","link":"https:\/\/campoagricola.es\/index.php\/pflugteile-gil\/","title":{"rendered":"Pflugteile Gil"},"content":{"rendered":"\t\t<div data-elementor-type=\"wp-page\" data-elementor-id=\"45636\" class=\"elementor elementor-45636\" data-elementor-settings=\"{&quot;ha_cmc_init_switcher&quot;:&quot;no&quot;}\">\n\t\t\t\t\t\t<section class=\"elementor-section elementor-top-section elementor-element elementor-element-26a0641 elementor-section-height-min-height elementor-section-boxed elementor-section-height-default elementor-section-items-middle\" data-id=\"26a0641\" data-element_type=\"section\" data-e-type=\"section\" data-settings=\"{&quot;background_background&quot;:&quot;classic&quot;,&quot;_ha_eqh_enable&quot;:false}\">\n\t\t\t\t\t\t\t<div class=\"elementor-background-overlay\"><\/div>\n\t\t\t\t\t\t\t<div class=\"elementor-container elementor-column-gap-wider\">\n\t\t\t\t\t<div class=\"elementor-column elementor-col-100 elementor-top-column elementor-element elementor-element-76dddd4\" data-id=\"76dddd4\" data-element_type=\"column\" data-e-type=\"column\">\n\t\t\t<div class=\"elementor-widget-wrap elementor-element-populated\">\n\t\t\t\t\t\t<div class=\"elementor-element elementor-element-3eef760 elementor-widget elementor-widget-heading\" data-id=\"3eef760\" data-element_type=\"widget\" data-e-type=\"widget\" data-widget_type=\"heading.default\">\n\t\t\t\t<div class=\"elementor-widget-container\">\n\t\t\t\t\t<h1 class=\"elementor-heading-title elementor-size-default\">Pflugteile anpassbar an Gil<\/h1>\t\t\t\t<\/div>\n\t\t\t\t<\/div>\n\t\t\t\t\t<\/div>\n\t\t<\/div>\n\t\t\t\t\t<\/div>\n\t\t<\/section>\n\t\t\t\t<section class=\"elementor-section elementor-top-section elementor-element elementor-element-734a9f7 elementor-section-boxed elementor-section-height-default elementor-section-height-default\" data-id=\"734a9f7\" data-element_type=\"section\" data-e-type=\"section\" data-settings=\"{&quot;_ha_eqh_enable&quot;:false}\">\n\t\t\t\t\t\t<div class=\"elementor-container elementor-column-gap-default\">\n\t\t\t\t\t<div class=\"elementor-column elementor-col-100 elementor-top-column elementor-element elementor-element-bd28ace\" data-id=\"bd28ace\" data-element_type=\"column\" data-e-type=\"column\">\n\t\t\t<div class=\"elementor-widget-wrap elementor-element-populated\">\n\t\t\t\t\t\t<div class=\"elementor-element elementor-element-b13878f elementor-widget elementor-widget-ekit-nav-menu\" data-id=\"b13878f\" data-element_type=\"widget\" data-e-type=\"widget\" data-widget_type=\"ekit-nav-menu.default\">\n\t\t\t\t<div class=\"elementor-widget-container\">\n\t\t\t\t\t\t\t<nav class=\"ekit-wid-con ekit_menu_responsive_tablet\"\n\t\t\tdata-hamburger-icon=\"\"\n\t\t\tdata-hamburger-icon-type=\"icon\"\n\t\t\tdata-responsive-breakpoint=\"1024\">\n\t\t\t            <button class=\"elementskit-menu-hamburger elementskit-menu-toggler\"  type=\"button\" aria-label=\"hamburger-icon\">\n                                    <span class=\"elementskit-menu-hamburger-icon\"><\/span><span class=\"elementskit-menu-hamburger-icon\"><\/span><span class=\"elementskit-menu-hamburger-icon\"><\/span>\n                            <\/button>\n            <div id=\"ekit-megamenu-componentes-arado-aleman\" class=\"elementskit-menu-container elementskit-menu-offcanvas-elements elementskit-navbar-nav-default ekit-nav-menu-one-page-no ekit-nav-dropdown-hover\"><ul id=\"menu-componentes-arado-aleman\" class=\"elementskit-navbar-nav elementskit-menu-po-center submenu-click-on-icon\"><li id=\"menu-item-45671\" class=\"menu-item menu-item-type-post_type menu-item-object-page menu-item-45671 nav-item nav-item elementskit-mobile-builder-content\" data-vertical-menu=750px><a href=\"https:\/\/campoagricola.es\/index.php\/pflugteile-gil\/\" class=\"ekit-menu-nav-link\">Gil<\/a><\/li>\n<li id=\"menu-item-45670\" class=\"menu-item menu-item-type-post_type menu-item-object-page menu-item-45670 nav-item nav-item elementskit-mobile-builder-content\" data-vertical-menu=750px><a href=\"https:\/\/campoagricola.es\/index.php\/pflugteile-gregorie-besson\/\" class=\"ekit-menu-nav-link\">Gregorie Besson<\/a><\/li>\n<li id=\"menu-item-45669\" class=\"menu-item menu-item-type-post_type menu-item-object-page menu-item-45669 nav-item nav-item elementskit-mobile-builder-content\" data-vertical-menu=750px><a href=\"https:\/\/campoagricola.es\/index.php\/pflugteile-kuhn\/\" class=\"ekit-menu-nav-link\">kuhn<\/a><\/li>\n<li id=\"menu-item-45668\" class=\"menu-item menu-item-type-post_type menu-item-object-page menu-item-45668 nav-item nav-item elementskit-mobile-builder-content\" data-vertical-menu=750px><a href=\"https:\/\/campoagricola.es\/index.php\/pflugteile-kverneland\/\" class=\"ekit-menu-nav-link\">Kverneland<\/a><\/li>\n<li id=\"menu-item-45667\" class=\"menu-item menu-item-type-post_type menu-item-object-page menu-item-45667 nav-item nav-item elementskit-mobile-builder-content\" data-vertical-menu=750px><a href=\"https:\/\/campoagricola.es\/index.php\/pflugteile-lanau\/\" class=\"ekit-menu-nav-link\">Lanau<\/a><\/li>\n<li id=\"menu-item-45666\" class=\"menu-item menu-item-type-post_type menu-item-object-page menu-item-45666 nav-item nav-item elementskit-mobile-builder-content\" data-vertical-menu=750px><a href=\"https:\/\/campoagricola.es\/index.php\/pflugteile-lemken\/\" class=\"ekit-menu-nav-link\">Lemken<\/a><\/li>\n<li id=\"menu-item-45663\" class=\"menu-item menu-item-type-post_type menu-item-object-page menu-item-45663 nav-item nav-item elementskit-mobile-builder-content\" data-vertical-menu=750px><a href=\"https:\/\/campoagricola.es\/index.php\/pflugteile-oeverum\/\" class=\"ekit-menu-nav-link\">\u00d6verum<\/a><\/li>\n<li id=\"menu-item-45665\" class=\"menu-item menu-item-type-post_type menu-item-object-page menu-item-45665 nav-item nav-item elementskit-mobile-builder-content\" data-vertical-menu=750px><a href=\"https:\/\/campoagricola.es\/index.php\/pflugteile-vogelnoot\/\" class=\"ekit-menu-nav-link\">Vogel&#038;Noot<\/a><\/li>\n<li id=\"menu-item-45664\" class=\"menu-item menu-item-type-post_type menu-item-object-page menu-item-45664 nav-item nav-item elementskit-mobile-builder-content\" data-vertical-menu=750px><a href=\"https:\/\/campoagricola.es\/index.php\/pflugteile-andere-hersteller\/\" class=\"ekit-menu-nav-link\">Andere Hersteller<\/a><\/li>\n<\/ul><div class=\"elementskit-nav-identity-panel\"><button class=\"elementskit-menu-close elementskit-menu-toggler\" type=\"button\">X<\/button><\/div><\/div>\n\t\t\t<div class=\"elementskit-menu-overlay elementskit-menu-offcanvas-elements elementskit-menu-toggler ekit-nav-menu--overlay\"><\/div>        <\/nav>\n\t\t\t\t\t\t<\/div>\n\t\t\t\t<\/div>\n\t\t\t\t\t<\/div>\n\t\t<\/div>\n\t\t\t\t\t<\/div>\n\t\t<\/section>\n\t\t\t\t<section class=\"elementor-section elementor-top-section elementor-element elementor-element-58d995a elementor-section-boxed elementor-section-height-default elementor-section-height-default\" data-id=\"58d995a\" data-element_type=\"section\" data-e-type=\"section\" data-settings=\"{&quot;_ha_eqh_enable&quot;:false}\">\n\t\t\t\t\t\t<div class=\"elementor-container elementor-column-gap-default\">\n\t\t\t\t\t<div class=\"elementor-column elementor-col-50 elementor-top-column elementor-element elementor-element-c9068d0\" data-id=\"c9068d0\" data-element_type=\"column\" data-e-type=\"column\">\n\t\t\t<div class=\"elementor-widget-wrap elementor-element-populated\">\n\t\t\t\t\t\t<div class=\"elementor-element elementor-element-98f73b2 elementor-widget elementor-widget-heading\" data-id=\"98f73b2\" data-element_type=\"widget\" data-e-type=\"widget\" data-widget_type=\"heading.default\">\n\t\t\t\t<div class=\"elementor-widget-container\">\n\t\t\t\t\t<h3 class=\"elementor-heading-title elementor-size-default\">Mittelleitblech<\/h3>\t\t\t\t<\/div>\n\t\t\t\t<\/div>\n\t\t\t\t<div class=\"elementor-element elementor-element-626414d elementor-widget elementor-widget-image\" data-id=\"626414d\" data-element_type=\"widget\" data-e-type=\"widget\" data-widget_type=\"image.default\">\n\t\t\t\t<div class=\"elementor-widget-container\">\n\t\t\t\t\t\t\t\t\t\t\t\t\t\t\t<img decoding=\"async\" width=\"300\" height=\"138\" src=\"https:\/\/campoagricola.es\/wp-content\/uploads\/2019\/08\/0000410_vertedera-bellota-1886-ca-derecha-gil.jpg\" class=\"attachment-large size-large wp-image-12242\" alt=\"\" \/>\t\t\t\t\t\t\t\t\t\t\t\t\t\t\t<\/div>\n\t\t\t\t<\/div>\n\t\t\t\t\t<\/div>\n\t\t<\/div>\n\t\t\t\t<div class=\"elementor-column elementor-col-50 elementor-top-column elementor-element elementor-element-f6da9fc\" data-id=\"f6da9fc\" data-element_type=\"column\" data-e-type=\"column\">\n\t\t\t<div class=\"elementor-widget-wrap elementor-element-populated\">\n\t\t\t\t\t\t<div class=\"elementor-element elementor-element-a1fbcc7 elementor-widget elementor-widget-Table\" data-id=\"a1fbcc7\" data-element_type=\"widget\" data-e-type=\"widget\" data-widget_type=\"Table.default\">\n\t\t\t\t<div class=\"elementor-widget-container\">\n\t\t\t\t\t\t\t<table class=\"tafe-table \">\n\t\t\t<thead  class=\"tafe-table-header\">\n\t\t\t\t<tr>\n\t\t\t\t\t<th class=\"elementor-inline-editing elementor-repeater-item-a9d6ce6\"   >Code Num.<\/th><th class=\"elementor-inline-editing elementor-repeater-item-abf901a\"   >Modell B<\/th><th class=\"elementor-inline-editing elementor-repeater-item-5fff6f3\"   >Gewicht<\/th><th class=\"elementor-inline-editing elementor-repeater-item-e337423\"   >Verpackung<\/th><th class=\"elementor-inline-editing elementor-repeater-item-6304d5c\"   >H\u00f6he<\/th><th class=\"elementor-inline-editing elementor-repeater-item-630e5d6\"   >Breite<\/th><th class=\"elementor-inline-editing elementor-repeater-item-9dba50f\"   >Dicke<\/th>\t\t\t\t<\/tr>\n\t\t\t<\/thead>\n\t\t\t\t\t\t<tbody class=\"tafe-table-body\">\n\t\t\t\t<tr>\n\t\t\t\t\t<td data-label=\"Code Num.\"   class=\"elementor-repeater-item-cb70a80 td-content-type-default\" >1216301<\/td><td data-label=\"Modell B\"   class=\"elementor-repeater-item-304c073 td-content-type-default\" >1886-D<\/td><td data-label=\"Gewicht\"   class=\"elementor-repeater-item-170a737 td-content-type-default\" >5,40<\/td><td data-label=\"Verpackung\"   class=\"elementor-repeater-item-4be192d td-content-type-default\" >100<\/td><td data-label=\"H\u00f6he\"   class=\"elementor-repeater-item-271596b td-content-type-default\" >221<\/td><td data-label=\"Breite\"   class=\"elementor-repeater-item-a68c4f9 td-content-type-default\" >523<\/td><td data-label=\"Dicke\"   class=\"elementor-repeater-item-7a602ff td-content-type-default\" >8<\/td>\t\t\t\t<\/tr>\n\t\t\t<\/tbody>\n\t\t<\/table>\n\t\t\n\t\t\t\t\t\t<\/div>\n\t\t\t\t<\/div>\n\t\t\t\t\t<\/div>\n\t\t<\/div>\n\t\t\t\t\t<\/div>\n\t\t<\/section>\n\t\t\t\t<section class=\"elementor-section elementor-top-section elementor-element elementor-element-b2870ea elementor-section-boxed elementor-section-height-default elementor-section-height-default\" data-id=\"b2870ea\" data-element_type=\"section\" data-e-type=\"section\" data-settings=\"{&quot;_ha_eqh_enable&quot;:false}\">\n\t\t\t\t\t\t<div class=\"elementor-container elementor-column-gap-default\">\n\t\t\t\t\t<div class=\"elementor-column elementor-col-100 elementor-top-column elementor-element elementor-element-7f5fd72\" data-id=\"7f5fd72\" data-element_type=\"column\" data-e-type=\"column\">\n\t\t\t<div class=\"elementor-widget-wrap elementor-element-populated\">\n\t\t\t\t\t\t<div class=\"elementor-element elementor-element-5a33792 elementor-widget-divider--view-line elementor-widget elementor-widget-divider\" data-id=\"5a33792\" data-element_type=\"widget\" data-e-type=\"widget\" data-widget_type=\"divider.default\">\n\t\t\t\t<div class=\"elementor-widget-container\">\n\t\t\t\t\t\t\t<div class=\"elementor-divider\">\n\t\t\t<span class=\"elementor-divider-separator\">\n\t\t\t\t\t\t<\/span>\n\t\t<\/div>\n\t\t\t\t\t\t<\/div>\n\t\t\t\t<\/div>\n\t\t\t\t\t<\/div>\n\t\t<\/div>\n\t\t\t\t\t<\/div>\n\t\t<\/section>\n\t\t\t\t<section class=\"elementor-section elementor-top-section elementor-element elementor-element-4cebe2e elementor-section-boxed elementor-section-height-default elementor-section-height-default\" data-id=\"4cebe2e\" data-element_type=\"section\" data-e-type=\"section\" data-settings=\"{&quot;_ha_eqh_enable&quot;:false}\">\n\t\t\t\t\t\t<div class=\"elementor-container elementor-column-gap-default\">\n\t\t\t\t\t<div class=\"elementor-column elementor-col-50 elementor-top-column elementor-element elementor-element-91aa16d\" data-id=\"91aa16d\" data-element_type=\"column\" data-e-type=\"column\">\n\t\t\t<div class=\"elementor-widget-wrap elementor-element-populated\">\n\t\t\t\t\t\t<div class=\"elementor-element elementor-element-7dbc714 elementor-widget elementor-widget-heading\" data-id=\"7dbc714\" data-element_type=\"widget\" data-e-type=\"widget\" data-widget_type=\"heading.default\">\n\t\t\t\t<div class=\"elementor-widget-container\">\n\t\t\t\t\t<h3 class=\"elementor-heading-title elementor-size-default\">Schar<\/h3>\t\t\t\t<\/div>\n\t\t\t\t<\/div>\n\t\t\t\t<div class=\"elementor-element elementor-element-91c7eb4 elementor-widget elementor-widget-image\" data-id=\"91c7eb4\" data-element_type=\"widget\" data-e-type=\"widget\" data-widget_type=\"image.default\">\n\t\t\t\t<div class=\"elementor-widget-container\">\n\t\t\t\t\t\t\t\t\t\t\t\t\t\t\t<img decoding=\"async\" width=\"300\" height=\"107\" src=\"https:\/\/campoagricola.es\/wp-content\/uploads\/2019\/08\/REJA-GIL.jpg\" class=\"attachment-large size-large wp-image-12246\" alt=\"\" \/>\t\t\t\t\t\t\t\t\t\t\t\t\t\t\t<\/div>\n\t\t\t\t<\/div>\n\t\t\t\t\t<\/div>\n\t\t<\/div>\n\t\t\t\t<div class=\"elementor-column elementor-col-50 elementor-top-column elementor-element elementor-element-b23f9e2\" data-id=\"b23f9e2\" data-element_type=\"column\" data-e-type=\"column\">\n\t\t\t<div class=\"elementor-widget-wrap elementor-element-populated\">\n\t\t\t\t\t\t<div class=\"elementor-element elementor-element-8889a3c elementor-widget elementor-widget-Table\" data-id=\"8889a3c\" data-element_type=\"widget\" data-e-type=\"widget\" data-widget_type=\"Table.default\">\n\t\t\t\t<div class=\"elementor-widget-container\">\n\t\t\t\t\t\t\t<table class=\"tafe-table \">\n\t\t\t<thead  class=\"tafe-table-header\">\n\t\t\t\t<tr>\n\t\t\t\t\t<th class=\"elementor-inline-editing elementor-repeater-item-a9d6ce6\"   >Code Num.<\/th><th class=\"elementor-inline-editing elementor-repeater-item-abf901a\"   >Modell B<\/th><th class=\"elementor-inline-editing elementor-repeater-item-5fff6f3\"   >Gewicht<\/th><th class=\"elementor-inline-editing elementor-repeater-item-e337423\"   >Verpackung<\/th><th class=\"elementor-inline-editing elementor-repeater-item-6304d5c\"   >H\u00f6he<\/th><th class=\"elementor-inline-editing elementor-repeater-item-630e5d6\"   >Breite<\/th><th class=\"elementor-inline-editing elementor-repeater-item-9dba50f\"   >Dicke<\/th>\t\t\t\t<\/tr>\n\t\t\t<\/thead>\n\t\t\t\t\t\t<tbody class=\"tafe-table-body\">\n\t\t\t\t<tr>\n\t\t\t\t\t<td data-label=\"Code Num.\"   class=\"elementor-repeater-item-cb70a80 td-content-type-default\" >1216400<\/td><td data-label=\"Modell B\"   class=\"elementor-repeater-item-304c073 td-content-type-default\" >1439-D<\/td><td data-label=\"Gewicht\"   class=\"elementor-repeater-item-170a737 td-content-type-default\" >2,75<\/td><td data-label=\"Verpackung\"   class=\"elementor-repeater-item-4be192d td-content-type-default\" >100<\/td><td data-label=\"H\u00f6he\"   class=\"elementor-repeater-item-271596b td-content-type-default\" >125<\/td><td data-label=\"Breite\"   class=\"elementor-repeater-item-a68c4f9 td-content-type-default\" >360<\/td><td data-label=\"Dicke\"   class=\"elementor-repeater-item-7a602ff td-content-type-default\" >9<\/td>\t\t\t\t<\/tr>\n\t\t\t<\/tbody>\n\t\t<\/table>\n\t\t\n\t\t\t\t\t\t<\/div>\n\t\t\t\t<\/div>\n\t\t\t\t\t<\/div>\n\t\t<\/div>\n\t\t\t\t\t<\/div>\n\t\t<\/section>\n\t\t\t\t<section class=\"elementor-section elementor-top-section elementor-element elementor-element-52d90ae elementor-section-boxed elementor-section-height-default elementor-section-height-default\" data-id=\"52d90ae\" data-element_type=\"section\" data-e-type=\"section\" data-settings=\"{&quot;_ha_eqh_enable&quot;:false}\">\n\t\t\t\t\t\t<div class=\"elementor-container elementor-column-gap-default\">\n\t\t\t\t\t<div class=\"elementor-column elementor-col-100 elementor-top-column elementor-element elementor-element-15c4eb1\" data-id=\"15c4eb1\" data-element_type=\"column\" data-e-type=\"column\">\n\t\t\t<div class=\"elementor-widget-wrap elementor-element-populated\">\n\t\t\t\t\t\t<div class=\"elementor-element elementor-element-3e2cf8f elementor-widget-divider--view-line elementor-widget elementor-widget-divider\" data-id=\"3e2cf8f\" data-element_type=\"widget\" data-e-type=\"widget\" data-widget_type=\"divider.default\">\n\t\t\t\t<div class=\"elementor-widget-container\">\n\t\t\t\t\t\t\t<div class=\"elementor-divider\">\n\t\t\t<span class=\"elementor-divider-separator\">\n\t\t\t\t\t\t<\/span>\n\t\t<\/div>\n\t\t\t\t\t\t<\/div>\n\t\t\t\t<\/div>\n\t\t\t\t\t<\/div>\n\t\t<\/div>\n\t\t\t\t\t<\/div>\n\t\t<\/section>\n\t\t\t\t<section class=\"elementor-section elementor-top-section elementor-element elementor-element-ca119a3 elementor-section-boxed elementor-section-height-default elementor-section-height-default\" data-id=\"ca119a3\" data-element_type=\"section\" data-e-type=\"section\" data-settings=\"{&quot;_ha_eqh_enable&quot;:false}\">\n\t\t\t\t\t\t<div class=\"elementor-container elementor-column-gap-default\">\n\t\t\t\t\t<div class=\"elementor-column elementor-col-50 elementor-top-column elementor-element elementor-element-6824a0d\" data-id=\"6824a0d\" data-element_type=\"column\" data-e-type=\"column\">\n\t\t\t<div class=\"elementor-widget-wrap elementor-element-populated\">\n\t\t\t\t\t\t<div class=\"elementor-element elementor-element-5b086ff elementor-widget elementor-widget-heading\" data-id=\"5b086ff\" data-element_type=\"widget\" data-e-type=\"widget\" data-widget_type=\"heading.default\">\n\t\t\t\t<div class=\"elementor-widget-container\">\n\t\t\t\t\t<h3 class=\"elementor-heading-title elementor-size-default\">Scharspitze<\/h3>\t\t\t\t<\/div>\n\t\t\t\t<\/div>\n\t\t\t\t<div class=\"elementor-element elementor-element-daa31e6 elementor-widget elementor-widget-image\" data-id=\"daa31e6\" data-element_type=\"widget\" data-e-type=\"widget\" data-widget_type=\"image.default\">\n\t\t\t\t<div class=\"elementor-widget-container\">\n\t\t\t\t\t\t\t\t\t\t\t\t\t\t\t<img decoding=\"async\" width=\"300\" height=\"95\" src=\"https:\/\/campoagricola.es\/wp-content\/uploads\/2019\/08\/1216500.jpg\" class=\"attachment-large size-large wp-image-12247\" alt=\"\" \/>\t\t\t\t\t\t\t\t\t\t\t\t\t\t\t<\/div>\n\t\t\t\t<\/div>\n\t\t\t\t\t<\/div>\n\t\t<\/div>\n\t\t\t\t<div class=\"elementor-column elementor-col-50 elementor-top-column elementor-element elementor-element-fc30586\" data-id=\"fc30586\" data-element_type=\"column\" data-e-type=\"column\">\n\t\t\t<div class=\"elementor-widget-wrap elementor-element-populated\">\n\t\t\t\t\t\t<div class=\"elementor-element elementor-element-b8c131a elementor-widget elementor-widget-Table\" data-id=\"b8c131a\" data-element_type=\"widget\" data-e-type=\"widget\" data-widget_type=\"Table.default\">\n\t\t\t\t<div class=\"elementor-widget-container\">\n\t\t\t\t\t\t\t<table class=\"tafe-table \">\n\t\t\t<thead  class=\"tafe-table-header\">\n\t\t\t\t<tr>\n\t\t\t\t\t<th class=\"elementor-inline-editing elementor-repeater-item-a9d6ce6\"   >Code Num.<\/th><th class=\"elementor-inline-editing elementor-repeater-item-abf901a\"   >Modell B<\/th><th class=\"elementor-inline-editing elementor-repeater-item-5fff6f3\"   >Gewicht<\/th><th class=\"elementor-inline-editing elementor-repeater-item-e337423\"   >Verpackung<\/th><th class=\"elementor-inline-editing elementor-repeater-item-6304d5c\"   >H\u00f6he<\/th><th class=\"elementor-inline-editing elementor-repeater-item-630e5d6\"   >Breite<\/th><th class=\"elementor-inline-editing elementor-repeater-item-9dba50f\"   >Dicke<\/th>\t\t\t\t<\/tr>\n\t\t\t<\/thead>\n\t\t\t\t\t\t<tbody class=\"tafe-table-body\">\n\t\t\t\t<tr>\n\t\t\t\t\t<td data-label=\"Code Num.\"   class=\"elementor-repeater-item-03fb09f td-content-type-default\" >1216500<\/td><td data-label=\"Modell B\"   class=\"elementor-repeater-item-2c818b4 td-content-type-default\" >1435-D<\/td><td data-label=\"Gewicht\"   class=\"elementor-repeater-item-170a737 td-content-type-default\" >1,05<\/td><td data-label=\"Verpackung\"   class=\"elementor-repeater-item-4be192d td-content-type-default\" >100<\/td><td data-label=\"H\u00f6he\"   class=\"elementor-repeater-item-271596b td-content-type-default\" >60<\/td><td data-label=\"Breite\"   class=\"elementor-repeater-item-a68c4f9 td-content-type-default\" >250<\/td><td data-label=\"Dicke\"   class=\"elementor-repeater-item-7a602ff td-content-type-default\" >8<\/td><\/tr><tr><td data-label=\"Code Num.\"   class=\"elementor-repeater-item-cb70a80 td-content-type-default\" >1216600<\/td><td data-label=\"Modell B\"   class=\"elementor-repeater-item-304c073 td-content-type-default\" >1435-I<\/td><td data-label=\"Gewicht\"   class=\"elementor-repeater-item-32decbb td-content-type-default\" >1,05<\/td><td data-label=\"Verpackung\"   class=\"elementor-repeater-item-a6a3b5f td-content-type-default\" >100<\/td><td data-label=\"H\u00f6he\"   class=\"elementor-repeater-item-4d2e672 td-content-type-default\" >60<\/td><td data-label=\"Breite\"   class=\"elementor-repeater-item-14741de td-content-type-default\" >250<\/td><td data-label=\"Dicke\"   class=\"elementor-repeater-item-c81aa1c td-content-type-default\" >8<\/td>\t\t\t\t<\/tr>\n\t\t\t<\/tbody>\n\t\t<\/table>\n\t\t\n\t\t\t\t\t\t<\/div>\n\t\t\t\t<\/div>\n\t\t\t\t\t<\/div>\n\t\t<\/div>\n\t\t\t\t\t<\/div>\n\t\t<\/section>\n\t\t\t\t<\/div>\n\t\t","protected":false},"excerpt":{"rendered":"<p>Pflugteile anpassbar an Gil Gil Gregorie Besson kuhn Kverneland Lanau Lemken \u00d6verum Vogel&#038;Noot Andere Hersteller X Mittelleitblech Code Num. Modell B Gewicht Verpackung H\u00f6he Breite Dicke 1216301 1886-D 5,40 100 221 523 8 Schar Code Num. Modell B Gewicht Verpackung H\u00f6he Breite Dicke 1216400 1439-D 2,75 100 125 360 9 Scharspitze Code Num. Modell B [&hellip;]<\/p>\n","protected":false},"author":1,"featured_media":0,"parent":0,"menu_order":0,"comment_status":"closed","ping_status":"closed","template":"elementor_header_footer","meta":{"footnotes":""},"class_list":["post-45636","page","type-page","status-publish","hentry"],"_links":{"self":[{"href":"https:\/\/campoagricola.es\/index.php\/wp-json\/wp\/v2\/pages\/45636","targetHints":{"allow":["GET"]}}],"collection":[{"href":"https:\/\/campoagricola.es\/index.php\/wp-json\/wp\/v2\/pages"}],"about":[{"href":"https:\/\/campoagricola.es\/index.php\/wp-json\/wp\/v2\/types\/page"}],"author":[{"embeddable":true,"href":"https:\/\/campoagricola.es\/index.php\/wp-json\/wp\/v2\/users\/1"}],"replies":[{"embeddable":true,"href":"https:\/\/campoagricola.es\/index.php\/wp-json\/wp\/v2\/comments?post=45636"}],"version-history":[{"count":16,"href":"https:\/\/campoagricola.es\/index.php\/wp-json\/wp\/v2\/pages\/45636\/revisions"}],"predecessor-version":[{"id":45687,"href":"https:\/\/campoagricola.es\/index.php\/wp-json\/wp\/v2\/pages\/45636\/revisions\/45687"}],"wp:attachment":[{"href":"https:\/\/campoagricola.es\/index.php\/wp-json\/wp\/v2\/media?parent=45636"}],"curies":[{"name":"wp","href":"https:\/\/api.w.org\/{rel}","templated":true}]}}