{"id":47004,"date":"2024-05-27T11:04:11","date_gmt":"2024-05-27T11:04:11","guid":{"rendered":"https:\/\/campoagricola.es\/?page_id=47004"},"modified":"2024-05-27T11:19:23","modified_gmt":"2024-05-27T11:19:23","slug":"rechtliche-warnung","status":"publish","type":"page","link":"https:\/\/campoagricola.es\/index.php\/rechtliche-warnung\/","title":{"rendered":"Rechtliche Warnung"},"content":{"rendered":"\t\t<div data-elementor-type=\"wp-page\" data-elementor-id=\"47004\" class=\"elementor elementor-47004\" data-elementor-settings=\"{&quot;ha_cmc_init_switcher&quot;:&quot;no&quot;}\">\n\t\t\t\t\t\t<section class=\"elementor-section elementor-top-section elementor-element elementor-element-46ed83b elementor-section-height-min-height elementor-section-boxed elementor-section-height-default elementor-section-items-middle\" data-id=\"46ed83b\" data-element_type=\"section\" data-e-type=\"section\" data-settings=\"{&quot;background_background&quot;:&quot;classic&quot;,&quot;_ha_eqh_enable&quot;:false}\">\n\t\t\t\t\t\t\t<div class=\"elementor-background-overlay\"><\/div>\n\t\t\t\t\t\t\t<div class=\"elementor-container elementor-column-gap-wider\">\n\t\t\t\t\t<div class=\"elementor-column elementor-col-100 elementor-top-column elementor-element elementor-element-e33527f\" data-id=\"e33527f\" data-element_type=\"column\" data-e-type=\"column\">\n\t\t\t<div class=\"elementor-widget-wrap elementor-element-populated\">\n\t\t\t\t\t\t<div class=\"elementor-element elementor-element-f40766a elementor-widget elementor-widget-heading\" data-id=\"f40766a\" data-element_type=\"widget\" data-e-type=\"widget\" data-widget_type=\"heading.default\">\n\t\t\t\t<div class=\"elementor-widget-container\">\n\t\t\t\t\t<h1 class=\"elementor-heading-title elementor-size-default\">Rechtliche warnung<\/h1>\t\t\t\t<\/div>\n\t\t\t\t<\/div>\n\t\t\t\t\t<\/div>\n\t\t<\/div>\n\t\t\t\t\t<\/div>\n\t\t<\/section>\n\t\t\t\t<section class=\"elementor-section elementor-top-section elementor-element elementor-element-8d026b5 elementor-section-boxed elementor-section-height-default elementor-section-height-default\" data-id=\"8d026b5\" data-element_type=\"section\" data-e-type=\"section\" data-settings=\"{&quot;_ha_eqh_enable&quot;:false}\">\n\t\t\t\t\t\t<div class=\"elementor-container elementor-column-gap-default\">\n\t\t\t\t\t<div class=\"elementor-column elementor-col-100 elementor-top-column elementor-element elementor-element-e0757d3\" data-id=\"e0757d3\" data-element_type=\"column\" data-e-type=\"column\">\n\t\t\t<div class=\"elementor-widget-wrap elementor-element-populated\">\n\t\t\t\t\t\t<div class=\"elementor-element elementor-element-d2b9e17 elementor-widget elementor-widget-text-editor\" data-id=\"d2b9e17\" data-element_type=\"widget\" data-e-type=\"widget\" data-widget_type=\"text-editor.default\">\n\t\t\t\t<div class=\"elementor-widget-container\">\n\t\t\t\t\t\t\t\t\t<p><strong>1. Identit\u00e4t des Inhabers dieser Website<\/strong><\/p><ul><li><strong>Firmenname:<\/strong><br \/>Landwirtschaftliche Ersatzteile Campoagr\u00edcola, S.L.<\/li><li><strong>C.I.F. NEIN.:<\/strong><br \/>B-31860935<\/li><li><strong>Adresse:<\/strong><br \/>Industriepark Comarca II, Stra\u00dfe A, Lagerhaus 14. 31191, BARBAT\u00c1IN. Navarra. Spanien<\/li><li><strong>Kontakt E-mail:<\/strong><br \/>campoagricola@campoagricola.es<\/li><\/ul><p>\u00a0<\/p><p><strong>2. Allgemeine Nutzungsbedingungen dieser Website<\/strong><\/p><p>Durch den Zugriff auf diese Website erhalten Sie den Status \u201eBenutzer\u201c, was bedeutet, dass Sie die rechtlichen Bedingungen, die zum Zeitpunkt des Zugriffs auf die Website auf www.campoagricola.es ver\u00f6ffentlicht sind, ausdr\u00fccklich und vorbehaltlos akzeptieren. Daher muss der Benutzer diese allgemeinen Nutzungsbedingungen lesen, wann immer er auf die \u00fcber diese Website bereitgestellten Dienste zugreifen und diese gegebenenfalls nutzen m\u00f6chte, da diese Bedingungen ge\u00e4ndert werden k\u00f6nnen. In diesem Sinne wird unter \u201eBenutzer\u201c jede Person verstanden, die auf die auf www.campoagricola.es entwickelten kostenlosen oder kostenpflichtigen Dienste und Aktivit\u00e4ten zugreift, diese durchsucht, nutzt oder daran teilnimmt.<\/p><p><strong>2.1. Zweck und Anwendungsbereich<\/strong><\/p><p>Diese allgemeinen Nutzungsbedingungen regeln den Zugang, die Navigation, die Beauftragung von Diensten und die Nutzung von www.campoagricola.es sowie die Verantwortlichkeiten, die sich aus der Nutzung seiner Inhalte wie Texte, Grafiken, Zeichnungen, Designs, Codes, Software, Fotos ergeben. Musik, Videos, T\u00f6ne, Datenbanken, Bilder, Ausdr\u00fccke und Informationen sowie alle anderen Sch\u00f6pfungen, die durch nationale Gesetze und internationale Vertr\u00e4ge \u00fcber geistiges und gewerbliches Eigentum gesch\u00fctzt sind. Repuestos Agr\u00edcolas Campoagr\u00edcola, S.L. (im Folgenden \u201eCampoagr\u00edcola\u201c) kann besondere Bedingungen festlegen, die f\u00fcr die Nutzung und\/oder Beauftragung bestimmter Dienstleistungen gelten, wobei diese allgemeinen Bedingungen erg\u00e4nzend gelten. Im Falle eines Widerspruchs zwischen den Bestimmungen der Besonderen Bedingungen und den Allgemeinen Gesch\u00e4ftsbedingungen haben die Besonderen Bedingungen Vorrang.<\/p><p><strong>2.2. Bedingungen f\u00fcr den Zugang und die Nutzung der Dienste<\/strong><\/p><ol><li>Der Zugang zu www.campoagricola.es ist grunds\u00e4tzlich kostenlos. Einige der Dienste und Inhalte k\u00f6nnen jedoch einer vorherigen Beauftragung des Dienstes oder Produkts unterliegen, wobei in diesen F\u00e4llen die zu diesem Zweck ver\u00f6ffentlichten besonderen Bedingungen gelten.<\/li><li>Der Benutzer muss die Dienste dieser Website jederzeit rechtm\u00e4\u00dfig in \u00dcbereinstimmung mit diesen Allgemeinen Gesch\u00e4ftsbedingungen, der geltenden Gesetzgebung, den guten Sitten und der \u00f6ffentlichen Ordnung sowie den allgemein anerkannten Praktiken im Internet nutzen.<\/li><li>Der Benutzer garantiert, dass alle \u00fcber die auf dieser Website enthaltenen Formulare bereitgestellten Informationen legal, wahr, genau, wahrheitsgem\u00e4\u00df und aktuell sind. Es liegt in der alleinigen Verantwortung des Benutzers, Campoagr\u00edcola unverz\u00fcglich \u00fcber etwaige \u00c4nderungen der bereitgestellten Informationen zu informieren.<\/li><li>Der Nutzer wird es unterlassen, Viren, Programme, Makros oder beliebige Zeichenfolgen mit dem Ziel einzuschleusen, die Computersysteme dieser Website zu besch\u00e4digen oder zu ver\u00e4ndern; den Zugriff anderer Benutzer durch massiven Ressourcenverbrauch behindern; Erfassung der auf dieser Website enthaltenen Daten zu Werbezwecken; die auf dieser Website enthaltenen Inhalte zu reproduzieren, zu kopieren, zu verbreiten, umzuwandeln oder Dritten zug\u00e4nglich zu machen; Durch die auf dieser Website enthaltenen Dienste Handlungen durchf\u00fchren, die das geistige Eigentum, Betriebsgeheimnisse, vertragliche Verpflichtungen, Ehrenrechte, Bild und Privatsph\u00e4re Dritter sch\u00e4digen k\u00f6nnten; Handlungen des unlauteren Wettbewerbs und der illegalen Werbung durchf\u00fchren.<\/li><li>Geistige und gewerbliche Eigentumsrechte<\/li><\/ol><p>Campoagr\u00edcola ist Inhaber der geistigen und gewerblichen Eigentumsrechte aller Elemente, aus denen www.campoagricola.es besteht, einschlie\u00dflich der Marke, des Handelsnamens oder des Unterscheidungszeichens. Insbesondere und ohne Einschr\u00e4nkung sind sie durch das Urheberrecht, Grafikdesign, Quellcode, Logos, Texte, Grafiken, Illustrationen, Fotos, T\u00f6ne und andere auf der Website enthaltene Elemente gesch\u00fctzt. In keinem Fall bedeutet der Zugriff oder die Navigation auf www.campoagricola.es einen Verzicht, eine \u00dcbertragung oder eine vollst\u00e4ndige oder teilweise Lizenz von Campoagr\u00edcola f\u00fcr den pers\u00f6nlichen Gebrauch an den Benutzer hinsichtlich der geistigen und gewerblichen Eigentumsrechte. Daher erkennt der Benutzer an, dass die Vervielf\u00e4ltigung, das Kopieren, die Verbreitung, die Kommerzialisierung, die Umwandlung, die Wiederverwendung, die \u00f6ffentliche Kommunikation und im Allgemeinen jede andere Form der Nutzung aller oder eines Teils der Inhalte von www.campoagricola.es durch ein beliebiges Verfahren ohne ausdr\u00fcckliche schriftliche Genehmigung von Campoagr\u00edcola stellt eine Verletzung von geistigen und\/oder gewerblichen Eigentumsrechten dar.<\/p><p>Der Nutzer dieser Website verpflichtet sich, die oben genannten Rechte zu respektieren und alle Handlungen zu vermeiden, die ihm schaden k\u00f6nnten. In diesem Sinne beh\u00e4lt sich Campoagr\u00edcola ausdr\u00fccklich das Recht vor, alle zivil- und strafrechtlichen Ma\u00dfnahmen zum Schutz seiner legitimen geistigen und gewerblichen Eigentumsrechte einzuleiten.<\/p><ol><li>Die ver\u00f6ffentlichten Informationen k\u00f6nnen beispielsweise hinsichtlich der Verf\u00fcgbarkeit von Diensten, Modalit\u00e4ten oder Preisen variieren. Daher gelten f\u00fcr den Nutzer die zum Zeitpunkt des Vertragsabschlusses auf www.campoagricola.es ver\u00f6ffentlichten rechtlichen Bedingungen.<\/li><li>Campoagr\u00edcola erkl\u00e4rt, dass es sowohl technische als auch organisatorische Ma\u00dfnahmen ergriffen hat, die im Rahmen seiner M\u00f6glichkeiten und des Stands der Technik das ordnungsgem\u00e4\u00dfe Funktionieren der Website sowie die Abwesenheit von Viren und sch\u00e4dlichen Komponenten erm\u00f6glichen. Sie kann jedoch nicht verantwortlich gemacht werden f\u00fcr: (a) die Kontinuit\u00e4t und Verf\u00fcgbarkeit der auf www.campoagricola.es gesammelten Inhalte und Dienste; (b) das Fehlen von Fehlern in den besagten Inhalten oder die Korrektur etwaiger auftretender M\u00e4ngel; (c) das Fehlen von Viren und\/oder anderen sch\u00e4dlichen Komponenten auf www.campoagricola.es; (d) die Undurchdringlichkeit der getroffenen Sicherheitsma\u00dfnahmen; (e) Sch\u00e4den oder Verluste, die durch Personen verursacht werden, die gegen die Sicherheitssysteme von www.campoagricola.es versto\u00dfen.<\/li><li>Der Nutzer tr\u00e4gt die alleinige Verantwortung gegen\u00fcber Dritten f\u00fcr jegliche Kommunikation, die er pers\u00f6nlich oder in seinem Namen an www.lapina.es sendet, sowie f\u00fcr die unrechtm\u00e4\u00dfige Nutzung der auf dieser Website enthaltenen Inhalte und Dienste.<\/li><li>Campoagr\u00edcola beh\u00e4lt sich das Recht vor, die Erreichbarkeit von www.campoagricola.es f\u00fcr Wartungs-, Reparatur-, Aktualisierungs- oder Verbesserungsarbeiten vor\u00fcbergehend und ohne vorherige Ank\u00fcndigung zu sperren. Wann immer es die Umst\u00e4nde zulassen, wird Campoagr\u00edcola mit ausreichender Vorank\u00fcndigung auf seiner Website den voraussichtlichen Termin f\u00fcr die Einstellung der Dienste ver\u00f6ffentlichen.<\/li><li>Links zu anderen Webseiten, die m\u00f6glicherweise auf www.campoagricola.es vorhanden sind, f\u00fchren m\u00f6glicherweise zu Websites, f\u00fcr die Campoagr\u00edcola keine Verantwortung \u00fcbernimmt, da Campoagr\u00edcola keinerlei Kontrolle \u00fcber sie hat und deren Zweck darin besteht, den Benutzer \u00fcber andere Informationsquellen zu informieren , so dass der Benutzer auf die Inhalte unter seiner alleinigen Verantwortung und zu den f\u00fcr ihn geltenden Nutzungsbedingungen zugreift. Campoagr\u00edcola kann nicht f\u00fcr den Inhalt von Webseiten Dritter verantwortlich gemacht werden, die Hyperlinks zu unserer Website enthalten.<\/li><li>Campoagr\u00edcola ist weder f\u00fcr die Nutzung der auf seiner Website enthaltenen Inhalte und Dienste durch die Benutzer noch f\u00fcr die Einhaltung dieser Nutzungsbedingungen verantwortlich. Campoagr\u00edcola beh\u00e4lt sich in jedem Fall das Recht vor, die entsprechenden rechtlichen Ma\u00dfnahmen zu ergreifen und die erforderlichen Verfahren einzuleiten, um die Verantwortlichkeiten f\u00fcr Handlungen zu ermitteln, die gegen die geltende Gesetzgebung, die Ethik oder die \u00f6ffentliche Ordnung versto\u00dfen, sowie rassistische, diskriminierende oder sexistische \u00c4u\u00dferungen zu verwarnen und zu entfernen verleumderisch, beleidigend, beleidigend, obsz\u00f6n sind oder gegen die grundlegendsten ethischen Standards versto\u00dfen.<\/li><li>Campoagr\u00edcola beh\u00e4lt sich das Recht vor, diese allgemeinen Zugangsbedingungen durch Ver\u00f6ffentlichung der \u00c4nderungen ganz oder teilweise auf www.campoagricola.es zu \u00e4ndern. Ebenso k\u00f6nnen Sie ohne vorherige Ank\u00fcndigung alle von Ihnen f\u00fcr angemessen erachteten \u00c4nderungen an der Website vornehmen und sowohl die von Ihnen bereitgestellten Inhalte und Dienste als auch die Art und Weise, wie sie dargestellt oder lokalisiert werden, \u00e4ndern, l\u00f6schen oder hinzuf\u00fcgen. Folglich gelten die Allgemeinen Gesch\u00e4ftsbedingungen, die zum Zeitpunkt des Zugriffs des Benutzers auf www.campoagricola.es ver\u00f6ffentlicht werden, als in Kraft, sodass der Benutzer diese Nutzungsbedingungen regelm\u00e4\u00dfig lesen muss.<\/li><li>Ungeachtet der Bestimmungen der besonderen Bedingungen kann Campoagr\u00edcola jederzeit und ohne vorherige Ank\u00fcndigung den Zugriff auf die Inhalte der Seite beenden, aussetzen oder unterbrechen, ohne dass der Benutzer eine Entsch\u00e4digung verlangen kann.<\/li><\/ol><p>Die zwischen Campoagr\u00edcola und dem Nutzer bestehenden Beziehungen unterliegen den Bestimmungen der geltenden Vorschriften hinsichtlich der geltenden Gesetzgebung und der zust\u00e4ndigen Gerichtsbarkeit. In F\u00e4llen, in denen die Vorschriften den Parteien jedoch die M\u00f6glichkeit einr\u00e4umen, sich einer Gerichtsbarkeit zu unterwerfen, unterwerfen sich Campoagr\u00edcola und der Nutzer ausdr\u00fccklich der spanischen Gesetzgebung und den Gerichten der Stadt Pamplona .<\/p>\t\t\t\t\t\t\t\t<\/div>\n\t\t\t\t<\/div>\n\t\t\t\t\t<\/div>\n\t\t<\/div>\n\t\t\t\t\t<\/div>\n\t\t<\/section>\n\t\t\t\t<\/div>\n\t\t","protected":false},"excerpt":{"rendered":"<p>Rechtliche warnung 1. Identit\u00e4t des Inhabers dieser Website Firmenname:Landwirtschaftliche Ersatzteile Campoagr\u00edcola, S.L. C.I.F. NEIN.:B-31860935 Adresse:Industriepark Comarca II, Stra\u00dfe A, Lagerhaus 14. 31191, BARBAT\u00c1IN. Navarra. Spanien Kontakt E-mail:campoagricola@campoagricola.es \u00a0 2. Allgemeine Nutzungsbedingungen dieser Website Durch den Zugriff auf diese Website erhalten Sie den Status \u201eBenutzer\u201c, was bedeutet, dass Sie die rechtlichen Bedingungen, die zum Zeitpunkt des [&hellip;]<\/p>\n","protected":false},"author":1,"featured_media":0,"parent":0,"menu_order":0,"comment_status":"closed","ping_status":"closed","template":"elementor_header_footer","meta":{"footnotes":""},"class_list":["post-47004","page","type-page","status-publish","hentry"],"_links":{"self":[{"href":"https:\/\/campoagricola.es\/index.php\/wp-json\/wp\/v2\/pages\/47004","targetHints":{"allow":["GET"]}}],"collection":[{"href":"https:\/\/campoagricola.es\/index.php\/wp-json\/wp\/v2\/pages"}],"about":[{"href":"https:\/\/campoagricola.es\/index.php\/wp-json\/wp\/v2\/types\/page"}],"author":[{"embeddable":true,"href":"https:\/\/campoagricola.es\/index.php\/wp-json\/wp\/v2\/users\/1"}],"replies":[{"embeddable":true,"href":"https:\/\/campoagricola.es\/index.php\/wp-json\/wp\/v2\/comments?post=47004"}],"version-history":[{"count":16,"href":"https:\/\/campoagricola.es\/index.php\/wp-json\/wp\/v2\/pages\/47004\/revisions"}],"predecessor-version":[{"id":47021,"href":"https:\/\/campoagricola.es\/index.php\/wp-json\/wp\/v2\/pages\/47004\/revisions\/47021"}],"wp:attachment":[{"href":"https:\/\/campoagricola.es\/index.php\/wp-json\/wp\/v2\/media?parent=47004"}],"curies":[{"name":"wp","href":"https:\/\/api.w.org\/{rel}","templated":true}]}}