{"id":48940,"date":"2024-09-20T11:12:04","date_gmt":"2024-09-20T11:12:04","guid":{"rendered":"https:\/\/campoagricola.es\/?page_id=48940"},"modified":"2024-09-23T10:36:45","modified_gmt":"2024-09-23T10:36:45","slug":"cookie-richtlinie","status":"publish","type":"page","link":"https:\/\/campoagricola.es\/index.php\/cookie-richtlinie\/","title":{"rendered":"Cookie-Richtlinie"},"content":{"rendered":"\t\t<div data-elementor-type=\"wp-page\" data-elementor-id=\"48940\" class=\"elementor elementor-48940\" data-elementor-settings=\"{&quot;ha_cmc_init_switcher&quot;:&quot;no&quot;}\">\n\t\t\t\t\t\t<section class=\"elementor-section elementor-top-section elementor-element elementor-element-058836b elementor-section-height-min-height elementor-section-boxed elementor-section-height-default elementor-section-items-middle\" data-id=\"058836b\" data-element_type=\"section\" data-e-type=\"section\" data-settings=\"{&quot;background_background&quot;:&quot;classic&quot;,&quot;_ha_eqh_enable&quot;:false}\">\n\t\t\t\t\t\t\t<div class=\"elementor-background-overlay\"><\/div>\n\t\t\t\t\t\t\t<div class=\"elementor-container elementor-column-gap-wider\">\n\t\t\t\t\t<div class=\"elementor-column elementor-col-100 elementor-top-column elementor-element elementor-element-dd56bdc\" data-id=\"dd56bdc\" data-element_type=\"column\" data-e-type=\"column\">\n\t\t\t<div class=\"elementor-widget-wrap elementor-element-populated\">\n\t\t\t\t\t\t<div class=\"elementor-element elementor-element-11ea7f9 elementor-widget elementor-widget-heading\" data-id=\"11ea7f9\" data-element_type=\"widget\" data-e-type=\"widget\" data-widget_type=\"heading.default\">\n\t\t\t\t<div class=\"elementor-widget-container\">\n\t\t\t\t\t<h1 class=\"elementor-heading-title elementor-size-default\">Cookie Richtlinie<\/h1>\t\t\t\t<\/div>\n\t\t\t\t<\/div>\n\t\t\t\t\t<\/div>\n\t\t<\/div>\n\t\t\t\t\t<\/div>\n\t\t<\/section>\n\t\t\t\t<section class=\"elementor-section elementor-top-section elementor-element elementor-element-a8e1a93 elementor-section-boxed elementor-section-height-default elementor-section-height-default\" data-id=\"a8e1a93\" data-element_type=\"section\" data-e-type=\"section\" data-settings=\"{&quot;_ha_eqh_enable&quot;:false}\">\n\t\t\t\t\t\t<div class=\"elementor-container elementor-column-gap-default\">\n\t\t\t\t\t<div class=\"elementor-column elementor-col-100 elementor-top-column elementor-element elementor-element-f48762d\" data-id=\"f48762d\" data-element_type=\"column\" data-e-type=\"column\">\n\t\t\t<div class=\"elementor-widget-wrap elementor-element-populated\">\n\t\t\t\t\t\t<div class=\"elementor-element elementor-element-c165473 elementor-widget elementor-widget-text-editor\" data-id=\"c165473\" data-element_type=\"widget\" data-e-type=\"widget\" data-widget_type=\"text-editor.default\">\n\t\t\t\t<div class=\"elementor-widget-container\">\n\t\t\t\t\t\t\t\t\t<h4>COOKIE RICHTLINIE<\/h4>\n<p>Ein Cookie ist eine Datei, die auf Ihren Computer heruntergeladen wird, wenn Sie auf bestimmte Webseiten zugreifen. Cookies erm\u00f6glichen es einer Website unter anderem, Informationen \u00fcber die Surfgewohnheiten eines Benutzers oder seiner Ger\u00e4te zu speichern und abzurufen. Abh\u00e4ngig von den darin enthaltenen Informationen und der Art und Weise, wie Sie Ihre Ger\u00e4te verwenden, k\u00f6nnen sie dazu verwendet werden, den Benutzer wiederzuerkennen. Der Browser des Benutzers speichert Cookies nur w\u00e4hrend der aktuellen Sitzung auf der Festplatte, beansprucht dabei nur minimalen Speicherplatz und schadet dem Computer nicht. Cookies enthalten keine spezifischen personenbezogenen Daten und werden zumeist nach Ende der Browsersitzung von der Festplatte gel\u00f6scht (sog. Sitzungscookies).<\/p>\n<p>Die meisten Browser akzeptieren standardm\u00e4\u00dfig Cookies und erlauben oder verhindern unabh\u00e4ngig davon in den Sicherheitseinstellungen tempor\u00e4re oder gespeicherte Cookies.<\/p>\n<p>Ohne Ihre ausdr\u00fcckliche Einwilligung \u2013 durch die Aktivierung von Cookies in Ihrem Browser \u2013 werden die in den Cookies gespeicherten Daten nicht mit Ihren bei der Registrierung oder dem Kauf angegebenen personenbezogenen Daten verkn\u00fcpft.<\/p>\n<h4>WELCHE ART VON COOKIES VERWENDET DIESE WEBSITE?<\/h4>\n<ul>\n<li><b>Technische Cookies:<\/b> Dabei handelt es sich um solche, die es dem Benutzer erm\u00f6glichen, durch eine Webseite, Plattform oder Anwendung zu navigieren und die verschiedenen dort vorhandenen Optionen oder Dienste zu nutzen, wie zum Beispiel die Steuerung des Datenverkehrs und der Datenkommunikation, die Identifizierung der Sitzung oder den eingeschr\u00e4nkten Zugriff Teile, erinnern Sie sich an die Elemente, aus denen eine Bestellung besteht, f\u00fchren Sie den Kaufvorgang einer Bestellung durch, stellen Sie eine Anfrage zur Registrierung oder Teilnahme an einer Veranstaltung, verwenden Sie Sicherheitselemente w\u00e4hrend der Navigation, speichern Sie Inhalte zur Verbreitung von Videos oder Ton oder teilen Sie Inhalte \u00fcber soziale Netzwerke Netzwerke.<\/li>\n<li><b>Personalisierungs-Cookies:<\/b> Hierbei handelt es sich um Cookies, die es dem Benutzer erm\u00f6glichen, auf den Dienst mit einigen allgemeinen Merkmalen zuzugreifen, die auf der Grundlage einer Reihe von Kriterien auf dem Endger\u00e4t des Benutzers vordefiniert sind, wie z. B. die Sprache, die Art des Browsers, \u00fcber den auf den Dienst zugegriffen wird, und das Gebietsschema, von dem aus Sie sich befinden Zugriff auf den Dienst usw.<\/li>\n<li><b>Analyse-Cookies: <\/b>Hierbei handelt es sich um Cookies, die es uns, unabh\u00e4ngig davon, ob sie von uns oder von Dritten verarbeitet werden, erm\u00f6glichen, die Anzahl der Nutzer zu quantifizieren und so die Nutzung des angebotenen Dienstes durch die Nutzer zu messen und statistisch zu analysieren. Dazu wird Ihre Navigation auf unserer Website analysiert, um das Angebot der von uns angebotenen Produkte oder Dienstleistungen zu verbessern.<\/li>\n<li><b>Werbe-Cookies: <\/b>Hierbei handelt es sich um Cookies, die es uns, wenn sie von uns oder Dritten gut behandelt werden, erm\u00f6glichen, das Angebot von Werbefl\u00e4chen auf der Website so effizient wie m\u00f6glich zu verwalten und den Inhalt der Werbung an den Inhalt des angeforderten Dienstes anzupassen die Nutzung, die Sie von unserer Website vornehmen. Dazu k\u00f6nnen wir Ihr Surfverhalten im Internet analysieren und Ihnen Werbung im Zusammenhang mit Ihrem Browserprofil zeigen.<\/li>\n<li><b>Verhaltensbezogene Werbe-Cookies:<\/b> Hierbei handelt es sich um Cookies, die eine m\u00f6glichst effiziente Verwaltung der Werbefl\u00e4chen erm\u00f6glichen, die der Herausgeber gegebenenfalls in eine Webseite, Anwendung oder Plattform eingef\u00fcgt hat, von der aus der angeforderte Dienst bereitgestellt wird. Diese Cookies speichern Informationen \u00fcber das Benutzerverhalten, die durch kontinuierliche Beobachtung ihrer Surfgewohnheiten gewonnen werden, was die Entwicklung eines spezifischen Profils erm\u00f6glicht, um darauf basierende Werbung anzuzeigen.<\/li>\n<li><b>Cookies von Drittanbietern: <\/b>Die Campoagr\u00edcola-Website kann Dienste von Drittanbietern nutzen, die Informationen f\u00fcr statistische Zwecke, die Nutzung der Website durch den Benutzer und f\u00fcr die Bereitstellung anderer Dienste im Zusammenhang mit der Aktivit\u00e4t der Website und anderen Internetdiensten sammeln.<\/li>\n<\/ul>\n<p>Diese Website verwendet insbesondere Google Analytics, einen Webanalysedienst von Google, Inc. mit Sitz in den Vereinigten Staaten und Hauptsitz in 1600 Amphitheatre Parkway, Mountain View, Kalifornien 94043. Zur Bereitstellung dieser Dienste werden Cookies verwendet, die Informationen sammeln, einschlie\u00dflich die IP-Adresse des Nutzers, die von Google gem\u00e4\u00df den auf der Website Google.com festgelegten Bedingungen \u00fcbermittelt, verarbeitet und gespeichert wird. Dies gilt auch f\u00fcr die \u00dcbermittlung dieser Informationen an Dritte aus rechtlichen Gr\u00fcnden oder wenn diese Dritten die Daten im Auftrag von Google verarbeiten.<\/p>\n<p>(An dieser Stelle schl\u00e4gt die AGPD vor, alle verwendeten Drittanbieter-Cookies und die Daten dieser Drittanbieter einzubeziehen. Aus offensichtlichen Gr\u00fcnden wurde bei der Verwendung von Analytics nur Google in dieses Modell einbezogen, da es am weitesten verbreitet und am weitesten verbreitet ist. )<\/p>\n<p><b>Durch die Nutzung dieser Website akzeptiert der Nutzer ausdr\u00fccklich die Verarbeitung der gesammelten Informationen in der oben genannten Art und Weise und zu den oben genannten Zwecken. <\/b>Sie erkennen au\u00dferdem an, dass Sie die M\u00f6glichkeit kennen, die Verarbeitung dieser Daten oder Informationen abzulehnen, indem Sie die Verwendung von Cookies ablehnen, indem Sie in Ihrem Browser die entsprechenden Einstellungen f\u00fcr diesen Zweck ausw\u00e4hlen. Allerdings erm\u00f6glicht Ihnen diese Cookie-Blockierungsoption in Ihrem Browser m\u00f6glicherweise nicht die vollst\u00e4ndige Nutzung aller Funktionen der Website.<\/p>\n<p>Sie k\u00f6nnen auf Ihrem Computer installierte Cookies zulassen, blockieren oder l\u00f6schen, indem Sie die Optionen des auf Ihrem Computer installierten Browsers konfigurieren:<\/p>\n<ul>\n<li><strong><a href=\"http:\/\/support.google.com\/chrome\/bin\/answer.py?hl=es&amp;answer=95647\">Chrome<\/a><\/strong><\/li>\n<li><strong><a href=\"http:\/\/windows.microsoft.com\/es-es\/windows7\/how-to-manage-cookies-in-internet-explorer-9\">Explorer<\/a><\/strong><\/li>\n<li><strong><a href=\"http:\/\/support.mozilla.org\/es\/kb\/habilitar-y-deshabilitar-cookies-que-los-sitios-we\">Firefox<\/a><\/strong><\/li>\n<li><strong><a href=\"http:\/\/support.apple.com\/kb\/ph5042\">Safari<\/a><\/strong><\/li>\n<\/ul>\t\t\t\t\t\t\t\t<\/div>\n\t\t\t\t<\/div>\n\t\t\t\t\t<\/div>\n\t\t<\/div>\n\t\t\t\t\t<\/div>\n\t\t<\/section>\n\t\t\t\t<\/div>\n\t\t","protected":false},"excerpt":{"rendered":"<p>Cookie Richtlinie COOKIE RICHTLINIE Ein Cookie ist eine Datei, die auf Ihren Computer heruntergeladen wird, wenn Sie auf bestimmte Webseiten zugreifen. Cookies erm\u00f6glichen es einer Website unter anderem, Informationen \u00fcber die Surfgewohnheiten eines Benutzers oder seiner Ger\u00e4te zu speichern und abzurufen. Abh\u00e4ngig von den darin enthaltenen Informationen und der Art und Weise, wie Sie Ihre [&hellip;]<\/p>\n","protected":false},"author":1,"featured_media":0,"parent":0,"menu_order":0,"comment_status":"closed","ping_status":"closed","template":"elementor_header_footer","meta":{"footnotes":""},"class_list":["post-48940","page","type-page","status-publish","hentry"],"_links":{"self":[{"href":"https:\/\/campoagricola.es\/index.php\/wp-json\/wp\/v2\/pages\/48940","targetHints":{"allow":["GET"]}}],"collection":[{"href":"https:\/\/campoagricola.es\/index.php\/wp-json\/wp\/v2\/pages"}],"about":[{"href":"https:\/\/campoagricola.es\/index.php\/wp-json\/wp\/v2\/types\/page"}],"author":[{"embeddable":true,"href":"https:\/\/campoagricola.es\/index.php\/wp-json\/wp\/v2\/users\/1"}],"replies":[{"embeddable":true,"href":"https:\/\/campoagricola.es\/index.php\/wp-json\/wp\/v2\/comments?post=48940"}],"version-history":[{"count":4,"href":"https:\/\/campoagricola.es\/index.php\/wp-json\/wp\/v2\/pages\/48940\/revisions"}],"predecessor-version":[{"id":48990,"href":"https:\/\/campoagricola.es\/index.php\/wp-json\/wp\/v2\/pages\/48940\/revisions\/48990"}],"wp:attachment":[{"href":"https:\/\/campoagricola.es\/index.php\/wp-json\/wp\/v2\/media?parent=48940"}],"curies":[{"name":"wp","href":"https:\/\/api.w.org\/{rel}","templated":true}]}}