{"id":48944,"date":"2024-09-20T11:15:06","date_gmt":"2024-09-20T11:15:06","guid":{"rendered":"https:\/\/campoagricola.es\/?page_id=48944"},"modified":"2024-09-23T10:17:17","modified_gmt":"2024-09-23T10:17:17","slug":"politique-de-cookies","status":"publish","type":"page","link":"https:\/\/campoagricola.es\/index.php\/politique-de-cookies\/","title":{"rendered":"politique de cookies"},"content":{"rendered":"\t\t<div data-elementor-type=\"wp-page\" data-elementor-id=\"48944\" class=\"elementor elementor-48944\" data-elementor-settings=\"{&quot;ha_cmc_init_switcher&quot;:&quot;no&quot;}\">\n\t\t\t\t\t\t<section class=\"elementor-section elementor-top-section elementor-element elementor-element-5856d1b elementor-section-height-min-height elementor-section-boxed elementor-section-height-default elementor-section-items-middle\" data-id=\"5856d1b\" data-element_type=\"section\" data-e-type=\"section\" data-settings=\"{&quot;background_background&quot;:&quot;classic&quot;,&quot;_ha_eqh_enable&quot;:false,&quot;ekit_has_onepagescroll_dot&quot;:&quot;yes&quot;}\">\n\t\t\t\t\t\t\t<div class=\"elementor-background-overlay\"><\/div>\n\t\t\t\t\t\t\t<div class=\"elementor-container elementor-column-gap-wider\">\n\t\t\t\t\t<div class=\"elementor-column elementor-col-100 elementor-top-column elementor-element elementor-element-4c20ed0\" data-id=\"4c20ed0\" data-element_type=\"column\" data-e-type=\"column\">\n\t\t\t<div class=\"elementor-widget-wrap elementor-element-populated\">\n\t\t\t\t\t\t<div class=\"elementor-element elementor-element-0e375a3 elementor-widget elementor-widget-heading\" data-id=\"0e375a3\" data-element_type=\"widget\" data-e-type=\"widget\" data-settings=\"{&quot;ekit_we_effect_on&quot;:&quot;none&quot;}\" data-widget_type=\"heading.default\">\n\t\t\t\t<div class=\"elementor-widget-container\">\n\t\t\t\t\t<h1 class=\"elementor-heading-title elementor-size-default\">Politique de cookies<\/h1>\t\t\t\t<\/div>\n\t\t\t\t<\/div>\n\t\t\t\t\t<\/div>\n\t\t<\/div>\n\t\t\t\t\t<\/div>\n\t\t<\/section>\n\t\t\t\t<section class=\"elementor-section elementor-top-section elementor-element elementor-element-92d6d4e elementor-section-boxed elementor-section-height-default elementor-section-height-default\" data-id=\"92d6d4e\" data-element_type=\"section\" data-e-type=\"section\" data-settings=\"{&quot;_ha_eqh_enable&quot;:false,&quot;ekit_has_onepagescroll_dot&quot;:&quot;yes&quot;}\">\n\t\t\t\t\t\t<div class=\"elementor-container elementor-column-gap-default\">\n\t\t\t\t\t<div class=\"elementor-column elementor-col-100 elementor-top-column elementor-element elementor-element-191d30f\" data-id=\"191d30f\" data-element_type=\"column\" data-e-type=\"column\">\n\t\t\t<div class=\"elementor-widget-wrap elementor-element-populated\">\n\t\t\t\t\t\t<div class=\"elementor-element elementor-element-e2a290d elementor-widget elementor-widget-text-editor\" data-id=\"e2a290d\" data-element_type=\"widget\" data-e-type=\"widget\" data-settings=\"{&quot;ekit_we_effect_on&quot;:&quot;none&quot;}\" data-widget_type=\"text-editor.default\">\n\t\t\t\t<div class=\"elementor-widget-container\">\n\t\t\t\t\t\t\t\t\t<h4><strong>POLITIQUE DE COOKIES<\/strong><\/h4>\n<p>Un cookie est un fichier t\u00e9l\u00e9charg\u00e9 sur votre ordinateur lorsque vous acc\u00e9dez \u00e0 certaines pages Web. Les cookies permettent, entre autres, \u00e0 un site Web de stocker et de r\u00e9cup\u00e9rer des informations sur les habitudes de navigation d&#8217;un utilisateur ou de son \u00e9quipement et, en fonction des informations qu&#8217;ils contiennent et de la mani\u00e8re dont vous utilisez votre \u00e9quipement, ils peuvent \u00eatre utilis\u00e9s pour reconna\u00eetre l&#8217;utilisateur. Le navigateur de l&#8217;utilisateur stocke les cookies sur le disque dur uniquement pendant la session en cours, occupant un minimum d&#8217;espace m\u00e9moire et n&#8217;endommageant pas l&#8217;ordinateur. Les cookies ne contiennent aucune information personnelle sp\u00e9cifique et la plupart d&#8217;entre eux sont supprim\u00e9s du disque dur \u00e0 la fin de la session du navigateur (appel\u00e9s cookies de session).<\/p>\n<p>La plupart des navigateurs acceptent par d\u00e9faut les cookies et, ind\u00e9pendamment d&#8217;eux, autorisent ou emp\u00eachent les cookies temporaires ou m\u00e9moris\u00e9s dans les param\u00e8tres de s\u00e9curit\u00e9.<\/p>\n<p>Sans votre consentement expr\u00e8s \u2013 en activant les cookies dans votre navigateur, les donn\u00e9es stock\u00e9es dans les cookies ne seront pas li\u00e9es \u00e0 vos donn\u00e9es personnelles fournies au moment de l\u2019inscription ou de l\u2019achat.<\/p>\n<p><\/p>\n<h4>QUEL TYPE DE COOKIES CE SITE WEB UTILISE-T-IL ?<\/h4>\n<ul>\n<li><b>Cookies techniques :<\/b> ce sont ceux qui permettent \u00e0 l&#8217;utilisateur de naviguer sur une page Web, une plateforme ou une application et d&#8217;utiliser les diff\u00e9rentes options ou services qui y existent, comme, par exemple, le contr\u00f4le du trafic et de la communication des donn\u00e9es, l&#8217;identification de la session, l&#8217;acc\u00e8s \u00e0 l&#8217;acc\u00e8s restreint. pi\u00e8ces, m\u00e9moriser les \u00e9l\u00e9ments qui composent une commande, effectuer le processus d&#8217;achat d&#8217;une commande, faire une demande d&#8217;inscription ou de participation \u00e0 un \u00e9v\u00e9nement, utiliser des \u00e9l\u00e9ments de s\u00e9curit\u00e9 lors de la navigation, stocker du contenu pour la diffusion de vid\u00e9os ou de sons ou partager du contenu via les r\u00e9seaux sociaux r\u00e9seaux.<\/li>\n<li><b>Cookies de personnalisation :<\/b> ce sont ceux qui permettent \u00e0 l&#8217;utilisateur d&#8217;acc\u00e9der au service avec certaines caract\u00e9ristiques g\u00e9n\u00e9rales pr\u00e9d\u00e9finies en fonction d&#8217;une s\u00e9rie de crit\u00e8res sur le terminal de l&#8217;utilisateur tels que la langue, le type de navigateur \u00e0 travers lequel on acc\u00e8de au service, la langue locale \u00e0 partir de laquelle vous acc\u00e9der au service, etc.<\/li>\n<li><b>Cookies d&#8217;analyse : <\/b>ce sont ceux qui, qu&#8217;ils soient trait\u00e9s par nous ou par des tiers, nous permettent de quantifier le nombre d&#8217;utilisateurs et ainsi de r\u00e9aliser la mesure et l&#8217;analyse statistique de l&#8217;utilisation faite par les utilisateurs du service propos\u00e9. Pour ce faire, votre navigation sur notre site Internet est analys\u00e9e afin d&#8217;am\u00e9liorer l&#8217;offre de produits ou services que nous proposons.<\/li>\n<li><b>Cookies publicitaires : <\/b>ce sont ceux qui, bien trait\u00e9s par nous ou par des tiers, nous permettent de g\u00e9rer de la mani\u00e8re la plus efficace possible l&#8217;offre d&#8217;espaces publicitaires sur le site Web, en adaptant le contenu de l&#8217;annonce au contenu du service demand\u00e9 ou l&#8217;utilisation que vous faites de notre site Web. Pour ce faire, nous pouvons analyser vos habitudes de navigation sur Internet et nous pouvons vous montrer des publicit\u00e9s li\u00e9es \u00e0 votre profil de navigation.<\/li>\n<li><b>Cookies de publicit\u00e9 comportementale :<\/b>ce sont ceux qui permettent de g\u00e9rer, de la mani\u00e8re la plus efficace possible, les espaces publicitaires que, le cas \u00e9ch\u00e9ant, l&#8217;\u00e9diteur a inclus dans une page Web, une application ou une plateforme \u00e0 partir de laquelle le service demand\u00e9 est fourni. Ces cookies stockent des informations sur le comportement des utilisateurs obtenues gr\u00e2ce \u00e0 l&#8217;observation continue de leurs habitudes de navigation, ce qui permet de d\u00e9velopper un profil sp\u00e9cifique pour afficher des publicit\u00e9s bas\u00e9es sur celui-ci.<\/li>\n<li><b>Cookies tiers :<\/b> Le site Web Campoagr\u00edcola peut utiliser des services tiers qui collecteront des informations \u00e0 des fins statistiques, pour l&#8217;utilisation du site par l&#8217;utilisateur et pour la fourniture d&#8217;autres services li\u00e9s \u00e0 l&#8217;activit\u00e9 du site Web et d&#8217;autres services Internet.<\/li>\n<\/ul>\n<p>Ce site Web utilise notamment Google Analytics, un service d&#8217;analyse Web fourni par Google, Inc. domicili\u00e9 aux \u00c9tats-Unis et dont le si\u00e8ge social est situ\u00e9 au 1600 Amphitheatre Parkway, Mountain View, Californie 94043. Pour fournir ces services, ils utilisent des cookies qui collectent des informations, notamment l&#8217;adresse IP de l&#8217;utilisateur, qui sera transmise, trait\u00e9e et stock\u00e9e par Google selon les conditions \u00e9tablies sur le site Google.com. Y compris la transmission \u00e9ventuelle de ces informations \u00e0 des tiers pour des raisons d&#8217;exigence l\u00e9gale ou lorsque ces tiers traitent les informations pour le compte de Google.<\/p>\n<p>(\u00c0 ce stade, l&#8217;AGPD sugg\u00e8re d&#8217;inclure chacun des cookies tiers utilis\u00e9s et les donn\u00e9es de ces tiers. Pour des raisons \u00e9videntes, seul Google a \u00e9t\u00e9 inclus dans ce mod\u00e8le d&#8217;utilisation d&#8217;Analytics car il s&#8217;agit du plus r\u00e9pandu et du plus courant. )<\/p>\n<p>L&#8217;Utilisateur accepte express\u00e9ment, en utilisant ce Site, le traitement des informations collect\u00e9es de la mani\u00e8re et pour les finalit\u00e9s mentionn\u00e9es ci-dessus. Et vous reconnaissez \u00e9galement conna\u00eetre la possibilit\u00e9 de refuser le traitement de ces donn\u00e9es ou informations en refusant l&#8217;utilisation de Cookies en s\u00e9lectionnant les param\u00e8tres appropri\u00e9s \u00e0 cet effet dans votre navigateur. Toutefois, cette option de blocage des cookies dans votre navigateur peut ne pas vous permettre d&#8217;utiliser pleinement toutes les fonctionnalit\u00e9s du site Web.<\/p>\n<p>Vous pouvez autoriser, bloquer ou supprimer les cookies install\u00e9s sur votre ordinateur en configurant les options du navigateur install\u00e9 sur votre ordinateur :<\/p>\n<ul>\n<li><strong><a href=\"http:\/\/support.google.com\/chrome\/bin\/answer.py?hl=es&amp;answer=95647\">Chrome<\/a><\/strong><\/li>\n<li><strong><a href=\"http:\/\/windows.microsoft.com\/es-es\/windows7\/how-to-manage-cookies-in-internet-explorer-9\">Explorer<\/a><\/strong><\/li>\n<li><strong><a href=\"http:\/\/support.mozilla.org\/es\/kb\/habilitar-y-deshabilitar-cookies-que-los-sitios-we\">Firefox<\/a><\/strong><\/li>\n<li><strong><a href=\"http:\/\/support.apple.com\/kb\/ph5042\">Safari<\/a><\/strong><\/li>\n<\/ul>\t\t\t\t\t\t\t\t<\/div>\n\t\t\t\t<\/div>\n\t\t\t\t\t<\/div>\n\t\t<\/div>\n\t\t\t\t\t<\/div>\n\t\t<\/section>\n\t\t\t\t<\/div>\n\t\t","protected":false},"excerpt":{"rendered":"<p>Politique de cookies POLITIQUE DE COOKIES Un cookie est un fichier t\u00e9l\u00e9charg\u00e9 sur votre ordinateur lorsque vous acc\u00e9dez \u00e0 certaines pages Web. Les cookies permettent, entre autres, \u00e0 un site Web de stocker et de r\u00e9cup\u00e9rer des informations sur les habitudes de navigation d&#8217;un utilisateur ou de son \u00e9quipement et, en fonction des informations qu&#8217;ils [&hellip;]<\/p>\n","protected":false},"author":1,"featured_media":0,"parent":0,"menu_order":0,"comment_status":"closed","ping_status":"closed","template":"elementor_header_footer","meta":{"footnotes":""},"class_list":["post-48944","page","type-page","status-publish","hentry"],"_links":{"self":[{"href":"https:\/\/campoagricola.es\/index.php\/wp-json\/wp\/v2\/pages\/48944","targetHints":{"allow":["GET"]}}],"collection":[{"href":"https:\/\/campoagricola.es\/index.php\/wp-json\/wp\/v2\/pages"}],"about":[{"href":"https:\/\/campoagricola.es\/index.php\/wp-json\/wp\/v2\/types\/page"}],"author":[{"embeddable":true,"href":"https:\/\/campoagricola.es\/index.php\/wp-json\/wp\/v2\/users\/1"}],"replies":[{"embeddable":true,"href":"https:\/\/campoagricola.es\/index.php\/wp-json\/wp\/v2\/comments?post=48944"}],"version-history":[{"count":10,"href":"https:\/\/campoagricola.es\/index.php\/wp-json\/wp\/v2\/pages\/48944\/revisions"}],"predecessor-version":[{"id":48983,"href":"https:\/\/campoagricola.es\/index.php\/wp-json\/wp\/v2\/pages\/48944\/revisions\/48983"}],"wp:attachment":[{"href":"https:\/\/campoagricola.es\/index.php\/wp-json\/wp\/v2\/media?parent=48944"}],"curies":[{"name":"wp","href":"https:\/\/api.w.org\/{rel}","templated":true}]}}