{"id":49029,"date":"2025-06-13T10:23:08","date_gmt":"2025-06-13T10:23:08","guid":{"rendered":"https:\/\/campoagricola.es\/?page_id=49029"},"modified":"2025-06-13T10:36:53","modified_gmt":"2025-06-13T10:36:53","slug":"fabricantes-de-recambio-agricola-en-navarra","status":"publish","type":"page","link":"https:\/\/campoagricola.es\/index.php\/fabricantes-de-recambio-agricola-en-navarra\/","title":{"rendered":"Fabricantes de recambio agr\u00edcola en Navarra"},"content":{"rendered":"\t\t<div data-elementor-type=\"wp-page\" data-elementor-id=\"49029\" class=\"elementor elementor-49029\" data-elementor-settings=\"{&quot;ha_cmc_init_switcher&quot;:&quot;no&quot;}\">\n\t\t\t\t\t\t<section class=\"elementor-section elementor-top-section elementor-element elementor-element-7ec0535e elementor-section-boxed elementor-section-height-default elementor-section-height-default\" data-id=\"7ec0535e\" data-element_type=\"section\" data-e-type=\"section\" data-settings=\"{&quot;_ha_eqh_enable&quot;:false}\">\n\t\t\t\t\t\t<div class=\"elementor-container elementor-column-gap-default\">\n\t\t\t\t\t<div class=\"elementor-column elementor-col-100 elementor-top-column elementor-element elementor-element-29b70add\" data-id=\"29b70add\" data-element_type=\"column\" data-e-type=\"column\">\n\t\t\t<div class=\"elementor-widget-wrap elementor-element-populated\">\n\t\t\t\t\t\t<div class=\"elementor-element elementor-element-4b48aa82 elementor-widget elementor-widget-text-editor\" data-id=\"4b48aa82\" data-element_type=\"widget\" data-e-type=\"widget\" data-widget_type=\"text-editor.default\">\n\t\t\t\t<div class=\"elementor-widget-container\">\n\t\t\t\t\t\t\t\t\t<p data-start=\"264\" data-end=\"571\">En <strong data-start=\"267\" data-end=\"284\">Campoagr\u00edcola<\/strong> llevamos casi dos d\u00e9cadas acompa\u00f1ando al sector agr\u00edcola con soluciones de calidad, durabilidad y confianza. Fabricamos y distribuimos <strong>repuestos para maquinaria agr\u00edcola en Navarra<\/strong> adaptados a las necesidades reales del campo: resistentes, eficaces y con un dise\u00f1o pensado para el rendimiento.<\/p>\n\n<ul>\n \t<li><strong><a href=\"https:\/\/campoagricola.es\/index.php\/fabricantes-de-recambio-agricola-de-calidad\/\">Fabricantes de recambio\u00a0<span class=\"il\">agr\u00edcola<\/span> de calidad<\/a><\/strong><\/li>\n \t<li><strong><a href=\"https:\/\/campoagricola.es\/index.php\/fabricantes-de-recambio-para-maquinaria-agricola-en-navarra\/\">Fabricantes de recambio para maquinaria\u00a0<span class=\"il\">agr\u00edcola<\/span> en Navarra<\/a><\/strong><\/li>\n \t<li><strong><a href=\"https:\/\/campoagricola.es\/index.php\/distribuidores-de-maquinaria-agricola\/\">Distribuidores de maquinaria\u00a0<span class=\"il\">agr\u00edcola<\/span><\/a><\/strong><\/li>\n \t<li><strong><a href=\"https:\/\/campoagricola.es\/index.php\/fabricantes-de-repuestos-agricolas-de-calidad-en-navarra\/\">Fabricantes de repuestos agr\u00edcolas de calidad en Navarra<\/a><\/strong><\/li>\n \t<li><strong><a href=\"https:\/\/campoagricola.es\/index.php\/fabricantes-de-repuestos-para-maquinaria-agricola\/\">Fabricantes de repuestos para maquinaria\u00a0<span class=\"il\">agr\u00edcola<\/span><\/a><\/strong><\/li>\n \t<li><strong><a href=\"https:\/\/campoagricola.es\/index.php\/fabricantes-de-repuestos-agricolas-de-calidad-a-buen-precio\/\">Fabricantes de repuestos agr\u00edcolas de calidad a buen precio<\/a><\/strong><\/li>\n \t<li><strong><a href=\"https:\/\/campoagricola.es\/index.php\/proveedores-de-componentes-para-maquinaria-agricola-en-navarra\/\">Proveedores de componentes para maquinaria\u00a0<span class=\"il\">agr\u00edcola<\/span> en Navarra<\/a><\/strong><\/li>\n<\/ul>\n<p data-start=\"264\" data-end=\"571\">Si est\u00e1s interesado en un <strong>Fabricantes de recambio agr\u00edcola en Navarra <\/strong>o en cualquiera de los servicios y productos que ofrecemos, no dudes en escribirnos a trav\u00e9s del siguiente formulario de contacto:<\/p>\t\t\t\t\t\t\t\t<\/div>\n\t\t\t\t<\/div>\n\t\t\t\t\t<\/div>\n\t\t<\/div>\n\t\t\t\t\t<\/div>\n\t\t<\/section>\n\t\t\t\t<section class=\"elementor-section elementor-top-section elementor-element elementor-element-9906ff5 elementor-section-boxed elementor-section-height-default elementor-section-height-default\" data-id=\"9906ff5\" data-element_type=\"section\" data-e-type=\"section\" data-settings=\"{&quot;background_background&quot;:&quot;classic&quot;,&quot;_ha_eqh_enable&quot;:false}\">\n\t\t\t\t\t\t<div class=\"elementor-container elementor-column-gap-default\">\n\t\t\t\t\t<div class=\"elementor-column elementor-col-100 elementor-top-column elementor-element elementor-element-5eb949e\" data-id=\"5eb949e\" data-element_type=\"column\" data-e-type=\"column\">\n\t\t\t<div class=\"elementor-widget-wrap elementor-element-populated\">\n\t\t\t\t\t\t<div class=\"elementor-element elementor-element-d8343e3 elementor-widget elementor-widget-heading\" data-id=\"d8343e3\" data-element_type=\"widget\" data-e-type=\"widget\" data-widget_type=\"heading.default\">\n\t\t\t\t<div class=\"elementor-widget-container\">\n\t\t\t\t\t<h2 class=\"elementor-heading-title elementor-size-default\">Contacta con nosotros<\/h2>\t\t\t\t<\/div>\n\t\t\t\t<\/div>\n\t\t\t\t<div class=\"elementor-element elementor-element-655a836 elementor-widget elementor-widget-text-editor\" data-id=\"655a836\" data-element_type=\"widget\" data-e-type=\"widget\" data-widget_type=\"text-editor.default\">\n\t\t\t\t<div class=\"elementor-widget-container\">\n\t\t\t\t\t\t\t\t\tRGPD: Le informamos que sus datos personales ser\u00e1n tratados por Repuestos Agr\u00edcolas Campoagr\u00edcola S.L. con la finalidad de prestar nuestros servicios, con la licitud de la relaci\u00f3n contractual que nos une, o la cual est\u00e1 en proceso de producirse. \u00danicamente se ceder\u00e1n los datos necesarios para la consecuci\u00f3n del servicio contratado a empresas que a su vez nos prestan servicios, usted puede solicitar informaci\u00f3n sobre la titularidad de las mismas, as\u00ed como ejercer los derechos de acceso, rectificaci\u00f3n, limitaci\u00f3n, portabilidad, supresi\u00f3n y oposici\u00f3n de sus datos en administracion@campoagricola.es y de reclamaci\u00f3n en www.aepd.es. \t\t\t\t\t\t\t\t<\/div>\n\t\t\t\t<\/div>\n\t\t\t\t\t<\/div>\n\t\t<\/div>\n\t\t\t\t\t<\/div>\n\t\t<\/section>\n\t\t\t\t<\/div>\n\t\t","protected":false},"excerpt":{"rendered":"<p>En Campoagr\u00edcola llevamos casi dos d\u00e9cadas acompa\u00f1ando al sector agr\u00edcola con soluciones de calidad, durabilidad y confianza. Fabricamos y distribuimos repuestos para maquinaria agr\u00edcola en Navarra adaptados a las necesidades reales del campo: resistentes, eficaces y con un dise\u00f1o pensado para el rendimiento. Fabricantes de recambio\u00a0agr\u00edcola de calidad Fabricantes de recambio para maquinaria\u00a0agr\u00edcola en Navarra [&hellip;]<\/p>\n","protected":false},"author":1,"featured_media":0,"parent":0,"menu_order":0,"comment_status":"closed","ping_status":"closed","template":"","meta":{"footnotes":""},"class_list":["post-49029","page","type-page","status-publish","hentry"],"_links":{"self":[{"href":"https:\/\/campoagricola.es\/index.php\/wp-json\/wp\/v2\/pages\/49029","targetHints":{"allow":["GET"]}}],"collection":[{"href":"https:\/\/campoagricola.es\/index.php\/wp-json\/wp\/v2\/pages"}],"about":[{"href":"https:\/\/campoagricola.es\/index.php\/wp-json\/wp\/v2\/types\/page"}],"author":[{"embeddable":true,"href":"https:\/\/campoagricola.es\/index.php\/wp-json\/wp\/v2\/users\/1"}],"replies":[{"embeddable":true,"href":"https:\/\/campoagricola.es\/index.php\/wp-json\/wp\/v2\/comments?post=49029"}],"version-history":[{"count":5,"href":"https:\/\/campoagricola.es\/index.php\/wp-json\/wp\/v2\/pages\/49029\/revisions"}],"predecessor-version":[{"id":49078,"href":"https:\/\/campoagricola.es\/index.php\/wp-json\/wp\/v2\/pages\/49029\/revisions\/49078"}],"wp:attachment":[{"href":"https:\/\/campoagricola.es\/index.php\/wp-json\/wp\/v2\/media?parent=49029"}],"curies":[{"name":"wp","href":"https:\/\/api.w.org\/{rel}","templated":true}]}}