{"id":49032,"date":"2025-06-13T10:28:31","date_gmt":"2025-06-13T10:28:31","guid":{"rendered":"https:\/\/campoagricola.es\/?page_id=49032"},"modified":"2025-06-13T10:29:04","modified_gmt":"2025-06-13T10:29:04","slug":"distribuidores-de-maquinaria-agricola","status":"publish","type":"page","link":"https:\/\/campoagricola.es\/index.php\/distribuidores-de-maquinaria-agricola\/","title":{"rendered":"&#10;Distribuidores de maquinaria agr\u00edcola"},"content":{"rendered":"\t\t<div data-elementor-type=\"wp-page\" data-elementor-id=\"49032\" class=\"elementor elementor-49032\" data-elementor-settings=\"{&quot;ha_cmc_init_switcher&quot;:&quot;no&quot;}\">\n\t\t\t\t\t\t<section class=\"elementor-section elementor-top-section elementor-element elementor-element-19509ae6 elementor-section-boxed elementor-section-height-default elementor-section-height-default\" data-id=\"19509ae6\" data-element_type=\"section\" data-e-type=\"section\" data-settings=\"{&quot;_ha_eqh_enable&quot;:false,&quot;ekit_has_onepagescroll_dot&quot;:&quot;yes&quot;}\">\n\t\t\t\t\t\t<div class=\"elementor-container elementor-column-gap-default\">\n\t\t\t\t\t<div class=\"elementor-column elementor-col-100 elementor-top-column elementor-element elementor-element-2143e331\" data-id=\"2143e331\" data-element_type=\"column\" data-e-type=\"column\">\n\t\t\t<div class=\"elementor-widget-wrap elementor-element-populated\">\n\t\t\t\t\t\t<div class=\"elementor-element elementor-element-2992df20 elementor-widget elementor-widget-text-editor\" data-id=\"2992df20\" data-element_type=\"widget\" data-e-type=\"widget\" data-settings=\"{&quot;ekit_we_effect_on&quot;:&quot;none&quot;}\" data-widget_type=\"text-editor.default\">\n\t\t\t\t<div class=\"elementor-widget-container\">\n\t\t\t\t\t\t\t\t\t<h2 data-start=\"305\" data-end=\"361\">Equipamiento agr\u00edcola profesional con soporte experto<\/h2><p data-start=\"264\" data-end=\"571\">En <strong data-start=\"267\" data-end=\"284\">Campoagr\u00edcola<\/strong> llevamos casi dos d\u00e9cadas acompa\u00f1ando al sector agr\u00edcola con soluciones de calidad, durabilidad y confianza. Fabricamos y distribuimos <strong>repuestos para maquinaria agr\u00edcola en Navarra<\/strong> adaptados a las necesidades reales del campo: resistentes, eficaces y con un dise\u00f1o pensado para el rendimiento. A continuaci\u00f3n te dejamos una serie de razones por las que elegirnos para <strong>Distribuidores de maquinaria agr\u00edcola<\/strong>:<\/p><h3 data-start=\"838\" data-end=\"896\">Conocimiento t\u00e9cnico especializado y trato profesional<\/h3><p data-start=\"898\" data-end=\"1398\">No somos meros intermediarios: conocemos en profundidad el funcionamiento, el montaje y el mantenimiento de cada tipo de maquinaria que ofrecemos. Nuestro equipo est\u00e1 formado por profesionales con experiencia tanto en el taller como en el campo, capaces de asesorarte con precisi\u00f3n sobre qu\u00e9 m\u00e1quina o recambio se adapta mejor a tus cultivos, terreno o sistema de laboreo. Este conocimiento nos permite recomendarte con criterio, reduciendo errores de compra y maximizando el retorno de tu inversi\u00f3n.<\/p><h3 data-start=\"1400\" data-end=\"1458\">Atenci\u00f3n integral antes, durante y despu\u00e9s de la venta<\/h3><p data-start=\"1460\" data-end=\"1870\">En Campoagr\u00edcola acompa\u00f1amos a nuestros clientes desde la elecci\u00f3n del producto hasta su instalaci\u00f3n y seguimiento. Nuestra atenci\u00f3n no termina con la entrega: ofrecemos soporte postventa, resoluci\u00f3n de incidencias y asesoramiento en mejoras o configuraciones t\u00e9cnicas. Este enfoque 360\u00ba garantiza que la maquinaria no solo funcione, sino que se adapte y rinda en las condiciones concretas de cada explotaci\u00f3n.<\/p><h3 data-start=\"1872\" data-end=\"1917\">Alianzas con marcas y fabricantes l\u00edderes<\/h3><p data-start=\"1919\" data-end=\"2367\">Seleccionamos cuidadosamente cada equipo que distribuimos, priorizando aquellas marcas que destacan por su innovaci\u00f3n, robustez y fiabilidad. Gracias a nuestras alianzas con fabricantes de referencia, podemos ofrecer maquinaria contrastada y con garant\u00edas s\u00f3lidas, as\u00ed como acceso a repuestos y soporte t\u00e9cnico oficial. Esta colaboraci\u00f3n directa nos permite ofrecer precios competitivos sin renunciar a la calidad ni a la trazabilidad del producto.<\/p><h3 data-start=\"2369\" data-end=\"2420\">Amplia disponibilidad de stock y log\u00edstica \u00e1gil<\/h3><p data-start=\"2422\" data-end=\"2846\">Contamos con un almac\u00e9n propio y una red log\u00edstica dise\u00f1ada para dar respuesta r\u00e1pida a las necesidades del sector agr\u00edcola, especialmente en campa\u00f1a. Nuestra pol\u00edtica de stock permanente en referencias clave permite reducir los tiempos de espera y evitar parones innecesarios en el trabajo. Adem\u00e1s, trabajamos con proveedores de transporte eficientes para asegurar que cada env\u00edo llegue a tiempo y en perfectas condiciones.<\/p><h3 data-start=\"2848\" data-end=\"2906\">Adaptaci\u00f3n continua a las nuevas tecnolog\u00edas agr\u00edcolas<\/h3><p data-start=\"2908\" data-end=\"3398\">La agricultura de hoy exige soluciones modernas: sistemas de precisi\u00f3n, maquinaria inteligente, eficiencia energ\u00e9tica y digitalizaci\u00f3n. En Campoagr\u00edcola nos mantenemos al d\u00eda de las \u00faltimas tendencias y avances tecnol\u00f3gicos del sector para incorporar nuevas l\u00edneas de productos que respondan a estas necesidades. No solo distribuimos maquinaria, sino que ayudamos a nuestros clientes a dar el salto hacia una agricultura m\u00e1s rentable, sostenible y tecnol\u00f3gicamente preparada para el futuro.<\/p><p data-start=\"264\" data-end=\"571\">Si est\u00e1s interesado en <strong>Distribuidores de maquinaria agr\u00edcola<\/strong>, no dudes en escribirnos a trav\u00e9s del siguiente formulario de contacto:<\/p>\t\t\t\t\t\t\t\t<\/div>\n\t\t\t\t<\/div>\n\t\t\t\t\t<\/div>\n\t\t<\/div>\n\t\t\t\t\t<\/div>\n\t\t<\/section>\n\t\t\t\t<section class=\"elementor-section elementor-top-section elementor-element elementor-element-9dbab65 elementor-section-boxed elementor-section-height-default elementor-section-height-default\" data-id=\"9dbab65\" data-element_type=\"section\" data-e-type=\"section\" data-settings=\"{&quot;background_background&quot;:&quot;classic&quot;,&quot;_ha_eqh_enable&quot;:false,&quot;ekit_has_onepagescroll_dot&quot;:&quot;yes&quot;}\">\n\t\t\t\t\t\t<div class=\"elementor-container elementor-column-gap-default\">\n\t\t\t\t\t<div class=\"elementor-column elementor-col-100 elementor-top-column elementor-element elementor-element-410b481\" data-id=\"410b481\" data-element_type=\"column\" data-e-type=\"column\">\n\t\t\t<div class=\"elementor-widget-wrap elementor-element-populated\">\n\t\t\t\t\t\t<div class=\"elementor-element elementor-element-1838a58 elementor-widget elementor-widget-heading\" data-id=\"1838a58\" data-element_type=\"widget\" data-e-type=\"widget\" data-settings=\"{&quot;ekit_we_effect_on&quot;:&quot;none&quot;}\" data-widget_type=\"heading.default\">\n\t\t\t\t<div class=\"elementor-widget-container\">\n\t\t\t\t\t<h2 class=\"elementor-heading-title elementor-size-default\">Contacta con nosotros<\/h2>\t\t\t\t<\/div>\n\t\t\t\t<\/div>\n\t\t\t\t<div class=\"elementor-element elementor-element-b85803c elementor-widget elementor-widget-elementskit-contact-form7\" data-id=\"b85803c\" data-element_type=\"widget\" data-e-type=\"widget\" data-settings=\"{&quot;ekit_we_effect_on&quot;:&quot;none&quot;}\" data-widget_type=\"elementskit-contact-form7.default\">\n\t\t\t\t<div class=\"elementor-widget-container\">\n\t\t\t\t\t<div class=\"ekit-wid-con\" ><div class=\"ekit-form\">\n<div class=\"wpcf7 no-js\" id=\"wpcf7-f14236-p49032-o1\" lang=\"es-ES\" dir=\"ltr\" data-wpcf7-id=\"14236\">\n<div class=\"screen-reader-response\"><p role=\"status\" aria-live=\"polite\" aria-atomic=\"true\"><\/p> <ul><\/ul><\/div>\n<form action=\"\/index.php\/distribuidores-de-maquinaria-agricola\/#wpcf7-f14236-p49032-o1\" method=\"post\" class=\"wpcf7-form init\" aria-label=\"Formulario de contacto\" novalidate=\"novalidate\" data-status=\"init\">\n<fieldset class=\"hidden-fields-container\"><input type=\"hidden\" name=\"_wpcf7\" value=\"14236\" \/><input type=\"hidden\" name=\"_wpcf7_version\" value=\"6.1.5\" \/><input type=\"hidden\" name=\"_wpcf7_locale\" value=\"es_ES\" \/><input type=\"hidden\" name=\"_wpcf7_unit_tag\" value=\"wpcf7-f14236-p49032-o1\" \/><input type=\"hidden\" name=\"_wpcf7_container_post\" value=\"49032\" \/><input type=\"hidden\" name=\"_wpcf7_posted_data_hash\" value=\"\" \/>\n<\/fieldset>\n<div class=\"form-group\">\n\t<div class=\"row\">\n\t\t<div class=\"col-sm-6\">\n\t\t\t<p><label>Tu nombre (obligatorio)<\/label><br \/>\n<span class=\"wpcf7-form-control-wrap\" data-name=\"first-name\"><input size=\"40\" maxlength=\"400\" class=\"wpcf7-form-control wpcf7-text wpcf7-validates-as-required form-control\" aria-required=\"true\" aria-invalid=\"false\" value=\"\" type=\"text\" name=\"first-name\" \/><\/span>\n\t\t\t<\/p>\n\t\t<\/div>\n\t\t<div class=\"col-sm-6\">\n\t\t\t<p><label>Empresa (obligatorio)<\/label><br \/>\n<span class=\"wpcf7-form-control-wrap\" data-name=\"last-name\"><input size=\"40\" maxlength=\"400\" class=\"wpcf7-form-control wpcf7-text wpcf7-validates-as-required form-control\" aria-required=\"true\" aria-invalid=\"false\" value=\"\" type=\"text\" name=\"last-name\" \/><\/span>\n\t\t\t<\/p>\n\t\t<\/div>\n\t<\/div>\n<\/div>\n<div class=\"form-group\">\n\t<div class=\"row\">\n\t\t<div class=\"col-sm-6\">\n\t\t\t<p><label>Tu correo electr\u00f3nico (obligatorio)<\/label><br \/>\n<span class=\"wpcf7-form-control-wrap\" data-name=\"email-address\"><input size=\"40\" maxlength=\"400\" class=\"wpcf7-form-control wpcf7-text wpcf7-validates-as-required form-control\" aria-required=\"true\" aria-invalid=\"false\" value=\"\" type=\"text\" name=\"email-address\" \/><\/span>\n\t\t\t<\/p>\n\t\t<\/div>\n\t\t<div class=\"col-sm-6\">\n\t\t\t<p><label>Tel\u00e9fono de contacto<\/label><br \/>\n<span class=\"wpcf7-form-control-wrap\" data-name=\"phone-number\"><input size=\"40\" maxlength=\"400\" class=\"wpcf7-form-control wpcf7-text form-control\" aria-invalid=\"false\" value=\"\" type=\"text\" name=\"phone-number\" \/><\/span>\n\t\t\t<\/p>\n\t\t<\/div>\n\t<\/div>\n<\/div>\n<div class=\"form-group\">\n\t<div class=\"row\">\n\t\t<div class=\"col-sm-12\">\n\t\t\t<p><label>Tu mensaje<\/label><br \/>\n<span class=\"wpcf7-form-control-wrap\" data-name=\"your-message\"><textarea cols=\"40\" rows=\"4\" maxlength=\"2000\" class=\"wpcf7-form-control wpcf7-textarea form-control\" aria-invalid=\"false\" name=\"your-message\"><\/textarea><\/span>\n\t\t\t<\/p>\n\t\t<\/div>\n\t<\/div>\n<\/div>\n<div class=\"form-group\">\n\t<div class=\"row\">\n\t\t<div class=\"col-sm-12\">\n\t\t\t<p><button type=\"submit\" class=\"btn btn-primary\">Enviar<\/button>\n\t\t\t<\/p>\n\t\t<\/div>\n\t<\/div>\n<\/div><p style=\"display: none !important;\" class=\"akismet-fields-container\" data-prefix=\"_wpcf7_ak_\"><label>&#916;<textarea name=\"_wpcf7_ak_hp_textarea\" cols=\"45\" rows=\"8\" maxlength=\"100\"><\/textarea><\/label><input type=\"hidden\" id=\"ak_js_1\" name=\"_wpcf7_ak_js\" value=\"191\"\/><script>document.getElementById( \"ak_js_1\" ).setAttribute( \"value\", ( new Date() ).getTime() );<\/script><\/p><div class=\"wpcf7-response-output\" aria-hidden=\"true\"><\/div>\n<\/form>\n<\/div>\n\r\n\t\t\t\t<script>\r\n\t\t\t\tif ( typeof huOptions !== 'undefined' ) {\r\n\t\t\t\t\tvar huFormData = {\"source\":\"contactform7\",\"id\":14236,\"title\":\"formulario 3\",\"fields\":{\"subject\":{\"first_name\":\"your-name\",\"email\":\"your-email\"},\"preferences\":{\"terms\":\"your-consent\"}}};\r\n\t\t\t\t\tvar huFormNode = document.querySelector( '[id^=\"wpcf7-f14236-\"] form' );\r\n\r\n\t\t\t\t\thuFormData['node'] = huFormNode;\r\n\t\t\t\t\thuOptions['forms'].push( huFormData );\r\n\t\t\t\t}\r\n\t\t\t\t<\/script><\/div><\/div>\t\t\t\t<\/div>\n\t\t\t\t<\/div>\n\t\t\t\t<div class=\"elementor-element elementor-element-a68e540 elementor-widget elementor-widget-text-editor\" data-id=\"a68e540\" data-element_type=\"widget\" data-e-type=\"widget\" data-settings=\"{&quot;ekit_we_effect_on&quot;:&quot;none&quot;}\" data-widget_type=\"text-editor.default\">\n\t\t\t\t<div class=\"elementor-widget-container\">\n\t\t\t\t\t\t\t\t\tRGPD: Le informamos que sus datos personales ser\u00e1n tratados por Repuestos Agr\u00edcolas Campoagr\u00edcola S.L. con la finalidad de prestar nuestros servicios, con la licitud de la relaci\u00f3n contractual que nos une, o la cual est\u00e1 en proceso de producirse. \u00danicamente se ceder\u00e1n los datos necesarios para la consecuci\u00f3n del servicio contratado a empresas que a su vez nos prestan servicios, usted puede solicitar informaci\u00f3n sobre la titularidad de las mismas, as\u00ed como ejercer los derechos de acceso, rectificaci\u00f3n, limitaci\u00f3n, portabilidad, supresi\u00f3n y oposici\u00f3n de sus datos en administracion@campoagricola.es y de reclamaci\u00f3n en www.aepd.es. \t\t\t\t\t\t\t\t<\/div>\n\t\t\t\t<\/div>\n\t\t\t\t\t<\/div>\n\t\t<\/div>\n\t\t\t\t\t<\/div>\n\t\t<\/section>\n\t\t\t\t<\/div>\n\t\t","protected":false},"excerpt":{"rendered":"<p>Equipamiento agr\u00edcola profesional con soporte experto En Campoagr\u00edcola llevamos casi dos d\u00e9cadas acompa\u00f1ando al sector agr\u00edcola con soluciones de calidad, durabilidad y confianza. Fabricamos y distribuimos repuestos para maquinaria agr\u00edcola en Navarra adaptados a las necesidades reales del campo: resistentes, eficaces y con un dise\u00f1o pensado para el rendimiento. A continuaci\u00f3n te dejamos una serie [&hellip;]<\/p>\n","protected":false},"author":1,"featured_media":0,"parent":0,"menu_order":0,"comment_status":"closed","ping_status":"closed","template":"","meta":{"footnotes":""},"class_list":["post-49032","page","type-page","status-publish","hentry"],"_links":{"self":[{"href":"https:\/\/campoagricola.es\/index.php\/wp-json\/wp\/v2\/pages\/49032","targetHints":{"allow":["GET"]}}],"collection":[{"href":"https:\/\/campoagricola.es\/index.php\/wp-json\/wp\/v2\/pages"}],"about":[{"href":"https:\/\/campoagricola.es\/index.php\/wp-json\/wp\/v2\/types\/page"}],"author":[{"embeddable":true,"href":"https:\/\/campoagricola.es\/index.php\/wp-json\/wp\/v2\/users\/1"}],"replies":[{"embeddable":true,"href":"https:\/\/campoagricola.es\/index.php\/wp-json\/wp\/v2\/comments?post=49032"}],"version-history":[{"count":7,"href":"https:\/\/campoagricola.es\/index.php\/wp-json\/wp\/v2\/pages\/49032\/revisions"}],"predecessor-version":[{"id":49054,"href":"https:\/\/campoagricola.es\/index.php\/wp-json\/wp\/v2\/pages\/49032\/revisions\/49054"}],"wp:attachment":[{"href":"https:\/\/campoagricola.es\/index.php\/wp-json\/wp\/v2\/media?parent=49032"}],"curies":[{"name":"wp","href":"https:\/\/api.w.org\/{rel}","templated":true}]}}