{"id":941,"date":"2024-02-16T12:02:47","date_gmt":"2024-02-16T12:02:47","guid":{"rendered":"http:\/\/grade-demo.detheme.com\/?page_id=941"},"modified":"2024-06-04T09:22:31","modified_gmt":"2024-06-04T09:22:31","slug":"calidad","status":"publish","type":"page","link":"https:\/\/campoagricola.es\/index.php\/calidad\/","title":{"rendered":"Calidad"},"content":{"rendered":"\t\t<div data-elementor-type=\"wp-page\" data-elementor-id=\"941\" class=\"elementor elementor-941\" data-elementor-settings=\"{&quot;ha_cmc_init_switcher&quot;:&quot;no&quot;}\">\n\t\t\t\t\t\t<section class=\"elementor-section elementor-top-section elementor-element elementor-element-3ae43238 elementor-section-height-min-height elementor-section-boxed elementor-section-height-default elementor-section-items-middle\" data-id=\"3ae43238\" data-element_type=\"section\" data-e-type=\"section\" data-settings=\"{&quot;background_background&quot;:&quot;classic&quot;,&quot;_ha_eqh_enable&quot;:false,&quot;ekit_has_onepagescroll_dot&quot;:&quot;yes&quot;}\">\n\t\t\t\t\t\t\t<div class=\"elementor-background-overlay\"><\/div>\n\t\t\t\t\t\t\t<div class=\"elementor-container elementor-column-gap-wider\">\n\t\t\t\t\t<div class=\"elementor-column elementor-col-100 elementor-top-column elementor-element elementor-element-2da33a15\" data-id=\"2da33a15\" data-element_type=\"column\" data-e-type=\"column\">\n\t\t\t<div class=\"elementor-widget-wrap elementor-element-populated\">\n\t\t\t\t\t\t<div class=\"elementor-element elementor-element-5df4b106 elementor-widget elementor-widget-heading\" data-id=\"5df4b106\" data-element_type=\"widget\" data-e-type=\"widget\" data-settings=\"{&quot;ekit_we_effect_on&quot;:&quot;none&quot;}\" data-widget_type=\"heading.default\">\n\t\t\t\t<div class=\"elementor-widget-container\">\n\t\t\t\t\t<h1 class=\"elementor-heading-title elementor-size-default\">Calidad<\/h1>\t\t\t\t<\/div>\n\t\t\t\t<\/div>\n\t\t\t\t\t<\/div>\n\t\t<\/div>\n\t\t\t\t\t<\/div>\n\t\t<\/section>\n\t\t\t\t<section class=\"elementor-section elementor-top-section elementor-element elementor-element-028828d elementor-section-boxed elementor-section-height-default elementor-section-height-default\" data-id=\"028828d\" data-element_type=\"section\" data-e-type=\"section\" data-settings=\"{&quot;background_background&quot;:&quot;classic&quot;,&quot;_ha_eqh_enable&quot;:false,&quot;ekit_has_onepagescroll_dot&quot;:&quot;yes&quot;}\">\n\t\t\t\t\t\t<div class=\"elementor-container elementor-column-gap-default\">\n\t\t\t\t\t<div class=\"elementor-column elementor-col-100 elementor-top-column elementor-element elementor-element-32d3848\" data-id=\"32d3848\" data-element_type=\"column\" data-e-type=\"column\">\n\t\t\t<div class=\"elementor-widget-wrap elementor-element-populated\">\n\t\t\t\t\t\t<div class=\"elementor-element elementor-element-38d69c1 elementor-widget elementor-widget-elementskit-heading\" data-id=\"38d69c1\" data-element_type=\"widget\" data-e-type=\"widget\" data-settings=\"{&quot;ekit_we_effect_on&quot;:&quot;none&quot;}\" data-widget_type=\"elementskit-heading.default\">\n\t\t\t\t<div class=\"elementor-widget-container\">\n\t\t\t\t\t<div class=\"ekit-wid-con\" ><div class=\"ekit-heading elementskit-section-title-wraper text_left   ekit_heading_tablet-   ekit_heading_mobile-\"><h2 class=\"ekit-heading--title elementskit-section-title \">Por qu\u00e9 elegir art\u00edculos Campoagr\u00edcola<\/h2><\/div><\/div>\t\t\t\t<\/div>\n\t\t\t\t<\/div>\n\t\t\t\t<div class=\"elementor-element elementor-element-823e091 elementor-widget elementor-widget-text-editor\" data-id=\"823e091\" data-element_type=\"widget\" data-e-type=\"widget\" data-settings=\"{&quot;ekit_we_effect_on&quot;:&quot;none&quot;}\" data-widget_type=\"text-editor.default\">\n\t\t\t\t<div class=\"elementor-widget-container\">\n\t\t\t\t\t\t\t\t\t<p>Hoy en d\u00eda, en un mundo global, donde se puede comprar cualquier cosa, en cualquier sitio, la calidad del producto pasa a ser fundamental. Si nuestro producto no tiene calidad, es m\u00e1s que probable que quien compre una vez, no repita. Es m\u00e1s, no podemos evitar que quien nos compre, despu\u00e9s opine sobre nuestro producto en las redes sociales. Y la suma de varias opiniones negativas, hace que un comprador con dudas, nos descarte como proveedor.<\/p><p>El control de calidad, debe establecerse desde el primer paso. Desde el control de la materia prima y del proveedor que nos la suministra, despu\u00e9s debemos controlar cada proceso de producci\u00f3n, para eso est\u00e1 la trazabilidad. Por ello en Campoagricola hemos establecido una trazabilidad interna que controla todos los pasos de un producto.<\/p>\t\t\t\t\t\t\t\t<\/div>\n\t\t\t\t<\/div>\n\t\t\t\t<div class=\"elementor-element elementor-element-c7f420f elementor-widget-divider--view-line elementor-widget elementor-widget-divider\" data-id=\"c7f420f\" data-element_type=\"widget\" data-e-type=\"widget\" data-settings=\"{&quot;ekit_we_effect_on&quot;:&quot;none&quot;}\" data-widget_type=\"divider.default\">\n\t\t\t\t<div class=\"elementor-widget-container\">\n\t\t\t\t\t\t\t<div class=\"elementor-divider\">\n\t\t\t<span class=\"elementor-divider-separator\">\n\t\t\t\t\t\t<\/span>\n\t\t<\/div>\n\t\t\t\t\t\t<\/div>\n\t\t\t\t<\/div>\n\t\t\t\t<div class=\"elementor-element elementor-element-172dfca ha-has-bg-overlay elementor-widget elementor-widget-elementskit-simple-tab\" data-id=\"172dfca\" data-element_type=\"widget\" data-e-type=\"widget\" data-settings=\"{&quot;ekit_we_effect_on&quot;:&quot;none&quot;}\" data-widget_type=\"elementskit-simple-tab.default\">\n\t\t\t\t<div class=\"elementor-widget-container\">\n\t\t\t\t\t<div class=\"ekit-wid-con\" >        <div class=\"elementkit-tab-wraper  \">\n            <ul class=\"nav nav-tabs elementkit-tab-nav  elementskit-fullwidth-tab\">\n                                    <li class=\"elementkit-nav-item elementor-repeater-item-e7fb3c4\">\n                        <a class=\"elementkit-nav-link  active show left-pos\" id=\"content-e7fb3c469e250cc22ced-tab\" data-ekit-handler-id=\"trazabilidad-en-discos-y-en-rejas\" data-ekit-toggle=\"tab\" data-target=\"#content-e7fb3c469e250cc22ced\" href=\"#Content-e7fb3c469e250cc22ced\"\n                            data-ekit-toggle-trigger=\"click\"\n                            aria-describedby=\"Content-e7fb3c469e250cc22ced\">\n                            <span class=\"elementskit-tab-icon\"><i class=\"icon icon-target-2\"><\/i><\/span>                            <span class=\"elementskit-tab-title\">Trazabilidad en discos y en rejas<\/span>\n                        <\/a>\n                    <\/li>\n                                        <li class=\"elementkit-nav-item elementor-repeater-item-9077dfd\">\n                        <a class=\"elementkit-nav-link  left-pos\" id=\"content-9077dfd69e250cc22ced-tab\" data-ekit-handler-id=\"trazabilidad-en-conjuntos-chisel\" data-ekit-toggle=\"tab\" data-target=\"#content-9077dfd69e250cc22ced\" href=\"#Content-9077dfd69e250cc22ced\"\n                            data-ekit-toggle-trigger=\"click\"\n                            aria-describedby=\"Content-9077dfd69e250cc22ced\">\n                            <span class=\"elementskit-tab-icon\"><i class=\"icon icon-sewing-machine\"><\/i><\/span>                            <span class=\"elementskit-tab-title\">Trazabilidad en conjuntos chisel<\/span>\n                        <\/a>\n                    <\/li>\n                                        <li class=\"elementkit-nav-item elementor-repeater-item-00f52ae\">\n                        <a class=\"elementkit-nav-link  left-pos\" id=\"content-00f52ae69e250cc22ced-tab\" data-ekit-handler-id=\"calidad\" data-ekit-toggle=\"tab\" data-target=\"#content-00f52ae69e250cc22ced\" href=\"#Content-00f52ae69e250cc22ced\"\n                            data-ekit-toggle-trigger=\"click\"\n                            aria-describedby=\"Content-00f52ae69e250cc22ced\">\n                            <span class=\"elementskit-tab-icon\"><i class=\"icon icon-coins-2\"><\/i><\/span>                            <span class=\"elementskit-tab-title\">Calidad<\/span>\n                        <\/a>\n                    <\/li>\n                                        <li class=\"elementkit-nav-item elementor-repeater-item-ad34ed5\">\n                        <a class=\"elementkit-nav-link  left-pos\" id=\"content-ad34ed569e250cc22ced-tab\" data-ekit-handler-id=\"ball-test\" data-ekit-toggle=\"tab\" data-target=\"#content-ad34ed569e250cc22ced\" href=\"#Content-ad34ed569e250cc22ced\"\n                            data-ekit-toggle-trigger=\"click\"\n                            aria-describedby=\"Content-ad34ed569e250cc22ced\">\n                            <span class=\"elementskit-tab-icon\"><i class=\"icon icon-target\"><\/i><\/span>                            <span class=\"elementskit-tab-title\">Ball Test<\/span>\n                        <\/a>\n                    <\/li>\n                                <\/ul>\n\n            <div class=\"tab-content elementkit-tab-content\">\n                                    <div class=\"tab-pane elementkit-tab-pane elementor-repeater-item-e7fb3c4  active show\" id=\"content-e7fb3c469e250cc22ced\" role=\"tabpanel\"\n                         aria-labelledby=\"content-e7fb3c469e250cc22ced-tab\">\n                        <div class=\"animated fadeIn\">\n                            <div class=\"wpb_text_column wpb_content_element \">\n<div class=\"wpb_wrapper\">\n\nLa\u00a0<strong>trazabilidad<\/strong> de los discos y rejas CAMPOAGR\u00cdCOLA nos permite saber en qu\u00e9 fecha se ha fabricado el producto, la orden de producci\u00f3n mensual, su di\u00e1metro, su espesor, el c\u00f3digo original y el modelo interno.<img decoding=\"async\" class=\"aligncenter\" src=\"https:\/\/campoagricola.es\/wp-content\/uploads\/2021\/04\/elegir_discos_y_rejas.jpg\" \/>\n<img decoding=\"async\" src=\"https:\/\/campoagricola.es\/wp-content\/uploads\/2021\/04\/trazabilidad.jpg\"  \/>\n\n<\/div>\n<\/div>                        <\/div>\n                    <\/div>\n                                    <div class=\"tab-pane elementkit-tab-pane elementor-repeater-item-9077dfd \" id=\"content-9077dfd69e250cc22ced\" role=\"tabpanel\"\n                         aria-labelledby=\"content-9077dfd69e250cc22ced-tab\">\n                        <div class=\"animated fadeIn\">\n                            Desde CAMPOAGRICOLA hemos dise\u00f1ado una <strong>trazabilidad para los conjuntos chisel,<\/strong>\nbasada en \u00f3rdenes de producci\u00f3n por pedidos. En cada orden marcamos todos los componentes utilizados y su trazabilidad interna.\n\nTodo el proceso queda registrado y podemos comprobar las incidencias posteriores. Este sistema, que se aplicaba a las exportaciones, se implantar\u00e1 para toda la producci\u00f3n a partir de agosto de 2020<img fetchpriority=\"high\" decoding=\"async\" width=\"1086\" height=\"880\" class=\"size-medium wp-image-22833 aligncenter\" src=\"https:\/\/campoagricola.es\/wp-content\/uploads\/2021\/04\/trazabilidad-chisel2.jpg\" srcset=\"https:\/\/campoagricola.es\/wp-content\/uploads\/2021\/04\/trazabilidad-chisel2.jpg 1086w, https:\/\/campoagricola.es\/wp-content\/uploads\/2021\/04\/trazabilidad-chisel2-300x243.jpg 300w, https:\/\/campoagricola.es\/wp-content\/uploads\/2021\/04\/trazabilidad-chisel2-1024x830.jpg 1024w, https:\/\/campoagricola.es\/wp-content\/uploads\/2021\/04\/trazabilidad-chisel2-768x622.jpg 768w\" sizes=\"(max-width: 1086px) 100vw, 1086px\" \/>                        <\/div>\n                    <\/div>\n                                    <div class=\"tab-pane elementkit-tab-pane elementor-repeater-item-00f52ae \" id=\"content-00f52ae69e250cc22ced\" role=\"tabpanel\"\n                         aria-labelledby=\"content-00f52ae69e250cc22ced-tab\">\n                        <div class=\"animated fadeIn\">\n                            <p>En CAMPOAGR\u00cdCOLA controlamos la <strong>calidad <\/strong>de nuestros productos, en primer lugar en la homologaci\u00f3n de proveedores, controlando los procesos de fabricaci\u00f3n, tratamientos t\u00e9rmicos, trazabilidades internas y test de producto terminado; Y en segundo lugar hacemos un control sobre el producto final: dimensional, durezas, montaje, acabados y embalajes.<br \/><img decoding=\"async\" src=\"https:\/\/campoagricola.es\/wp-content\/uploads\/2021\/04\/calidad.jpg\" \/><\/p>                        <\/div>\n                    <\/div>\n                                    <div class=\"tab-pane elementkit-tab-pane elementor-repeater-item-ad34ed5 \" id=\"content-ad34ed569e250cc22ced\" role=\"tabpanel\"\n                         aria-labelledby=\"content-ad34ed569e250cc22ced-tab\">\n                        <div class=\"animated fadeIn\">\n                            <p>El\u00a0<strong>Ball Test<\/strong> es un ensayo mec\u00e1nico aplicado a la materia prima del acero para asegurar la calidad de la misma, se mide la tenacidad y la resistencia a la fractura. La prueba consiste en aplicar una carga de presi\u00f3n a una esfera de 1\u201d (25,4 mm) de di\u00e1metro haciendo que con ella se atraviese el acero. Una vez atravesado, se retira la bola y mediante una lupa especial se mide el di\u00e1metro de la impresi\u00f3n o huella.<br \/>Si la prueba se hace con una esfera de 25,4 mm el di\u00e1metro de la rotura nunca podr\u00e1 pasar de 76,2 mm.<\/p><p>\u00a0<\/p><p><img decoding=\"async\" src=\"https:\/\/campoagricola.es\/wp-content\/uploads\/2021\/04\/balltest.jpg\" \/><\/p>                        <\/div>\n                    <\/div>\n                                \n            <\/div>\n                    <\/div>\n    <\/div>\t\t\t\t<\/div>\n\t\t\t\t<\/div>\n\t\t\t\t\t<\/div>\n\t\t<\/div>\n\t\t\t\t\t<\/div>\n\t\t<\/section>\n\t\t\t\t<\/div>\n\t\t","protected":false},"excerpt":{"rendered":"<p>Calidad Por qu\u00e9 elegir art\u00edculos Campoagr\u00edcola Hoy en d\u00eda, en un mundo global, donde se puede comprar cualquier cosa, en cualquier sitio, la calidad del producto pasa a ser fundamental. Si nuestro producto no tiene calidad, es m\u00e1s que probable que quien compre una vez, no repita. Es m\u00e1s, no podemos evitar que quien nos [&hellip;]<\/p>\n","protected":false},"author":1,"featured_media":0,"parent":0,"menu_order":0,"comment_status":"closed","ping_status":"closed","template":"elementor_header_footer","meta":{"footnotes":""},"class_list":["post-941","page","type-page","status-publish","hentry"],"_links":{"self":[{"href":"https:\/\/campoagricola.es\/index.php\/wp-json\/wp\/v2\/pages\/941","targetHints":{"allow":["GET"]}}],"collection":[{"href":"https:\/\/campoagricola.es\/index.php\/wp-json\/wp\/v2\/pages"}],"about":[{"href":"https:\/\/campoagricola.es\/index.php\/wp-json\/wp\/v2\/types\/page"}],"author":[{"embeddable":true,"href":"https:\/\/campoagricola.es\/index.php\/wp-json\/wp\/v2\/users\/1"}],"replies":[{"embeddable":true,"href":"https:\/\/campoagricola.es\/index.php\/wp-json\/wp\/v2\/comments?post=941"}],"version-history":[{"count":153,"href":"https:\/\/campoagricola.es\/index.php\/wp-json\/wp\/v2\/pages\/941\/revisions"}],"predecessor-version":[{"id":48590,"href":"https:\/\/campoagricola.es\/index.php\/wp-json\/wp\/v2\/pages\/941\/revisions\/48590"}],"wp:attachment":[{"href":"https:\/\/campoagricola.es\/index.php\/wp-json\/wp\/v2\/media?parent=941"}],"curies":[{"name":"wp","href":"https:\/\/api.w.org\/{rel}","templated":true}]}}